{"id":10460,"date":"2018-11-29T09:07:44","date_gmt":"2018-11-29T09:07:44","guid":{"rendered":"http:\/\/www.kjk.ee\/?page_id=10460"},"modified":"2025-02-13T07:32:29","modified_gmt":"2025-02-13T05:32:29","slug":"klubiliikme-panus","status":"publish","type":"page","link":"https:\/\/kjk.ee\/en\/klubiliikme-panus\/","title":{"rendered":"Klubiliikme panus"},"content":{"rendered":"<p><span style=\"color: #333399;\">KALEVI JAHTKLUBI UUE SADAMAHOONE EHITUST JA SISUSTUTAMIST TOETANUD KLUBILIIKMED<\/span><\/p>\n<h2 style=\"text-align: justify;\"><strong>Sulev Saar<\/strong>, Riho Koost, Vilmar Neeme, Veiko Valts, Tanel Tamm, Andres Saar, Toom \u00dclesoo, Harles Liiv, Villu Dragon, T\u00f5nu T\u00f5niste, Toomas T\u00f5niste, Marko Lilienthal, Rene Treifeldt, Erki Kilu.<\/h2>\n<h3 style=\"text-align: justify;\">Enn \u00d5unpuu, Peter \u00a0\u0160ara\u0161kin, Raiot Pikmets, Sven Nuutmann, Annika Tallinn, Rene Varek, Mallar Prandi.<\/h3>\n<h4 style=\"text-align: justify;\">Urmas Reimand, Ain-Eke Jalasto, Andrus Horm, Evar S\u00f5mer, Mart Arro, Alar Laan, Andres Suurk\u00fcla, Ivo Volkov, Kaido K\u00f5rm, Leo Karafin, Kalle Grensmann, Petrus Juhani Pietil\u00e4, Sten Pertens, Taavi Lind, Toomas M\u00e4gi, Heikki-Ivari J\u00fcrilo, Andres Sepp, Mehis Ottis, Peep V\u00f5rno, T\u00f5nu Vennikas, Aleksei Zigadlo, Andres Kalk, Anna-Liisa Talts, Meelis Lindemann.<\/h4>\n<hr \/>\n<p><span style=\"color: #333399;\">KALEVI JAHTKLUBI 2015. AASTA SADAMA LAIENDUST TOETANUD KLUBILIIKMED<\/span><\/p>\n<h2 style=\"text-align: justify;\">Ott Kikkas, Sulev Saar, Raido Rebane, Heikki J\u00fcrilo, Andres Saar.<\/h2>\n<h3 style=\"text-align: justify;\">T\u00f5nu T\u00f5niste, Jaan Tiigi.<\/h3>\n<h4 style=\"text-align: justify;\">Olev Roosma, Tarmo Klotsmann, Ivo Kuldm\u00e4e, Erki Kilu, Enn T\u00f5ugu, Kaie K\u00fclasepp, Alar Laan, Margus Melsas, Margus N\u00f5mmik, Kiur P\u00f5ld, Tiit Riisalo, Olga Gerassimov, Aleksander T\u0161ut\u0161elov Jr, Aleksander T\u0161ut\u0161elov, Terje ja Raido Vare, Maksim Danilov.<\/h4>\n<hr \/>\n<p><span style=\"color: #333399;\">KALEVI JAHTKLUBI 2010. AASTA KINNISTU OSTU TOETANUD KLUBILIIKMED<\/span><\/p>\n<h2 style=\"text-align: justify;\">T\u00f5nu T\u00f5niste, Toomas T\u00f5niste, Marko Lilienthal, Peter \u0160ara\u0161kin, Targo Raus, KJK veteranid.<\/h2>\n<h3 style=\"text-align: justify;\">Ivar Aru, Riho Kalve, Kalev K\u00e4\u00e4ramees, Riho Talumaa, Ants Haavel, Indrek Lepp, Andres Rohtla, Martin M\u00fc\u00fcr, Kalle Kiigske, Lauri K\u00e4rner, Maiki Saaring, Kalev Tanner, Aarne P\u00e4rnsalu, jaht Merion.<\/h3>\n<h4 style=\"text-align: justify;\">Eve-Reet Tammet, Sven Heil, Tauno T\u00f5nus, Ivo Kuldm\u00e4e, Sven Nuutmann, Tiit Haagma, Leo T\u00f5nurist, Priit Raud, Rene Treifeldt, Sander Kannelm\u00e4e, Marten Loopere, Liina Ernits, Toomas Udu, Jaanus Adusoo, Kalev Vapper, Vello Saatpalu, Rasmus Schneider.<\/h4>\n","protected":false},"excerpt":{"rendered":"<p>KALEVI JAHTKLUBI UUE SADAMAHOONE EHITUST JA SISUSTUTAMIST TOETANUD KLUBILIIKMED Sulev Saar, Riho Koost, Vilmar Neeme, Veiko Valts, Tanel Tamm, Andres Saar, Toom \u00dclesoo, Harles Liiv, Villu Dragon, T\u00f5nu T\u00f5niste, Toomas T\u00f5niste, Marko Lilienthal, Rene Treifeldt, Erki Kilu. Enn \u00d5unpuu, Peter \u00a0\u0160ara\u0161kin, Raiot Pikmets, Sven Nuutmann, Annika Tallinn, Rene Varek, Mallar Prandi. Urmas Reimand, Ain-Eke Jalasto, Andrus Horm, Evar S\u00f5mer, Mart<a class=\"more-link\" href=\"https:\/\/kjk.ee\/en\/klubiliikme-panus\/\">[Read More&#8230;]<\/a><\/p>\n","protected":false},"author":24,"featured_media":0,"parent":0,"menu_order":0,"comment_status":"closed","ping_status":"closed","template":"","meta":{"spay_email":""},"jetpack_sharing_enabled":true,"jetpack_shortlink":"https:\/\/wp.me\/PaW3M4-2II","_links":{"self":[{"href":"https:\/\/kjk.ee\/en\/wp-json\/wp\/v2\/pages\/10460"}],"collection":[{"href":"https:\/\/kjk.ee\/en\/wp-json\/wp\/v2\/pages"}],"about":[{"href":"https:\/\/kjk.ee\/en\/wp-json\/wp\/v2\/types\/page"}],"author":[{"embeddable":true,"href":"https:\/\/kjk.ee\/en\/wp-json\/wp\/v2\/users\/24"}],"replies":[{"embeddable":true,"href":"https:\/\/kjk.ee\/en\/wp-json\/wp\/v2\/comments?post=10460"}],"version-history":[{"count":20,"href":"https:\/\/kjk.ee\/en\/wp-json\/wp\/v2\/pages\/10460\/revisions"}],"predecessor-version":[{"id":29029,"href":"https:\/\/kjk.ee\/en\/wp-json\/wp\/v2\/pages\/10460\/revisions\/29029"}],"wp:attachment":[{"href":"https:\/\/kjk.ee\/en\/wp-json\/wp\/v2\/media?parent=10460"}],"curies":[{"name":"wp","href":"https:\/\/api.w.org\/{rel}","templated":true}]}}