{"id":11017,"date":"2019-04-10T08:08:19","date_gmt":"2019-04-10T08:08:19","guid":{"rendered":"http:\/\/www.kjk.ee\/?page_id=11017"},"modified":"2019-10-24T15:48:54","modified_gmt":"2019-10-24T12:48:54","slug":"seiko-cup-2019","status":"publish","type":"page","link":"https:\/\/kjk.ee\/en\/seiko-cup-2019\/","title":{"rendered":"Seiko Cup 2019"},"content":{"rendered":"<p><img loading=\"lazy\" class=\"size-full wp-image-10950 aligncenter\" src=\"http:\/\/www.kjk.ee\/wp-content\/uploads\/2019\/03\/seiko-crop-esilehele-3.jpg\" alt=\"seiko crop esilehele 3\" width=\"429\" height=\"151\" srcset=\"https:\/\/kjk.ee\/wp-content\/uploads\/2019\/03\/seiko-crop-esilehele-3.jpg 429w, https:\/\/kjk.ee\/wp-content\/uploads\/2019\/03\/seiko-crop-esilehele-3-300x106.jpg 300w, https:\/\/kjk.ee\/wp-content\/uploads\/2019\/03\/seiko-crop-esilehele-3-156x55.jpg 156w, https:\/\/kjk.ee\/wp-content\/uploads\/2019\/03\/seiko-crop-esilehele-3-136x48.jpg 136w, https:\/\/kjk.ee\/wp-content\/uploads\/2019\/03\/seiko-crop-esilehele-3-267x94.jpg 267w\" sizes=\"(max-width: 429px) 100vw, 429px\" \/><\/p>\n<table class=\" aligncenter\" style=\"width: 544px; height: 114px;\">\n<tbody>\n<tr>\n<td style=\"width: 238px;\"><img loading=\"lazy\" class=\"size-full wp-image-5865 aligncenter\" src=\"http:\/\/www.kjk.ee\/wp-content\/uploads\/2017\/03\/kjklogo258x116.png\" alt=\"\" width=\"260\" height=\"116\" srcset=\"https:\/\/kjk.ee\/wp-content\/uploads\/2017\/03\/kjklogo258x116.png 260w, https:\/\/kjk.ee\/wp-content\/uploads\/2017\/03\/kjklogo258x116-123x55.png 123w, https:\/\/kjk.ee\/wp-content\/uploads\/2017\/03\/kjklogo258x116-108x48.png 108w, https:\/\/kjk.ee\/wp-content\/uploads\/2017\/03\/kjklogo258x116-220x98.png 220w\" sizes=\"(max-width: 260px) 100vw, 260px\" \/><\/td>\n<td style=\"width: 290px;\"><img loading=\"lazy\" class=\"wp-image-11372 aligncenter\" src=\"http:\/\/www.kjk.ee\/wp-content\/uploads\/2019\/05\/logo_big-2-e15194178556621.png\" alt=\"\" width=\"168\" height=\"90\" srcset=\"https:\/\/kjk.ee\/wp-content\/uploads\/2019\/05\/logo_big-2-e15194178556621.png 184w, https:\/\/kjk.ee\/wp-content\/uploads\/2019\/05\/logo_big-2-e15194178556621-102x55.png 102w, https:\/\/kjk.ee\/wp-content\/uploads\/2019\/05\/logo_big-2-e15194178556621-89x48.png 89w, https:\/\/kjk.ee\/wp-content\/uploads\/2019\/05\/logo_big-2-e15194178556621-182x98.png 182w\" sizes=\"(max-width: 168px) 100vw, 168px\" \/><\/td>\n<\/tr>\n<\/tbody>\n<\/table>\n<p><strong>KJK Avamerepurjetamise karikav\u00f5istluse SEIKO CUP 2019 etapid \/ 2019 events:<\/strong><br \/>\nI \u2013 1.05 \u2013 <strong>Avav\u00f5istlus<\/strong><br \/>\nII \u2013 18.-19.05 \u2013 <strong>E4 Karikav\u00f5istlus \/ E4 Championship<\/strong> &#8211; FINEST Offshore Series 2019, 1st event<br \/>\nIII \u2013 1.06 \u2013 <strong>Terra Feminarum<\/strong><br \/>\nIV \u2013 7.-8.09 \u2013 <strong>Tallinna Meistriv\u00f5istlused<\/strong><br \/>\nV \u2013 12.10 \u2013 <strong>Hooaja L\u00f5puv\u00f5istlus<\/strong><\/p>\n<p><strong>KJK Avamerepurjetamise karikav\u00f5istluse SEIKO CUP 2019 v\u00f5istlusklassid \/ The classes<\/strong><\/p>\n<p>I grupp &#8211;\u00a0 \u00a0 ORC I GPH \u2264 625,0<br \/>\nII grupp &#8211;\u00a0 \u00a0ORC II GPH > 625,0<br \/>\nIII grupp &#8211; ESTLYS I\u00a0 > 1,085<br \/>\nIV grupp &#8211; ESTLYS II \u2264 1,085<br \/>\nV grupp &#8211;\u00a0 \u00a0Draakon<br \/>\nVI grupp &#8211; Folkboot<\/p>\n<p><a href=\"http:\/\/www.kjk.ee\/wp-content\/uploads\/2019\/04\/2019-KJK-Avamere-Karikasari-SEIKO-CUP-juhend.pdf\">Kalevi Jahtklubi (KJK) Avamerepurjetamise Karikav\u00f5istluse SEIKO CUP 2019 korraldamise juhend<\/a><\/p>\n<p><a href=\"https:\/\/kjk.ee\/wp-content\/uploads\/2019\/10\/SEIKO-CUP-2019_KOOND_5-regatti.pdf\"><strong>SEIKO CUP 2019 EDETABEL P\u00c4RAST 5 ETAPPI<\/strong><\/a><\/p>\n<p><a href=\"https:\/\/purjetamine.postimees.ee\/6806144\/seiko-cup-2019-hooaja-voitjad-selgusid-alles-viimase-osavoistlusega\">Hooaja kokkuv\u00f5te Postimehes<\/a><\/p>\n<hr \/>\n<h3>I \u2013 1.05 \u2013<strong> Avav\u00f5istlus\u00a0<\/strong><\/h3>\n<p><a href=\"http:\/\/www.kjk.ee\/wp-content\/uploads\/2019\/04\/SEIKO-CUP-2019_Avav\u00f5istlus_NOR.pdf\">V\u00f5istlusteade\u00a0<\/a><\/p>\n<p>Regatt katkestati tuule l\u00f5ppemise t\u00f5ttu.<\/p>\n<hr \/>\n<h3>II \u2013 18.-19.05 \u2013\u00a0<strong>E4 Karikav\u00f5istlus \/ E4 Championship<\/strong><br \/>\nFINEST Offshore Series 2019, 1st event<\/h3>\n<p><a href=\"http:\/\/www.kjk.ee\/wp-content\/uploads\/2019\/05\/2019_E4_KV_NOR.pdf\">V\u00f5istlusteade \/ Notice of Race\u00a0<\/a>\u00a0| <a href=\"http:\/\/www.kjk.ee\/wp-content\/uploads\/2019\/05\/2019_E4_KV_Sailing-Instructions.pdf\">Purjetamisjuhised \/ Sailing Instructions<\/a><\/p>\n<p><a href=\"https:\/\/docs.google.com\/forms\/d\/e\/1FAIpQLSe0TEBAdyu5tYQKTeY7JJQhwQIxALyVS3Rjc-u7XLjF5tUzrg\/viewform\">Registreerimine \/ Online Entry<\/a><\/p>\n<p><a href=\"https:\/\/docs.google.com\/spreadsheets\/d\/1mYWRvsKbwuxt4cbBeNGQ74c3ZSy1b0yiAeaq4OsLOWM\/edit?usp=sharing\">Registreerunud jahid \/ Entry List<\/a><\/p>\n<p><strong>ORC SCRATCH SHEETS &#8211;\u00a0 Triple Number Time On Time (ToT) Windward\/Leeward<\/strong><\/p>\n<table style=\"width: 277px; height: 66px;\">\n<tbody>\n<tr style=\"height: 22px;\">\n<td style=\"width: 75px; text-align: center; height: 22px;\"><strong>ToT LOW<\/strong><\/td>\n<td style=\"width: 103px; text-align: center; height: 22px;\"><strong>ToT MEDIUM<\/strong><\/td>\n<td style=\"width: 77px; text-align: center; height: 22px;\"><strong>ToT HIGH<\/strong><\/td>\n<\/tr>\n<tr style=\"height: 22px;\">\n<td style=\"width: 75px; text-align: center; height: 22px;\"><a href=\"http:\/\/www.kjk.ee\/wp-content\/uploads\/2019\/05\/Scratch-Sheet-class-ORC-I-Low.html\">ORC I<\/a><\/td>\n<td style=\"width: 103px; text-align: center; height: 22px;\"><a href=\"http:\/\/www.kjk.ee\/wp-content\/uploads\/2019\/05\/Scratch-Sheet-class-ORC-I-Medium.html\">ORC I<\/a><\/td>\n<td style=\"width: 77px; text-align: center; height: 22px;\"><a href=\"http:\/\/www.kjk.ee\/wp-content\/uploads\/2019\/05\/Scratch-Sheet-class-ORC-I-High.html\">ORC I<\/a><\/td>\n<\/tr>\n<tr style=\"height: 22px;\">\n<td style=\"width: 75px; text-align: center; height: 22px;\"><a href=\"http:\/\/www.kjk.ee\/wp-content\/uploads\/2019\/05\/Scratch-Sheet-class-ORC-II-Low.html\">ORC II<\/a><\/td>\n<td style=\"width: 103px; text-align: center; height: 22px;\"><a href=\"http:\/\/www.kjk.ee\/wp-content\/uploads\/2019\/05\/Scratch-Sheet-class-ORC-II-Medium.html\">ORC II<\/a><\/td>\n<td style=\"width: 77px; text-align: center; height: 22px;\"><a href=\"http:\/\/www.kjk.ee\/wp-content\/uploads\/2019\/05\/Scratch-Sheet-class-ORC-II-High.html\">ORC II<\/a><\/td>\n<\/tr>\n<\/tbody>\n<\/table>\n<p><strong>ORC TULEMUSED\/RESULTS<\/strong><\/p>\n<table style=\"width: 540px; height: 134px;\">\n<tbody>\n<tr>\n<td style=\"width: 54px; text-align: center;\"><strong>Race 1<\/strong><\/td>\n<td style=\"width: 55px; text-align: center;\"><strong>Race 2<\/strong><\/td>\n<td style=\"width: 55px; text-align: center;\"><strong>Race 3<\/strong><\/td>\n<td style=\"width: 55px; text-align: center;\"><strong>Race 4<\/strong><\/td>\n<td style=\"width: 55px; text-align: center;\"><strong>Race 5<\/strong><\/td>\n<td style=\"width: 56px; text-align: center;\"><strong>Race 6<\/strong><\/td>\n<td style=\"width: 56px; text-align: center;\"><strong>Race 7<\/strong><\/td>\n<td style=\"width: 102px; text-align: center;\"><strong>Overall<\/strong><\/td>\n<\/tr>\n<tr>\n<td style=\"width: 54px; text-align: center;\"><a href=\"http:\/\/www.kjk.ee\/wp-content\/uploads\/2019\/05\/R1_ORC-I.html\">ORC I<\/a><\/td>\n<td style=\"width: 55px; text-align: center;\"><a href=\"https:\/\/kjk.ee\/wp-content\/uploads\/2019\/09\/R2-ORC-I-new.pdf\">ORC I<\/a><\/td>\n<td style=\"width: 55px; text-align: center;\"><a href=\"http:\/\/www.kjk.ee\/wp-content\/uploads\/2019\/05\/R3_ORC-I.html\">ORC I<\/a><\/td>\n<td style=\"width: 55px; text-align: center;\"><a href=\"http:\/\/www.kjk.ee\/wp-content\/uploads\/2019\/05\/R4_ORC-I.html\">ORC I<\/a><\/td>\n<td style=\"width: 55px; text-align: center;\"><a href=\"http:\/\/www.kjk.ee\/wp-content\/uploads\/2019\/05\/R5_ORC-I.html\">ORC I<\/a><\/td>\n<td style=\"width: 56px; text-align: center;\"><a href=\"http:\/\/www.kjk.ee\/wp-content\/uploads\/2019\/05\/R6_ORC-I.html\">ORC I<\/a><\/td>\n<td style=\"width: 56px; text-align: center;\">ORC I<\/td>\n<td style=\"width: 102px; text-align: center;\"><a href=\"http:\/\/www.kjk.ee\/wp-content\/uploads\/2019\/05\/Series-Results-class-ORC-I.html\">ORC I<\/a><\/td>\n<\/tr>\n<tr>\n<td style=\"width: 54px; text-align: center;\"><a href=\"http:\/\/www.kjk.ee\/wp-content\/uploads\/2019\/05\/R1_ORC-II.html\">ORC II<\/a><\/td>\n<td style=\"width: 55px; text-align: center;\"><a href=\"http:\/\/www.kjk.ee\/wp-content\/uploads\/2019\/05\/R2_ORC-II.html\">ORC II<\/a><\/td>\n<td style=\"width: 55px; text-align: center;\"><a href=\"http:\/\/www.kjk.ee\/wp-content\/uploads\/2019\/05\/R3_ORC-II.html\">ORC II<\/a><\/td>\n<td style=\"width: 55px; text-align: center;\"><a href=\"http:\/\/www.kjk.ee\/wp-content\/uploads\/2019\/05\/R4_ORC-II.html\">ORC II<\/a><\/td>\n<td style=\"width: 55px; text-align: center;\"><a href=\"http:\/\/www.kjk.ee\/wp-content\/uploads\/2019\/05\/R5_ORC-II.html\">ORC II<\/a><\/td>\n<td style=\"width: 56px; text-align: center;\"><a href=\"http:\/\/www.kjk.ee\/wp-content\/uploads\/2019\/05\/R6_ORC-II.html\">ORC II<\/a><\/td>\n<td style=\"width: 56px; text-align: center;\">ORC II<\/td>\n<td style=\"width: 102px; text-align: center;\"><a href=\"http:\/\/www.kjk.ee\/wp-content\/uploads\/2019\/05\/Series-Results-class-ORC-II.html\">ORC II<\/a><\/td>\n<\/tr>\n<\/tbody>\n<\/table>\n<p><a href=\"http:\/\/www.kjk.ee\/wp-content\/uploads\/2019\/05\/KJK_SEIKO-CUP-2019-E4-Karikav\u00f5istlus_LYS-Draakon-Folkboot_19052019_Overall.htm\"><strong>ESTLYS &#038; DRAAKON &#038; FOLKBOOT TULEMUSED &#8211; p\u00e4rast 7 s\u00f5itu<\/strong><\/a><\/p>\n<p><a href=\"https:\/\/www.facebook.com\/pg\/Kalevi.Jahtklubi\/photos\/?tab=album&#038;album_id=2748680788481945\">Fotogalerii \/ Photo Gallery<\/a> &#8211; autor Gerli Tooming<\/p>\n<p>KOKKUV\u00d5TE &#8211; Postimees Sport &#8211; <a href=\"https:\/\/purjetamine.postimees.ee\/6687565\/tihedas-konkurentsis-purjetati-nadalavahetusel-traditsiooniline-e4-karikavoistlus\">Tihedas konkurentsis purjetati n\u00e4dalavahetusel traditsiooniline E4 Karikav\u00f5istlus<\/a><\/p>\n<p><a href=\"http:\/\/www.kjk.ee\/wp-content\/uploads\/2019\/05\/ESS-Kalev-Jahtklubi-MT\u00dc-Regattid-2019.pdf\">Kindlustuspakkumine \/ Third-party liability insurance offer<\/a><\/p>\n<hr \/>\n<h3>III \u2013 1.06 \u2013\u00a0<strong>Terra Feminarum\u00a0<\/strong><\/h3>\n<p><a href=\"http:\/\/www.kjk.ee\/wp-content\/uploads\/2019\/05\/SEIKO-CUP-Terra-Feminarum-NOR-2019.pdf\">V\u00f5istlusteade<\/a><\/p>\n<p><a href=\"http:\/\/www.kjk.ee\/wp-content\/uploads\/2019\/06\/KJK_tulemused_IV-OFF-ORC-SEIKOCUP_TerraFeminarum_2019_ORC.htm\">ORC tulemused<\/a><\/p>\n<p><a href=\"http:\/\/www.kjk.ee\/wp-content\/uploads\/2019\/06\/KJK_IV-LYS_D_-F_SEIKOCUP_Terra-Feminarum_2019_LYS-I-II-Folkboot_R1_FOLKBOOT.htm\">LYS ja Folkboot tulemused\u00a0<\/a><\/p>\n<p><a href=\"https:\/\/www.facebook.com\/pg\/Kalevi.Jahtklubi\/photos\/?tab=album&#038;album_id=2777110915638932\">Fotogalerii<\/a> &#8211; Gerli Tooming<\/p>\n<hr \/>\n<h3>IV \u2013 7.-8.09 \u2013\u00a0<strong>Tallinna Meistriv\u00f5istlused<\/strong><\/h3>\n<p><a href=\"https:\/\/kjk.ee\/wp-content\/uploads\/2019\/08\/2019_Tallinna-MV_SEIKO-CUP-2019_NOR.pdf\">V\u00f5istlusteade\u00a0<\/a><\/p>\n<p><a href=\"https:\/\/kjk.ee\/wp-content\/uploads\/2019\/09\/Tallinna-MV-2019-SI.pdf\">Purjetamisjuhised<\/a> | <a href=\"https:\/\/kjk.ee\/wp-content\/uploads\/2019\/09\/Tallinna-MV-2019-rada.pdf\">Raja kirjeldus<\/a><\/p>\n<p><a href=\"https:\/\/docs.google.com\/forms\/d\/e\/1FAIpQLSeI2NqrikhWTjjUmQkNYrdmNCnFLzJmIcN6Xo2-CAfpOnO7lw\/viewform\">Registreerimine \/ Online Entry\u00a0<\/a><\/p>\n<p><a href=\"http:\/\/www.kjk.ee\/wp-content\/uploads\/2019\/05\/ESS-Kalev-Jahtklubi-MT\u00dc-Regattid-2019.pdf\">Kindlustuspakkumine \/ Third-party liability insurance offer<\/a><\/p>\n<p><strong>ORC TULEMUSED<\/strong><\/p>\n<table style=\"width: 52.1926%; height: 66px;\">\n<tbody>\n<tr style=\"height: 22px;\">\n<td style=\"width: 10.9524%; text-align: center; height: 22px;\"><strong>Race 1<\/strong><\/td>\n<td style=\"width: 11.1905%; text-align: center; height: 22px;\"><strong>Race 2<\/strong><\/td>\n<td style=\"width: 11.1905%; text-align: center; height: 22px;\"><strong>Race 3<\/strong><\/td>\n<td style=\"width: 11.4286%; text-align: center; height: 22px;\"><strong>Race 4<\/strong><\/td>\n<td style=\"width: 11.1905%; text-align: center; height: 22px;\"><strong>Race 5<\/strong><\/td>\n<td style=\"width: 11.6667%; text-align: center; height: 22px;\"><strong>Race 6<\/strong><\/td>\n<td style=\"width: 11.4286%; text-align: center; height: 22px;\"><strong>Race 7<\/strong><\/td>\n<td style=\"width: 16.1905%; text-align: center; height: 22px;\"><strong>Kokku<\/strong><\/td>\n<\/tr>\n<tr style=\"height: 22px;\">\n<td style=\"width: 10.9524%; text-align: center; height: 22px;\"><a href=\"https:\/\/kjk.ee\/wp-content\/uploads\/2019\/09\/ORC-I-Race-1-Tallinna-MV-2019.html\">ORC I<\/a><\/td>\n<td style=\"width: 11.1905%; text-align: center; height: 22px;\"><a href=\"https:\/\/kjk.ee\/wp-content\/uploads\/2019\/09\/ORC-I-Race-2-Tallinna-MV-2019.html\">ORC I<\/a><\/td>\n<td style=\"width: 11.1905%; text-align: center; height: 22px;\"><a href=\"https:\/\/kjk.ee\/wp-content\/uploads\/2019\/09\/ORC-I-Race-3-Tallinna-MV-2019.html\">ORC I<\/a><\/td>\n<td style=\"width: 11.4286%; text-align: center; height: 22px;\"><a href=\"https:\/\/kjk.ee\/wp-content\/uploads\/2019\/09\/ORC-I-Race-4-Tallinna-MV-2019.html\">ORC I<\/a><\/td>\n<td style=\"width: 11.1905%; text-align: center; height: 22px;\"><a href=\"https:\/\/kjk.ee\/wp-content\/uploads\/2019\/09\/ORC-I-Race-5-Tallinna-MV-2019-1.html\">ORC I<\/a><\/td>\n<td style=\"width: 11.6667%; text-align: center; height: 22px;\"><a href=\"https:\/\/kjk.ee\/wp-content\/uploads\/2019\/09\/ORC-I-Race-6-Tallinna-MV-2019-1.html\">ORC I<\/a><\/td>\n<td style=\"width: 11.4286%; text-align: center; height: 22px;\"><a href=\"https:\/\/kjk.ee\/wp-content\/uploads\/2019\/09\/ORC-I-Race-7-Tallinna-MV-2019-1.html\">ORC I<\/a><\/td>\n<td style=\"width: 16.1905%; text-align: center; height: 22px;\"><a href=\"https:\/\/kjk.ee\/wp-content\/uploads\/2019\/09\/Series-Results-class-ORC-I-after-7-Tall-MV.html\">ORC I<\/a><\/td>\n<\/tr>\n<tr style=\"height: 22px;\">\n<td style=\"width: 10.9524%; text-align: center; height: 22px;\"><a href=\"https:\/\/kjk.ee\/wp-content\/uploads\/2019\/09\/ORC-II-Race-1-Tallinna-MV-2019.html\">ORC II<\/a><\/td>\n<td style=\"width: 11.1905%; text-align: center; height: 22px;\"><a href=\"https:\/\/kjk.ee\/wp-content\/uploads\/2019\/09\/ORC-II-Race-2-Tallinna-MV-2019.html\">ORC II<\/a><\/td>\n<td style=\"width: 11.1905%; text-align: center; height: 22px;\"><a href=\"https:\/\/kjk.ee\/wp-content\/uploads\/2019\/09\/ORC-II-Race-3-Tallinna-MV-2019.html\">ORC II<\/a><\/td>\n<td style=\"width: 11.4286%; text-align: center; height: 22px;\"><a href=\"https:\/\/kjk.ee\/wp-content\/uploads\/2019\/09\/ORC-II-Race-4-Tallinna-MV-2019.html\">ORC II<\/a><\/td>\n<td style=\"width: 11.1905%; text-align: center; height: 22px;\"><a href=\"https:\/\/kjk.ee\/wp-content\/uploads\/2019\/09\/ORC-II-Race-5-Tallinna-MV-2019-1.html\">ORC II<\/a><\/td>\n<td style=\"width: 11.6667%; text-align: center; height: 22px;\"><a href=\"https:\/\/kjk.ee\/wp-content\/uploads\/2019\/09\/ORC-II-Race-6-Tallinna-MV-2019-1.html\">ORC II<\/a><\/td>\n<td style=\"width: 11.4286%; text-align: center; height: 22px;\"><a href=\"https:\/\/kjk.ee\/wp-content\/uploads\/2019\/09\/ORC-II-Race-7-Tallinna-MV-2019-1.html\">ORC II<\/a><\/td>\n<td style=\"width: 16.1905%; text-align: center; height: 22px;\"><a href=\"https:\/\/kjk.ee\/wp-content\/uploads\/2019\/09\/Series-Results-class-ORC-II-after-7-Tall-MV.html\">ORC II<\/a><\/td>\n<\/tr>\n<\/tbody>\n<\/table>\n<p><a href=\"https:\/\/kjk.ee\/wp-content\/uploads\/2019\/09\/KJK_SEIKO-CUP-2019-Tallinna-Meistriv\u00f5istlused_LYS_Overall_Day2.htm\"><strong><br \/>\nESTLYS, DRAAKON ja FOLKBOOT TULEMUSED<\/strong><\/a><\/p>\n<p>Kokkuv\u00f5te Postimehes &#8211; <a href=\"https:\/\/purjetamine.postimees.ee\/6774013\/avamerepurjetamise-luhiraja-tallinna-meistrid-selgusid-korges-konkurentsis\">Avamerepurjetamise l\u00fchiraja Tallinna Meistrid selgusid k\u00f5rges konkurentsis<\/a><\/p>\n<p>Fotod \u00a9 Gerli Tooming &#8211; <a href=\"https:\/\/www.facebook.com\/pg\/Kalevi.Jahtklubi\/photos\/?tab=album&#038;album_id=2976426442374044\">1. p\u00e4ev<\/a> | <a href=\"https:\/\/www.facebook.com\/pg\/Kalevi.Jahtklubi\/photos\/?tab=album&#038;album_id=2978772475472774\">2. p\u00e4ev<\/a><\/p>\n<hr \/>\n<h3>V \u2013 12.10 \u2013\u00a0<strong>Hooaja L\u00f5puv\u00f5istlus<\/strong><\/h3>\n<p><a href=\"https:\/\/kjk.ee\/wp-content\/uploads\/2019\/10\/KJK_LYSDF-Hooaja-l\u00f5puv\u00f5istlus_LYS-I-IIDraakon-Folkboot.htm\">LYS I; II; F tulemused<\/a><\/p>\n<p><a href=\"https:\/\/kjk.ee\/wp-content\/uploads\/2019\/10\/KJK_ORC-Hooaja-l\u00f5puv\u00f5istlus-2019_ORC.htm\">ORC tulemused<\/a><\/p>\n<p><a href=\"https:\/\/kjk.ee\/wp-content\/uploads\/2019\/10\/SI.pdf\">Purjetamisjuhised<\/a><\/p>\n<p><a href=\"https:\/\/kjk.ee\/wp-content\/uploads\/2019\/09\/SEIKO-CUP-2019_Lo\u0303puvo\u0303istlus_NOR.pdf\">V\u00f5istlusteade<\/a><\/p>\n<p>Kokkuv\u00f5te Postimehes &#8211; <a href=\"https:\/\/purjetamine.postimees.ee\/6800848\/seiko-cup-hooaja-viimane-voistlus-peetud\">SEIKO CUP hooaja viimane v\u00f5istlus peetud<\/a><\/p>\n<p><a href=\"https:\/\/www.facebook.com\/pg\/Kalevi.Jahtklubi\/photos\/?tab=album&#038;album_id=3049690138381007\">Fotod @Gerli Tooming<\/a><\/p>\n<div class=\"article-authors__container flex\">\n<div class=\"article-authors flex flex--align-items-start\">\n<div class=\"article-authors__author\"><\/div>\n<\/div>\n<\/div>\n<hr \/>\n<h3>AJALUGU<\/h3>\n<p><a href=\"http:\/\/www.kjk.ee\/seiko-cup-2018\/\">2018.a SEIKO CUP veebileht<\/a><br \/>\n<a href=\"http:\/\/www.kjk.ee\/wp-content\/uploads\/2018\/10\/SEIKO-CUP-2018_KOOND_5-regatti.pdf\">2018.a SEIKO CUP KOONDTULEMUSED<\/a><\/p>\n<p><a href=\"http:\/\/www.kjk.ee\/seiko-cup-2017-2\/\">2017.a SEIKO CUP veebileht<\/a><br \/>\n<a href=\"http:\/\/www.kjk.ee\/wp-content\/uploads\/2017\/04\/SEIKO-CUP-2017_koondseis_15102017.pdf\">2017.a SEIKO CUP KOONDTLEMUSED<\/a><\/p>\n<p><a href=\"http:\/\/www.kjk.ee\/seiko-cup-2016\/\">2016.a SEIKO CUP veebileht<\/a><br \/>\n<a href=\"http:\/\/www.kjk.ee\/seiko-cup-2016\/seiko-cup-2016_koond_finaal-2\/\">2016.a SEIKO CUP KOONDTULEMUSED<\/a><\/p>\n<p><a href=\"http:\/\/www.kjk.ee\/seiko-cup-2015\/\">2015.a SEIKO CUP veebileht<\/a><br \/>\n<a href=\"http:\/\/www.kjk.ee\/wp-content\/uploads\/2015\/03\/SEIKO_CUP_KOOND_20151.pdf\">SEIKO CUP 2015 KOONDTULEMUSED<\/a><\/p>\n<p><a href=\"http:\/\/www.kjk.ee\/seiko-cup\/\" target=\"_blank\" rel=\"noopener noreferrer\">2014.a SEIKO CUP veebileht<\/a><br \/>\n<a href=\"http:\/\/www.kjk.ee\/upload\/events\/doc14133602324.pdf\">SEIKO CUP 2014 KOONDTULEMUSED<\/a><\/p>\n","protected":false},"excerpt":{"rendered":"<p>KJK Avamerepurjetamise karikav\u00f5istluse SEIKO CUP 2019 etapid \/ 2019 events: I \u2013 1.05 \u2013 Avav\u00f5istlus II \u2013 18.-19.05 \u2013 E4 Karikav\u00f5istlus \/ E4 Championship &#8211; FINEST Offshore Series 2019, 1st event III \u2013 1.06 \u2013 Terra Feminarum IV \u2013 7.-8.09 \u2013 Tallinna Meistriv\u00f5istlused V \u2013 12.10 \u2013 Hooaja L\u00f5puv\u00f5istlus KJK Avamerepurjetamise karikav\u00f5istluse SEIKO CUP 2019 v\u00f5istlusklassid \/ The classes I<a class=\"more-link\" href=\"https:\/\/kjk.ee\/en\/seiko-cup-2019\/\">[Read More&#8230;]<\/a><\/p>\n","protected":false},"author":6,"featured_media":0,"parent":0,"menu_order":0,"comment_status":"closed","ping_status":"closed","template":"","meta":{"spay_email":""},"jetpack_sharing_enabled":true,"jetpack_shortlink":"https:\/\/wp.me\/PaW3M4-2RH","_links":{"self":[{"href":"https:\/\/kjk.ee\/en\/wp-json\/wp\/v2\/pages\/11017"}],"collection":[{"href":"https:\/\/kjk.ee\/en\/wp-json\/wp\/v2\/pages"}],"about":[{"href":"https:\/\/kjk.ee\/en\/wp-json\/wp\/v2\/types\/page"}],"author":[{"embeddable":true,"href":"https:\/\/kjk.ee\/en\/wp-json\/wp\/v2\/users\/6"}],"replies":[{"embeddable":true,"href":"https:\/\/kjk.ee\/en\/wp-json\/wp\/v2\/comments?post=11017"}],"version-history":[{"count":91,"href":"https:\/\/kjk.ee\/en\/wp-json\/wp\/v2\/pages\/11017\/revisions"}],"predecessor-version":[{"id":14787,"href":"https:\/\/kjk.ee\/en\/wp-json\/wp\/v2\/pages\/11017\/revisions\/14787"}],"wp:attachment":[{"href":"https:\/\/kjk.ee\/en\/wp-json\/wp\/v2\/media?parent=11017"}],"curies":[{"name":"wp","href":"https:\/\/api.w.org\/{rel}","templated":true}]}}