{"id":12080,"date":"2019-05-28T14:51:20","date_gmt":"2019-05-28T11:51:20","guid":{"rendered":"https:\/\/kjk.ee\/?page_id=12080"},"modified":"2019-06-20T14:37:27","modified_gmt":"2019-06-20T11:37:27","slug":"kjk-uue-sadamahoone-projektid-eka-arhitektuuritudengite-nagemus","status":"publish","type":"page","link":"https:\/\/kjk.ee\/en\/kjk-uue-sadamahoone-projektid-eka-arhitektuuritudengite-nagemus\/","title":{"rendered":"KJK uue sadamahoone projektid &#8211; EKA arhitektuuritudengite n\u00e4gemus"},"content":{"rendered":"<p>28. mail sai EKA-s tutvuda arhitektuuritudengite projektidega Kalevi Jahtklubi uue sadamahoone rajamiseks. Tulevastel arhitektidel on vahvad ja lennukad ideed.<\/p>\n<p>Projekti eesm\u00e4rk oli anal\u00fc\u00fcsida Kalevi Jahtklubi territoorimi planeerigut ja ruumivajadusi. M\u00f5testada klubilise organisatsiooni avatus ja eraldatus \u00fcmbritsevast linnakeskkonnast. Teha selgeks niiv\u00f5rd spetsiifilise ruumikasutusega ala vajadused ja arengupotentsiaalid.<br \/>\nJuhendajad olid Arhitektuurib\u00fcroo Salto arhitektid\u00a0Maarja Kask ja Ralf L\u00f5oke.<\/p>\n<p>Valminud kavandid on abimaterjaliks KJK-le edasiste ruumiliste otsuste vastuv\u00f5tmisel.<\/p>\n<p><img loading=\"lazy\" class=\"aligncenter size-full wp-image-12084\" src=\"https:\/\/kjk.ee\/wp-content\/uploads\/2019\/06\/eka44.jpg\" alt=\"\" width=\"960\" height=\"720\" srcset=\"https:\/\/kjk.ee\/wp-content\/uploads\/2019\/06\/eka44.jpg 960w, https:\/\/kjk.ee\/wp-content\/uploads\/2019\/06\/eka44-300x225.jpg 300w, https:\/\/kjk.ee\/wp-content\/uploads\/2019\/06\/eka44-768x576.jpg 768w, https:\/\/kjk.ee\/wp-content\/uploads\/2019\/06\/eka44-73x55.jpg 73w, https:\/\/kjk.ee\/wp-content\/uploads\/2019\/06\/eka44-100x75.jpg 100w, https:\/\/kjk.ee\/wp-content\/uploads\/2019\/06\/eka44-200x150.jpg 200w, https:\/\/kjk.ee\/wp-content\/uploads\/2019\/06\/eka44-64x48.jpg 64w, https:\/\/kjk.ee\/wp-content\/uploads\/2019\/06\/eka44-131x98.jpg 131w\" sizes=\"(max-width: 960px) 100vw, 960px\" \/><\/p>\n<p><img loading=\"lazy\" class=\"aligncenter size-full wp-image-12081\" src=\"https:\/\/kjk.ee\/wp-content\/uploads\/2019\/06\/eka11.jpg\" alt=\"\" width=\"960\" height=\"720\" srcset=\"https:\/\/kjk.ee\/wp-content\/uploads\/2019\/06\/eka11.jpg 960w, https:\/\/kjk.ee\/wp-content\/uploads\/2019\/06\/eka11-300x225.jpg 300w, https:\/\/kjk.ee\/wp-content\/uploads\/2019\/06\/eka11-768x576.jpg 768w, https:\/\/kjk.ee\/wp-content\/uploads\/2019\/06\/eka11-73x55.jpg 73w, https:\/\/kjk.ee\/wp-content\/uploads\/2019\/06\/eka11-100x75.jpg 100w, https:\/\/kjk.ee\/wp-content\/uploads\/2019\/06\/eka11-200x150.jpg 200w, https:\/\/kjk.ee\/wp-content\/uploads\/2019\/06\/eka11-64x48.jpg 64w, https:\/\/kjk.ee\/wp-content\/uploads\/2019\/06\/eka11-131x98.jpg 131w\" sizes=\"(max-width: 960px) 100vw, 960px\" \/><\/p>\n<p><img loading=\"lazy\" class=\"aligncenter size-full wp-image-12082\" src=\"https:\/\/kjk.ee\/wp-content\/uploads\/2019\/06\/eka22.jpg\" alt=\"\" width=\"960\" height=\"720\" srcset=\"https:\/\/kjk.ee\/wp-content\/uploads\/2019\/06\/eka22.jpg 960w, https:\/\/kjk.ee\/wp-content\/uploads\/2019\/06\/eka22-300x225.jpg 300w, https:\/\/kjk.ee\/wp-content\/uploads\/2019\/06\/eka22-768x576.jpg 768w, https:\/\/kjk.ee\/wp-content\/uploads\/2019\/06\/eka22-73x55.jpg 73w, https:\/\/kjk.ee\/wp-content\/uploads\/2019\/06\/eka22-100x75.jpg 100w, https:\/\/kjk.ee\/wp-content\/uploads\/2019\/06\/eka22-200x150.jpg 200w, https:\/\/kjk.ee\/wp-content\/uploads\/2019\/06\/eka22-64x48.jpg 64w, https:\/\/kjk.ee\/wp-content\/uploads\/2019\/06\/eka22-131x98.jpg 131w\" sizes=\"(max-width: 960px) 100vw, 960px\" \/><\/p>\n<p><img loading=\"lazy\" class=\"aligncenter size-full wp-image-12083\" src=\"https:\/\/kjk.ee\/wp-content\/uploads\/2019\/06\/eka33.jpg\" alt=\"\" width=\"960\" height=\"720\" srcset=\"https:\/\/kjk.ee\/wp-content\/uploads\/2019\/06\/eka33.jpg 960w, https:\/\/kjk.ee\/wp-content\/uploads\/2019\/06\/eka33-300x225.jpg 300w, https:\/\/kjk.ee\/wp-content\/uploads\/2019\/06\/eka33-768x576.jpg 768w, https:\/\/kjk.ee\/wp-content\/uploads\/2019\/06\/eka33-73x55.jpg 73w, https:\/\/kjk.ee\/wp-content\/uploads\/2019\/06\/eka33-100x75.jpg 100w, https:\/\/kjk.ee\/wp-content\/uploads\/2019\/06\/eka33-200x150.jpg 200w, https:\/\/kjk.ee\/wp-content\/uploads\/2019\/06\/eka33-64x48.jpg 64w, https:\/\/kjk.ee\/wp-content\/uploads\/2019\/06\/eka33-131x98.jpg 131w\" sizes=\"(max-width: 960px) 100vw, 960px\" \/><\/p>\n<p><img loading=\"lazy\" class=\"aligncenter size-full wp-image-12085\" src=\"https:\/\/kjk.ee\/wp-content\/uploads\/2019\/06\/eka55.jpg\" alt=\"\" width=\"960\" height=\"720\" srcset=\"https:\/\/kjk.ee\/wp-content\/uploads\/2019\/06\/eka55.jpg 960w, https:\/\/kjk.ee\/wp-content\/uploads\/2019\/06\/eka55-300x225.jpg 300w, https:\/\/kjk.ee\/wp-content\/uploads\/2019\/06\/eka55-768x576.jpg 768w, https:\/\/kjk.ee\/wp-content\/uploads\/2019\/06\/eka55-73x55.jpg 73w, https:\/\/kjk.ee\/wp-content\/uploads\/2019\/06\/eka55-100x75.jpg 100w, https:\/\/kjk.ee\/wp-content\/uploads\/2019\/06\/eka55-200x150.jpg 200w, https:\/\/kjk.ee\/wp-content\/uploads\/2019\/06\/eka55-64x48.jpg 64w, https:\/\/kjk.ee\/wp-content\/uploads\/2019\/06\/eka55-131x98.jpg 131w\" sizes=\"(max-width: 960px) 100vw, 960px\" \/><\/p>\n","protected":false},"excerpt":{"rendered":"<p>28. mail sai EKA-s tutvuda arhitektuuritudengite projektidega Kalevi Jahtklubi uue sadamahoone rajamiseks. Tulevastel arhitektidel on vahvad ja lennukad ideed. Projekti eesm\u00e4rk oli anal\u00fc\u00fcsida Kalevi Jahtklubi territoorimi planeerigut ja ruumivajadusi. M\u00f5testada klubilise organisatsiooni avatus ja eraldatus \u00fcmbritsevast linnakeskkonnast. Teha selgeks niiv\u00f5rd spetsiifilise ruumikasutusega ala vajadused ja arengupotentsiaalid. Juhendajad olid Arhitektuurib\u00fcroo Salto arhitektid\u00a0Maarja Kask ja Ralf L\u00f5oke. Valminud kavandid on abimaterjaliks KJK-le<a class=\"more-link\" href=\"https:\/\/kjk.ee\/en\/kjk-uue-sadamahoone-projektid-eka-arhitektuuritudengite-nagemus\/\">[Read More&#8230;]<\/a><\/p>\n","protected":false},"author":24,"featured_media":12081,"parent":0,"menu_order":0,"comment_status":"closed","ping_status":"closed","template":"","meta":{"spay_email":""},"jetpack_sharing_enabled":true,"jetpack_shortlink":"https:\/\/wp.me\/PaW3M4-38Q","_links":{"self":[{"href":"https:\/\/kjk.ee\/en\/wp-json\/wp\/v2\/pages\/12080"}],"collection":[{"href":"https:\/\/kjk.ee\/en\/wp-json\/wp\/v2\/pages"}],"about":[{"href":"https:\/\/kjk.ee\/en\/wp-json\/wp\/v2\/types\/page"}],"author":[{"embeddable":true,"href":"https:\/\/kjk.ee\/en\/wp-json\/wp\/v2\/users\/24"}],"replies":[{"embeddable":true,"href":"https:\/\/kjk.ee\/en\/wp-json\/wp\/v2\/comments?post=12080"}],"version-history":[{"count":3,"href":"https:\/\/kjk.ee\/en\/wp-json\/wp\/v2\/pages\/12080\/revisions"}],"predecessor-version":[{"id":14268,"href":"https:\/\/kjk.ee\/en\/wp-json\/wp\/v2\/pages\/12080\/revisions\/14268"}],"wp:featuredmedia":[{"embeddable":true,"href":"https:\/\/kjk.ee\/en\/wp-json\/wp\/v2\/media\/12081"}],"wp:attachment":[{"href":"https:\/\/kjk.ee\/en\/wp-json\/wp\/v2\/media?parent=12080"}],"curies":[{"name":"wp","href":"https:\/\/api.w.org\/{rel}","templated":true}]}}