{"id":12104,"date":"2019-06-20T13:38:50","date_gmt":"2019-06-20T10:38:50","guid":{"rendered":"https:\/\/kjk.ee\/?page_id=12104"},"modified":"2026-03-20T14:13:13","modified_gmt":"2026-03-20T12:13:13","slug":"soodustused","status":"publish","type":"page","link":"https:\/\/kjk.ee\/en\/soodustused\/","title":{"rendered":"Soodustused KJK liikmetele"},"content":{"rendered":"<p><strong>&#8211; KALEVI JAHTKLUBI RESTO<\/strong><\/p>\n<p><strong>KJK liikmele<\/strong> kogu men\u00fc\u00fc (<strong>s.h. alkohol<\/strong>)<strong> -10%.<\/strong> PS &#8211; Purjetaja \u00f5lu on erihinnaga!<br \/>\n<a href=\"http:\/\/www.jahtklubiresto.ee\/\">www.jahtklubiresto.ee<\/a><\/p>\n<p>&nbsp;<\/p>\n<p><strong>&#8211; ALTER MARINE<\/strong><\/p>\n<p><strong>Gill<\/strong> on \u00fcks maailma juhtivaid merer\u00f5ivaste br\u00e4nde, mis pakub merel kaitset juba aastast 1975. R\u00f5ivad on kvaliteetsed, mugavad ning praktilised, mis on l\u00e4binud tugeva tehnilise kvaliteedi kontrolli enne turule tulekut.<\/p>\n<p><strong>Gill pakub purjetamisriideid kogu meeskonnale<\/strong> &#8211; jakid, p\u00fcksid, vestid, m\u00fctsid jpm.<strong> Gilli tiimiriietele saame pakkuda KJK liikmetele soodustust -15%<\/strong> <a href=\"https:\/\/www.marine.ee\/et\/c\/tiimiriided-2\">https:\/\/www.marine.ee\/et\/c\/tiimiriided-2<\/a><\/p>\n<p>Kogu Gilli tootevalikuga saab tutvuda siin &#8211; <a href=\"https:\/\/www.marine.ee\/et\/c\/gill-12\">https:\/\/www.marine.ee\/et\/c\/gill-12<\/a><\/p>\n<p>Alter Marine on ametlik maaletooja ka <strong>Baltic Lifejackets<\/strong> p\u00e4\u00e4stevestidele. Samuti kehtib pakkumine Baltic Lifejackets p\u00e4\u00e4stevestidele:<a href=\"https:\/\/www.marine.ee\/et\/a\/dinghy-pro\"> https:\/\/www.marine.ee\/et\/a\/dinghy-pro\u00a0<\/a> <strong>KJK Klubiliikmetele soodustust \u00a0-20%<\/strong><\/p>\n<p><strong>NOORPURJETAJALE:<\/strong> Alteril on olemas kohe laos v\u00f5istlemiseks valmis Optimisti komplekt &#8211; <a href=\"https:\/\/www.marine.ee\/et\/a\/optimist-racing-komplekt-2\">https:\/\/www.marine.ee\/et\/a\/optimist-racing-komplekt-2<\/a><\/p>\n<p><strong>KJK noorliikmetele<\/strong> <strong>soodustus Gill noorpurjetajate varustusest -25% ja teistele tavahinnaga toodetele kaupluses ja e-poes (kood KJK v\u00f5i klubiliikme kaart)<\/strong><\/p>\n<p><i><span style=\"color: black;\">Rohkem infot: Alter Baltics O\u00dc, \u00c4mma tee 70, Iru k\u00fcla, Harjumaa, <\/span><span style=\"color: #446b9b;\"><a href=\"http:\/\/www.marine.ee\/\">www.marine.ee<\/a><\/span><\/i><\/p>\n<p>&nbsp;<\/p>\n<p><strong>&#8211; MEREMAAILM PIRITAL<\/strong><\/p>\n<p>KJK liikmele <strong>kogu kaup kuni -10 %<\/strong><br \/>\n<a href=\"https:\/\/www.meremaailm.ee\/\">www.meremaailm.ee<\/a><\/p>\n<p>&nbsp;<\/p>\n<p><strong>&#8211; KALEVSPA<\/strong><\/p>\n<p><strong>Soodushinnad Kalevi Jahtklubi liikmetele:<\/strong><\/p>\n<p>\u2022 E-R hommikune veekeskuse korrap\u00e4\u00e4se (kuni kell 15:00) 1,5h<strong>\u00a0 9.- \u20ac<\/strong><\/p>\n<p>\u2022 Veekeskuse korrap\u00e4\u00e4se (alates kell 15:01) 1,5h\u00a0<strong> 15.-\u20ac<\/strong>\u00a0 \/ 3h <strong>17.-\u20ac<\/strong><\/p>\n<p>\u2022 Veekeskuse p\u00e4evap\u00e4\u00e4se E-P\u00a0 <strong>20.-\u20ac<\/strong><\/p>\n<p>\u2022 Spordiklubip\u00e4\u00e4se 3h\u00a0 <strong>9.-\u20ac<\/strong><\/p>\n<p>\u2022 Sauna-Oaasi ja veekeskuse hommikune korrap\u00e4\u00e4se (kuni 15:00)\u00a0 \u00a0<strong>18.-\u20ac<\/strong><\/p>\n<p>\u2022 Sauna-Oaasi ja veekeskuse p\u00e4evap\u00e4\u00e4se\u00a0 E-R\u00a0 <strong>26.-\u20ac<\/strong> \/ L-P\u00a0 <strong>32.-\u20ac<\/strong><\/p>\n<p>* Soodustuse saamiseks on vajalik ID-kaardi olemasolu.<br \/>\nAlaealistele ja pension\u00e4ridele kehtivad KALEVSPA hinnakirja j\u00e4rgsed soodustused.<\/p>\n<p><em>Andmed uuendatud 20.03.2026 seisuga<\/em><\/p>\n","protected":false},"excerpt":{"rendered":"<p>&#8211; KALEVI JAHTKLUBI RESTO KJK liikmele kogu men\u00fc\u00fc (s.h. alkohol) -10%. PS &#8211; Purjetaja \u00f5lu on erihinnaga! www.jahtklubiresto.ee &nbsp; &#8211; ALTER MARINE Gill on \u00fcks maailma juhtivaid merer\u00f5ivaste br\u00e4nde, mis pakub merel kaitset juba aastast 1975. R\u00f5ivad on kvaliteetsed, mugavad ning praktilised, mis on l\u00e4binud tugeva tehnilise kvaliteedi kontrolli enne turule tulekut. Gill pakub purjetamisriideid kogu meeskonnale &#8211; jakid, p\u00fcksid,<a class=\"more-link\" href=\"https:\/\/kjk.ee\/en\/soodustused\/\">[Read More&#8230;]<\/a><\/p>\n","protected":false},"author":24,"featured_media":0,"parent":0,"menu_order":0,"comment_status":"closed","ping_status":"closed","template":"","meta":{"spay_email":""},"jetpack_sharing_enabled":true,"jetpack_shortlink":"https:\/\/wp.me\/PaW3M4-39e","_links":{"self":[{"href":"https:\/\/kjk.ee\/en\/wp-json\/wp\/v2\/pages\/12104"}],"collection":[{"href":"https:\/\/kjk.ee\/en\/wp-json\/wp\/v2\/pages"}],"about":[{"href":"https:\/\/kjk.ee\/en\/wp-json\/wp\/v2\/types\/page"}],"author":[{"embeddable":true,"href":"https:\/\/kjk.ee\/en\/wp-json\/wp\/v2\/users\/24"}],"replies":[{"embeddable":true,"href":"https:\/\/kjk.ee\/en\/wp-json\/wp\/v2\/comments?post=12104"}],"version-history":[{"count":51,"href":"https:\/\/kjk.ee\/en\/wp-json\/wp\/v2\/pages\/12104\/revisions"}],"predecessor-version":[{"id":32202,"href":"https:\/\/kjk.ee\/en\/wp-json\/wp\/v2\/pages\/12104\/revisions\/32202"}],"wp:attachment":[{"href":"https:\/\/kjk.ee\/en\/wp-json\/wp\/v2\/media?parent=12104"}],"curies":[{"name":"wp","href":"https:\/\/api.w.org\/{rel}","templated":true}]}}