{"id":123,"date":"2014-04-20T11:25:27","date_gmt":"2014-04-20T11:25:27","guid":{"rendered":"http:\/\/www.kjk.ee\/?page_id=123"},"modified":"2025-07-07T11:03:02","modified_gmt":"2025-07-07T08:03:02","slug":"teenused-2","status":"publish","type":"page","link":"https:\/\/kjk.ee\/en\/teenused-2\/","title":{"rendered":"Teenused"},"content":{"rendered":"<p><strong>2025. aasta navigatsioonihooajal ei paku Kalevi Jahtklubi tunnip\u00f5hist kaikoha teenust. Minimaalne v\u00f5imalus on 24h tundi kaikoha rent.\u00a0<\/strong><\/p>\n<p><strong>Sadama teenused:<\/strong><\/p>\n<p>&#8211; kaikohtade rentimine<br \/>\n&#8211; j\u00f5usaal, du\u0161\u0161, saun, WC<br \/>\n&#8211; vesi, elekter<br \/>\n&#8211; sorteeritud olmepr\u00fcgi, akude ja \u00f5lij\u00e4\u00e4tmete vastuv\u00f5tt<br \/>\n&#8211; jahtide t\u00f5stet\u00f6\u00f6de organiseerimine (tellimisel)<br \/>\n&#8211; ujuvvahendite talvine hoiustamine<br \/>\n&#8211; sadamateenused teistelt ettev\u00f5tjatelt<\/p>\n<p>Sadamakapten <strong>Andres Tamm<\/strong><br \/>\n<a href=\"mailto:sadam@kjk.ee\">sadam@kjk.ee<\/a><\/p>\n<p>Sadama kontor on navigatsiooni hooajal avatud E-P: 08:00-19:00, talvisel perioodil E-R: 09:00-17:00<\/p>\n<p><a href=\"https:\/\/kjk.ee\/wp-content\/uploads\/2025\/07\/EST-2.png\"><img loading=\"lazy\" class=\"alignnone size-medium wp-image-30270\" src=\"https:\/\/kjk.ee\/wp-content\/uploads\/2025\/07\/EST-2-300x212.png\" alt=\"\" width=\"300\" height=\"212\" srcset=\"https:\/\/kjk.ee\/wp-content\/uploads\/2025\/07\/EST-2-300x212.png 300w, https:\/\/kjk.ee\/wp-content\/uploads\/2025\/07\/EST-2-1024x724.png 1024w, https:\/\/kjk.ee\/wp-content\/uploads\/2025\/07\/EST-2-768x543.png 768w, https:\/\/kjk.ee\/wp-content\/uploads\/2025\/07\/EST-2-1536x1086.png 1536w, https:\/\/kjk.ee\/wp-content\/uploads\/2025\/07\/EST-2-78x55.png 78w, https:\/\/kjk.ee\/wp-content\/uploads\/2025\/07\/EST-2-68x48.png 68w, https:\/\/kjk.ee\/wp-content\/uploads\/2025\/07\/EST-2-139x98.png 139w, https:\/\/kjk.ee\/wp-content\/uploads\/2025\/07\/EST-2.png 2000w\" sizes=\"(max-width: 300px) 100vw, 300px\" \/><\/a> <a href=\"https:\/\/kjk.ee\/wp-content\/uploads\/2025\/07\/EST-1.png\"><img loading=\"lazy\" class=\"alignnone size-medium wp-image-30269\" src=\"https:\/\/kjk.ee\/wp-content\/uploads\/2025\/07\/EST-1-300x212.png\" alt=\"\" width=\"300\" height=\"212\" srcset=\"https:\/\/kjk.ee\/wp-content\/uploads\/2025\/07\/EST-1-300x212.png 300w, https:\/\/kjk.ee\/wp-content\/uploads\/2025\/07\/EST-1-1024x724.png 1024w, https:\/\/kjk.ee\/wp-content\/uploads\/2025\/07\/EST-1-768x543.png 768w, https:\/\/kjk.ee\/wp-content\/uploads\/2025\/07\/EST-1-1536x1086.png 1536w, https:\/\/kjk.ee\/wp-content\/uploads\/2025\/07\/EST-1-78x55.png 78w, https:\/\/kjk.ee\/wp-content\/uploads\/2025\/07\/EST-1-68x48.png 68w, https:\/\/kjk.ee\/wp-content\/uploads\/2025\/07\/EST-1-139x98.png 139w, https:\/\/kjk.ee\/wp-content\/uploads\/2025\/07\/EST-1.png 2000w\" sizes=\"(max-width: 300px) 100vw, 300px\" \/><\/a><\/p>\n","protected":false},"excerpt":{"rendered":"<p>2025. aasta navigatsioonihooajal ei paku Kalevi Jahtklubi tunnip\u00f5hist kaikoha teenust. Minimaalne v\u00f5imalus on 24h tundi kaikoha rent.\u00a0 Sadama teenused: &#8211; kaikohtade rentimine &#8211; j\u00f5usaal, du\u0161\u0161, saun, WC &#8211; vesi, elekter &#8211; sorteeritud olmepr\u00fcgi, akude ja \u00f5lij\u00e4\u00e4tmete vastuv\u00f5tt &#8211; jahtide t\u00f5stet\u00f6\u00f6de organiseerimine (tellimisel) &#8211; ujuvvahendite talvine hoiustamine &#8211; sadamateenused teistelt ettev\u00f5tjatelt Sadamakapten Andres Tamm sadam@kjk.ee Sadama kontor on navigatsiooni hooajal avatud<a class=\"more-link\" href=\"https:\/\/kjk.ee\/en\/teenused-2\/\">[Read More&#8230;]<\/a><\/p>\n","protected":false},"author":24,"featured_media":0,"parent":0,"menu_order":0,"comment_status":"open","ping_status":"open","template":"","meta":{"spay_email":""},"jetpack_sharing_enabled":true,"jetpack_shortlink":"https:\/\/wp.me\/PaW3M4-1Z","_links":{"self":[{"href":"https:\/\/kjk.ee\/en\/wp-json\/wp\/v2\/pages\/123"}],"collection":[{"href":"https:\/\/kjk.ee\/en\/wp-json\/wp\/v2\/pages"}],"about":[{"href":"https:\/\/kjk.ee\/en\/wp-json\/wp\/v2\/types\/page"}],"author":[{"embeddable":true,"href":"https:\/\/kjk.ee\/en\/wp-json\/wp\/v2\/users\/24"}],"replies":[{"embeddable":true,"href":"https:\/\/kjk.ee\/en\/wp-json\/wp\/v2\/comments?post=123"}],"version-history":[{"count":12,"href":"https:\/\/kjk.ee\/en\/wp-json\/wp\/v2\/pages\/123\/revisions"}],"predecessor-version":[{"id":29035,"href":"https:\/\/kjk.ee\/en\/wp-json\/wp\/v2\/pages\/123\/revisions\/29035"}],"wp:attachment":[{"href":"https:\/\/kjk.ee\/en\/wp-json\/wp\/v2\/media?parent=123"}],"curies":[{"name":"wp","href":"https:\/\/api.w.org\/{rel}","templated":true}]}}