{"id":137,"date":"2014-04-20T11:27:37","date_gmt":"2014-04-20T11:27:37","guid":{"rendered":"http:\/\/www.kjk.ee\/?page_id=137"},"modified":"2024-06-04T21:42:36","modified_gmt":"2024-06-04T18:42:36","slug":"taiskasvanute-purjetamiskoolitused","status":"publish","type":"page","link":"https:\/\/kjk.ee\/en\/taiskasvanute-purjetamiskoolitused\/","title":{"rendered":"T\u00e4iskasvanute purjetamiskoolitused"},"content":{"rendered":"<p><strong>Purjetamise baaskursus<\/strong><\/p>\n<p>Baaskursuse eesm\u00e4rk on anda p\u00f5hiteadmised praktiliseks purjetamiseks, esitatuna v\u00f5imalikult lihtsas ja arusaadavas vormis. Koolitusel tutvume purjetamise teoreetiliste aluste ja terminoloogiaga, vaatleme merel ette tulevaid olukordi, anname praktilisi soovitusi ning \u00f5pime siduma meres\u00f5lmi. Kursus on m\u00f5eldud p\u00f5hiliselt algajatele purjetamishuvilistele, samuti sobib eneset\u00e4ienduseks juba seilavatele harrastuspurjetajatele.<\/p>\n<p>\u00d5ppekava:<\/p>\n<ul>\n<li>Purjede t\u00fc\u00fcbid, jahtide liigitus<\/li>\n<li>Jahi ehitus ja omadused, terminoloogia<\/li>\n<li>Purjedele ja jahi kerele m\u00f5juvad j\u00f5ud<\/li>\n<li>\u00d5hu voolamine purjedel, purjede seaded<\/li>\n<li>Kursid tuule suhtes, p\u00f6\u00f6rded<\/li>\n<li>Jahi juhtimine, lainetuse m\u00f5ju<\/li>\n<li>Purjestuse valik, purjetamine erinevates ilmaoludes<\/li>\n<li>Turvalisus ja ohutusreeglid jahi pardal<\/li>\n<li>Ankrud ja ankruseadmed, ankrul seismine<\/li>\n<li>Sildumine ja sillast lahkumine, jahi kinnitamine sadamas<\/li>\n<li>Ilmastikun\u00e4htused merel, meteoroloogilised kaardid<\/li>\n<li>Rahvusvahelised laevade kokkup\u00f5rke v\u00e4ltimise reeglid<\/li>\n<li>Mereraadioside peamised reeglid<\/li>\n<li>P\u00f5hilised seadustest tulenevad n\u00f5uded<\/li>\n<li>V\u00f5\u00f5rsadama k\u00fclastamine, k\u00e4itumine sadamas<\/li>\n<li>Jahtide hooldus, purjetaja isiklik varustus<\/li>\n<li>Otsad ja meres\u00f5lmed<\/li>\n<\/ul>\n<p>T\u00e4psed hinnad ja programmid leiad<strong> <a href=\"https:\/\/nautilus.ee\/purjetamine\/algkursus\">SIIT.<\/a><\/strong><\/p>\n<p>Koolituse viib l\u00e4bi Nautilus Purjetamiskool MT\u00dc. Kursuse ajakava, kontaktid ja registreerimine veebilehel <a href=\"http:\/\/nautilus.ee\/#baaskursus\">www.nautilus.ee.<\/a><\/p>\n<p><strong>Navigatsioonikursus<\/strong><\/p>\n<p>Koolituse eesm\u00e4rk on anda algteadmised praktiliseks navigeerimiseks merel. Koolitusel \u00f5pime tundma meie regioonis levinud navigatsiooniesemeid ning klassikalisi navigatsioonimeetodeid (paberkaart, kompass, peilingaator), samuti r\u00e4\u00e4gime elektrooniliste navigatsioonivahendite t\u00f6\u00f6p\u00f5him\u00f5tetest ja kasutamisest. Koolitus on m\u00f5eldud algajatele navigaatoritele ning sobib eneset\u00e4ienduseks ka praktiseerivatele v\u00e4ikelaevnikele.<\/p>\n<p>\u00d5ppekava:<\/p>\n<ul>\n<li>Maa ellipsoidi pind, kuju, m\u00f5\u00f5tmed ja l\u00f5iketasandid<\/li>\n<li>Geograafilised koordinaadid<\/li>\n<li>Kartograafilised projektsioonid, orto- ja loksodroom<\/li>\n<li>Maa- ja aluse magnetism, nende m\u00f5ju kompassi n\u00e4idule<\/li>\n<li>Silmapiiri jaotus, n\u00e4htavuskaugus, pikkus- ja kiirus\u00fchikud<\/li>\n<li>Triiv, hoovush\u00e4lve<\/li>\n<li>Satelliitnavigatsioonis\u00fcsteemid, GPS seade, radar, AIS, kajalood<\/li>\n<li>Meres\u00f5idu ohtude ja faarvaatrite t\u00e4histamine<\/li>\n<li>IALA ujuvm\u00e4rgistuse s\u00fcsteem<\/li>\n<li>Lateraal-, kardinaal-, eraldiseisva ohu-, telje- ja eriotstarbelised m\u00e4rgid<\/li>\n<li>Tulede iseloom, sektortuled<\/li>\n<li>Navigatsioonikaardid, arv- ja joonm\u00f5\u00f5tkava, kompassiroos<\/li>\n<li>Kaardit\u00f6\u00f6vahendid, peilingaator, nende kasutamine<\/li>\n<li>Asukoha graafiline m\u00e4\u00e4ramine, m\u00f5isted ja meetodid<\/li>\n<li>Praktiline kaardit\u00f6\u00f6<\/li>\n<\/ul>\n<p>&nbsp;<\/p>\n<p>Koolituse viib l\u00e4bi Nautilus Purjetamiskool MT\u00dc. Kursuse ajakava, kontaktid ja registreerimine veebilehel <a href=\"https:\/\/www.nautilus.ee\/#registreeri\">www.nautilus.ee.<\/a><\/p>\n","protected":false},"excerpt":{"rendered":"<p>Purjetamise baaskursus Baaskursuse eesm\u00e4rk on anda p\u00f5hiteadmised praktiliseks purjetamiseks, esitatuna v\u00f5imalikult lihtsas ja arusaadavas vormis. Koolitusel tutvume purjetamise teoreetiliste aluste ja terminoloogiaga, vaatleme merel ette tulevaid olukordi, anname praktilisi soovitusi ning \u00f5pime siduma meres\u00f5lmi. Kursus on m\u00f5eldud p\u00f5hiliselt algajatele purjetamishuvilistele, samuti sobib eneset\u00e4ienduseks juba seilavatele harrastuspurjetajatele. \u00d5ppekava: Purjede t\u00fc\u00fcbid, jahtide liigitus Jahi ehitus ja omadused, terminoloogia Purjedele ja jahi kerele<a class=\"more-link\" href=\"https:\/\/kjk.ee\/en\/taiskasvanute-purjetamiskoolitused\/\">[Read More&#8230;]<\/a><\/p>\n","protected":false},"author":24,"featured_media":0,"parent":0,"menu_order":0,"comment_status":"open","ping_status":"open","template":"","meta":{"spay_email":""},"jetpack_sharing_enabled":true,"jetpack_shortlink":"https:\/\/wp.me\/PaW3M4-2d","_links":{"self":[{"href":"https:\/\/kjk.ee\/en\/wp-json\/wp\/v2\/pages\/137"}],"collection":[{"href":"https:\/\/kjk.ee\/en\/wp-json\/wp\/v2\/pages"}],"about":[{"href":"https:\/\/kjk.ee\/en\/wp-json\/wp\/v2\/types\/page"}],"author":[{"embeddable":true,"href":"https:\/\/kjk.ee\/en\/wp-json\/wp\/v2\/users\/24"}],"replies":[{"embeddable":true,"href":"https:\/\/kjk.ee\/en\/wp-json\/wp\/v2\/comments?post=137"}],"version-history":[{"count":13,"href":"https:\/\/kjk.ee\/en\/wp-json\/wp\/v2\/pages\/137\/revisions"}],"predecessor-version":[{"id":26963,"href":"https:\/\/kjk.ee\/en\/wp-json\/wp\/v2\/pages\/137\/revisions\/26963"}],"wp:attachment":[{"href":"https:\/\/kjk.ee\/en\/wp-json\/wp\/v2\/media?parent=137"}],"curies":[{"name":"wp","href":"https:\/\/api.w.org\/{rel}","templated":true}]}}