{"id":139,"date":"2014-04-20T11:27:57","date_gmt":"2014-04-20T11:27:57","guid":{"rendered":"http:\/\/www.kjk.ee\/?page_id=139"},"modified":"2026-05-04T14:26:00","modified_gmt":"2026-05-04T11:26:00","slug":"laste-algopetuskursused","status":"publish","type":"page","link":"https:\/\/kjk.ee\/en\/laste-algopetuskursused\/","title":{"rendered":"Laste alg\u00f5petuskursused"},"content":{"rendered":"<p><strong><a href=\"https:\/\/kjk.ee\/wp-content\/uploads\/2025\/03\/1.jpg\"><img loading=\"lazy\" class=\"size-medium wp-image-29381 alignright\" src=\"https:\/\/kjk.ee\/wp-content\/uploads\/2025\/03\/1-300x212.jpg\" alt=\"\" width=\"300\" height=\"212\" srcset=\"https:\/\/kjk.ee\/wp-content\/uploads\/2025\/03\/1-300x212.jpg 300w, https:\/\/kjk.ee\/wp-content\/uploads\/2025\/03\/1-1024x724.jpg 1024w, https:\/\/kjk.ee\/wp-content\/uploads\/2025\/03\/1-768x543.jpg 768w, https:\/\/kjk.ee\/wp-content\/uploads\/2025\/03\/1-1536x1086.jpg 1536w, https:\/\/kjk.ee\/wp-content\/uploads\/2025\/03\/1-78x55.jpg 78w, https:\/\/kjk.ee\/wp-content\/uploads\/2025\/03\/1-68x48.jpg 68w, https:\/\/kjk.ee\/wp-content\/uploads\/2025\/03\/1-139x98.jpg 139w, https:\/\/kjk.ee\/wp-content\/uploads\/2025\/03\/1.jpg 2000w\" sizes=\"(max-width: 300px) 100vw, 300px\" \/><\/a>ALUSTAME PURJETAMISE ALGKURSUSTEGA TALLINNAS, PIRITAL KALEVI JAHTKLUBIS!<\/strong><\/p>\n<p><strong>Selle aasta esimesed grupid toimuvad j\u00e4rgmistel aegadel:<\/strong><\/p>\n<p><strong>GRUPP 1 &#8211; GRUPP T\u00c4IS<\/strong><\/p>\n<table style=\"border-collapse: collapse; width: 20.333%; height: 198px;\">\n<tbody>\n<tr style=\"height: 22px;\">\n<td style=\"width: 3.90698%; height: 22px;\">P\u00c4EV<\/td>\n<td style=\"width: 5.30233%; height: 22px;\">Kuup\u00e4ev<\/td>\n<td style=\"width: 56.8513%; height: 22px;\">Kellaaeg<\/td>\n<\/tr>\n<tr style=\"height: 22px;\">\n<td style=\"width: 3.90698%; height: 22px;\">T<\/td>\n<td style=\"width: 5.30233%;\">19.05<\/td>\n<td style=\"width: 56.8513%;\">16:30-18:30<\/td>\n<\/tr>\n<tr style=\"height: 22px;\">\n<td style=\"width: 3.90698%; height: 22px;\">N<\/td>\n<td style=\"width: 5.30233%;\">21.05<\/td>\n<td style=\"width: 56.8513%;\">16:30-18:30<\/td>\n<\/tr>\n<tr style=\"height: 22px;\">\n<td style=\"width: 3.90698%; height: 22px;\">E<\/td>\n<td style=\"width: 5.30233%;\">25.05<\/td>\n<td style=\"width: 56.8513%;\">16:30-18:30<\/td>\n<\/tr>\n<tr style=\"height: 22px;\">\n<td style=\"width: 3.90698%; height: 22px;\">T<\/td>\n<td style=\"width: 5.30233%;\">26.05<\/td>\n<td style=\"width: 56.8513%;\">16:30-18:30<\/td>\n<\/tr>\n<tr style=\"height: 22px;\">\n<td style=\"width: 3.90698%; height: 22px;\">N<\/td>\n<td style=\"width: 5.30233%;\">28.05<\/td>\n<td style=\"width: 56.8513%;\">16:30-18:30<\/td>\n<\/tr>\n<tr style=\"height: 22px;\">\n<td style=\"width: 3.90698%; height: 22px;\">E<\/td>\n<td style=\"width: 5.30233%;\">1.06<\/td>\n<td style=\"width: 56.8513%;\">16:30-18:30<\/td>\n<\/tr>\n<tr style=\"height: 22px;\">\n<td style=\"width: 3.90698%; height: 22px;\">T<\/td>\n<td style=\"width: 5.30233%;\">2.06<\/td>\n<td style=\"width: 56.8513%;\">16:30-18:30<\/td>\n<\/tr>\n<tr style=\"height: 22px;\">\n<td style=\"width: 3.90698%; height: 22px;\">N<\/td>\n<td style=\"width: 5.30233%;\">4.06<\/td>\n<td style=\"width: 56.8513%;\">16:30-18:30<\/td>\n<\/tr>\n<\/tbody>\n<\/table>\n<p><strong>GRUPP 2\u00a0 &#8211; 1 VABA KOHT<\/strong><\/p>\n<table style=\"border-collapse: collapse; width: 19.5897%; height: 198px;\">\n<tbody>\n<tr style=\"height: 22px;\">\n<td style=\"width: 3.90698%; height: 22px;\">P\u00c4EV<\/td>\n<td style=\"width: 5.30233%; height: 22px;\">Kuup\u00e4ev<\/td>\n<td style=\"width: 50.1271%; height: 22px;\">Kellaaeg<\/td>\n<\/tr>\n<tr>\n<td style=\"width: 3.90698%;\">E<\/td>\n<td style=\"width: 5.30233%;\">8.06<\/td>\n<td style=\"width: 50.1271%;\">10:00-12:00<\/td>\n<\/tr>\n<tr>\n<td style=\"width: 3.90698%;\">T<\/td>\n<td style=\"width: 5.30233%;\">9.06<\/td>\n<td style=\"width: 50.1271%;\">10:00-12:00<\/td>\n<\/tr>\n<tr>\n<td style=\"width: 3.90698%;\">K<\/td>\n<td style=\"width: 5.30233%;\">10.06<\/td>\n<td style=\"width: 50.1271%;\">10:00-12:00<\/td>\n<\/tr>\n<tr>\n<td style=\"width: 3.90698%;\">N<\/td>\n<td style=\"width: 5.30233%;\">11.06<\/td>\n<td style=\"width: 50.1271%;\">10:00-12:00<\/td>\n<\/tr>\n<tr>\n<td style=\"width: 3.90698%;\">E<\/td>\n<td style=\"width: 5.30233%;\">15.06<\/td>\n<td style=\"width: 50.1271%;\">10:00-12:00<\/td>\n<\/tr>\n<tr>\n<td style=\"width: 3.90698%;\">T<\/td>\n<td style=\"width: 5.30233%;\">16.06<\/td>\n<td style=\"width: 50.1271%;\">10:00-12:00<\/td>\n<\/tr>\n<tr>\n<td style=\"width: 3.90698%;\">K<\/td>\n<td style=\"width: 5.30233%;\">17.06<\/td>\n<td style=\"width: 50.1271%;\">10:00-12:00<\/td>\n<\/tr>\n<tr>\n<td style=\"width: 3.90698%;\">N<\/td>\n<td style=\"width: 5.30233%;\">18.06<\/td>\n<td style=\"width: 50.1271%;\">10:00-12:00<\/td>\n<\/tr>\n<\/tbody>\n<\/table>\n<p><strong>GRUPP 3 &#8211; 1 VABA KOHT<\/strong><\/p>\n<table style=\"border-collapse: collapse; width: 19.3795%; height: 198px;\">\n<tbody>\n<tr style=\"height: 22px;\">\n<td style=\"width: 3.90698%; height: 22px;\">P\u00c4EV<\/td>\n<td style=\"width: 5.30233%; height: 22px;\">Kuup\u00e4ev<\/td>\n<td style=\"width: 49.0132%; height: 22px;\">Kellaaeg<\/td>\n<\/tr>\n<tr>\n<td style=\"width: 3.90698%;\">E<\/td>\n<td style=\"width: 5.30233%;\">8.06<\/td>\n<td style=\"width: 49.0132%;\">12:30-14:30<\/td>\n<\/tr>\n<tr>\n<td style=\"width: 3.90698%;\">T<\/td>\n<td style=\"width: 5.30233%;\">9.06<\/td>\n<td style=\"width: 49.0132%;\">12:30-14:30<\/td>\n<\/tr>\n<tr>\n<td style=\"width: 3.90698%;\">K<\/td>\n<td style=\"width: 5.30233%;\">10.06<\/td>\n<td style=\"width: 49.0132%;\">12:30-14:30<\/td>\n<\/tr>\n<tr>\n<td style=\"width: 3.90698%;\">N<\/td>\n<td style=\"width: 5.30233%;\">11.06<\/td>\n<td style=\"width: 49.0132%;\">12:30-14:30<\/td>\n<\/tr>\n<tr>\n<td style=\"width: 3.90698%;\">E<\/td>\n<td style=\"width: 5.30233%;\">15.06<\/td>\n<td style=\"width: 49.0132%;\">12:30-14:30<\/td>\n<\/tr>\n<tr>\n<td style=\"width: 3.90698%;\">T<\/td>\n<td style=\"width: 5.30233%;\">16.06<\/td>\n<td style=\"width: 49.0132%;\">12:30-14:30<\/td>\n<\/tr>\n<tr>\n<td style=\"width: 3.90698%;\">K<\/td>\n<td style=\"width: 5.30233%;\">17.06<\/td>\n<td style=\"width: 49.0132%;\">12:30-14:30<\/td>\n<\/tr>\n<tr>\n<td style=\"width: 3.90698%;\">N<\/td>\n<td style=\"width: 5.30233%;\">18.06<\/td>\n<td style=\"width: 49.0132%;\">12:30-14:30<\/td>\n<\/tr>\n<\/tbody>\n<\/table>\n<p><strong>GRUPP 4<\/strong><\/p>\n<table style=\"border-collapse: collapse; width: 19.6011%; height: 198px;\">\n<tbody>\n<tr style=\"height: 22px;\">\n<td style=\"width: 3.90698%; height: 22px;\"><em>P\u00c4EV<\/em><\/td>\n<td style=\"width: 5.30233%; height: 22px;\"><em>Kuup\u00e4ev<\/em><\/td>\n<td style=\"width: 49.7074%; height: 22px;\"><em>Kellaaeg<\/em><\/td>\n<\/tr>\n<tr>\n<td style=\"width: 3.90698%;\">E<\/td>\n<td style=\"width: 5.30233%;\">29.06<\/td>\n<td style=\"width: 49.7074%;\">10:00-12:00<\/td>\n<\/tr>\n<tr>\n<td style=\"width: 3.90698%;\">T<\/td>\n<td style=\"width: 5.30233%;\">30.06<\/td>\n<td style=\"width: 49.7074%;\">10:00-12:00<\/td>\n<\/tr>\n<tr>\n<td style=\"width: 3.90698%;\">K<\/td>\n<td style=\"width: 5.30233%;\">1.07<\/td>\n<td style=\"width: 49.7074%;\">10:00-12:00<\/td>\n<\/tr>\n<tr>\n<td style=\"width: 3.90698%;\">N<\/td>\n<td style=\"width: 5.30233%;\">2.07<\/td>\n<td style=\"width: 49.7074%;\">10:00-12:00<\/td>\n<\/tr>\n<tr>\n<td style=\"width: 3.90698%;\">E<\/td>\n<td style=\"width: 5.30233%;\">6.07<\/td>\n<td style=\"width: 49.7074%;\">10:00-12:00<\/td>\n<\/tr>\n<tr>\n<td style=\"width: 3.90698%;\">T<\/td>\n<td style=\"width: 5.30233%;\">7.07<\/td>\n<td style=\"width: 49.7074%;\">10:00-12:00<\/td>\n<\/tr>\n<tr>\n<td style=\"width: 3.90698%;\">K<\/td>\n<td style=\"width: 5.30233%;\">8.07<\/td>\n<td style=\"width: 49.7074%;\">10:00-12:00<\/td>\n<\/tr>\n<tr>\n<td style=\"width: 3.90698%;\">N<\/td>\n<td style=\"width: 5.30233%;\">9.07<\/td>\n<td style=\"width: 49.7074%;\">10:00-12:00<\/td>\n<\/tr>\n<\/tbody>\n<\/table>\n<p><strong>GRUPP 5<\/strong><\/p>\n<table style=\"border-collapse: collapse; width: 19.2821%; height: 198px;\">\n<tbody>\n<tr style=\"height: 22px;\">\n<td style=\"width: 3.90698%; height: 22px;\">P<em>\u00c4EV<\/em><\/td>\n<td style=\"width: 5.30233%; height: 22px;\">Kuup\u00e4ev<\/td>\n<td style=\"width: 50.6504%; height: 22px;\">Kellaaeg<\/td>\n<\/tr>\n<tr>\n<td style=\"width: 3.90698%;\"><em>E<\/em><\/td>\n<td style=\"width: 5.30233%;\">29.06<\/td>\n<td style=\"width: 50.6504%;\">12:30-14:30<\/td>\n<\/tr>\n<tr>\n<td style=\"width: 3.90698%;\"><em>T<\/em><\/td>\n<td style=\"width: 5.30233%;\">30.06<\/td>\n<td style=\"width: 50.6504%;\">12:30-14:30<\/td>\n<\/tr>\n<tr>\n<td style=\"width: 3.90698%;\"><em>K<\/em><\/td>\n<td style=\"width: 5.30233%;\">1.07<\/td>\n<td style=\"width: 50.6504%;\">12:30-14:30<\/td>\n<\/tr>\n<tr>\n<td style=\"width: 3.90698%;\"><em>N<\/em><\/td>\n<td style=\"width: 5.30233%;\">2.07<\/td>\n<td style=\"width: 50.6504%;\">12:30-14:30<\/td>\n<\/tr>\n<tr>\n<td style=\"width: 3.90698%;\"><em>E<\/em><\/td>\n<td style=\"width: 5.30233%;\">6.07<\/td>\n<td style=\"width: 50.6504%;\">12:30-14:30<\/td>\n<\/tr>\n<tr>\n<td style=\"width: 3.90698%;\"><em>T<\/em><\/td>\n<td style=\"width: 5.30233%;\">7.07<\/td>\n<td style=\"width: 50.6504%;\">12:30-14:30<\/td>\n<\/tr>\n<tr>\n<td style=\"width: 3.90698%;\"><em>K<\/em><\/td>\n<td style=\"width: 5.30233%;\">8.07<\/td>\n<td style=\"width: 50.6504%;\">12:30-14:30<\/td>\n<\/tr>\n<tr>\n<td style=\"width: 3.90698%;\"><em>N<\/em><\/td>\n<td style=\"width: 5.30233%;\">9.07<\/td>\n<td style=\"width: 50.6504%;\">12:30-14:30<\/td>\n<\/tr>\n<\/tbody>\n<\/table>\n<p><strong> Kursuseid toimub l\u00e4bi suve ning saadame k\u00f5igile huvilistele e-kirjaga iga kord uue graafiku, kust lapsevanem valib, milline kursus talle k\u00f5ige enam sobib.\u00a0<\/strong><\/p>\n<p dir=\"auto\">Kui soovid ennast huviliste nimekirja lisada v\u00f5i kursustele registeeruda, saada palun e-kiri <span class=\"x3nfvp2 x1j61x8r x1fcty0u xdj266r xhhsvwb xat24cr xgzva0m xxymvpz xlup9mm x1kky2od\"><a href=\"mailto:spordikool@kjk.ee\">spordikool@kjk.ee<\/a><\/span><\/p>\n<ul>\n<li><strong>Kursuse hind 145 eur (sisaldab k\u00e4ibemaksu)<\/strong><\/li>\n<li><strong>Lapse nimi, isikukood ja vanema kontakt <\/strong>(<em>Tuludeklaratsioonil deklareerimiseks on vaja lapsevanema isikukoodi)<\/em><\/li>\n<li><strong>T\u00e4psustus, millal saate algkursustega alustada<\/strong> (maikuus, juunikuus kui kool l\u00f5ppenud, suvel jne).<\/li>\n<li><strong>8 last on \u00fches grupis\u00a0<a href=\"https:\/\/kjk.ee\/wp-content\/uploads\/2023\/07\/image00011-scaled.jpeg\"><img loading=\"lazy\" class=\"size-medium wp-image-24374 alignright\" src=\"https:\/\/kjk.ee\/wp-content\/uploads\/2023\/07\/image00011-300x225.jpeg\" alt=\"\" width=\"300\" height=\"225\" srcset=\"https:\/\/kjk.ee\/wp-content\/uploads\/2023\/07\/image00011-300x225.jpeg 300w, https:\/\/kjk.ee\/wp-content\/uploads\/2023\/07\/image00011-1024x768.jpeg 1024w, https:\/\/kjk.ee\/wp-content\/uploads\/2023\/07\/image00011-768x576.jpeg 768w, https:\/\/kjk.ee\/wp-content\/uploads\/2023\/07\/image00011-1536x1152.jpeg 1536w, https:\/\/kjk.ee\/wp-content\/uploads\/2023\/07\/image00011-2048x1536.jpeg 2048w, https:\/\/kjk.ee\/wp-content\/uploads\/2023\/07\/image00011-73x55.jpeg 73w, https:\/\/kjk.ee\/wp-content\/uploads\/2023\/07\/image00011-100x75.jpeg 100w, https:\/\/kjk.ee\/wp-content\/uploads\/2023\/07\/image00011-200x150.jpeg 200w, https:\/\/kjk.ee\/wp-content\/uploads\/2023\/07\/image00011-64x48.jpeg 64w, https:\/\/kjk.ee\/wp-content\/uploads\/2023\/07\/image00011-131x98.jpeg 131w\" sizes=\"(max-width: 300px) 100vw, 300px\" \/><\/a><\/strong><\/li>\n<li><strong>Kui olete oma osaluse kinnitanud, saadame arve ning\u00a0<u>tasutud arve tagab koha grupis<\/u>!<\/strong><\/li>\n<li><strong>Kursustele registreerimine on e-kirja alusel (st. antud kuup\u00e4evadel lihtsalt sadamasse kohale tulla ei taga grupis kohta saada).<\/strong><\/li>\n<\/ul>\n<p><strong>KUIDAS ALUSTADA<\/strong><\/p>\n<p><strong>Kes on sobiv alustama?<\/strong> Kalevi Jahtklubi Purjespordikooli liituda soovijad peavad \u00fcldjuhul l\u00e4bima purjetamise alg\u00f5petuse kursused, et tutvuda purjetamise p\u00f5hit\u00f5dedega, saada meeldivaid kogemusi loodusl\u00e4hedasest ja mitmek\u00fclgsest harrastusest, millest v\u00f5ib saada kutsumus kogu eluks. 7-8-aastane laps on sobivas eas, et alustada purjetamise \u00f5ppimist meie poolt pakutavate turvaliste lastele m\u00f5eldud <a title=\"Paadiklassid\" href=\"http:\/\/www.kjk.ee\/paadiklassid\/\">Optimist<\/a> klassi purjekatega. Kuid hilja ei ole alustada ka 12-13-aastaselt. Selles maailma populaarseimas purjetamisklassis v\u00f5ib v\u00f5istelda kuni 15. eluaastani v\u00f5i kehakaaluni 55 kg.<\/p>\n<p><strong><a href=\"https:\/\/kjk.ee\/wp-content\/uploads\/2023\/07\/image00005-scaled.jpeg\"><img loading=\"lazy\" class=\"size-medium wp-image-24371 alignleft\" src=\"https:\/\/kjk.ee\/wp-content\/uploads\/2023\/07\/image00005-300x225.jpeg\" alt=\"\" width=\"300\" height=\"225\" srcset=\"https:\/\/kjk.ee\/wp-content\/uploads\/2023\/07\/image00005-300x225.jpeg 300w, https:\/\/kjk.ee\/wp-content\/uploads\/2023\/07\/image00005-1024x768.jpeg 1024w, https:\/\/kjk.ee\/wp-content\/uploads\/2023\/07\/image00005-768x576.jpeg 768w, https:\/\/kjk.ee\/wp-content\/uploads\/2023\/07\/image00005-1536x1152.jpeg 1536w, https:\/\/kjk.ee\/wp-content\/uploads\/2023\/07\/image00005-2048x1536.jpeg 2048w, https:\/\/kjk.ee\/wp-content\/uploads\/2023\/07\/image00005-73x55.jpeg 73w, https:\/\/kjk.ee\/wp-content\/uploads\/2023\/07\/image00005-100x75.jpeg 100w, https:\/\/kjk.ee\/wp-content\/uploads\/2023\/07\/image00005-200x150.jpeg 200w, https:\/\/kjk.ee\/wp-content\/uploads\/2023\/07\/image00005-64x48.jpeg 64w, https:\/\/kjk.ee\/wp-content\/uploads\/2023\/07\/image00005-131x98.jpeg 131w\" sizes=\"(max-width: 300px) 100vw, 300px\" \/><\/a>Kursused \u2013 millal, kus ja kuidas?<\/strong> S\u00f5ltuvalt ilmastikust p\u00fc\u00fcame kursustega alustada maikuus ja soovijate olemasolu korral j\u00e4tkame kuni s\u00fcgiseni. Kursus koosneb 8 treeningust, mis v\u00f5imaluse korral viiakse l\u00e4bi kahe n\u00e4dala jooksul. \u00dches grupis on kuni 8 last. Purjetamiseks vajalik varustus ja ohutusvest on jahtklubi poolt. Kursustest osav\u00f5tjal tuleb kasutada ilmastikukindlaid riideid. Kursuste maksumuse leiate <a href=\"https:\/\/kjk.ee\/purjespordikool\/oppemaksud-ja-hinnakiri\/\">hinnakirjast<\/a>. Enne kursuse algust saadetakse arve ning tasumine toimub arvel n\u00e4idatud t\u00e4htajal ja pangakontole (PSK konto). Tasutud arve garanteerib koha grupis. Kursused toimuvad <strong>Tallinnas Pirital Kalevi Jahtklubis.<\/strong><\/p>\n<p><strong>Kuidas registreerida?<\/strong> Kursustele soovijatel palume oma soovist teada anda ja eelregistreerida e-postiaadressil <a href=\"mailto:spordikool@kjk.ee\">spordikool@kjk.ee<\/a>, et saaksime juba varakult grupid komplekteerida. Registreerimisel m\u00e4rkida lapse vanus (isikukood) ja aeg, millal soovitakse kursustega alustada. Kursustest osav\u00f5tuks on soovitav ujumisoskus, kuid see ei ole n\u00f5utav.<\/p>\n<p>Loe t\u00e4psemalt <a href=\"https:\/\/kjk.ee\/kuidas-alustada\/\">SIIT<\/a><\/p>\n<p><a href=\"https:\/\/kjk.ee\/wp-content\/uploads\/2025\/03\/1.jpg\"><img loading=\"lazy\" class=\"alignnone size-medium wp-image-29381\" src=\"https:\/\/kjk.ee\/wp-content\/uploads\/2025\/03\/1-300x212.jpg\" alt=\"\" width=\"300\" height=\"212\" srcset=\"https:\/\/kjk.ee\/wp-content\/uploads\/2025\/03\/1-300x212.jpg 300w, https:\/\/kjk.ee\/wp-content\/uploads\/2025\/03\/1-1024x724.jpg 1024w, https:\/\/kjk.ee\/wp-content\/uploads\/2025\/03\/1-768x543.jpg 768w, https:\/\/kjk.ee\/wp-content\/uploads\/2025\/03\/1-1536x1086.jpg 1536w, https:\/\/kjk.ee\/wp-content\/uploads\/2025\/03\/1-78x55.jpg 78w, https:\/\/kjk.ee\/wp-content\/uploads\/2025\/03\/1-68x48.jpg 68w, https:\/\/kjk.ee\/wp-content\/uploads\/2025\/03\/1-139x98.jpg 139w, https:\/\/kjk.ee\/wp-content\/uploads\/2025\/03\/1.jpg 2000w\" sizes=\"(max-width: 300px) 100vw, 300px\" \/><\/a> <a href=\"https:\/\/kjk.ee\/wp-content\/uploads\/2025\/03\/2.jpg\">\u00a0<img loading=\"lazy\" class=\"alignnone size-medium wp-image-29382\" src=\"https:\/\/kjk.ee\/wp-content\/uploads\/2025\/03\/2-300x212.jpg\" alt=\"\" width=\"300\" height=\"212\" srcset=\"https:\/\/kjk.ee\/wp-content\/uploads\/2025\/03\/2-300x212.jpg 300w, https:\/\/kjk.ee\/wp-content\/uploads\/2025\/03\/2-1024x724.jpg 1024w, https:\/\/kjk.ee\/wp-content\/uploads\/2025\/03\/2-768x543.jpg 768w, https:\/\/kjk.ee\/wp-content\/uploads\/2025\/03\/2-1536x1086.jpg 1536w, https:\/\/kjk.ee\/wp-content\/uploads\/2025\/03\/2-78x55.jpg 78w, https:\/\/kjk.ee\/wp-content\/uploads\/2025\/03\/2-68x48.jpg 68w, https:\/\/kjk.ee\/wp-content\/uploads\/2025\/03\/2-139x98.jpg 139w, https:\/\/kjk.ee\/wp-content\/uploads\/2025\/03\/2.jpg 2000w\" sizes=\"(max-width: 300px) 100vw, 300px\" \/>\u00a0<\/a> <a href=\"https:\/\/kjk.ee\/wp-content\/uploads\/2025\/03\/3.jpg\">\u00a0<img loading=\"lazy\" class=\"alignnone size-medium wp-image-29383\" src=\"https:\/\/kjk.ee\/wp-content\/uploads\/2025\/03\/3-300x212.jpg\" alt=\"\" width=\"300\" height=\"212\" srcset=\"https:\/\/kjk.ee\/wp-content\/uploads\/2025\/03\/3-300x212.jpg 300w, https:\/\/kjk.ee\/wp-content\/uploads\/2025\/03\/3-1024x724.jpg 1024w, https:\/\/kjk.ee\/wp-content\/uploads\/2025\/03\/3-768x543.jpg 768w, https:\/\/kjk.ee\/wp-content\/uploads\/2025\/03\/3-1536x1086.jpg 1536w, https:\/\/kjk.ee\/wp-content\/uploads\/2025\/03\/3-78x55.jpg 78w, https:\/\/kjk.ee\/wp-content\/uploads\/2025\/03\/3-68x48.jpg 68w, https:\/\/kjk.ee\/wp-content\/uploads\/2025\/03\/3-139x98.jpg 139w, https:\/\/kjk.ee\/wp-content\/uploads\/2025\/03\/3.jpg 2000w\" sizes=\"(max-width: 300px) 100vw, 300px\" \/><\/a> <a href=\"https:\/\/kjk.ee\/wp-content\/uploads\/2025\/03\/4.jpg\">\u00a0<img loading=\"lazy\" class=\"alignnone size-medium wp-image-29384\" src=\"https:\/\/kjk.ee\/wp-content\/uploads\/2025\/03\/4-300x212.jpg\" alt=\"\" width=\"300\" height=\"212\" srcset=\"https:\/\/kjk.ee\/wp-content\/uploads\/2025\/03\/4-300x212.jpg 300w, https:\/\/kjk.ee\/wp-content\/uploads\/2025\/03\/4-1024x724.jpg 1024w, https:\/\/kjk.ee\/wp-content\/uploads\/2025\/03\/4-768x543.jpg 768w, https:\/\/kjk.ee\/wp-content\/uploads\/2025\/03\/4-1536x1086.jpg 1536w, https:\/\/kjk.ee\/wp-content\/uploads\/2025\/03\/4-78x55.jpg 78w, https:\/\/kjk.ee\/wp-content\/uploads\/2025\/03\/4-68x48.jpg 68w, https:\/\/kjk.ee\/wp-content\/uploads\/2025\/03\/4-139x98.jpg 139w, https:\/\/kjk.ee\/wp-content\/uploads\/2025\/03\/4.jpg 2000w\" sizes=\"(max-width: 300px) 100vw, 300px\" \/>\u00a0<\/a><\/p>\n","protected":false},"excerpt":{"rendered":"<p>ALUSTAME PURJETAMISE ALGKURSUSTEGA TALLINNAS, PIRITAL KALEVI JAHTKLUBIS! Selle aasta esimesed grupid toimuvad j\u00e4rgmistel aegadel: GRUPP 1 &#8211; GRUPP T\u00c4IS P\u00c4EV Kuup\u00e4ev Kellaaeg T 19.05 16:30-18:30 N 21.05 16:30-18:30 E 25.05 16:30-18:30 T 26.05 16:30-18:30 N 28.05 16:30-18:30 E 1.06 16:30-18:30 T 2.06 16:30-18:30 N 4.06 16:30-18:30 GRUPP 2\u00a0 &#8211; 1 VABA KOHT P\u00c4EV Kuup\u00e4ev Kellaaeg E 8.06 10:00-12:00 T 9.06<a class=\"more-link\" href=\"https:\/\/kjk.ee\/en\/laste-algopetuskursused\/\">[Read More&#8230;]<\/a><\/p>\n","protected":false},"author":24,"featured_media":0,"parent":0,"menu_order":0,"comment_status":"closed","ping_status":"closed","template":"","meta":{"spay_email":""},"jetpack_sharing_enabled":true,"jetpack_shortlink":"https:\/\/wp.me\/PaW3M4-2f","_links":{"self":[{"href":"https:\/\/kjk.ee\/en\/wp-json\/wp\/v2\/pages\/139"}],"collection":[{"href":"https:\/\/kjk.ee\/en\/wp-json\/wp\/v2\/pages"}],"about":[{"href":"https:\/\/kjk.ee\/en\/wp-json\/wp\/v2\/types\/page"}],"author":[{"embeddable":true,"href":"https:\/\/kjk.ee\/en\/wp-json\/wp\/v2\/users\/24"}],"replies":[{"embeddable":true,"href":"https:\/\/kjk.ee\/en\/wp-json\/wp\/v2\/comments?post=139"}],"version-history":[{"count":87,"href":"https:\/\/kjk.ee\/en\/wp-json\/wp\/v2\/pages\/139\/revisions"}],"predecessor-version":[{"id":32486,"href":"https:\/\/kjk.ee\/en\/wp-json\/wp\/v2\/pages\/139\/revisions\/32486"}],"wp:attachment":[{"href":"https:\/\/kjk.ee\/en\/wp-json\/wp\/v2\/media?parent=139"}],"curies":[{"name":"wp","href":"https:\/\/api.w.org\/{rel}","templated":true}]}}