{"id":14009,"date":"2020-03-20T16:25:47","date_gmt":"2020-03-20T14:25:47","guid":{"rendered":"https:\/\/kjk.ee\/?page_id=14009"},"modified":"2021-05-18T16:54:06","modified_gmt":"2021-05-18T13:54:06","slug":"seiko-cup-2020","status":"publish","type":"page","link":"https:\/\/kjk.ee\/en\/seiko-cup-2020\/","title":{"rendered":"Seiko Cup 2020"},"content":{"rendered":"<p><img loading=\"lazy\" class=\"size-full wp-image-13823 aligncenter\" src=\"https:\/\/kjk.ee\/wp-content\/uploads\/2020\/02\/SEIKO-CUP-KJK-karikav\u00f5istlused.png\" alt=\"\" width=\"418\" height=\"107\" srcset=\"https:\/\/kjk.ee\/wp-content\/uploads\/2020\/02\/SEIKO-CUP-KJK-karikav\u00f5istlused.png 418w, https:\/\/kjk.ee\/wp-content\/uploads\/2020\/02\/SEIKO-CUP-KJK-karikav\u00f5istlused-300x77.png 300w, https:\/\/kjk.ee\/wp-content\/uploads\/2020\/02\/SEIKO-CUP-KJK-karikav\u00f5istlused-215x55.png 215w, https:\/\/kjk.ee\/wp-content\/uploads\/2020\/02\/SEIKO-CUP-KJK-karikav\u00f5istlused-188x48.png 188w, https:\/\/kjk.ee\/wp-content\/uploads\/2020\/02\/SEIKO-CUP-KJK-karikav\u00f5istlused-267x68.png 267w\" sizes=\"(max-width: 418px) 100vw, 418px\" \/><\/p>\n<p><img loading=\"lazy\" class=\"size-full wp-image-5866 aligncenter\" src=\"https:\/\/kjk.ee\/wp-content\/uploads\/2017\/03\/kjk-logo-260x116.png\" alt=\"\" width=\"260\" height=\"116\" srcset=\"https:\/\/kjk.ee\/wp-content\/uploads\/2017\/03\/kjk-logo-260x116.png 260w, https:\/\/kjk.ee\/wp-content\/uploads\/2017\/03\/kjk-logo-260x116-123x55.png 123w, https:\/\/kjk.ee\/wp-content\/uploads\/2017\/03\/kjk-logo-260x116-108x48.png 108w, https:\/\/kjk.ee\/wp-content\/uploads\/2017\/03\/kjk-logo-260x116-220x98.png 220w\" sizes=\"(max-width: 260px) 100vw, 260px\" \/><\/p>\n<h4><strong>KJK Avamerepurjetamise karikav\u00f5istluse SEIKO CUP 2020 etapid:<\/strong><\/h4>\n<p><strong>1. mai &#8211; Hooaja Avav\u00f5istlus &#8211; j\u00e4i \u00e4ra<br \/>\n16.-17. mai &#8211; E4 Karikav\u00f5istlus &#8211; l\u00fckkus edasi juunisse<br \/>\n<\/strong><\/p>\n<p><strong>I \u00a0\u2013 6. juuni \u2013 Terra Feminarum<br \/>\nII \u2013 13.-14. juuni \u2013 E4 Karikav\u00f5istlus &#8211; l\u00fchirajal<br \/>\nIII \u2013 27.-28. juuni \u2013 One Sails regatt &#8211; l\u00fchirajal<br \/>\nIV \u2013 12.-13. september \u2013 Tallinna Meistriv\u00f5istlused &#8211; l\u00fchirajal &#8211; <span style=\"color: #ff0000;\">L\u00fckatud 12.-13. septembrile seoses WRC ralli toimumisega Eestis 4.-6. septembril.<\/span><br \/>\nV \u2013 10. oktoober \u2013 Hooaja L\u00f5puv\u00f5istlus<\/strong><\/p>\n<p><strong>KJK Avamerepurjetamise karikav\u00f5istluse SEIKO CUP 2020 v\u00f5istlusklassid :<\/strong><\/p>\n<p>ORC jahid jagatakse gruppidesse vastavalt nende CDL (<em>Class Division Length<\/em>) suurusele.<\/p>\n<p class=\"p1\">I grupp &#8211; ORC I <span class=\"s1\">16,500 <\/span><span class=\"s2\">\u2265<\/span><span class=\"s1\"> CDL > 9,104<\/span><br \/>\nII grupp &#8211; ORC II 9,104 <span class=\"s2\">\u2265<\/span><span class=\"s1\"> CDL > 8,41<\/span><br \/>\nIII grupp &#8211; ORC III<span class=\"Apple-converted-space\">\u00a0 CDL <span class=\"s2\">\u2264 <\/span><\/span>8,41<br \/>\nIV grupp &#8211; Folkboot<br \/>\nV grupp &#8211; Draakon<\/p>\n<p><strong><a href=\"https:\/\/kjk.ee\/wp-content\/uploads\/2020\/06\/2020-KJK-Avamere-Karikasari-SEIKO-CUP-juhend.pdf\">Kalevi Jahtklubi (KJK) Avamerepurjetamise Karikav\u00f5istluse SEIKO CUP 2020 korraldamise juhend<\/a><\/strong><\/p>\n<p><strong><a href=\"https:\/\/kjk.ee\/wp-content\/uploads\/2020\/10\/SEIKO-CUP-2020_KOOND_4-regatti.pdf\">SEIKO CUP 2020 KOONDTULEMUSED<\/a><\/strong><\/p>\n<p class=\"p1\">2020 Kalevi Jahtklubi avamerepurjetamise karikasarja Seiko Cup esikolmikud:<\/p>\n<p class=\"p1\">ORC I grupp \u2013 osales 15 jahti<\/p>\n<ol class=\"ol1\">\n<li class=\"li1\">MATILDA 4 \u2013 Kalevi Jahtklubi, kapten Mati Sepp \u2013 35 punkti<\/li>\n<li class=\"li1\">POSTIMEES SAILING TEAM \u2013 Jahtklubi Dago, kapten Sven Nuutmann \u2013 31 punkti<\/li>\n<li class=\"li1\">OLYMPIC \u2013 Jahtklubi Dago, kapten Tiit Vihul \u2013 24 punkti<\/li>\n<\/ol>\n<p class=\"p1\">ORC II grupp \u2013 osales 12 jahti<\/p>\n<ol class=\"ol1\">\n<li class=\"li1\">KATARIINA II<span class=\"Apple-converted-space\">\u00a0 <\/span>&#8211; P\u00e4rnu Jahtklubi, kapten Aivar Tuulberg &#8211;<span class=\"Apple-converted-space\">\u00a0 <\/span>40 punkti<\/li>\n<li class=\"li1\">DIRECTO \u2013 Kalevi Jahtklubi, kapten Erki Melts \u2013 32 punkti<\/li>\n<li class=\"li1\">AMSERV TOYOTA ST \u2013 Kalevi Jahtklubi, kapten Margus Zuravljov \u2013 23 punkti<\/li>\n<\/ol>\n<p class=\"p1\">ORC III grupp \u2013 osales 13 jahti<\/p>\n<ol class=\"ol1\">\n<li class=\"li1\">VESILEENU \u2013 Kalevi Jahtklubi, kapten Imre Marmor \u2013 22 punkti<\/li>\n<li class=\"li1\">LAGLE III \u2013 Haapsalu Jahtklubi, kapten \u00dclari Velviste \u2013 16 punkti<\/li>\n<li class=\"li1\">ESTELLA \u2013 Kalevi Jahtklubi, kapten Alar Laan \u2013 12 punkti<\/li>\n<\/ol>\n<p class=\"p1\">FOLKBOOT klass \u2013 osales 14 jahti<\/p>\n<ol class=\"ol1\">\n<li>W-LIND \u2013 Kalevi Jahtklubi, kapten Tiit Riisalo &#8211;<span class=\"Apple-converted-space\">\u00a0 <\/span>32 punkti<\/li>\n<li class=\"li1\">CASTOR \u2013 Saaremaa Merispordi Selts, kapten Ott Kolk \u2013 22 punkti<\/li>\n<li class=\"li1\">JONNA \u2013 Kalevi Jahtklubi, kapten Mikk K\u00f6\u00f6sel \u2013 21 punkti<\/li>\n<\/ol>\n<p class=\"p1\">DRAAKON klass \u2013 osales 7 jahti<\/p>\n<ol class=\"ol1\">\n<li class=\"li1\">JOANNA \u2013 Kalevi Jahtklubi, kapten Dmitri Bondarenko \u2013 20 punkti<\/li>\n<li class=\"li1\">KARINA \u2013 Kalevi Jahtklubi, kapten Aleksandr Karboinov \u2013 14 punkti<\/li>\n<li class=\"li1\">ANNA \u2013 Kalevi Jahtklubi, kapten Eduard Gorbunov \u2013 9 punkti<\/li>\n<\/ol>\n<hr \/>\n<h3>I &#8211; 6. juuni &#8211; Terra Feminarum<\/h3>\n<p><a href=\"https:\/\/kjk.ee\/wp-content\/uploads\/2020\/05\/SEIKO-CUP-Terra-Feminarum-NOR-2020.pdf\">V\u00f5istlusteade<\/a><\/p>\n<p><a href=\"https:\/\/kjk.ee\/wp-content\/uploads\/2020\/06\/2020-Terra-Feminarum-NOR-muudatus.pdf\">V\u00f5istlusteate muudatus No. 1 &#8211; V\u00f5istlusgrupid<\/a> &#8211; <em>avaldatud 05.06.2020<\/em><\/p>\n<p><a href=\"https:\/\/kjk.ee\/wp-content\/uploads\/2020\/06\/SEIKO-CUP-Terra-Feminarum-SI-2020.pdf\">Purjetamisjuhised<\/a> | <a href=\"https:\/\/kjk.ee\/wp-content\/uploads\/2020\/06\/Terra-Feminarum-2020_Rajad.pdf\">Purjetamisjuhiste Lisa 1 &#8211; Raja kirjeldus<\/a><\/p>\n<p><a href=\"https:\/\/kjk.ee\/wp-content\/uploads\/2020\/06\/KJK_SEIKO-CUP-2020-Terra-Feminarum-ORC_ORC_S\u00f5it-1.htm\" target=\"_blank\" rel=\"noopener noreferrer\">ORC tulemused<\/a><\/p>\n<p><a href=\"https:\/\/kjk.ee\/wp-content\/uploads\/2020\/06\/KJK_SEIKO-CUP-2020-Terra-Feminarum_Folkboot_S\u00f5it-1.htm\" target=\"_blank\" rel=\"noopener noreferrer\">Folkboot tulemused<\/a><\/p>\n<p><a href=\"https:\/\/www.facebook.com\/pg\/Kalevi.Jahtklubi\/photos\/?tab=album&#038;album_id=3648708568479158&#038;ref=page_internal\" target=\"_blank\" rel=\"noopener noreferrer\">Fotogalerii \u00a9 Gerli Tooming<\/a><\/p>\n<hr \/>\n<h3>II &#8211; 13.-14. juuni &#8211; E4 Karikav\u00f5istlus &#8211; l\u00fchirajal<\/h3>\n<p><a href=\"https:\/\/kjk.ee\/wp-content\/uploads\/2020\/06\/2020_E4_KV_NOR.pdf\">V\u00f5istlusteade \/ Notice of Race<\/a><\/p>\n<p><a href=\"https:\/\/bit.ly\/E4-Karikav\u00f5istlus-Registreerimine\">Eel-registreerimine \/ Online registration<\/a><\/p>\n<p><a href=\"https:\/\/kjk.ee\/wp-content\/uploads\/2020\/06\/2020_E4_KV_SI.pdf\">Purjetamisjuhised \/ Sailing Instructions<\/a><\/p>\n<p><strong><a href=\"https:\/\/data.orc.org\/public\/WEV.dll?action=index&#038;eventid=tfqcw\" target=\"_blank\" rel=\"noopener noreferrer\">Osav\u00f5tjate nimekirjad ja tulemused<br \/>\nEntry Lists \/ Scratch Sheets \/ All results in ORC Scorer<\/a><\/strong><\/p>\n<p><a href=\"https:\/\/data.orc.org\/public\/WEV.dll?action=index&#038;eventid=kghpb\" target=\"_blank\" rel=\"noopener noreferrer\"><em>Results of ORC I &#038; ORC II in one fleet<\/em><\/a><\/p>\n<p><a href=\"https:\/\/www.facebook.com\/pg\/Kalevi.Jahtklubi\/photos\/?tab=album&#038;album_id=3669030626446952&#038;ref=page_internal\" target=\"_blank\" rel=\"noopener noreferrer\">Fotogalerii &#8211; \u00a9 Gerli Tooming<\/a><\/p>\n<p><a href=\"https:\/\/purjetamine.postimees.ee\/6997656\/kovas-konkurentsis-nauditav-purjetamine-seiko-cup-e4-karikavoistlusel\" target=\"_blank\" rel=\"noopener noreferrer\">Kokkuv\u00f5te Postimehes<\/a> &#8211; <span class=\"s1\">K\u00f5vas konkurentsis nauditav purjetamine SEIKO CUP E4 Karikav\u00f5istlusel<\/span><\/p>\n<hr \/>\n<h3>III &#8211; 26.-28. juuni &#8211; One Sails regatt &#8211; l\u00fchirajal<\/h3>\n<p><a href=\"https:\/\/kjk.ee\/wp-content\/uploads\/2020\/06\/2020_One-Sails-Regatt_NOR.pdf\">V\u00f5istlusteade \/ Notice of Race<\/a><\/p>\n<p><a href=\"https:\/\/docs.google.com\/forms\/d\/e\/1FAIpQLSe7vW8ZyH-duJGIyHPQ7uboiL-Aw3QYZxhb7hf3qXrbmHJ8Ug\/viewform\">Eel-registreerimine \/ Online registration<\/a><\/p>\n<p><a href=\"https:\/\/docs.google.com\/spreadsheets\/d\/e\/2PACX-1vRqcXf8fb2cH_JUtafsFIT6FZE3iCCQljhytNUun-IJeTKyzgVBIOy2aJOiryE0YC2jlPePsZGuQYgd\/pubhtml?gid=889331353&#038;single=true\">Registreerunud jahid<\/a><\/p>\n<p><strong><span style=\"color: #ff0000;\">NB! <\/span><\/strong><span style=\"color: #ff0000;\">Tahtsime parimat ja pakkuda \u00fche lisaregati SEIKO CUPi 2020 seeriasse, kuid n\u00e4ib, et kaks kahep\u00e4evast regatin\u00e4dalal\u00f5ppu on ikka \u00fchte kuusse keeruline mahutada. 22. juuniks eelregistreeris n\u00e4dalal\u00f5puks planeeritud One Sails regatile 17 meeskonda. Ja see on natuke liiga v\u00e4he, et E4 karikav\u00f5istluse v\u00f5i Tallinna Meistriv\u00f5istlustega sarnase tasemega regatti korraldada. Seega \u2013 raske s\u00fcdamega tegime korraldajatega otsuse see regatt siiski \u00e4ra j\u00e4tta.<\/span><\/p>\n<hr \/>\n<h3>IV &#8211; 12.-13. september &#8211; Tallinna Meistriv\u00f5istlused &#8211; l\u00fchirajal &#8211; <span style=\"color: #ff0000;\"><strong>L\u00fckatud 12.-13. septembrile seoses WRC ralli toimumisega Eestis 4.-6. septembril.<\/strong><\/span><\/h3>\n<p><a href=\"https:\/\/kjk.ee\/wp-content\/uploads\/2020\/08\/2020_Tallinna_MV_NOR.pdf\">V\u00f5istlusteade \/ Notice of Race<\/a><\/p>\n<p><a href=\"https:\/\/kjk.ee\/wp-content\/uploads\/2020\/09\/2020_Tallinna_MV_SI.pdf\">Purjetamisjuhised \/ Sailing Instructions<\/a><\/p>\n<p><a href=\"https:\/\/docs.google.com\/spreadsheets\/d\/e\/2PACX-1vQdPmaFivb6a7q7icV5v6DPKjb70MFOoJkG_6RMZoUrXjBZd69NAgSECqV7BdpHyJuXk9vqhZR7AapI\/pubhtml?gid=977218025&#038;single=true\">Osav\u00f5tjate nimekiri \/ Entry List<\/a><\/p>\n<p><a href=\"https:\/\/data.orc.org\/public\/WEV.dll?action=index&#038;eventid=mfwqi\" target=\"_blank\" rel=\"noopener noreferrer\">Link tulemustele \/ Link to the results<\/a><\/p>\n<p><em>Mitteametlik arvestus \/ Non-official ranking &#8211;\u00a0<\/em><em><a href=\"https:\/\/kjk.ee\/wp-content\/uploads\/2020\/09\/Series-Results-class-ORC-I-II-1.htm\" target=\"_blank\" rel=\"noopener noreferrer\">ORC I &#038; II grupi koondtulemused koos \/ ORC I &#038; II overall results together<\/a><\/em><\/p>\n<p><em>ORC I &#038; II together by races : <a href=\"https:\/\/kjk.ee\/wp-content\/uploads\/2020\/09\/Race-Results-ORC-I-II-race-1.pdf\" target=\"_blank\" rel=\"noopener noreferrer\">Race 1<\/a> | <a href=\"https:\/\/kjk.ee\/wp-content\/uploads\/2020\/09\/Race-Results-ORC-I-II-race-2.pdf\" target=\"_blank\" rel=\"noopener noreferrer\">Race 2<\/a> |\u00a0 <a href=\"https:\/\/kjk.ee\/wp-content\/uploads\/2020\/09\/Race-Results-ORC-I-II-race-3.pdf\" target=\"_blank\" rel=\"noopener noreferrer\">Race 3<\/a> | <a href=\"https:\/\/kjk.ee\/wp-content\/uploads\/2020\/09\/Race-Results-ORC-I-II-race-4.pdf\" target=\"_blank\" rel=\"noopener noreferrer\">Race 4<\/a><\/em><\/p>\n<p><a href=\"https:\/\/docs.google.com\/forms\/d\/e\/1FAIpQLSfJWTgW3xyGFf2QQkTLReKEZcW9wCSc3CTwVSMHWZC21jFCrA\/viewform\">Eelregistreerimise vorm \/ Pre-registration Entry Form<\/a><span style=\"color: #ff0000;\">\u00a0<\/span><\/p>\n<p>Kokkuv\u00f5te ja fotogalerii \u00a9 Gerli Tooming Postimehes &#8211; <a href=\"https:\/\/purjetamine.postimees.ee\/7062499\/nadalavahetusel-purjetati-luhirajal-tallinna-meistritiitlite-nimel\" target=\"_blank\" rel=\"noopener noreferrer\"><span class=\"s1\">N\u00e4dalavahetusel purjetati l\u00fchirajal Tallinna meistritiitlite nimel<\/span><\/a><\/p>\n<hr \/>\n<h3>V &#8211; 10. oktoober &#8211; Hooaja L\u00f5puv\u00f5istlus<\/h3>\n<p><a href=\"https:\/\/kjk.ee\/wp-content\/uploads\/2020\/10\/KJK_SEIKO_CUPHooaja-lopuvoistlus-2020_ORC.htm\">TULEMUSED<\/a><\/p>\n<p><a href=\"https:\/\/kjk.ee\/wp-content\/uploads\/2020\/10\/1.pdf\">Purjetamisjuhised<\/a><\/p>\n<p><a href=\"https:\/\/kjk.ee\/wp-content\/uploads\/2020\/10\/SEIKO-CUP-2020_Lo\u0303puvo\u0303istlus_NOR.pdf\">V\u00f5istlusteade<\/a><\/p>\n<p>Fotogalerii \u00a9 Gerli Tooming ja kokkuv\u00f5te Postimehes &#8211; <a href=\"https:\/\/purjetamine.postimees.ee\/7083534\/kalevi-jahtklubi-purjetamishooaeg-ja-seiko-cup-2020-said-punkti\"><span class=\"s1\">Kalevi Jahtklubi purjetamishooaeg ja Seiko Cup 2020 said punkti<\/span><\/a><\/p>\n<hr \/>\n<h3>AJALUGU<\/h3>\n<p><strong>Suur t\u00e4nu ja kummardus SEIKOle, kes toetas KJK Avamerepurjetamise Karikasarja aastatel 2011-2020!<\/strong><\/p>\n<p><a href=\"https:\/\/kjk.ee\/wp-content\/uploads\/2020\/02\/seikocup2020.jpg\"><img loading=\"lazy\" class=\"alignleft size-full wp-image-13907\" src=\"https:\/\/kjk.ee\/wp-content\/uploads\/2020\/02\/seikocup2020.jpg\" alt=\"\" width=\"269\" height=\"95\" srcset=\"https:\/\/kjk.ee\/wp-content\/uploads\/2020\/02\/seikocup2020.jpg 269w, https:\/\/kjk.ee\/wp-content\/uploads\/2020\/02\/seikocup2020-156x55.jpg 156w, https:\/\/kjk.ee\/wp-content\/uploads\/2020\/02\/seikocup2020-136x48.jpg 136w, https:\/\/kjk.ee\/wp-content\/uploads\/2020\/02\/seikocup2020-267x94.jpg 267w\" sizes=\"(max-width: 269px) 100vw, 269px\" \/><\/a><\/p>\n<p>&nbsp;<\/p>\n<p>&nbsp;<\/p>\n<p>&nbsp;<\/p>\n<p><a href=\"https:\/\/kjk.ee\/seiko-cup-2019\/\">2019.a SEIKO CUP veebileht\u00a0<\/a><br \/>\n<a href=\"https:\/\/kjk.ee\/wp-content\/uploads\/2019\/10\/SEIKO-CUP-2019_KOOND_5-regatti.pdf\">2019.a SEIKO CUP KOONDTULEMUSED<\/a><\/p>\n<p><a href=\"http:\/\/www.kjk.ee\/seiko-cup-2018\/\">2018.a SEIKO CUP veebileht<\/a><br \/>\n<a href=\"http:\/\/www.kjk.ee\/wp-content\/uploads\/2018\/10\/SEIKO-CUP-2018_KOOND_5-regatti.pdf\">2018.a SEIKO CUP KOONDTULEMUSED<\/a><\/p>\n<p><a href=\"http:\/\/www.kjk.ee\/seiko-cup-2017-2\/\">2017.a SEIKO CUP veebileht<\/a><br \/>\n<a href=\"http:\/\/www.kjk.ee\/wp-content\/uploads\/2017\/04\/SEIKO-CUP-2017_koondseis_15102017.pdf\">2017.a SEIKO CUP KOONDTLEMUSED<\/a><\/p>\n<p><a href=\"http:\/\/www.kjk.ee\/seiko-cup-2016\/\">2016.a SEIKO CUP veebileht<\/a><br \/>\n<a href=\"http:\/\/www.kjk.ee\/seiko-cup-2016\/seiko-cup-2016_koond_finaal-2\/\">2016.a SEIKO CUP KOONDTULEMUSED<\/a><\/p>\n<p><a href=\"http:\/\/www.kjk.ee\/seiko-cup-2015\/\">2015.a SEIKO CUP veebileht<\/a><br \/>\n<a href=\"http:\/\/www.kjk.ee\/wp-content\/uploads\/2015\/03\/SEIKO_CUP_KOOND_20151.pdf\">SEIKO CUP 2015 KOONDTULEMUSED<\/a><\/p>\n<p><a href=\"http:\/\/www.kjk.ee\/seiko-cup\/\" target=\"_blank\" rel=\"noopener noreferrer\">2014.a SEIKO CUP veebileht<\/a><br \/>\n<a href=\"http:\/\/www.kjk.ee\/upload\/events\/doc14133602324.pdf\">SEIKO CUP 2014 KOONDTULEMUSED<\/a><\/p>\n<p><a href=\"http:\/\/arhiiv.kjk.ee\/index.php\/1419\">KJK Karikav\u00f5istlus SEIKO CUP 2014<\/a><\/p>\n<p><a href=\"http:\/\/arhiiv.kjk.ee\/index.php\/1259\">KJK Karikav\ufffdistlus SEIKO CUP 2013<\/a><\/p>\n<p><a href=\"http:\/\/arhiiv.kjk.ee\/index.php\/1077\">KJK Avamerepurjetamise karikav\ufffdistlus SEIKO CUP 2012<\/a><\/p>\n<p><a href=\"http:\/\/arhiiv.kjk.ee\/index.php\/1003\">Caprice Cup KJK Avamerepurjetamise Karikav\ufffdistlus 2011<\/a><\/p>\n","protected":false},"excerpt":{"rendered":"<p>KJK Avamerepurjetamise karikav\u00f5istluse SEIKO CUP 2020 etapid: 1. mai &#8211; Hooaja Avav\u00f5istlus &#8211; j\u00e4i \u00e4ra 16.-17. mai &#8211; E4 Karikav\u00f5istlus &#8211; l\u00fckkus edasi juunisse I \u00a0\u2013 6. juuni \u2013 Terra Feminarum II \u2013 13.-14. juuni \u2013 E4 Karikav\u00f5istlus &#8211; l\u00fchirajal III \u2013 27.-28. juuni \u2013 One Sails regatt &#8211; l\u00fchirajal IV \u2013 12.-13. september \u2013 Tallinna Meistriv\u00f5istlused &#8211; l\u00fchirajal &#8211;<a class=\"more-link\" href=\"https:\/\/kjk.ee\/en\/seiko-cup-2020\/\">[Read More&#8230;]<\/a><\/p>\n","protected":false},"author":6,"featured_media":0,"parent":0,"menu_order":0,"comment_status":"closed","ping_status":"closed","template":"","meta":{"spay_email":""},"jetpack_sharing_enabled":true,"jetpack_shortlink":"https:\/\/wp.me\/PaW3M4-3DX","_links":{"self":[{"href":"https:\/\/kjk.ee\/en\/wp-json\/wp\/v2\/pages\/14009"}],"collection":[{"href":"https:\/\/kjk.ee\/en\/wp-json\/wp\/v2\/pages"}],"about":[{"href":"https:\/\/kjk.ee\/en\/wp-json\/wp\/v2\/types\/page"}],"author":[{"embeddable":true,"href":"https:\/\/kjk.ee\/en\/wp-json\/wp\/v2\/users\/6"}],"replies":[{"embeddable":true,"href":"https:\/\/kjk.ee\/en\/wp-json\/wp\/v2\/comments?post=14009"}],"version-history":[{"count":89,"href":"https:\/\/kjk.ee\/en\/wp-json\/wp\/v2\/pages\/14009\/revisions"}],"predecessor-version":[{"id":17177,"href":"https:\/\/kjk.ee\/en\/wp-json\/wp\/v2\/pages\/14009\/revisions\/17177"}],"wp:attachment":[{"href":"https:\/\/kjk.ee\/en\/wp-json\/wp\/v2\/media?parent=14009"}],"curies":[{"name":"wp","href":"https:\/\/api.w.org\/{rel}","templated":true}]}}