{"id":141,"date":"2014-04-20T11:28:12","date_gmt":"2014-04-20T11:28:12","guid":{"rendered":"http:\/\/www.kjk.ee\/?page_id=141"},"modified":"2026-04-06T12:04:09","modified_gmt":"2026-04-06T09:04:09","slug":"raadiokoolitused","status":"publish","type":"page","link":"https:\/\/kjk.ee\/en\/raadiokoolitused\/","title":{"rendered":"Raadiokoolitus"},"content":{"rendered":"<p>Kalevi Jahtklubi korraldab v\u00e4ikelaeva raadiosideoperaatori kursust (SRC &#8211; Short Range Certificate) kestvusega 8 akadeemilist tundi, mis \u00fcldjuhul jaguneb kahe p\u00e4eva peale.<\/p>\n<p><strong>Hind raadioside kursusele on 125.- eur (koos k\u00e4ibemaksuga).<\/strong><\/p>\n<p>Hinnale lisandub ka \u00f5pilase poolt tasutav riigil\u00f5iv eksami sooritamiseks (t\u00e4psed juhised enne kursuse algust).<\/p>\n<p><strong>J\u00e4rgmised planeeritavad raadioside kursused on planeeritud:<\/strong><\/p>\n<ul>\n<li>24.aprill 17:30-21:30 &#038; 25.aprill 11:00-15:00<\/li>\n<li>22.mai 17:30-21:30 &#038; 23.mai 11:00-15:00<\/li>\n<li>2026 aasta oktoober\/november<\/li>\n<\/ul>\n<p>V\u00e4ikelaevajuhtide koolituse + raadiosideoperaatori kursuse hind: 520 \u20ac (Kalevi Jahtklubi liikmetel 460 \u20ac).<\/p>\n<p>Loe t\u00e4psemalt <a href=\"http:\/\/www.kjk.ee\/vaikelaevajuhi-kursused\/\">siit<\/a>.<\/p>\n<p>Kursus l\u00f5ppeb eksamiga, mille positiivselt sooritanud isikuile v\u00e4ljastab Transpordiamet SRC tunnistuse, mis tagab \u00f5iguse kasutada merel olles raadiot. Ilma vastava tunnistuseta v\u00f5ib raadiot kasutada vaid h\u00e4daolukorras, igap\u00e4evane raadioside on aga keelatud.<\/p>\n<p>Info ja registreerimine: <a href=\"mailto:koolitus@kjk.ee\">koolitus@kjk.ee<\/a><br \/>\nToimumiskoht Kalevi Jahtklubi, Pirita tee 17, Tallinn.<\/p>\n","protected":false},"excerpt":{"rendered":"<p>Kalevi Jahtklubi korraldab v\u00e4ikelaeva raadiosideoperaatori kursust (SRC &#8211; Short Range Certificate) kestvusega 8 akadeemilist tundi, mis \u00fcldjuhul jaguneb kahe p\u00e4eva peale. Hind raadioside kursusele on 125.- eur (koos k\u00e4ibemaksuga). Hinnale lisandub ka \u00f5pilase poolt tasutav riigil\u00f5iv eksami sooritamiseks (t\u00e4psed juhised enne kursuse algust). J\u00e4rgmised planeeritavad raadioside kursused on planeeritud: 24.aprill 17:30-21:30 &#038; 25.aprill 11:00-15:00 22.mai 17:30-21:30 &#038; 23.mai 11:00-15:00 2026<a class=\"more-link\" href=\"https:\/\/kjk.ee\/en\/raadiokoolitused\/\">[Read More&#8230;]<\/a><\/p>\n","protected":false},"author":24,"featured_media":0,"parent":0,"menu_order":0,"comment_status":"closed","ping_status":"closed","template":"","meta":{"spay_email":""},"jetpack_sharing_enabled":true,"jetpack_shortlink":"https:\/\/wp.me\/PaW3M4-2h","_links":{"self":[{"href":"https:\/\/kjk.ee\/en\/wp-json\/wp\/v2\/pages\/141"}],"collection":[{"href":"https:\/\/kjk.ee\/en\/wp-json\/wp\/v2\/pages"}],"about":[{"href":"https:\/\/kjk.ee\/en\/wp-json\/wp\/v2\/types\/page"}],"author":[{"embeddable":true,"href":"https:\/\/kjk.ee\/en\/wp-json\/wp\/v2\/users\/24"}],"replies":[{"embeddable":true,"href":"https:\/\/kjk.ee\/en\/wp-json\/wp\/v2\/comments?post=141"}],"version-history":[{"count":44,"href":"https:\/\/kjk.ee\/en\/wp-json\/wp\/v2\/pages\/141\/revisions"}],"predecessor-version":[{"id":29536,"href":"https:\/\/kjk.ee\/en\/wp-json\/wp\/v2\/pages\/141\/revisions\/29536"}],"wp:attachment":[{"href":"https:\/\/kjk.ee\/en\/wp-json\/wp\/v2\/media?parent=141"}],"curies":[{"name":"wp","href":"https:\/\/api.w.org\/{rel}","templated":true}]}}