{"id":143,"date":"2014-04-20T11:28:33","date_gmt":"2014-04-20T11:28:33","guid":{"rendered":"http:\/\/www.kjk.ee\/?page_id=143"},"modified":"2026-04-07T15:36:56","modified_gmt":"2026-04-07T12:36:56","slug":"vaikelaevajuhi-kursused","status":"publish","type":"page","link":"https:\/\/kjk.ee\/en\/vaikelaevajuhi-kursused\/","title":{"rendered":"V\u00e4ikelaevajuhi kursused"},"content":{"rendered":"<h2><a href=\"https:\/\/kjk.ee\/wp-content\/uploads\/2022\/12\/pilt.png\"><img loading=\"lazy\" class=\"size-medium wp-image-21854 alignleft\" src=\"https:\/\/kjk.ee\/wp-content\/uploads\/2022\/12\/pilt-300x224.png\" alt=\"\" width=\"300\" height=\"224\" srcset=\"https:\/\/kjk.ee\/wp-content\/uploads\/2022\/12\/pilt-300x224.png 300w, https:\/\/kjk.ee\/wp-content\/uploads\/2022\/12\/pilt-768x574.png 768w, https:\/\/kjk.ee\/wp-content\/uploads\/2022\/12\/pilt-74x55.png 74w, https:\/\/kjk.ee\/wp-content\/uploads\/2022\/12\/pilt-100x75.png 100w, https:\/\/kjk.ee\/wp-content\/uploads\/2022\/12\/pilt-200x150.png 200w, https:\/\/kjk.ee\/wp-content\/uploads\/2022\/12\/pilt-64x48.png 64w, https:\/\/kjk.ee\/wp-content\/uploads\/2022\/12\/pilt-131x98.png 131w, https:\/\/kjk.ee\/wp-content\/uploads\/2022\/12\/pilt.png 971w\" sizes=\"(max-width: 300px) 100vw, 300px\" \/><\/a>Kalevi Jahtklubi on atesteeritud v\u00e4ikelaevajuhtide koolitaja!<\/h2>\n<p><strong>Planeeritavad kursused 2026.aastal:<\/strong><\/p>\n<ol>\n<li>Jaanuar-veebruar 2026<\/li>\n<li><strong>M\u00e4rts-aprill 2026\u00a0 \u00a0<a href=\"https:\/\/kjk.ee\/wp-content\/uploads\/2026\/02\/KJK-Tunniplaan-KEVAD26-grupid-A-ja-B.pdf\" target=\"_blank\" rel=\"noopener noreferrer\">M\u00e4rts 2026 TUNNIPLAAN\u00a0<\/a><\/strong><\/li>\n<\/ol>\n<p><strong>VLJ EKSAM toimub kolmap\u00e4eval, 22.aprill kell 15:00 nii A kui ka B grupile!<\/strong><\/p>\n<p>3. September-oktoober 2026<\/p>\n<p><em><strong>V\u00c4IKELAEVAJUHI KURSUSED\u00a0 &#8211; A grupp<\/strong> (loengud esmasp\u00e4eviti ja kolmap\u00e4eviti) ja \u00a0<strong>B grupp<\/strong> (loengud teisip\u00e4eviti ja neljap\u00e4eviti). <\/em><em>Kell 18-21, Pirita tee 17, 1. korruse klubiruum.<\/em> \u00a0<strong>Teooriaosa eksamid toimuvad alati t\u00f6\u00f6p\u00e4eval kell 15:00!<\/strong><\/p>\n<p>Lisaks saab v\u00f5tta ka <a href=\"http:\/\/www.kjk.ee\/raadiokoolitused\/\">raadiosideoperaatori kursuse<\/a>.<\/p>\n<p>Koolituse eesm\u00e4rk on pakkuda v\u00e4ikelaevajuhi tunnistuse taotlejale teoreetilist ja praktilist ettevalmistust v\u00e4ikelaevajuhi teooria- ja praktikaeksami edukaks sooritamiseks. Koolitusel k\u00e4sitletakse Vabariigi Valitsuse 22.juuni 2021 a. m\u00e4\u00e4ruses nr 39 s\u00e4testatud n\u00f5udeid v\u00e4ikelaeva juhi teadmistele ja oskustele.<\/p>\n<p>\u00d5ppet\u00f6\u00f6 sisaldab teoorialoenguid, praktiliste \u00fclesannete lahendamist ja praktilist v\u00e4ikelaeva juhtimist ning l\u00f5ppeb eksamiga. Koolituse hind sisaldab k\u00e4ibemaksu, <strong>loengumaterjale, kaardit\u00f6\u00f6d ja praktikas\u00f5ite<\/strong>.<\/p>\n<p>Hinnastus:<\/p>\n<p>&#8211;\u00a0\u00a0\u00a0\u00a0\u00a0\u00a0\u00a0\u00a0\u00a0\u00a0\u00a0\u00a0 V\u00e4ikelaevajuhi kursus 460.- eur (KJK liige 410.-)<\/p>\n<p>&#8211;\u00a0\u00a0\u00a0\u00a0\u00a0\u00a0\u00a0\u00a0\u00a0\u00a0\u00a0\u00a0 V\u00e4ikelaevajuhi kursus + raadiosideoperaatori kursus 520.- eur (KJK liige 460.-)<\/p>\n<p>&#8211;\u00a0 \u00a0 \u00a0 \u00a0 \u00a0 \u00a0 \u00a0Raadiosideoperaatori kursus hind 125.-<\/p>\n<p>Lisainfo ja registreerimine: <a href=\"mailto:koolitus@kjk.ee\">koolitus@kjk.ee\u00a0<\/a><\/p>\n<p style=\"text-align: center;\">\n","protected":false},"excerpt":{"rendered":"<p>Kalevi Jahtklubi on atesteeritud v\u00e4ikelaevajuhtide koolitaja! Planeeritavad kursused 2026.aastal: Jaanuar-veebruar 2026 M\u00e4rts-aprill 2026\u00a0 \u00a0M\u00e4rts 2026 TUNNIPLAAN\u00a0 VLJ EKSAM toimub kolmap\u00e4eval, 22.aprill kell 15:00 nii A kui ka B grupile! 3. September-oktoober 2026 V\u00c4IKELAEVAJUHI KURSUSED\u00a0 &#8211; A grupp (loengud esmasp\u00e4eviti ja kolmap\u00e4eviti) ja \u00a0B grupp (loengud teisip\u00e4eviti ja neljap\u00e4eviti). Kell 18-21, Pirita tee 17, 1. korruse klubiruum. \u00a0Teooriaosa eksamid toimuvad alati<a class=\"more-link\" href=\"https:\/\/kjk.ee\/en\/vaikelaevajuhi-kursused\/\">[Read More&#8230;]<\/a><\/p>\n","protected":false},"author":24,"featured_media":0,"parent":0,"menu_order":0,"comment_status":"closed","ping_status":"closed","template":"","meta":{"spay_email":""},"jetpack_sharing_enabled":true,"jetpack_shortlink":"https:\/\/wp.me\/PaW3M4-2j","_links":{"self":[{"href":"https:\/\/kjk.ee\/en\/wp-json\/wp\/v2\/pages\/143"}],"collection":[{"href":"https:\/\/kjk.ee\/en\/wp-json\/wp\/v2\/pages"}],"about":[{"href":"https:\/\/kjk.ee\/en\/wp-json\/wp\/v2\/types\/page"}],"author":[{"embeddable":true,"href":"https:\/\/kjk.ee\/en\/wp-json\/wp\/v2\/users\/24"}],"replies":[{"embeddable":true,"href":"https:\/\/kjk.ee\/en\/wp-json\/wp\/v2\/comments?post=143"}],"version-history":[{"count":143,"href":"https:\/\/kjk.ee\/en\/wp-json\/wp\/v2\/pages\/143\/revisions"}],"predecessor-version":[{"id":32310,"href":"https:\/\/kjk.ee\/en\/wp-json\/wp\/v2\/pages\/143\/revisions\/32310"}],"wp:attachment":[{"href":"https:\/\/kjk.ee\/en\/wp-json\/wp\/v2\/media?parent=143"}],"curies":[{"name":"wp","href":"https:\/\/api.w.org\/{rel}","templated":true}]}}