{"id":17136,"date":"2021-05-17T20:24:57","date_gmt":"2021-05-17T17:24:57","guid":{"rendered":"https:\/\/kjk.ee\/?page_id=17136"},"modified":"2021-12-29T13:24:23","modified_gmt":"2021-12-29T11:24:23","slug":"kjk-avamerepurjetamise-karikasari-2021","status":"publish","type":"page","link":"https:\/\/kjk.ee\/en\/kjk-avamerepurjetamise-karikasari-2021\/","title":{"rendered":"KJK Avamerepurjetamise Karikasari 2021"},"content":{"rendered":"<p><a href=\"https:\/\/kjk.ee\/wp-content\/uploads\/2021\/05\/kjk_avamere_vert.jpg\"><img loading=\"lazy\" class=\"wp-image-17137 aligncenter\" src=\"https:\/\/kjk.ee\/wp-content\/uploads\/2021\/05\/kjk_avamere_vert-1024x628.jpg\" alt=\"Kalevi Jahtklubi Avamerepurjetamise Karikasari\" width=\"450\" height=\"276\" srcset=\"https:\/\/kjk.ee\/wp-content\/uploads\/2021\/05\/kjk_avamere_vert-1024x628.jpg 1024w, https:\/\/kjk.ee\/wp-content\/uploads\/2021\/05\/kjk_avamere_vert-300x184.jpg 300w, https:\/\/kjk.ee\/wp-content\/uploads\/2021\/05\/kjk_avamere_vert-768x471.jpg 768w, https:\/\/kjk.ee\/wp-content\/uploads\/2021\/05\/kjk_avamere_vert-90x55.jpg 90w, https:\/\/kjk.ee\/wp-content\/uploads\/2021\/05\/kjk_avamere_vert-78x48.jpg 78w, https:\/\/kjk.ee\/wp-content\/uploads\/2021\/05\/kjk_avamere_vert-160x98.jpg 160w, https:\/\/kjk.ee\/wp-content\/uploads\/2021\/05\/kjk_avamere_vert.jpg 1426w\" sizes=\"(max-width: 450px) 100vw, 450px\" \/><\/a><\/p>\n<h4><strong>Kalevi Jahtklubi Avamerepurjetamise karikasarja 2021 etapid:<\/strong><\/h4>\n<h4><strong>I \u2013 22.-23. mai \u2013 E4 Karikav\u00f5istlus<br \/>\n<\/strong><strong>II\u00a0 \u2013 5. juuni \u2013 Terra Feminarum<br \/>\nIII \u2013 4.-5. september \u2013 Tallinna Meistriv\u00f5istlused l\u00fchirajal<br \/>\nIV \u2013 23. oktoober \u2013 Hooaja L\u00f5puv\u00f5istlus &#8211; <span style=\"color: #ff0000;\">J\u00e4i ebasobivate ilmaolude t\u00f5ttu \u00e4ra<\/span><\/strong><\/h4>\n<p><strong>V\u00f5istlusklassid :<\/strong><\/p>\n<p>ORC jahid jagatakse gruppidesse vastavalt nende CDL (<em>Class Division Length<\/em>) suurusele.<\/p>\n<p><span style=\"font-family: -apple-system, BlinkMacSystemFont, 'Segoe UI', Roboto, Oxygen-Sans, Ubuntu, Cantarell, 'Helvetica Neue', sans-serif;\">I grupp \u00a0\u00a0\u00a0\u00a0ORC I 16,500 \u2265 CDL > 9,300<br \/>\n<\/span>II grupp \u00a0\u00a0\u00a0ORC II 9,300 \u2265 CDL > 8,41<br \/>\nIII grupp \u00a0\u00a0ORC III\u00a0 CDL\u00a0\u2264\u00a08,41<br \/>\nIV grupp \u00a0\u00a0Draakon<br \/>\nV grupp \u00a0\u00a0\u00a0Folkboot<\/p>\n<p><strong><a href=\"https:\/\/kjk.ee\/wp-content\/uploads\/2021\/08\/2021-KJK-Avamerepurjetamise-Karikasarja-juhend.pdf\">2021 KJK Avamerepurjetamise Karikasarja juhend<\/a><\/strong><\/p>\n<p><a href=\"https:\/\/kjk.ee\/wp-content\/uploads\/2021\/10\/KJK-Avamerepurjetamise-Karikasari_KOOND_3-regatti.pdf\"><strong>Kalevi Jahtklubi Avamerepurjetamise Karikasarja koondtulemused 3 etapi kokkuv\u00f5ttes<\/strong><\/a><\/p>\n<hr \/>\n<h3>I &#8211; 22.-23. mai &#8211; E4 KARIKAV\u00d5ISTLUS<\/h3>\n<p><a href=\"https:\/\/kjk.ee\/wp-content\/uploads\/2021\/05\/2021_E4_KV_NOR.pdf\">V\u00f5istlusteade \/ Notice of Race<\/a><\/p>\n<p><a href=\"https:\/\/docs.google.com\/forms\/d\/e\/1FAIpQLSfllFm4l1G-1H31p5Yylj_TD27G30jr1Dclixm9UVq963a8Ew\/viewform\">Registreerimine veebis hiljemalt 21.05 keskp\u00e4eval\u00a0 \/ Online registration by May 21 at midday<\/a><\/p>\n<p><a href=\"https:\/\/kjk.ee\/wp-content\/uploads\/2021\/05\/2021_E4_KV_SI.pdf\">Purjetamisjuhised \/ Sailing Instructions<\/a><\/p>\n<p><a href=\"https:\/\/kjk.ee\/wp-content\/uploads\/2021\/05\/2021-E4-KV-SI-muudatus-ajakava-23.05.pdf\">Teade #1 \/ Notice #1 &#8211; Purjetamisjuhiste muudatus\/SI Amendment &#8211; Ajakava 23. mai \/ Schedule on May 23<\/a> &#8211; Postitatud \/ Posted 22.05 17:15<\/p>\n<p><a href=\"https:\/\/kjk.ee\/wp-content\/uploads\/2021\/05\/2021-E4-KV-osavo\u0303tjad-ja-registreerimine.pdf\">Osav\u00f5tjate nimekiri \/ Entry List<\/a><\/p>\n<p><a href=\"https:\/\/data.orc.org\/public\/WEV.dll?action=index&#038;eventid=wtqyb\">Tulemused \/ Results<\/a><\/p>\n<p><a href=\"https:\/\/data.orc.org\/public\/WEV.dll?action=index&#038;eventid=avvww\">E4 Karikav\u00f5istlus ORC I and ORC II results together<\/a><\/p>\n<p><a href=\"https:\/\/purjetamine.postimees.ee\/7256486\/traditsiooniline-e4-regatt-avamerejahtidele-toimus-14-korda\">Kokkuv\u00f5te Postimehes<\/a> &#8211; Traditsiooniline E4 Karikav\u00f5istlus avamerejahtidele toimus 14. korda<\/p>\n<p><a href=\"https:\/\/www.facebook.com\/media\/set?vanity=Kalevi.Jahtklubi&#038;set=a.4700615399955131\">Fotogalerii \u00a9 Gerli Tooming\u00a0<\/a><\/p>\n<hr \/>\n<h3>II &#8211; 5. juuni &#8211; TERRA FEMINARUM<\/h3>\n<p><a href=\"https:\/\/kjk.ee\/wp-content\/uploads\/2021\/05\/Terra-Feminarum-NOR-2021.pdf\">V\u00f5istlusteade<\/a><\/p>\n<p><a href=\"https:\/\/docs.google.com\/forms\/d\/e\/1FAIpQLScRxJIj-6N-ZNoEBJd04qSlYGA6jrBZ47zTZlbE9a4-qdsaaQ\/viewform\">Registreerimine veebis hiljemalt 04.06. kell 20:00<\/a><\/p>\n<p><a href=\"https:\/\/kjk.ee\/wp-content\/uploads\/2021\/06\/Osalejad_Terra-Feminarum-2021-KJK-Avamerepurjetamise-Karikasari.pdf\">Registreerunud seisuga 05.06. kell 11:00<\/a><\/p>\n<p><a href=\"https:\/\/kjk.ee\/wp-content\/uploads\/2021\/06\/Terra-Feminarum-SI-2021.pdf\">Purjetamisjuhised<\/a> | <a href=\"https:\/\/kjk.ee\/wp-content\/uploads\/2021\/06\/Terra-Feminarum-2021_Rajad.pdf\">Raja kirjeldus<\/a><\/p>\n<p><a href=\"https:\/\/data.orc.org\/public\/WEV.dll?action=index&#038;eventid=wkrzj\">Tulemused<\/a><\/p>\n<p><a href=\"https:\/\/kjk.ee\/wp-content\/uploads\/2021\/06\/ORC-I-II-koos.pdf\">ORC I ja II gruppide tulemused koos<\/a><\/p>\n<p><a href=\"https:\/\/www.facebook.com\/media\/set?vanity=Kalevi.Jahtklubi&#038;set=a.4743839275632743\">Fotogalerii \u00a9 Gerli Tooming &#038; \u00a9 Piret Salmistu<\/a><\/p>\n<p><a href=\"https:\/\/purjetamine.postimees.ee\/7265913\/34-terra-feminarum-regatt-toi-stardiliinile-44-jahti\">Kokkuv\u00f5te ja fotogalerii Postimehes &#8211; <\/a>34. Terra Feminarum regatt t\u00f5i stardiliinile 44 jahti<\/p>\n<hr \/>\n<h3>III &#8211; 4.-5. september &#8211; TALLINNA MEISTRIV\u00d5ISTLUSED L\u00dcHIRAJAL<\/h3>\n<p><a href=\"https:\/\/kjk.ee\/wp-content\/uploads\/2021\/08\/Tallinn.png\"><img loading=\"lazy\" class=\"alignleft wp-image-18084\" src=\"https:\/\/kjk.ee\/wp-content\/uploads\/2021\/08\/Tallinn.png\" alt=\"Tallinna Linn\" width=\"215\" height=\"65\" srcset=\"https:\/\/kjk.ee\/wp-content\/uploads\/2021\/08\/Tallinn.png 512w, https:\/\/kjk.ee\/wp-content\/uploads\/2021\/08\/Tallinn-300x91.png 300w, https:\/\/kjk.ee\/wp-content\/uploads\/2021\/08\/Tallinn-182x55.png 182w, https:\/\/kjk.ee\/wp-content\/uploads\/2021\/08\/Tallinn-159x48.png 159w, https:\/\/kjk.ee\/wp-content\/uploads\/2021\/08\/Tallinn-267x81.png 267w\" sizes=\"(max-width: 215px) 100vw, 215px\" \/><\/a><\/p>\n<p><a href=\"https:\/\/www.manage2sail.com\/et-EE\/event\/TallinnaMV2021#!\/onb?tab=documents&#038;classId=f04ae8ec-5873-46a2-84d4-255adf8e723c\">V\u00f5istlusteade \/ Notice of Race<\/a><\/p>\n<p>NOTE &#8211; Registreerimine veebis hiljemalt 3. septembri keskp\u00e4eval \/ Online registration by midday, September 3<\/p>\n<p><a href=\"https:\/\/www.manage2sail.com\/et-EE\/event\/TallinnaMV2021#!\/onb?tab=documents&#038;classId=f04ae8ec-5873-46a2-84d4-255adf8e723c\">Ametlik teadetetahvel \/ Official Notice Board<\/a><\/p>\n<p><a href=\"https:\/\/www.manage2sail.com\/et-EE\/event\/TallinnaMV2021#!\/entries?classId=f04ae8ec-5873-46a2-84d4-255adf8e723c\">Registreerunute nimekiri \/ Entry List<\/a><\/p>\n<p><a href=\"https:\/\/data.orc.org\/public\/WEV.dll?action=index&#038;eventid=wzkcy\">Tulemused\/Results &#038; Scratch Sheets &#8211; Tallinna Meistriv\u00f5istlused l\u00fchirajal 2021 (orc.org)<\/a><\/p>\n<p><a href=\"https:\/\/purjetamine.postimees.ee\/7332620\/parajas-purjetuules-selgusid-tallinna-meistrid-avamerepurjetamise-luhirajal\">Kokkuv\u00f5te Postimehes ja fotogalerii \u00a9 Gerli Tooming<\/a><\/p>\n<hr \/>\n<h3>IV &#8211; 23. oktoober &#8211; HOOAJA L\u00d5PUV\u00d5ISTLUS &#8211; J\u00c4I EBASOBIVATE ILMATINGIMUSTE T\u00d5TTU \u00c4RA<\/h3>\n<p><a href=\"https:\/\/www.manage2sail.com\/et-EE\/event\/0e24e920-66e4-49e7-ba16-b3b1beffc24b#!\/onb?tab=documents&#038;classId=e2f07d2f-37a2-4e3f-970d-26e8627eb847\">Teadetetahvel<\/a><\/p>\n<p><a href=\"https:\/\/www.manage2sail.com\/et-EE\/event\/0e24e920-66e4-49e7-ba16-b3b1beffc24b#!\/onb?tab=documents&#038;classId=e2f07d2f-37a2-4e3f-970d-26e8627eb847\">V\u00f5istlusteade<\/a><\/p>\n<p><a href=\"https:\/\/www.manage2sail.com\/et-EE\/event\/0e24e920-66e4-49e7-ba16-b3b1beffc24b#!\/entries?classId=ee2ac1bc-b057-4214-90a4-853535073bb7\">Registreerunute nimekiri<\/a><\/p>\n<p><a href=\"https:\/\/purjetamine.postimees.ee\/7369714\/kalevi-jahtklubi-2021-a-purjetamishooaeg-lopetati-klubi-lipu-langetamisega\">Kokkuv\u00f5te Postimehes ja fotogalerii \u00a9 Gerli Tooming<\/a><\/p>\n<p><a href=\"https:\/\/www.manage2sail.com\/et-EE\/event\/0e24e920-66e4-49e7-ba16-b3b1beffc24b#!\/\">Registreerimine<\/a> &#8211; Palume jahtidel registreerida veebis hiljemalt <strong>22. oktoobril kl 20:00<\/strong> t\u00e4ites registreerimisvormi Manage2Sailis.<\/p>\n<hr \/>\n<h3>AJALUGU<\/h3>\n<p><strong>Suur t\u00e4nu ja kummardus SEIKOle, kes toetas KJK Avamerepurjetamise Karikasarja aastatel 2011-2020!<\/strong><\/p>\n<p><a href=\"https:\/\/kjk.ee\/wp-content\/uploads\/2020\/02\/seikocup2020.jpg\"><img loading=\"lazy\" class=\"alignleft size-full wp-image-13907\" src=\"https:\/\/kjk.ee\/wp-content\/uploads\/2020\/02\/seikocup2020.jpg\" alt=\"\" width=\"269\" height=\"95\" srcset=\"https:\/\/kjk.ee\/wp-content\/uploads\/2020\/02\/seikocup2020.jpg 269w, https:\/\/kjk.ee\/wp-content\/uploads\/2020\/02\/seikocup2020-156x55.jpg 156w, https:\/\/kjk.ee\/wp-content\/uploads\/2020\/02\/seikocup2020-136x48.jpg 136w, https:\/\/kjk.ee\/wp-content\/uploads\/2020\/02\/seikocup2020-267x94.jpg 267w\" sizes=\"(max-width: 269px) 100vw, 269px\" \/><\/a><\/p>\n<p><a href=\"https:\/\/kjk.ee\/seiko-cup-2020\/\">2020.a SEIKO CUP veebileht<\/a><br \/>\n<a href=\"https:\/\/kjk.ee\/wp-content\/uploads\/2020\/10\/SEIKO-CUP-2020_KOOND_4-regatti.pdf\">2020.a SEIKO SUP KOONDTULEMUSED<\/a><\/p>\n<p><a href=\"https:\/\/kjk.ee\/seiko-cup-2019\/\">2019.a SEIKO CUP veebileht\u00a0<\/a><br \/>\n<a href=\"https:\/\/kjk.ee\/wp-content\/uploads\/2019\/10\/SEIKO-CUP-2019_KOOND_5-regatti.pdf\">2019.a SEIKO CUP KOONDTULEMUSED<\/a><\/p>\n<p><a href=\"http:\/\/www.kjk.ee\/seiko-cup-2018\/\">2018.a SEIKO CUP veebileht<\/a><br \/>\n<a href=\"http:\/\/www.kjk.ee\/wp-content\/uploads\/2018\/10\/SEIKO-CUP-2018_KOOND_5-regatti.pdf\">2018.a SEIKO CUP KOONDTULEMUSED<\/a><\/p>\n<p><a href=\"http:\/\/www.kjk.ee\/seiko-cup-2017-2\/\">2017.a SEIKO CUP veebileht<\/a><br \/>\n<a href=\"http:\/\/www.kjk.ee\/wp-content\/uploads\/2017\/04\/SEIKO-CUP-2017_koondseis_15102017.pdf\">2017.a SEIKO CUP KOONDTLEMUSED<\/a><\/p>\n<p><a href=\"http:\/\/www.kjk.ee\/seiko-cup-2016\/\">2016.a SEIKO CUP veebileht<\/a><br \/>\n<a href=\"http:\/\/www.kjk.ee\/seiko-cup-2016\/seiko-cup-2016_koond_finaal-2\/\">2016.a SEIKO CUP KOONDTULEMUSED<\/a><\/p>\n<p><a href=\"http:\/\/www.kjk.ee\/seiko-cup-2015\/\">2015.a SEIKO CUP veebileht<\/a><br \/>\n<a href=\"http:\/\/www.kjk.ee\/wp-content\/uploads\/2015\/03\/SEIKO_CUP_KOOND_20151.pdf\">SEIKO CUP 2015 KOONDTULEMUSED<\/a><\/p>\n<p><a href=\"http:\/\/www.kjk.ee\/seiko-cup\/\" target=\"_blank\" rel=\"noopener noreferrer\">2014.a SEIKO CUP veebileht<\/a><br \/>\n<a href=\"http:\/\/www.kjk.ee\/upload\/events\/doc14133602324.pdf\">SEIKO CUP 2014 KOONDTULEMUSED<\/a><\/p>\n<p><a href=\"http:\/\/arhiiv.kjk.ee\/index.php\/1419\">KJK Karikav\u00f5istlus SEIKO CUP 2014<\/a><\/p>\n<p><a href=\"http:\/\/arhiiv.kjk.ee\/index.php\/1259\">KJK Karikav\ufffdistlus SEIKO CUP 2013<\/a><\/p>\n<p><a href=\"http:\/\/arhiiv.kjk.ee\/index.php\/1077\">KJK Avamerepurjetamise karikav\ufffdistlus SEIKO CUP 2012<\/a><\/p>\n<p><a href=\"http:\/\/arhiiv.kjk.ee\/index.php\/1003\">Caprice Cup KJK Avamerepurjetamise Karikav\ufffdistlus 2011<\/a><\/p>\n","protected":false},"excerpt":{"rendered":"<p>Kalevi Jahtklubi Avamerepurjetamise karikasarja 2021 etapid: I \u2013 22.-23. mai \u2013 E4 Karikav\u00f5istlus II\u00a0 \u2013 5. juuni \u2013 Terra Feminarum III \u2013 4.-5. september \u2013 Tallinna Meistriv\u00f5istlused l\u00fchirajal IV \u2013 23. oktoober \u2013 Hooaja L\u00f5puv\u00f5istlus &#8211; J\u00e4i ebasobivate ilmaolude t\u00f5ttu \u00e4ra V\u00f5istlusklassid : ORC jahid jagatakse gruppidesse vastavalt nende CDL (Class Division Length) suurusele. I grupp \u00a0\u00a0\u00a0\u00a0ORC I 16,500 \u2265<a class=\"more-link\" href=\"https:\/\/kjk.ee\/en\/kjk-avamerepurjetamise-karikasari-2021\/\">[Read More&#8230;]<\/a><\/p>\n","protected":false},"author":6,"featured_media":17137,"parent":0,"menu_order":0,"comment_status":"closed","ping_status":"closed","template":"","meta":{"spay_email":""},"jetpack_sharing_enabled":true,"jetpack_shortlink":"https:\/\/wp.me\/PaW3M4-4so","_links":{"self":[{"href":"https:\/\/kjk.ee\/en\/wp-json\/wp\/v2\/pages\/17136"}],"collection":[{"href":"https:\/\/kjk.ee\/en\/wp-json\/wp\/v2\/pages"}],"about":[{"href":"https:\/\/kjk.ee\/en\/wp-json\/wp\/v2\/types\/page"}],"author":[{"embeddable":true,"href":"https:\/\/kjk.ee\/en\/wp-json\/wp\/v2\/users\/6"}],"replies":[{"embeddable":true,"href":"https:\/\/kjk.ee\/en\/wp-json\/wp\/v2\/comments?post=17136"}],"version-history":[{"count":50,"href":"https:\/\/kjk.ee\/en\/wp-json\/wp\/v2\/pages\/17136\/revisions"}],"predecessor-version":[{"id":19453,"href":"https:\/\/kjk.ee\/en\/wp-json\/wp\/v2\/pages\/17136\/revisions\/19453"}],"wp:featuredmedia":[{"embeddable":true,"href":"https:\/\/kjk.ee\/en\/wp-json\/wp\/v2\/media\/17137"}],"wp:attachment":[{"href":"https:\/\/kjk.ee\/en\/wp-json\/wp\/v2\/media?parent=17136"}],"curies":[{"name":"wp","href":"https:\/\/api.w.org\/{rel}","templated":true}]}}