{"id":17338,"date":"2021-05-28T13:43:36","date_gmt":"2021-05-28T10:43:36","guid":{"rendered":"https:\/\/kjk.ee\/?page_id=17338"},"modified":"2021-06-22T15:39:16","modified_gmt":"2021-06-22T12:39:16","slug":"orc-a-b-est-championship-2021","status":"publish","type":"page","link":"https:\/\/kjk.ee\/en\/orc-a-b-est-championship-2021\/","title":{"rendered":"ORC A ja B klassi Eesti Meistriv\u00f5istlused \/ Estonian Open Championship for ORC A &#038; B Classes"},"content":{"rendered":"<p><a href=\"https:\/\/kjk.ee\/wp-content\/uploads\/2021\/05\/ORC_EMV_2021_logo_EST.jpg\"><img loading=\"lazy\" class=\"alignnone wp-image-17339 size-large\" src=\"https:\/\/kjk.ee\/wp-content\/uploads\/2021\/05\/ORC_EMV_2021_logo_EST-1024x584.jpg\" alt=\"2021 ORC Eesti MV A ja B klassile\" width=\"690\" height=\"394\" srcset=\"https:\/\/kjk.ee\/wp-content\/uploads\/2021\/05\/ORC_EMV_2021_logo_EST-1024x584.jpg 1024w, https:\/\/kjk.ee\/wp-content\/uploads\/2021\/05\/ORC_EMV_2021_logo_EST-300x170.jpg 300w, https:\/\/kjk.ee\/wp-content\/uploads\/2021\/05\/ORC_EMV_2021_logo_EST-768x438.jpg 768w, https:\/\/kjk.ee\/wp-content\/uploads\/2021\/05\/ORC_EMV_2021_logo_EST-1536x876.jpg 1536w, https:\/\/kjk.ee\/wp-content\/uploads\/2021\/05\/ORC_EMV_2021_logo_EST-96x55.jpg 96w, https:\/\/kjk.ee\/wp-content\/uploads\/2021\/05\/ORC_EMV_2021_logo_EST-84x48.jpg 84w, https:\/\/kjk.ee\/wp-content\/uploads\/2021\/05\/ORC_EMV_2021_logo_EST-172x98.jpg 172w, https:\/\/kjk.ee\/wp-content\/uploads\/2021\/05\/ORC_EMV_2021_logo_EST.jpg 1974w\" sizes=\"(max-width: 690px) 100vw, 690px\" \/><\/a><\/p>\n<p>18. mail otsustas Eesti Jahtklubide Liit et k\u00e4esoleva aasta\u00a0<strong>ORC A ja B klassi Avatud Eesti Meistriv\u00f5istlused<\/strong>\u00a0toimuvad\u00a0<strong>Tallinnas, Kalevi Jahtklubis. <\/strong>Peamised p\u00f5hjused, miks otsustati Baltic Offshore Week (BOW) raames Helsingis meistriv\u00f5istlustest loobuda, olid pandeemiaga seotud Soome reisipiirangud ja tasuline Covid-19 testimise n\u00f5ue.<\/p>\n<p><a href=\"https:\/\/kjk.ee\/wp-content\/uploads\/2021\/05\/ORC_EMV_2021_logo_ENG-scaled.jpg\"><img loading=\"lazy\" class=\"alignleft wp-image-17348 size-medium\" src=\"https:\/\/kjk.ee\/wp-content\/uploads\/2021\/05\/ORC_EMV_2021_logo_ENG-300x153.jpg\" alt=\"2021 ORC Open EST Champs for Classes A&#038;B\" width=\"300\" height=\"153\" srcset=\"https:\/\/kjk.ee\/wp-content\/uploads\/2021\/05\/ORC_EMV_2021_logo_ENG-300x153.jpg 300w, https:\/\/kjk.ee\/wp-content\/uploads\/2021\/05\/ORC_EMV_2021_logo_ENG-1024x523.jpg 1024w, https:\/\/kjk.ee\/wp-content\/uploads\/2021\/05\/ORC_EMV_2021_logo_ENG-768x392.jpg 768w, https:\/\/kjk.ee\/wp-content\/uploads\/2021\/05\/ORC_EMV_2021_logo_ENG-1536x784.jpg 1536w, https:\/\/kjk.ee\/wp-content\/uploads\/2021\/05\/ORC_EMV_2021_logo_ENG-2048x1046.jpg 2048w, https:\/\/kjk.ee\/wp-content\/uploads\/2021\/05\/ORC_EMV_2021_logo_ENG-108x55.jpg 108w, https:\/\/kjk.ee\/wp-content\/uploads\/2021\/05\/ORC_EMV_2021_logo_ENG-94x48.jpg 94w, https:\/\/kjk.ee\/wp-content\/uploads\/2021\/05\/ORC_EMV_2021_logo_ENG-192x98.jpg 192w\" sizes=\"(max-width: 300px) 100vw, 300px\" \/><\/a>On May 18 the Estonian Yachting Union has decided, that <strong>Estonian Open Championship for ORC A &#038; B Classes\u00a0<\/strong>will be organized in Kalev Yacht Club, Tallinn. The main reasons, why it was decided not to have the Estonian Championships with <a href=\"http:\/\/balticoffshoreweek.org\/\">Baltic Offshore Week<\/a> (BOW) in Helsinki, were the pandemic related strict travel restrictions of Finland and the requirement of Covid-19 testing.<\/p>\n<ul>\n<li><strong>Korraldav kogu \/ Organizing Authority:<\/strong> Kalevi Jahtklubi, Tallinn<\/li>\n<li><strong>Toimumise aeg \/ Time:<\/strong> 17.-20.06.2021<\/li>\n<li><strong>Klassid \/ Classes: <\/strong>ORC\u00a0 8,410 < CDL<= 16,500<\/li>\n<li><strong>V\u00f5istlusteade \/ Notice of Race<\/strong> &#8211; <a href=\"https:\/\/www.manage2sail.com\/et-EE\/Home\/DownloadDocument\/18859921-5bf0-44cf-9f14-27d1a45e8279\" target=\"_blank\" rel=\"noopener noreferrer\">LINK<\/a><\/li>\n<li><strong>Registreerimine \/ Registration &#8211;\u00a0<\/strong><a href=\"https:\/\/www.manage2sail.com\/et-EE\/event\/ORCabESTchamps2021#!\/\" target=\"_blank\" rel=\"noopener noreferrer\">LINK<\/a><\/li>\n<li><a href=\"https:\/\/www.manage2sail.com\/et-EE\/event\/ORCabESTchamps2021#!\/onb?tab=documents&#038;classId=4874f10b-6795-41cb-af22-a6d07b40f3e8\">Teadete tahvel \/ Notice Board<\/a><\/li>\n<li><a href=\"https:\/\/www.manage2sail.com\/et-EE\/event\/ORCabESTchamps2021#!\/entries?classId=4874f10b-6795-41cb-af22-a6d07b40f3e8\">Registreerunud \/ Entries<\/a><\/li>\n<li>Tulemused \/ Results &#8211; <a href=\"https:\/\/data.orc.org\/public\/WEV.dll?action=index&#038;eventid=xitbe\">ORC A ja B klassi Eesti Meistriv\u00f5istlused 2021<\/a><\/li>\n<li>Unofficial results with A&#038;B classes in the same fleet &#8211;\u00a0<a href=\"https:\/\/kjk.ee\/wp-content\/uploads\/2021\/06\/Series-Results-class-ORC-KOOS.pdf\">Mitteametlikud tulemused A ja B klass koos (Credit24 tulemused uue m\u00f5\u00f5dukirjaga ja ilma protestikaristusteta)<\/a><\/li>\n<li><a href=\"https:\/\/sportrec.eu\/ui\/#1gcn13t\">Avameres\u00f5idu (18.06) reaalajas j\u00e4lgimise link \/ Tracking link<\/a><\/li>\n<li>Pildigaleriid \/ Photo galleries \u00a9 Gerli Tooming &#8211; <a href=\"https:\/\/www.facebook.com\/media\/set\/?vanity=Kalevi.Jahtklubi&#038;set=a.4781308788552458\">1. p\u00e4ev<\/a> |\u00a0<a href=\"https:\/\/www.facebook.com\/media\/set\/?vanity=Kalevi.Jahtklubi&#038;set=a.4784777458205591\">2. p\u00e4ev<\/a><\/li>\n<li>Pildigaleriid \/ Photo galleries \u00a9 Piret Salmistu &#8211; <a href=\"https:\/\/www.facebook.com\/media\/set?vanity=Kalevi.Jahtklubi&#038;set=a.4786924704657533\">3. p\u00e4ev<\/a> | <a href=\"https:\/\/www.facebook.com\/media\/set?vanity=Kalevi.Jahtklubi&#038;set=a.4786928104657193\">Autasustamine<\/a><\/li>\n<li>Pildigaleriid \/ Photo galleries \u00a9 Ain Roosma &#8211; <a href=\"https:\/\/photos.google.com\/share\/AF1QipMfQC12TKJ8CuPRmReHsiHxfrVC7lfMHzUiXtutlyolkU_iHKiWLFCwxNODWifp2A?key=MEZKSTBjVHRmMTJrM2xCZ3d4R0xCNnpVclpndGx3\">2. p\u00e4ev<\/a> | 3. p\u00e4ev<\/li>\n<li>Postimees: <a href=\"https:\/\/purjetamine.postimees.ee\/7275733\/forte-ja-katariina-ii-voidukad-avamerepurjetamise-orc-eesti-meistrivoistluste-avaetapil\">Forte ja Katariina II v\u00f5idukad avamerepurjetamise ORC Eesti Meistriv\u00f5istluste avaetapil<\/a><\/li>\n<li>Postimees: <a href=\"https:\/\/sport.postimees.ee\/7276147\/orc-avamerepurjetamise-eesti-meistrivoistluste-teise-paeva-jarel-liidrid-olympic-ja-katariina-ii\">ORC avamerepurjetamise Eesti Meistriv\u00f5istluste teise p\u00e4eva j\u00e4rel liidrid Olympic ja Katariina II<\/a><\/li>\n<li>Postimees: <a href=\"https:\/\/sport.postimees.ee\/7276595\/orc-avamerepurjetamise-a-ja-b-klassi-tanavused-eesti-meistrid-on-forte-ja-katariina-ii\">ORC avamerepurjetamise A ja B klassi t\u00e4navused Eesti meistrid on Forte ja Katariina II<\/a><\/li>\n<\/ul>\n","protected":false},"excerpt":{"rendered":"<p>18. mail otsustas Eesti Jahtklubide Liit et k\u00e4esoleva aasta\u00a0ORC A ja B klassi Avatud Eesti Meistriv\u00f5istlused\u00a0toimuvad\u00a0Tallinnas, Kalevi Jahtklubis. Peamised p\u00f5hjused, miks otsustati Baltic Offshore Week (BOW) raames Helsingis meistriv\u00f5istlustest loobuda, olid pandeemiaga seotud Soome reisipiirangud ja tasuline Covid-19 testimise n\u00f5ue. On May 18 the Estonian Yachting Union has decided, that Estonian Open Championship for ORC A &#038; B Classes\u00a0will be<a class=\"more-link\" href=\"https:\/\/kjk.ee\/en\/orc-a-b-est-championship-2021\/\">[Read More&#8230;]<\/a><\/p>\n","protected":false},"author":6,"featured_media":17339,"parent":0,"menu_order":0,"comment_status":"closed","ping_status":"closed","template":"","meta":{"spay_email":""},"jetpack_sharing_enabled":true,"jetpack_shortlink":"https:\/\/wp.me\/PaW3M4-4vE","_links":{"self":[{"href":"https:\/\/kjk.ee\/en\/wp-json\/wp\/v2\/pages\/17338"}],"collection":[{"href":"https:\/\/kjk.ee\/en\/wp-json\/wp\/v2\/pages"}],"about":[{"href":"https:\/\/kjk.ee\/en\/wp-json\/wp\/v2\/types\/page"}],"author":[{"embeddable":true,"href":"https:\/\/kjk.ee\/en\/wp-json\/wp\/v2\/users\/6"}],"replies":[{"embeddable":true,"href":"https:\/\/kjk.ee\/en\/wp-json\/wp\/v2\/comments?post=17338"}],"version-history":[{"count":20,"href":"https:\/\/kjk.ee\/en\/wp-json\/wp\/v2\/pages\/17338\/revisions"}],"predecessor-version":[{"id":19334,"href":"https:\/\/kjk.ee\/en\/wp-json\/wp\/v2\/pages\/17338\/revisions\/19334"}],"wp:featuredmedia":[{"embeddable":true,"href":"https:\/\/kjk.ee\/en\/wp-json\/wp\/v2\/media\/17339"}],"wp:attachment":[{"href":"https:\/\/kjk.ee\/en\/wp-json\/wp\/v2\/media?parent=17338"}],"curies":[{"name":"wp","href":"https:\/\/api.w.org\/{rel}","templated":true}]}}