{"id":19,"date":"2014-04-20T11:09:40","date_gmt":"2014-04-20T11:09:40","guid":{"rendered":"http:\/\/www.kjk.ee\/?page_id=19"},"modified":"2026-05-06T14:15:35","modified_gmt":"2026-05-06T11:15:35","slug":"juhtimine","status":"publish","type":"page","link":"https:\/\/kjk.ee\/en\/juhtimine\/","title":{"rendered":"Juhtimine"},"content":{"rendered":"<p>MT\u00dc Kalevi Jahtklubi juhatus on valitud kaheks aastaks 28.05.2024 toimunud \u00fcldkoosolekul.<\/p>\n<p><strong>Kommodoor T\u00f5nu T\u00f5niste<\/strong><\/p>\n<p style=\"margin: 0in;\"><strong><em>Juhatuse liikmed<\/em>:<\/strong><br \/>\nTammo Otsasoo<br \/>\nOlev Roosma<br \/>\nPiret Salmistu<br \/>\nTanel Tamm &#8211; Asekommodoor<br \/>\nRene Treifeldt<br \/>\nBritt Tulit<br \/>\nT\u00f5nu T\u00f5niste &#8211; Kommodoor<\/p>\n<p>Kiri juhatusele <a href=\"mailto:juhatus@kjk.ee\" target=\"_blank\" rel=\"noopener noreferrer\">juhatus@kjk.ee<\/a><\/p>\n<p>Jahtklubi \u00fclem Ain Roosma<br \/>\n<span style=\"color: #4c5155;\">tel +372 623 9154<br \/>\n<\/span>tel +372 50 48 228<br \/>\n<a href=\"mailto:ain@kjk.ee\">ain@kjk.ee<\/a><\/p>\n<p>\u00dcldkoosoleku protokollid:<br \/>\n<a href=\"http:\/\/www.kjk.ee\/wp-content\/uploads\/2014\/04\/KJK+2016+u\u0308ldkoosoleku+protokoll.pdf\">19.05.2016 \u00fcldkoosoleku protokoll<\/a><br \/>\n<a href=\"http:\/\/www.kjk.ee\/wp-content\/uploads\/2014\/04\/2017-02-20-KJK-ek-\u00fcldkoosoleku-protokoll.pdf\">20.02.2017 erakorralise \u00fcldkoosoleku protokoll<\/a><br \/>\n<a href=\"http:\/\/www.kjk.ee\/wp-content\/uploads\/2014\/04\/2017-05-23-kjk-yk-protokoll.pdf\">23.05.2017 \u00fcldkoosoleku protokoll<\/a><br \/>\n<a href=\"http:\/\/www.kjk.ee\/wp-content\/uploads\/2014\/04\/2017-11-08kjkekyldkoosolekuprotokoll.pdf\">08.11.2017 erakorralise \u00fcldkoosoleku protokoll<\/a><br \/>\n<a href=\"http:\/\/www.kjk.ee\/wp-content\/uploads\/2014\/04\/2018-04-25-kjk-yk-protokoll.pdf\">25.04.2018 \u00fcldkoosoleku protokoll<\/a><br \/>\n<a href=\"http:\/\/www.kjk.ee\/wp-content\/uploads\/2019\/04\/2019-04-24-yk-protok.pdf\">24.04.2019 \u00fcldkoosoleku protokoll<\/a><br \/>\n<a href=\"https:\/\/kjk.ee\/wp-content\/uploads\/2020\/06\/\u00dcldkoosolek-2020.pdf\">11.06.2020 \u00fcldkoosoleku protokoll<\/a><br \/>\n<a href=\"https:\/\/kjk.ee\/wp-content\/uploads\/2021\/05\/KJK-uldkoosoleku-protokoll-28042021.pdf\">28.04.2021 \u00fcldkoosoleku protokoll<\/a><br \/>\n<a href=\"https:\/\/kjk.ee\/wp-content\/uploads\/2022\/06\/KJK-uldkoosoleku-protokoll-14.06.22.pdf\" target=\"_blank\" rel=\"noopener noreferrer\">14.06.2022 \u00fcldkoosoleku protokoll<\/a><br \/>\n<a href=\"https:\/\/kjk.ee\/wp-content\/uploads\/2023\/03\/KALEVI-JAHTKLUBI-ERAKORRALISE-ULDKOOSOLEKU-PROTOKOLL-26.09.2022.pdf\">26.09.2022 erakorralise \u00fcldkoosoleku protokoll<\/a><br \/>\n<a href=\"https:\/\/kjk.ee\/wp-content\/uploads\/2023\/04\/KALEVI-JAHTKLUBI-ERAKORRALISE-U\u0308LDKOOSOLEKU-PROTOKOLL-05.04.2023.pdf\">05.04.2023 erakorralise \u00fcldkoosoleku protokoll<\/a><br \/>\n<a href=\"https:\/\/kjk.ee\/wp-content\/uploads\/2023\/05\/Kalevi-Jahtklubi-uldkoosolek-23.05.2023-1.pdf\" target=\"_blank\" rel=\"noopener noreferrer\">23.05.2023 \u00fcldkoosoleku protokoll<\/a><br \/>\n<a href=\"https:\/\/kjk.ee\/wp-content\/uploads\/2023\/11\/KALEVI-JAHTKLUBI-ERAKORRALISE-ULDKOOSOLEKU-PROTOKOLL-31.10.2023.pdf\" target=\"_blank\" rel=\"noopener noreferrer\">31.10.2023 erakorralise \u00fcldkoosoleku protokoll<\/a><br \/>\n<a href=\"https:\/\/kjk.ee\/wp-content\/uploads\/2024\/06\/Kalevi-Jahtklubi-MTU-uldkoosoleku-protokoll-28.05.2024.pdf\" target=\"_blank\" rel=\"noopener noreferrer\">28.05.2024 \u00fcldkoosoleku protokoll<\/a><br \/>\n<a href=\"https:\/\/kjk.ee\/wp-content\/uploads\/2025\/05\/KALEVI-JAHTKLUBI-ULDKOOSOLEKU-PROTOKOLL-20.05.2025.pdf\" target=\"_blank\" rel=\"noopener noreferrer\">20.05.2025 \u00fcldkoosoleku protokoll<\/a><\/p>\n<p><span style=\"text-decoration: underline;\">Juhatuse otsused ja koosoleku protokollid:<\/span><\/p>\n<p><a href=\"http:\/\/www.kjk.ee\/wp-content\/uploads\/2014\/04\/14_01_KJK-Juhatuse-otsused-27012014.pdf\">Nr 1 2014<\/a><br \/>\n<a href=\"http:\/\/www.kjk.ee\/wp-content\/uploads\/2014\/04\/14_02_KJK-Juhatuse-otsused-19022014.pdf\">Nr 2 2014<\/a><br \/>\n<a href=\"http:\/\/www.kjk.ee\/wp-content\/uploads\/2014\/04\/14_03_KJK-Juhatuse-otsused-19032014.pdf\">Nr 3 2014<br \/>\n<\/a><a href=\"http:\/\/www.kjk.ee\/wp-content\/uploads\/2014\/04\/14_04_KJK-Juhatuse-otsused-16042014.pdf\">Nr 4 2014<br \/>\n<\/a><a href=\"http:\/\/www.kjk.ee\/wp-content\/uploads\/2014\/04\/14_05_KJK-Juhatuse-otsused-20052014.pdf\">Nr 5 2014<br \/>\n<\/a><a href=\"http:\/\/www.kjk.ee\/wp-content\/uploads\/2014\/04\/14_06_KJK-Juhatuse-otsused-nr_6_16062014.pdf\">Nr 6 2014<br \/>\n<\/a><a href=\"http:\/\/www.kjk.ee\/wp-content\/uploads\/2014\/04\/14_07_KJK-Juhatuse-otsused-nr-7_18082014.pdf\">Nr 7 2014<br \/>\n<\/a><a href=\"http:\/\/www.kjk.ee\/wp-content\/uploads\/2014\/04\/14_08_KJK-Juhatuse-otsused-nr-8-15092014.pdf\">Nr 8 2014<br \/>\n<\/a><a href=\"http:\/\/www.kjk.ee\/wp-content\/uploads\/2014\/04\/14_09_KJK-Juhatuse-otsused-nr-9-15102014.pdf\">Nr 9 2014<br \/>\n<\/a><a href=\"http:\/\/www.kjk.ee\/wp-content\/uploads\/2014\/04\/14_11_KJK-Juhatuse-otsused-nr-11_15122014.pdf\">Nr 11 2014<\/a><\/p>\n<p><a href=\"http:\/\/www.kjk.ee\/wp-content\/uploads\/2014\/04\/15_01_KJK-Juhatuse-otsused-nr-1_15012015.pdf\">Nr 1 2015<br \/>\n<\/a><a href=\"http:\/\/www.kjk.ee\/wp-content\/uploads\/2014\/04\/15_02_KJK-Juhatuse-koosolek-nr-2_15.pdf\">Nr 2 2015<br \/>\n<\/a><a href=\"http:\/\/www.kjk.ee\/wp-content\/uploads\/2014\/04\/15_03_KJK-Juhatuse-koosolek-nr-2_13022015.pdf\">Nr 3 2015<\/a><a href=\"http:\/\/www.kjk.ee\/wp-content\/uploads\/2014\/04\/15_01_KJK-Juhatuse-otsused-nr-1_15012015.pdf\"><br \/>\n<\/a><\/p>\n<p><a href=\"http:\/\/www.kjk.ee\/wp-content\/uploads\/2017\/01\/2016-06-08KJKjuhatusekoosolekuprotokoll.pdf\">08.06.2016<\/a><br \/>\n<a href=\"http:\/\/www.kjk.ee\/wp-content\/uploads\/2017\/01\/2016-06-29KJKjuhatusekoosolekuprotokoll.pdf\">29.06.2016<\/a><br \/>\n<a href=\"http:\/\/www.kjk.ee\/wp-content\/uploads\/2017\/01\/2016-08-03KJKjuhatusekoosolekuprotokoll.pdf\">03.08.2016<\/a><br \/>\n<a href=\"http:\/\/www.kjk.ee\/wp-content\/uploads\/2017\/01\/2016-09-28KJKjuhatusekoosolekuprotokoll.pdf\">28.09.2016<\/a><br \/>\n<a href=\"http:\/\/www.kjk.ee\/wp-content\/uploads\/2014\/04\/2016-12-19KJKjuhatusekoosolekuprotokoll-1.pdf\">19.12.2016<\/a><\/p>\n<p><a href=\"http:\/\/www.kjk.ee\/wp-content\/uploads\/2014\/04\/2017-02-02kjkjuhatusekoosolekuprotokoll.pdf\">02.02.2017<\/a><br \/>\n<a href=\"http:\/\/www.kjk.ee\/wp-content\/uploads\/2014\/04\/2017-02-20KJKjuhatusekoosolekuprotokoll.pdf\">20.02.2017<\/a><br \/>\n<a href=\"http:\/\/www.kjk.ee\/wp-content\/uploads\/2014\/04\/2017-04-12-KJKjuhatuse-koosoleku-protokoll.pdf\">12.04.2017<\/a><br \/>\n<a href=\"http:\/\/www.kjk.ee\/wp-content\/uploads\/2014\/04\/2017-04-28-KJK-juhatuse-koosoleku-protokoll_veeb.pdf\">28.04.2017<\/a><br \/>\n<a href=\"http:\/\/www.kjk.ee\/wp-content\/uploads\/2014\/04\/2017-05-08-KJKjuhatuse-koosoleku-protokoll_veeb.pdf\">08.05.2017<\/a><br \/>\n<a href=\"http:\/\/www.kjk.ee\/wp-content\/uploads\/2014\/04\/2017-10-25-KJK-juhatuse-koosoleku-protokoll-2.pdf\">25.10.2017<\/a><br \/>\n<a href=\"http:\/\/www.kjk.ee\/wp-content\/uploads\/2014\/04\/2017-11-21-KJKjuhatuse-koosoleku-protokoll_veeb.pdf\">21.11.2017<\/a><br \/>\n<a href=\"http:\/\/www.kjk.ee\/wp-content\/uploads\/2014\/04\/2017-12-13-KJKjuhatuse-koosoleku-protokoll-veeb.pdf\">13.12.2017<\/a><\/p>\n<p><a href=\"http:\/\/www.kjk.ee\/wp-content\/uploads\/2014\/04\/2018-01-10-KJK-juhatuse-koosoleku-protokoll-veeb.pdf\">10.01.2018<\/a><br \/>\n<a href=\"http:\/\/www.kjk.ee\/wp-content\/uploads\/2014\/04\/2018-02-14-KJKjuhatuse-koosoleku-protokoll-veeb.pdf\">14.02.2018<\/a><br \/>\n<a href=\"http:\/\/www.kjk.ee\/wp-content\/uploads\/2014\/04\/2018-03-14-KJKjuhatuse-koosoleku-protokoll_veeb.pdf\">14.03.2018<\/a><br \/>\n<a href=\"http:\/\/www.kjk.ee\/wp-content\/uploads\/2014\/04\/2018-04-11-KJK-juhatuse-koosoleku-protokoll-veeb.pdf\">11.04.2018<\/a><br \/>\n<a href=\"http:\/\/www.kjk.ee\/wp-content\/uploads\/2014\/04\/2018-05-16-KJK-juhatuse-koosoleku-protokoll_veeb.pdf\">16.05.2018<\/a><br \/>\n<a href=\"http:\/\/www.kjk.ee\/wp-content\/uploads\/2014\/04\/2018-06-19-KJK-juhatuse-koosoleku-protokoll-veeb.pdf\">19.06.2018<\/a><br \/>\n<a href=\"http:\/\/www.kjk.ee\/wp-content\/uploads\/2014\/04\/2018-09-05-KJK-juhatuse-koosoleku-protokoll_veeb-1.pdf\">05.09.2018<\/a><br \/>\n<a href=\"http:\/\/www.kjk.ee\/wp-content\/uploads\/2014\/04\/2018-10-03-KJK-juhatuse-koosoleku-protokoll_veeb.pdf\">03.10.2018<\/a><br \/>\n<a href=\"http:\/\/www.kjk.ee\/wp-content\/uploads\/2014\/04\/2018-10-31-KJK-juhatuse-koosoleku-protokoll-veeb.pdf\">31.10.2018<\/a><br \/>\n<a href=\"http:\/\/www.kjk.ee\/wp-content\/uploads\/2014\/04\/2018-12-12-KJK-juhatuse-koosoleku-protokoll_veeb.pdf\">12.12.2018<\/a><\/p>\n<p><a href=\"http:\/\/www.kjk.ee\/wp-content\/uploads\/2014\/04\/2019-01-24-KJK-juhatuse-koosoleku-protokoll_veeb.pdf\">24.01.2019<\/a><br \/>\n<a href=\"http:\/\/www.kjk.ee\/wp-content\/uploads\/2014\/04\/2019-02-14-KJK-juhatuse-koosoleku-protokoll_veeb.pdf\">14.02.2019<\/a><br \/>\n<a href=\"http:\/\/www.kjk.ee\/wp-content\/uploads\/2014\/04\/2019-03-06-KJK-juhatuse-koosoleku-protokoll_veeb.pdf\">06.03.2019<\/a><br \/>\n<a href=\"http:\/\/www.kjk.ee\/wp-content\/uploads\/2019\/05\/2019-03-20-KJK-juhatuse-koosoleku-protokoll-veeb.pdf\">20.03.2019<\/a><br \/>\n<a href=\"http:\/\/www.kjk.ee\/wp-content\/uploads\/2019\/05\/2019-04-09-KJK-juhatuse-koosoleku-protokoll-veeb.pdf\">09.04.2019<\/a><br \/>\n<a href=\"http:\/\/www.kjk.ee\/wp-content\/uploads\/2019\/05\/2019-05-09-KJK-juhatuse-koosoleku-protokoll-veeb.pdf\">09.05.2019<\/a><br \/>\n<a href=\"https:\/\/kjk.ee\/wp-content\/uploads\/2019\/08\/2019-06-19-KJK-juhatuse-koosoleku-protokoll-veeb.pdf\">19.06.2019<\/a><br \/>\n<a href=\"https:\/\/kjk.ee\/wp-content\/uploads\/2019\/10\/2019-09-12-KJK-juhatuse-koosoleku-protokoll-veeb-.pdf\">12.09.2019<\/a><br \/>\n<a href=\"https:\/\/kjk.ee\/wp-content\/uploads\/2019\/11\/2019-10-15-KJK-juhatuse-koosoleku-protokoll-veeb.pdf\">15.10.2019<\/a><br \/>\n<a href=\"https:\/\/kjk.ee\/wp-content\/uploads\/2019\/12\/KJK-juhatuse-koosoleku-protokoll-28.11.19-veeb.pdf\">28.11.2019<\/a><br \/>\n<a href=\"https:\/\/kjk.ee\/wp-content\/uploads\/2020\/01\/2019-12-17-KJK-juhatuse-koosoleku-otsused.pdf\">17.12.2019<\/a><\/p>\n<p><a href=\"https:\/\/kjk.ee\/wp-content\/uploads\/2021\/04\/Juhatuse-koosolek-29.01.2020.pdf\">29.01.2020<\/a><br \/>\n<a href=\"https:\/\/kjk.ee\/wp-content\/uploads\/2020\/06\/Juhatuse-koosolek-26.03.2020.pdf\">26.03.2020<\/a><br \/>\n<a href=\"https:\/\/kjk.ee\/wp-content\/uploads\/2020\/06\/Juhatuse-koosolek-02.04.2020.pdf\">02.04.2020<\/a><br \/>\n<a href=\"https:\/\/kjk.ee\/wp-content\/uploads\/2020\/06\/Juhatuse-koosolek-09.04.2020.pdf\">09.04.2020<\/a><br \/>\n<a href=\"https:\/\/kjk.ee\/wp-content\/uploads\/2020\/06\/Juhatuse-koosolek-16.04.2020.pdf\">16.04.2020<\/a><br \/>\n<a href=\"https:\/\/kjk.ee\/wp-content\/uploads\/2020\/06\/Juhatuse-koosolek-23.04.2020.pdf\">23.04.2020<\/a><br \/>\n<a href=\"https:\/\/kjk.ee\/wp-content\/uploads\/2020\/06\/Juhatuse-koosolek-30.04.2020.pdf\">30.04.2020<\/a><br \/>\n<a href=\"https:\/\/kjk.ee\/wp-content\/uploads\/2020\/06\/Juhatuse-koosolek-07.05.2020.pdf\">07.05.2020<\/a><br \/>\n<a href=\"https:\/\/kjk.ee\/wp-content\/uploads\/2020\/06\/Juhatuse-koosolek-14.05.2020.pdf\">14.05.2020<\/a><br \/>\n<a href=\"https:\/\/kjk.ee\/wp-content\/uploads\/2020\/06\/Juhatuse-koosolek-21.05.2020.pdf\">21.05.2020<\/a><br \/>\n<a href=\"https:\/\/kjk.ee\/wp-content\/uploads\/2020\/06\/Juhatuse-koosolek-01.06.2020.pdf\">01.06.2020<\/a><br \/>\n<a href=\"https:\/\/kjk.ee\/wp-content\/uploads\/2020\/11\/lu\u0308hiversioon_15.09.2020.pdf\">15.09.2020<\/a><br \/>\n<a href=\"https:\/\/kjk.ee\/wp-content\/uploads\/2020\/11\/Protokolli_lu\u0308hiversioon_14.10.2020.pdf\">14.10.2020<\/a><br \/>\n<a href=\"https:\/\/kjk.ee\/wp-content\/uploads\/2020\/11\/28.10.2020-protokolli-lu\u0308hiversioon.pdf\">28.10.2020<\/a><br \/>\n<a href=\"https:\/\/kjk.ee\/wp-content\/uploads\/2020\/11\/18.11.2020-lu\u0308hiversioon.pdf\">18.11.2020<\/a><br \/>\n<a href=\"https:\/\/kjk.ee\/wp-content\/uploads\/2021\/01\/KJK-juhatuse-koosoleku-protokoll-9.12.2020_luhiversioon.pdf\">09.12.2020<\/a><\/p>\n<p><a href=\"https:\/\/kjk.ee\/wp-content\/uploads\/2021\/03\/KJK-juhatuse-koosoleku-protokoll-9.02.2021.pdf\">09.02.2021<\/a><br \/>\n<a href=\"https:\/\/kjk.ee\/wp-content\/uploads\/2021\/04\/Juhatuse-koosolek-17.03.2021.pdf\">17.03.2021<\/a><br \/>\n<a href=\"https:\/\/kjk.ee\/wp-content\/uploads\/2021\/04\/KJK-juhatuse-koosoleku-protokoll-07.04.2021_veebi.pdf\">07.04.2021<\/a><br \/>\n<a href=\"https:\/\/kjk.ee\/wp-content\/uploads\/2021\/04\/KJK-juhatuse-koosoleku-protokoll-21.04.2021_veebi.pdf\">21.04.2021<\/a><br \/>\n<a href=\"https:\/\/kjk.ee\/wp-content\/uploads\/2021\/05\/KJK-juhatuse-koosoleku-protokoll-20.05.2021_veebi.pdf\">20.05.2021<\/a><br \/>\n<a href=\"https:\/\/kjk.ee\/wp-content\/uploads\/2021\/10\/Juhatuse-koosolek-20.09.2021.pdf\">20.09.2021<\/a><br \/>\n<a href=\"https:\/\/kjk.ee\/wp-content\/uploads\/2022\/01\/Juhatuse-koosolek-09.11.2021.pdf\">09.11.2021<\/a><br \/>\n<a href=\"https:\/\/kjk.ee\/wp-content\/uploads\/2022\/01\/Juhatuse-koosolek-30.11.2021.pdf\">30.11.2021<\/a><br \/>\n<a href=\"https:\/\/kjk.ee\/wp-content\/uploads\/2022\/01\/Juhatuse-koosolek-16.12.2021.pdf\">16.12.2021<\/a><\/p>\n<p><a href=\"https:\/\/kjk.ee\/wp-content\/uploads\/2022\/02\/Juhatuse-koosolek-26.01.2022.pdf\">26.01.2022<\/a><br \/>\n<a href=\"https:\/\/kjk.ee\/wp-content\/uploads\/2022\/02\/Juhatuse-koosolek-21.02.2022.pdf\">21.02.2022<\/a><br \/>\n<a href=\"https:\/\/kjk.ee\/wp-content\/uploads\/2022\/05\/Juhatuse-koosolek-03.05.2022.pdf\">03.05.2022<\/a><br \/>\n<a href=\"https:\/\/kjk.ee\/wp-content\/uploads\/2022\/08\/KALEVI-JAHTKLUBI-JUHATUSE-KOOSOLEK-03.08.2022.pdf\">03.08.2022<\/a><br \/>\n<a href=\"https:\/\/kjk.ee\/wp-content\/uploads\/2022\/09\/KALEVI-JAHTKLUBI-JUHATUSE-KOOSOLEK-06.09.2022.pdf\">06.09.2022<\/a><br \/>\n<a href=\"https:\/\/kjk.ee\/wp-content\/uploads\/2022\/11\/KALEVI-JAHTKLUBI-JUHATUSE-KOOSOLEK-09.11.2022.pdf\">09.11.2022<\/a><br \/>\n<a href=\"https:\/\/kjk.ee\/wp-content\/uploads\/2022\/12\/KALEVI-JAHTKLUBI-JUHATUSE-KOOSOLEK-07.12.2022.pdf\">07.12.2022<\/a><\/p>\n<p><a href=\"https:\/\/kjk.ee\/wp-content\/uploads\/2023\/02\/KALEVI-JAHTKLUBI-JUHATUSE-KOOSOLEK-16.02.2023.pdf\">16.02.2023<\/a><br \/>\n<a href=\"https:\/\/kjk.ee\/wp-content\/uploads\/2023\/03\/KALEVI-JAHTKLUBI-JUHATUSE-KOOSOLEK-16.03.2023.pdf\">16.03.2023<\/a><br \/>\n<a href=\"https:\/\/kjk.ee\/wp-content\/uploads\/2023\/05\/KALEVI-JAHTKLUBI-JUHATUSE-KOOSOLEK-18.04.2023.pdf\">18.04.2023<\/a><br \/>\n<a href=\"https:\/\/kjk.ee\/wp-content\/uploads\/2023\/05\/KALEVI-JAHTKLUBI-JUHATUSE-KOOSOLEK-04.05.2023.pdf\">04.05.2023<\/a><br \/>\n<a href=\"https:\/\/kjk.ee\/wp-content\/uploads\/2023\/06\/KALEVI-JAHTKLUBI-JUHATUSE-KOOSOLEK-05.06.2023.pdf\">05.06.2023<\/a><br \/>\n<a href=\"https:\/\/kjk.ee\/wp-content\/uploads\/2023\/08\/KALEVI-JAHTKLUBI-JUHATUSE-KOOSOLEK-01.08.2023.pdf\">01.08.2023<\/a><br \/>\n<a href=\"https:\/\/kjk.ee\/wp-content\/uploads\/2023\/10\/KALEVI-JAHTKLUBI-JUHATUSE-KOOSOLEK-03.10.2023.pdf\">03.10.2023<\/a><br \/>\n<a href=\"https:\/\/kjk.ee\/wp-content\/uploads\/2023\/11\/KALEVI-JAHTKLUBI-JUHATUSE-KOOSOLEK-31.10.2023.pdf\" target=\"_blank\" rel=\"noopener noreferrer\">31.10.2023<\/a><br \/>\n<a href=\"https:\/\/kjk.ee\/wp-content\/uploads\/2023\/12\/KALEVI-JAHTKLUBI-JUHATUSE-KOOSOLEK-05.12.2023.pdf\">05.12.2023<\/a><\/p>\n<p><a href=\"https:\/\/kjk.ee\/wp-content\/uploads\/2024\/02\/KALEVI-JAHTKLUBI-JUHATUSE-KOOSOLEK-19.02.2024.pdf\" target=\"_blank\" rel=\"noopener noreferrer\">19.02.2024<\/a><br \/>\n<a href=\"https:\/\/kjk.ee\/wp-content\/uploads\/2024\/03\/KALEVI-JAHTKLUBI-JUHATUSE-KOOSOLEK-18.03.2024.pdf\">18.03.2024<\/a><br \/>\n<a href=\"https:\/\/kjk.ee\/wp-content\/uploads\/2024\/05\/KALEVI-JAHTKLUBI-JUHATUSE-KOOSOLEK-09.05.2024-1.pdf\">09.05.2024<\/a><br \/>\n<a href=\"https:\/\/kjk.ee\/wp-content\/uploads\/2024\/06\/KALEVI-JAHTKLUBI-JUHATUSE-KOOSOLEK-12.06.2024.pdf\">12.06.2024<\/a><br \/>\n<a href=\"https:\/\/kjk.ee\/wp-content\/uploads\/2024\/07\/KALEVI-JAHTKLUBI-JUHATUSE-KOOSOLEK-26.07.2024.pdf\">26.07.2024<\/a><br \/>\n<a href=\"https:\/\/kjk.ee\/wp-content\/uploads\/2024\/09\/KALEVI-JAHTKLUBI-JUHATUSE-KOOSOLEK-27.08.2024.pdf\">27.08.2024<\/a><br \/>\n<a href=\"https:\/\/kjk.ee\/wp-content\/uploads\/2024\/09\/KALEVI-JAHTKLUBI-JUHATUSE-KOOSOLEK-24.09.2024.pdf\" target=\"_blank\" rel=\"noopener noreferrer\">24.09.2024<\/a><br \/>\n<a href=\"https:\/\/kjk.ee\/wp-content\/uploads\/2024\/11\/KJK-juhatuse-koosoleku-protokoll-29.10.24.pdf\" target=\"_blank\" rel=\"noopener noreferrer\">29.10.2024<\/a><br \/>\n<a href=\"https:\/\/kjk.ee\/wp-content\/uploads\/2024\/12\/KALEVI-JAHTKLUBI-JUHATUSE-KOOSOLEK-03.12.2024.pdf\" target=\"_blank\" rel=\"noopener noreferrer\">03.12.2024<\/a><\/p>\n<p><a href=\"https:\/\/kjk.ee\/wp-content\/uploads\/2025\/01\/KALEVI-JAHTKLUBI-JUHATUSE-KOOSOLEK-14.01.2025.pdf\">14.01.2025<\/a><br \/>\n<a href=\"https:\/\/kjk.ee\/wp-content\/uploads\/2025\/03\/KALEVI-JAHTKLUBI-JUHATUSE-KOOSOLEK-04.03.2025.pdf\" target=\"_blank\" rel=\"noopener noreferrer\">04.03.2025<\/a><br \/>\n<a href=\"https:\/\/kjk.ee\/wp-content\/uploads\/2025\/04\/KALEVI-JAHTKLUBI-JUHATUSE-KOOSOLEK-28.04.2025.pdf\" target=\"_blank\" rel=\"noopener noreferrer\">28.04.2025<\/a><br \/>\n<a href=\"https:\/\/kjk.ee\/wp-content\/uploads\/2025\/06\/KALEVI-JAHTKLUBI-JUHATUSE-KOOSOLEK-10.06.2025.pdf\" target=\"_blank\" rel=\"noopener noreferrer\">10.06.2025<\/a><br \/>\n<a href=\"https:\/\/kjk.ee\/wp-content\/uploads\/2025\/09\/KJK-JUHATUSE-KOOSOLEK-17.09.2025.pdf\" target=\"_blank\" rel=\"noopener noreferrer\">17.09.2025<\/a><br \/>\n<a href=\"https:\/\/kjk.ee\/wp-content\/uploads\/2025\/10\/KALEVI-JAHTKLUBI-JUHATUSE-KOOSOLEK-07.10.2025.pdf\" target=\"_blank\" rel=\"noopener noreferrer\">07.10.2025<\/a><br \/>\n<a href=\"https:\/\/kjk.ee\/wp-content\/uploads\/2025\/12\/KALEVI-JAHTKLUBI-JUHATUSE-KOOSOLEK-25.11.2025.pdf\" target=\"_blank\" rel=\"noopener noreferrer\">25.11.2025<\/a><br \/>\n<a href=\"https:\/\/kjk.ee\/wp-content\/uploads\/2025\/12\/KALEVI-JAHTKLUBI-JUHATUSE-KOOSOLEK-16.12.2025.pdf\" target=\"_blank\" rel=\"noopener noreferrer\">16.12.2025<\/a><br \/>\n<a href=\"https:\/\/kjk.ee\/wp-content\/uploads\/2025\/12\/KALEVI-JAHTKLUBI-JUHATUSE-KOOSOLEK-29.12.2025.pdf\" target=\"_blank\" rel=\"noopener noreferrer\">29.12.2025<\/a><\/p>\n<p><a href=\"https:\/\/kjk.ee\/wp-content\/uploads\/2026\/02\/KALEVI-JAHTKLUBI-JUHATUSE-KOOSOLEK-10.02.2026.pdf\" target=\"_blank\" rel=\"noopener noreferrer\">10.02.2026<\/a><br \/>\n<a href=\"https:\/\/kjk.ee\/wp-content\/uploads\/2026\/03\/KALEVI-JAHTKLUBI-JUHATUSE-KOOSOLEK-24.03.2026.pdf\" target=\"_blank\" rel=\"noopener noreferrer\">24.03.2026<\/a><br \/>\n<a href=\"https:\/\/kjk.ee\/wp-content\/uploads\/2026\/05\/KALEVI-JAHTKLUBI-JUHATUSE-KOOSOLEK-28.04.2026.pdf\" target=\"_blank\" rel=\"noopener noreferrer\">28.04.2026<\/a><\/p>\n<p><a href=\"http:\/\/arhiiv.kjk.ee\/index.php\/dok\" target=\"_blank\" rel=\"noopener noreferrer\">Varasemad otsused ja protokollid<\/a><\/p>\n","protected":false},"excerpt":{"rendered":"<p>MT\u00dc Kalevi Jahtklubi juhatus on valitud kaheks aastaks 28.05.2024 toimunud \u00fcldkoosolekul. Kommodoor T\u00f5nu T\u00f5niste Juhatuse liikmed: Tammo Otsasoo Olev Roosma Piret Salmistu Tanel Tamm &#8211; Asekommodoor Rene Treifeldt Britt Tulit T\u00f5nu T\u00f5niste &#8211; Kommodoor Kiri juhatusele juhatus@kjk.ee Jahtklubi \u00fclem Ain Roosma tel +372 623 9154 tel +372 50 48 228 ain@kjk.ee \u00dcldkoosoleku protokollid: 19.05.2016 \u00fcldkoosoleku protokoll 20.02.2017 erakorralise \u00fcldkoosoleku protokoll<a class=\"more-link\" href=\"https:\/\/kjk.ee\/en\/juhtimine\/\">[Read More&#8230;]<\/a><\/p>\n","protected":false},"author":24,"featured_media":0,"parent":0,"menu_order":0,"comment_status":"open","ping_status":"open","template":"","meta":{"spay_email":""},"jetpack_sharing_enabled":true,"jetpack_shortlink":"https:\/\/wp.me\/PaW3M4-j","_links":{"self":[{"href":"https:\/\/kjk.ee\/en\/wp-json\/wp\/v2\/pages\/19"}],"collection":[{"href":"https:\/\/kjk.ee\/en\/wp-json\/wp\/v2\/pages"}],"about":[{"href":"https:\/\/kjk.ee\/en\/wp-json\/wp\/v2\/types\/page"}],"author":[{"embeddable":true,"href":"https:\/\/kjk.ee\/en\/wp-json\/wp\/v2\/users\/24"}],"replies":[{"embeddable":true,"href":"https:\/\/kjk.ee\/en\/wp-json\/wp\/v2\/comments?post=19"}],"version-history":[{"count":153,"href":"https:\/\/kjk.ee\/en\/wp-json\/wp\/v2\/pages\/19\/revisions"}],"predecessor-version":[{"id":32282,"href":"https:\/\/kjk.ee\/en\/wp-json\/wp\/v2\/pages\/19\/revisions\/32282"}],"wp:attachment":[{"href":"https:\/\/kjk.ee\/en\/wp-json\/wp\/v2\/media?parent=19"}],"curies":[{"name":"wp","href":"https:\/\/api.w.org\/{rel}","templated":true}]}}