{"id":19432,"date":"2022-04-14T20:32:01","date_gmt":"2022-04-14T17:32:01","guid":{"rendered":"https:\/\/kjk.ee\/?page_id=19432"},"modified":"2025-10-16T04:31:38","modified_gmt":"2025-10-16T01:31:38","slug":"kjk-avamerepurjetamise-karikasari","status":"publish","type":"page","link":"https:\/\/kjk.ee\/en\/kjk-avamerepurjetamise-karikasari\/","title":{"rendered":"Kalevi Jahtklubi Avamerepurjetamise Karikasari"},"content":{"rendered":"<p><a href=\"https:\/\/kjk.ee\/wp-content\/uploads\/2021\/05\/kjk_avamere_vert.jpg\"><img loading=\"lazy\" class=\"size-medium wp-image-17137 aligncenter\" src=\"https:\/\/kjk.ee\/wp-content\/uploads\/2021\/05\/kjk_avamere_vert-300x184.jpg\" alt=\"Kalevi Jahtklubi Avamerepurjetamise Karikasari\" width=\"300\" height=\"184\" srcset=\"https:\/\/kjk.ee\/wp-content\/uploads\/2021\/05\/kjk_avamere_vert-300x184.jpg 300w, https:\/\/kjk.ee\/wp-content\/uploads\/2021\/05\/kjk_avamere_vert-1024x628.jpg 1024w, https:\/\/kjk.ee\/wp-content\/uploads\/2021\/05\/kjk_avamere_vert-768x471.jpg 768w, https:\/\/kjk.ee\/wp-content\/uploads\/2021\/05\/kjk_avamere_vert-90x55.jpg 90w, https:\/\/kjk.ee\/wp-content\/uploads\/2021\/05\/kjk_avamere_vert-78x48.jpg 78w, https:\/\/kjk.ee\/wp-content\/uploads\/2021\/05\/kjk_avamere_vert-160x98.jpg 160w, https:\/\/kjk.ee\/wp-content\/uploads\/2021\/05\/kjk_avamere_vert.jpg 1426w\" sizes=\"(max-width: 300px) 100vw, 300px\" \/><\/a><\/p>\n<p style=\"text-align: center;\"><strong>KJK Avamerepurjetamise Karikasarja 2025 etapid<\/strong>:<br \/>\n<strong>I \u2013 K, 7. mai \u2013 Hooaja Avav\u00f5istlus (Amserv Kolmap\u00e4evak 1.etapp)<br \/>\nII\u00a0 \u2013 L &#038; P, 24. &#8211; 25. mai \u2013 E4 Karikav\u00f5istlus<\/strong><br \/>\n<strong>III \u2013 L, 7. juuni &#8211; Terra Feminarum<br \/>\nIV \u2013 R &#038; L, 5. &#8211; 6. september \u2013 Tallinna Meistriv\u00f5istlused l\u00fchirajal<br \/>\nV \u2013 K, 8. oktoober \u2013 Hooaja L\u00f5puv\u00f5istlus (Amserv Kolmap\u00e4evak 19.etapp)<br \/>\n<\/strong><\/p>\n<pre><strong>\r\nKJK Avamerepurjetamise Karikasarja v\u00f5istlusklassid<\/strong>\r\nKlass I\u00a0 \u00a0 \u00a0 \u00a0 \u00a0 \u00a0 \u00a0 ORC I\u00a0\u00a0 \u00a0\u00a0\u00a0\u00a0\u00a0\u00a0\u00a0\u00a0\u00a0\u00a0\u00a0 16,50 \u2265 CDL \u2265 9,500\r\nKlass II \u00a0\u00a0\u00a0\u00a0\u00a0\u00a0\u00a0\u00a0\u00a0\u00a0\u00a0 ORC II\u00a0\u00a0\u00a0\u00a0 \u00a0\u00a0\u00a0\u00a0\u00a0\u00a0\u00a0\u00a0 \u00a09,500 > CDL \u2265 8,500\r\nKlass III \u00a0\u00a0\u00a0\u00a0\u00a0\u00a0\u00a0\u00a0\u00a0\u00a0 ORC III\u00a0\u00a0 \u00a0\u00a0\u00a0\u00a0\u00a0\u00a0\u00a0\u00a0\u00a0 \u00a08,50 > CDL \u2265 7,00\r\nKlass IV\u00a0 \u00a0 \u00a0 \u00a0 \u00a0 \u00a0 ORC IV\u00a0\u00a0\u00a0\u00a0\u00a0\u00a0\u00a0\u00a0\u00a0\u00a0\u00a0\u00a0\u00a0\u00a0\u00a0 CDL < 7,00\r\nKlass IV\u00a0 \u00a0 \u00a0 \u00a0 \u00a0 \u00a0 Draakon\r\nKlass V \u00a0\u00a0\u00a0\u00a0\u00a0\u00a0\u00a0\u00a0\u00a0\u00a0\u00a0 Folkboot\r\n\r\n<\/pre>\n<h3 style=\"text-align: center;\"><strong><a href=\"https:\/\/kjk.ee\/wp-content\/uploads\/2025\/06\/2025-KJK-Avamere-Karikasarja-juhend-13.06.2025.pdf\">2025 KJK Avamere Karikasarja juhend<\/a> <\/strong><\/h3>\n<h2 style=\"text-align: center;\"><strong><a href=\"https:\/\/kjk.ee\/wp-content\/uploads\/2025\/10\/KJK-Avamerepurjetamise-Karikasari_KOOND-2025-2.pdf\">KJK Avamerepurjetamise Karikasari_KOOND 2025<\/a><\/strong><\/h2>\n<h3><strong>I \u2013 7. mai 2024 \u2013 AVAV\u00d5ISTLUS - (<\/strong><span style=\"font-size: 16px;\">Amserv Kolmap\u00e4evak 1.etapp)<\/span><\/h3>\n<ul style=\"list-style-type: circle;\">\n<li><strong><a href=\"https:\/\/kjk.ee\/wp-content\/uploads\/2025\/05\/Amserv-KJK-Kolmapaevak-2025-NoR.pdf\">V\u00f5istlusjuhend (NoR) \/ Amserv KJK Kolmap\u00e4evak 2025 NoR<\/a><\/strong><\/li>\n<li><strong><a href=\"https:\/\/kjk.ee\/wp-content\/uploads\/2025\/05\/Amserv-KJK-Kolmapaeval-2025-SI.pdf\">Purjetamisjuhised \/ Amserv KJK Kolmap\u00e4evak 2025 SI<\/a><\/strong><\/li>\n<li><strong><a href=\"https:\/\/kjk.ee\/wp-content\/uploads\/2023\/05\/2023-Lisa-1-kaart.pdf\">2025 Lisa 1 kaart<\/a><\/strong><\/li>\n<li><a href=\"https:\/\/www.manage2sail.com\/et-EE\/event\/KOLMAK1#!\/results?classId=b3b65fb9-0cdf-419e-94fe-a99df9a9071b\"><strong>TULEMUSED \/ RESULTS<\/strong><\/a><\/li>\n<\/ul>\n<h3><strong>II \u2013 24.-25. mai 2025 \u2013 E4 KARIKAV\u00d5ISTLUS<\/strong><\/h3>\n<ul style=\"list-style-type: circle;\">\n<li><strong><a href=\"https:\/\/kjk.ee\/wp-content\/uploads\/2025\/05\/2025-E4-KV-NoR.pdf\" target=\"_blank\" rel=\"noopener noreferrer\">V\u00f5istlusjuhend (NOR)<\/a><\/strong><\/li>\n<li><strong><a href=\"https:\/\/www.manage2sail.com\/et-EE\/event\/E425#!\/classes\">Registreerimine<\/a><\/strong><\/li>\n<li><a href=\"https:\/\/www.manage2sail.com\/et-EE\/event\/E425#!\/results?classId=c24ec0a3-6ca9-4115-85de-7cbd7b8390da\"><strong>TULEMUSED \/ RESULTS<\/strong><\/a><\/li>\n<\/ul>\n<h3><strong>III \u2013 7.juuni 2025 \u2013 TERRA FEMINARUM<\/strong><\/h3>\n<ul style=\"list-style-type: circle;\">\n<li><a href=\"https:\/\/www.manage2sail.com\/et-EE\/event\/TERRA25#!\/onb?tab=documents&#038;classId=fdab4a0c-e298-4129-99ae-1cda7e8cf812\"><strong>V\u00f5istlusjuhend (NOR)<\/strong><\/a><\/li>\n<li><strong><a href=\"https:\/\/www.manage2sail.com\/et-EE\/event\/TERRA25#!\/classes\">Registreerimine<\/a><\/strong><\/li>\n<li><a href=\"https:\/\/www.manage2sail.com\/et-EE\/event\/TERRA25#!\/results?classId=fdab4a0c-e298-4129-99ae-1cda7e8cf812\"><strong>TULEMUSED \/ RESULTS<\/strong><\/a><\/li>\n<\/ul>\n<h3><strong>IV \u2013 5.-6. september 2025 \u2013 TALLINNA MEISTRIV\u00d5ISTLUSED L\u00dcHIRAJAL\u00a0<\/strong><\/h3>\n<ul style=\"list-style-type: circle;\">\n<li><strong><a href=\"https:\/\/kjk.ee\/wp-content\/uploads\/2025\/08\/2025-Tallinna-MV-NOR.pdf\" target=\"_blank\" rel=\"noopener noreferrer\">V\u00f5istlusjuhend (NOR)<\/a><\/strong><\/li>\n<li><a href=\"https:\/\/www.manage2sail.com\/et-EE\/event\/AVA255#!\/classes\"><strong>Registreerimine<\/strong><\/a><\/li>\n<li><a href=\"https:\/\/www.manage2sail.com\/et-EE\/event\/AVA255#!\/results?classId=25d1d9ba-fd86-4eb9-a05e-ca2cf2edd68d\"><strong>TULEMUSED \/ RESULTS<\/strong><\/a><\/li>\n<\/ul>\n<h3><strong>V \u2013 8. oktoober 2025 \u2013 HOOAJA L\u00d5PUV\u00d5ISTLUS - (<\/strong><span style=\"font-size: 16px;\">Amserv Kolmap\u00e4evak 18.etapp)<\/span><\/h3>\n<ul style=\"list-style-type: circle;\">\n<li><strong><a href=\"https:\/\/kjk.ee\/wp-content\/uploads\/2025\/09\/Amserv-KJK-Kolmapaevak-2025-NoR-23.07.2025.pdf\" target=\"_blank\" rel=\"noopener noreferrer\">V\u00f5istlusjuhend (NoR) \/ Amserv KJK Kolmap\u00e4evak 2025 NoR<\/a><\/strong><\/li>\n<li><strong><a href=\"https:\/\/kjk.ee\/wp-content\/uploads\/2025\/09\/Amserv-KJK-Kolmapaeval-2025-SI-23.07.2025.pdf\" target=\"_blank\" rel=\"noopener noreferrer\">Purjetamisjuhised \/ Amserv KJK Kolmap\u00e4evak 2025 SI<\/a><\/strong><\/li>\n<li><a href=\"https:\/\/www.manage2sail.com\/et-EE\/event\/KOLMAK2518#!\/classes\"><strong>Registreerimine<\/strong><\/a><\/li>\n<li><a href=\"https:\/\/kjk.ee\/wp-content\/uploads\/2023\/05\/2023-Lisa-1-kaart.pdf\"><strong>2025 Lisa 1 kaart <\/strong><\/a><\/li>\n<li><a href=\"https:\/\/www.manage2sail.com\/et-EE\/event\/KOLMAK2518#!\/results?classId=f2a8b5dd-c141-4b7c-a8bb-31aafe1337c3\"><strong>TULEMUSED \/ RESULTS<\/strong><\/a><\/li>\n<\/ul>\n<p>_______________________________________________________________________________<\/p>\n<h3><strong>AJALUGU<\/strong><\/h3>\n<h3><strong><a href=\"https:\/\/kjk.ee\/wp-content\/uploads\/2024\/10\/KJK-Avameri-KOOND-2024-ORC1-ORC-2-ORC3.pdf\">2024 KOONDTULEMUSED ORC I, ORC II & ORC III<\/a> <\/strong><\/h3>\n<h3><strong><a href=\"https:\/\/kjk.ee\/wp-content\/uploads\/2024\/10\/KJK-Avameri-KOOND-2024-Draakon-Folkboot.pdf\">2024 KOONDTULEMUSED DRAAKON & FOLKBOOT<\/a> <\/strong><\/h3>\n<h3><strong>I \u2013 4. mai 2024 \u2013 AVAV\u00d5ISTLUS<\/strong><\/h3>\n<ul style=\"list-style-type: circle;\">\n<li><strong><a href=\"https:\/\/kjk.ee\/wp-content\/uploads\/2024\/04\/2024-Avavoistlus-NOR.pdf\" target=\"_blank\" rel=\"noopener noreferrer\">V\u00f5istlusjuhend (NoR)<\/a>\u00a0<\/strong><\/li>\n<li><strong><a href=\"https:\/\/kjk.ee\/wp-content\/uploads\/2024\/05\/Avavoistlus-SI-2024.pdf\" target=\"_blank\" rel=\"noopener noreferrer\">Purjetamisjuhised (SI)<\/a><\/strong><\/li>\n<li><strong><a href=\"https:\/\/kjk.ee\/wp-content\/uploads\/2023\/05\/2023-Lisa-1-kaart.pdf\">2024 Lisa 1 kaart<\/a><\/strong><\/li>\n<li><strong><a href=\"https:\/\/data.orc.org\/public\/WEV.dll?action=index&#038;eventid=vvklq\">TULEMUSED \/ RESULTS<\/a><\/strong><\/li>\n<\/ul>\n<h3><strong>II \u2013 11.-12. mai 2024 \u2013 E4 KARIKAV\u00d5ISTLUS<\/strong><\/h3>\n<ul style=\"list-style-type: circle;\">\n<li><strong><a href=\"https:\/\/kjk.ee\/wp-content\/uploads\/2024\/05\/2024-E4-KV-NOR.pdf\" target=\"_blank\" rel=\"noopener noreferrer\">V\u00f5istlusjuhend (NOR)<\/a><\/strong><\/li>\n<li><strong><a href=\"https:\/\/kjk.ee\/wp-content\/uploads\/2024\/05\/E4-2024-SI.pdf\" target=\"_blank\" rel=\"noopener noreferrer\">Purjetamisjuhised (SI)<\/a><\/strong><\/li>\n<li><strong><a href=\"https:\/\/data.orc.org\/public\/WEV.dll?action=index&#038;eventid=ifwxs\">TULEMUSED \/ RESULTS<\/a><\/strong><\/li>\n<\/ul>\n<h3><strong>III \u2013 1.juuni 2024 \u2013 TERRA FEMINARUM<\/strong><\/h3>\n<ul style=\"list-style-type: circle;\">\n<li><strong><a href=\"https:\/\/kjk.ee\/wp-content\/uploads\/2024\/05\/2024-Terra-Feminarum-NOR.pdf\">V\u00f5istlusjuhend (NoR)<\/a><\/strong><\/li>\n<li><strong><a href=\"https:\/\/kjk.ee\/wp-content\/uploads\/2024\/05\/Terra-Feminarum-SI-2024.pdf\">Purjetamisjuhised (SI)<\/a><\/strong><\/li>\n<li><a href=\"https:\/\/data.orc.org\/public\/WEV.dll?action=index&#038;eventid=bvedl\"><strong>TULEMUSED \/ RESULTS<\/strong><\/a><\/li>\n<\/ul>\n<h3><strong>IV \u2013 7.-8. september 2024 \u2013 TALLINNA MEISTRIV\u00d5ISTLUSED L\u00dcHIRAJAL\u00a0<\/strong><\/h3>\n<ul style=\"list-style-type: circle;\">\n<li><strong><a href=\"https:\/\/kjk.ee\/wp-content\/uploads\/2024\/08\/2024-Tallinna-MV-luhirajal-NOR.pdf\" target=\"_blank\" rel=\"noopener noreferrer\">V\u00f5istlusjuhend (NoR)<\/a><\/strong><\/li>\n<li><a href=\"https:\/\/www.manage2sail.com\/et-EE\/event\/KJKTMV2024#!\/onb?tab=documents&#038;classId=76b1f31c-c914-45a4-a793-9104616ceb5e\"><strong>Purjetamisjuhised (SI)<\/strong><\/a><\/li>\n<li><a href=\"https:\/\/www.manage2sail.com\/et-EE\/event\/KJKTMV2024#!\/results?classId=76b1f31c-c914-45a4-a793-9104616ceb5e\"><strong>TULEMUSED \/ RESULTS<\/strong><\/a><\/li>\n<\/ul>\n<h3><strong>V \u2013 12.oktoober 2024 \u2013 HOOAJA L\u00d5PUV\u00d5ISTLUS<\/strong><\/h3>\n<ul style=\"list-style-type: circle;\">\n<li><strong><a href=\"https:\/\/kjk.ee\/wp-content\/uploads\/2024\/09\/2024-Lopuvoistlus-NOR.pdf\" target=\"_blank\" rel=\"noopener noreferrer\">V\u00f5istlusjuhend (NoR)<\/a><\/strong><\/li>\n<li><strong><a href=\"https:\/\/kjk.ee\/wp-content\/uploads\/2024\/10\/Lopuvoistlus-SI-2024.pdf\" target=\"_blank\" rel=\"noopener noreferrer\">Purjetamisjuhised (SI)<\/a><\/strong><\/li>\n<li><a href=\"https:\/\/www.manage2sail.com\/et-EE\/event\/LOPUR24#!\/results?classId=0ab71708-dea6-4ab0-8de6-ea7821440ace\"><strong>TULEMUSED \/ RESULTS<\/strong><\/a><\/li>\n<\/ul>\n<ul>\n<li style=\"text-align: left;\"><strong><a href=\"https:\/\/kjk.ee\/wp-content\/uploads\/2023\/04\/2023-KJK-Avamere-Karikasarja-juhend.pdf\">KJK Avamere Karikasarja \u00fcldjuhend 2023<\/a><\/strong><\/li>\n<li><strong><a href=\"https:\/\/kjk.ee\/wp-content\/uploads\/2023\/09\/KJK-Avamerepurjetamise-Karikasari_KOOND-ORC-1-ja-ORC-2.pdf\">2023 KOONDARVESTUS ORC I ja ORC II<\/a><\/strong><\/li>\n<li><strong><a href=\"https:\/\/kjk.ee\/wp-content\/uploads\/2023\/09\/KJK-Avamerepurjetamise-Karikasari_KOOND-ORC-3-Dra-ja-Folk.pdf\">2023 KOONDARVESTUS ORC III, Draakon ja Folkboot<\/a>\u00a0<\/strong><\/li>\n<\/ul>\n<h3><strong>I \u2013 6. mai 2023 \u2013 AVAV\u00d5ISTLUS<\/strong><\/h3>\n<ul style=\"list-style-type: circle;\">\n<li><strong><a href=\"https:\/\/kjk.ee\/wp-content\/uploads\/2023\/04\/2023-Avavoistlus-NOR.pdf\">V\u00f5istlusjuhend (NoR)<\/a><\/strong><\/li>\n<li><strong><a href=\"https:\/\/kjk.ee\/wp-content\/uploads\/2023\/05\/Avavoistlus-SI-2023.pdf\">Purjetamisjuhised (SI)<\/a><\/strong><\/li>\n<li><a href=\"https:\/\/kjk.ee\/wp-content\/uploads\/2023\/05\/2023-Lisa-1-kaart.pdf\">2023 Lisa 1 kaart<\/a><\/li>\n<li><a href=\"https:\/\/data.orc.org\/public\/WEV.dll?action=index&#038;eventid=wpjyt\"><strong>Ametlik teadetetahvel \/ Official Notice Board<\/strong><\/a><\/li>\n<li><a href=\"https:\/\/data.orc.org\/public\/WEV.dll?action=index&#038;eventid=lthua\"><strong>TULEMUSED \/ RESULTS<\/strong><\/a><\/li>\n<\/ul>\n<h3><strong>II \u2013 13. - 14. mai 2023 \u2013 E4 KARIKAV\u00d5ISTLUS l\u00fchirajal<\/strong><\/h3>\n<ul style=\"list-style-type: circle;\">\n<li><strong><a href=\"https:\/\/kjk.ee\/wp-content\/uploads\/2023\/05\/2023-E4-KV-NOR.pdf\" target=\"_blank\" rel=\"noopener noreferrer\">V\u00f5istlusjuhend (NOR)<\/a><\/strong><\/li>\n<li><strong><a href=\"https:\/\/kjk.ee\/wp-content\/uploads\/2023\/05\/E4-2023-SI.pdf\" target=\"_blank\" rel=\"noopener noreferrer\">E4 Purjetamisjuhised (SI) <\/a><\/strong><\/li>\n<li><a href=\"https:\/\/www.manage2sail.com\/et-EE\/event\/E42023#!\/onb?tab=documents&#038;classId=e3a0504f-359a-48a7-ad94-01345dba4ec9\"><strong>Ametlik teadetetahvel \/ Official Notice Board<\/strong><\/a><\/li>\n<li><a href=\"https:\/\/data.orc.org\/public\/WEV.dll?action=index&#038;eventid=wpjyt\"><strong>TULEMUSED \/ RESULTS<\/strong><\/a><\/li>\n<\/ul>\n<h3><strong>III \u2013 3. juuni 2023 \u2013 Terra Feminarum<\/strong><\/h3>\n<ul style=\"list-style-type: circle;\">\n<li><a href=\"https:\/\/kjk.ee\/wp-content\/uploads\/2023\/05\/Terra-Feminarum-NOR-2023.pdf\"><strong>V\u00f5istlusjuhend (NOR)<\/strong><\/a><\/li>\n<li><strong><a href=\"https:\/\/kjk.ee\/wp-content\/uploads\/2023\/06\/Terra-Feminarum-SI-2023.pdf\">Terra Feminarum Purjetamisjuhised (SI)<\/a> <\/strong><\/li>\n<li><a href=\"https:\/\/www.manage2sail.com\/et-EE\/event\/TERRA2023#!\/onb?tab=documents&#038;classId=8a98a831-993f-4b3b-b39e-108403e7d2ab\"><strong>Ametlik teadetetahvel \/ Official Notice Board<\/strong><\/a><\/li>\n<li><a href=\"https:\/\/data.orc.org\/public\/WEV.dll?action=index&#038;eventid=qgykc\"><strong>TULEMUSED \/ RESULTS<\/strong><\/a><\/li>\n<\/ul>\n<h3><strong>IV \u2013 9. - 10. september 2023 \u2013 <\/strong>Tallinna MV l\u00fchirajal<\/h3>\n<ul style=\"list-style-type: circle;\">\n<li><strong><a href=\"https:\/\/kjk.ee\/wp-content\/uploads\/2023\/08\/2023-Tallinna-MV-NOR.pdf\" target=\"_blank\" rel=\"noopener noreferrer\">V\u00f5istlusjuhend (NOR)<\/a><\/strong><\/li>\n<li><strong><a href=\"https:\/\/www.manage2sail.com\/et-EE\/event\/TMV2023#!\/classes\">Regsitreerimine<\/a><\/strong><\/li>\n<li><strong><a href=\"https:\/\/kjk.ee\/wp-content\/uploads\/2023\/09\/2023-Tallinna-MV-SI.pdf\" target=\"_blank\" rel=\"noopener noreferrer\">Tallinna MV purjetamisjuhised (SI)<\/a> <\/strong><\/li>\n<li><a href=\"https:\/\/www.manage2sail.com\/et-EE\/event\/TMV2023#!\/onb?tab=documents&#038;classId=658f5c98-ea39-45b7-8d94-89b49fc18eec\"><strong>Ametlik teadetetahvel \/ Official Notice Board<\/strong><\/a><\/li>\n<li><a href=\"https:\/\/data.orc.org\/public\/WEV.dll?action=index&#038;eventid=fhspe\"><strong>TULEMUSED \/ RESULTS<\/strong><\/a><\/li>\n<\/ul>\n<h3><strong>V \u2013 14.oktoober 2023 \u2013 Hooaja l\u00f5puv\u00f5istlus - J\u00c4\u00c4B \u00c4RA!<\/strong><\/h3>\n<ul style=\"list-style-type: circle;\">\n<li><strong><a href=\"https:\/\/kjk.ee\/wp-content\/uploads\/2023\/10\/Lopuvositlus-SI-2023.pdf\" target=\"_blank\" rel=\"noopener noreferrer\">V\u00f5istlusjuhend (NOR)<\/a><\/strong><\/li>\n<li><strong><a href=\"https:\/\/kjk.ee\/wp-content\/uploads\/2023\/10\/Lopuvositlus-SI-2023.pdf\" target=\"_blank\" rel=\"noopener noreferrer\">L\u00f5puv\u00f5istlus purjetamisjuhised (SI)<\/a><\/strong><\/li>\n<\/ul>\n<h3><\/h3>\n<p><strong><a href=\"https:\/\/kjk.ee\/wp-content\/uploads\/2022\/08\/2022-VIANOR-CUP-KJK-Avamere-Karikasarja-juhend.pdf\">2022 VIANOR CUP KJK Avamere Karikasarja \u00fcldjuhend<\/a><\/strong><\/p>\n<p><strong>2022 KOONDTULEMUSED:<br \/>\n<\/strong><strong><a href=\"https:\/\/kjk.ee\/wp-content\/uploads\/2022\/10\/VIANOR-CUP-KJK-Avamerepurjetamise-Karikasari_KOOND-ORC-I-ORC-II.pdf\">ORC I & ORC II<\/a><br \/>\n<\/strong><strong><a href=\"https:\/\/kjk.ee\/wp-content\/uploads\/2022\/10\/VIANOR-CUP-KJK-Avamerepurjetamise-Karikasari_KOOND-ORC-III-Folk-Draakon.pdf\">ORC III, Draakon & Folkboot<\/a><\/strong><\/p>\n<h3>I \u2013 7. mai 2022 \u2013 AVAV\u00d5ISTLUS<\/h3>\n<p><strong><a href=\"https:\/\/www.manage2sail.com\/en-US\/event\/AVAVOISTLUSVIANORCUP#!\/onb?tab=officialCommunication&#038;classId=8715cdaf-8ebd-4d8e-a445-8a1c004e342b\">Ametlik teadetetahvel \/ Official Notice Board<\/a><br \/>\n<\/strong><strong><a href=\"https:\/\/data.orc.org\/public\/WEV.dll?action=index&#038;eventid=oqipq\">TULEMUSED \/ RESULTS<\/a><br \/>\n<\/strong><strong><a href=\"https:\/\/www.facebook.com\/media\/set?set=a.5834823096534350&#038;type=3\">Pildid KJK Facebooki albumis (autor Raul Harro)<\/a><\/strong><\/p>\n<p><strong><em>Mitteametlik arvestus \/ Non-official ranking ORC I and ORC II together:<br \/>\n<\/em><\/strong><em><strong><a href=\"https:\/\/kjk.ee\/wp-content\/uploads\/2022\/05\/Avavoistlus-VIANOR-CUP-ORC-I-ja-ORC-II-koos.pdf\">Avav\u00f5istlus VIANOR CUP ORC I ja ORC II koos<\/a><\/strong><\/em><\/p>\n<h3>II \u2013 14.-15. mai 2022\u2013 E4 KARIKAV\u00d5ISTLUS<\/h3>\n<p><strong><a href=\"https:\/\/www.manage2sail.com\/en-US\/event\/71afb15d-1b47-4410-96ca-4d4a84602c6f#!\/onb?tab=officialCommunication&#038;classId=91bbd8ca-b01f-4d5d-973b-e225d18a7484\">Ametlik teadetetahvel \/ Official Notice Board<\/a><br \/>\n<\/strong><strong><a href=\"https:\/\/data.orc.org\/public\/WEV.dll?action=index&#038;eventid=yksxc\" target=\"_blank\" rel=\"noopener noreferrer\">TULEMUSED \/ RESULTS<\/a><br \/>\n<\/strong><strong><a href=\"https:\/\/www.facebook.com\/media\/set\/?set=a.5850499244966735&#038;type=3\">Pildid KJK Facebooki albumis I P\u00c4EV (autor Tiit Aunaste) <\/a><br \/>\n<\/strong><strong><a href=\"https:\/\/www.facebook.com\/media\/set\/?set=a.5853355104681149&#038;type=3\">Pildid KJK Facebooki albumis II P\u00c4EV ja autasustamine (autor Tiit Aunaste)<\/a><\/strong><\/p>\n<p><strong><em>Mitteametlik arvestus \/ Non-official ranking ORC I and ORC II together:<br \/>\n<\/em><\/strong><strong><em><a href=\"https:\/\/kjk.ee\/wp-content\/uploads\/2022\/05\/E4-VIANOR-CUP-race-1-ORC-I-JA-ORC-II-koos.pdf\">E4 VIANOR CUP race 1 ORC I JA ORC II koos<\/a><br \/>\n<\/em><\/strong><strong><em><a href=\"https:\/\/kjk.ee\/wp-content\/uploads\/2022\/05\/E4-VIANOR-CUP-race-2-ORC-I-JA-ORC-II-koos.pdf\">E4 VIANOR CUP race 2 ORC I JA ORC II koos<\/a><br \/>\n<\/em><\/strong><strong><em><a href=\"https:\/\/kjk.ee\/wp-content\/uploads\/2022\/05\/E4-VIANOR-CUP-race-3-ORC-I-JA-ORC-II-koos.pdf\">E4 VIANOR CUP race 3 ORC I JA ORC II koos<\/a><br \/>\n<\/em><\/strong><em><strong><a href=\"https:\/\/kjk.ee\/wp-content\/uploads\/2022\/05\/E4-VIANOR-CUP-race-4-ORC-I-JA-ORC-II-koos.pdf\">E4 VIANOR CUP race 4 ORC I JA ORC II koos<\/a><br \/>\n<\/strong><\/em><em><strong><a href=\"https:\/\/kjk.ee\/wp-content\/uploads\/2022\/05\/E4-VIANOR-CUP-race-5-ORC-I-JA-ORC-II-koos.pdf\">E4 VIANOR CUP race 5 ORC I JA ORC II koos<\/a><br \/>\n<\/strong><\/em><em><strong><a href=\"https:\/\/kjk.ee\/wp-content\/uploads\/2022\/05\/E4-VIANOR-CUP-race-6-ORC-I-JA-ORC-II-koos.pdf\">E4 VIANOR CUP race 6 ORC I JA ORC II koos<\/a><br \/>\n<\/strong><\/em><em><strong><a href=\"https:\/\/kjk.ee\/wp-content\/uploads\/2022\/05\/E4-VIANOR-CUP-OVERALL-ORC-I-JA-ORC-II-koos.pdf\">E4 VIANOR CUP OVERALL ORC I JA ORC II koos<\/a><\/strong><\/em><\/p>\n<h3>III \u2013 4. juuni 2022\u2013 TERRA FEMINARUM<\/h3>\n<p><strong><a href=\"https:\/\/www.manage2sail.com\/en-US\/event\/f67a9b78-348d-42c6-8b83-7b0107339532#!\/onb?tab=officialCommunication&#038;classId=f29e2ec7-c03c-44a1-9637-08ea6df54fe8\">Ametlik teadetetahvel \/ Official Notice Board<\/a><br \/>\n<\/strong><strong><a href=\"https:\/\/data.orc.org\/public\/WEV.dll?action=index&#038;eventid=ysiat\">TULEMUSED \/ RESULTS<\/a><br \/>\n<\/strong><strong><a href=\"https:\/\/www.facebook.com\/media\/set\/?vanity=Kalevi.Jahtklubi&#038;set=a.5920608787955780\">Pildid KJK Facebooki albumist (fotod: Enda P\u00e4risma)<\/a><\/strong><\/p>\n<h3>IV\u2013 3.-4. september 2022 \u2013 TALLINNA MEISTRIV\u00d5ISTLUSED L\u00dcHIRAJAL<\/h3>\n<p><strong><a href=\"https:\/\/www.manage2sail.com\/en-US\/event\/35e5da7c-4efb-4d94-8e7b-0cf94c7c3685#!\/onb?tab=documents&#038;classId=a39ef27b-508e-46a5-af27-8019ee0c6d40\">Ametlik teadetetahvel \/ Official Notice Board<\/a><br \/>\n<\/strong><strong><a href=\"https:\/\/data.orc.org\/public\/WEV.dll?action=index&#038;eventid=bfudz\">TULEMUSED \/ RESULTS<\/a><\/strong><\/p>\n<p><strong><em>Mitteametlik arvestus \/ Non-official ranking ORC I and ORC II together:<br \/>\n<\/em><\/strong><em><strong><a href=\"https:\/\/kjk.ee\/wp-content\/uploads\/2022\/09\/ORC-I-II-koos-race-1.pdf\">ORC I & II koos race 1<\/a><br \/>\n<\/strong><\/em><em><strong><a href=\"https:\/\/kjk.ee\/wp-content\/uploads\/2022\/09\/ORC-I-II-koos-race-2.pdf\">ORC I & II koos race 2<\/a><br \/>\n<\/strong><\/em><em><strong><a href=\"https:\/\/kjk.ee\/wp-content\/uploads\/2022\/09\/ORC-I-II-koos-race-3.pdf\">ORC I & II koos race 3<\/a><br \/>\n<\/strong><\/em><em><strong><a href=\"https:\/\/kjk.ee\/wp-content\/uploads\/2022\/09\/ORC-I-II-koos-race-4.pdf\">ORC I & II koos race 4<\/a><br \/>\n<\/strong><\/em><em><strong><a href=\"https:\/\/kjk.ee\/wp-content\/uploads\/2022\/09\/ORC-I-II-koos-race-5.pdf\">ORC I & II koos race 5<\/a><br \/>\n<\/strong><\/em><em><strong><a href=\"https:\/\/kjk.ee\/wp-content\/uploads\/2022\/09\/ORC-I-II-koos-race-6.pdf\">ORC I & II koos race 6<\/a><br \/>\n<\/strong><\/em><em><strong><a href=\"https:\/\/kjk.ee\/wp-content\/uploads\/2022\/09\/ORC-I-II-koos-race-7.pdf\">ORC I & II koos race 7<\/a><br \/>\n<\/strong><\/em><em><strong><a href=\"https:\/\/kjk.ee\/wp-content\/uploads\/2022\/09\/ORC-I-II-koos-overall.pdf\">ORC I & II koos koondarvestus<\/a><\/strong><\/em><\/p>\n<h3>V \u2013 15.oktoober 2022\u2013 HOOAJA L\u00d5PUV\u00d5ISTLUS<\/h3>\n<p><a href=\"https:\/\/www.manage2sail.com\/en-US\/event\/2fac809e-d771-4bf4-8e18-ab401bf3226b#!\/onb?tab=documents&#038;classId=9a3dbe7c-8000-45c6-a010-e7a96bf355bb\"><strong>Ametlik teadetetahvel \/ Official Notice Board<\/strong><\/a><br \/>\n<a href=\"https:\/\/data.orc.org\/public\/WEV.dll?action=index&#038;eventid=vgtry\"><strong>TULEMUSED \/ RESULTS<\/strong><\/a><br \/>\n<strong><em><a href=\"https:\/\/kjk.ee\/wp-content\/uploads\/2022\/11\/ORC-I-ORC-II-koos.pdf\">Mitteametlik arvestus ORC I & ORC II koos \/ Non-official ranking ORC I and ORC II together<\/a><\/em><\/strong><\/p>\n<hr \/>\n<h3><strong>Suur t\u00e4nu ja kummardus SEIKOle, kes toetas KJK Avamerepurjetamise Karikasarja aastatel 2011-2020!<\/strong><\/h3>\n<p><a href=\"https:\/\/kjk.ee\/kjk-avamerepurjetamise-karikasari-2021\/\">2021.a KJK Avamerepurjetamise Karikasari 2021 veebileht<\/a><br \/>\n<a href=\"https:\/\/kjk.ee\/kjk-avamerepurjetamise-karikasari-2021\/\">2021.a KJK Avamerepurjetamise KOONDTULEMUSED<\/a><\/p>\n<p><a href=\"https:\/\/kjk.ee\/wp-content\/uploads\/2020\/02\/seikocup2020.jpg\"><img loading=\"lazy\" class=\"size-full wp-image-13907 alignright\" src=\"https:\/\/kjk.ee\/wp-content\/uploads\/2020\/02\/seikocup2020.jpg\" alt=\"\" width=\"269\" height=\"95\" srcset=\"https:\/\/kjk.ee\/wp-content\/uploads\/2020\/02\/seikocup2020.jpg 269w, https:\/\/kjk.ee\/wp-content\/uploads\/2020\/02\/seikocup2020-156x55.jpg 156w, https:\/\/kjk.ee\/wp-content\/uploads\/2020\/02\/seikocup2020-136x48.jpg 136w, https:\/\/kjk.ee\/wp-content\/uploads\/2020\/02\/seikocup2020-267x94.jpg 267w\" sizes=\"(max-width: 269px) 100vw, 269px\" \/><\/a><\/p>\n<p><a href=\"https:\/\/kjk.ee\/seiko-cup-2020\/\">2020.a SEIKO CUP veebileht<\/a><br \/>\n<a href=\"https:\/\/kjk.ee\/wp-content\/uploads\/2020\/10\/SEIKO-CUP-2020_KOOND_4-regatti.pdf\">2020.a SEIKO CUP KOONDTULEMUSED<\/a><\/p>\n<p><a href=\"https:\/\/kjk.ee\/seiko-cup-2019\/\">2019.a SEIKO CUP veebileht\u00a0<\/a><br \/>\n<a href=\"https:\/\/kjk.ee\/wp-content\/uploads\/2019\/10\/SEIKO-CUP-2019_KOOND_5-regatti.pdf\">2019.a SEIKO CUP KOONDTULEMUSED<\/a><\/p>\n<p><a href=\"http:\/\/www.kjk.ee\/seiko-cup-2018\/\">2018.a SEIKO CUP veebileht<\/a><br \/>\n<a href=\"http:\/\/www.kjk.ee\/wp-content\/uploads\/2018\/10\/SEIKO-CUP-2018_KOOND_5-regatti.pdf\">2018.a SEIKO CUP KOONDTULEMUSED<\/a><\/p>\n<p><a href=\"http:\/\/www.kjk.ee\/seiko-cup-2017-2\/\">2017.a SEIKO CUP veebileht<\/a><br \/>\n<a href=\"http:\/\/www.kjk.ee\/wp-content\/uploads\/2017\/04\/SEIKO-CUP-2017_koondseis_15102017.pdf\">2017.a SEIKO CUP KOONDTLEMUSED<\/a><\/p>\n<p><a href=\"http:\/\/www.kjk.ee\/seiko-cup-2016\/\">2016.a SEIKO CUP veebileht<\/a><br \/>\n<a href=\"http:\/\/www.kjk.ee\/seiko-cup-2016\/seiko-cup-2016_koond_finaal-2\/\">2016.a SEIKO CUP KOONDTULEMUSED<\/a><\/p>\n<p><a href=\"http:\/\/www.kjk.ee\/seiko-cup-2015\/\">2015.a SEIKO CUP veebileht<\/a><br \/>\n<a href=\"http:\/\/www.kjk.ee\/wp-content\/uploads\/2015\/03\/SEIKO_CUP_KOOND_20151.pdf\">SEIKO CUP 2015 KOONDTULEMUSED<\/a><\/p>\n<p><a href=\"http:\/\/www.kjk.ee\/seiko-cup\/\" target=\"_blank\" rel=\"noopener noreferrer\">2014.a SEIKO CUP veebileht<\/a><br \/>\n<a href=\"http:\/\/www.kjk.ee\/upload\/events\/doc14133602324.pdf\">SEIKO CUP 2014 KOONDTULEMUSED<\/a><\/p>\n<p><a href=\"http:\/\/arhiiv.kjk.ee\/index.php\/1419\">KJK Karikav\u00f5istlus SEIKO CUP 2014<\/a><\/p>\n<p><a href=\"http:\/\/arhiiv.kjk.ee\/index.php\/1259\">KJK Karikav\u00f5istlus SEIKO CUP 2013<\/a><\/p>\n<p><a href=\"http:\/\/arhiiv.kjk.ee\/index.php\/1077\">KJK Avamerepurjetamise karikav\u00f5istlus SEIKO CUP 2012<\/a><\/p>\n<p><a href=\"http:\/\/arhiiv.kjk.ee\/index.php\/1003\">Caprice Cup KJK Avamerepurjetamise Karikav\u00f5istlus 2011<\/a><\/p>\n","protected":false},"excerpt":{"rendered":"<p>KJK Avamerepurjetamise Karikasarja 2025 etapid: I \u2013 K, 7. mai \u2013 Hooaja Avav\u00f5istlus (Amserv Kolmap\u00e4evak 1.etapp) II\u00a0 \u2013 L &#038; P, 24. &#8211; 25. mai \u2013 E4 Karikav\u00f5istlus III \u2013 L, 7. juuni &#8211; Terra Feminarum IV \u2013 R &#038; L, 5. &#8211; 6. september \u2013 Tallinna Meistriv\u00f5istlused l\u00fchirajal V \u2013 K, 8. oktoober \u2013 Hooaja L\u00f5puv\u00f5istlus (Amserv Kolmap\u00e4evak 19.etapp)<a class=\"more-link\" href=\"https:\/\/kjk.ee\/en\/kjk-avamerepurjetamise-karikasari\/\">[Read More&#8230;]<\/a><\/p>\n","protected":false},"author":24,"featured_media":17147,"parent":0,"menu_order":0,"comment_status":"closed","ping_status":"closed","template":"","meta":{"spay_email":""},"jetpack_sharing_enabled":true,"jetpack_shortlink":"https:\/\/wp.me\/PaW3M4-53q","_links":{"self":[{"href":"https:\/\/kjk.ee\/en\/wp-json\/wp\/v2\/pages\/19432"}],"collection":[{"href":"https:\/\/kjk.ee\/en\/wp-json\/wp\/v2\/pages"}],"about":[{"href":"https:\/\/kjk.ee\/en\/wp-json\/wp\/v2\/types\/page"}],"author":[{"embeddable":true,"href":"https:\/\/kjk.ee\/en\/wp-json\/wp\/v2\/users\/24"}],"replies":[{"embeddable":true,"href":"https:\/\/kjk.ee\/en\/wp-json\/wp\/v2\/comments?post=19432"}],"version-history":[{"count":182,"href":"https:\/\/kjk.ee\/en\/wp-json\/wp\/v2\/pages\/19432\/revisions"}],"predecessor-version":[{"id":31085,"href":"https:\/\/kjk.ee\/en\/wp-json\/wp\/v2\/pages\/19432\/revisions\/31085"}],"wp:featuredmedia":[{"embeddable":true,"href":"https:\/\/kjk.ee\/en\/wp-json\/wp\/v2\/media\/17147"}],"wp:attachment":[{"href":"https:\/\/kjk.ee\/en\/wp-json\/wp\/v2\/media?parent=19432"}],"curies":[{"name":"wp","href":"https:\/\/api.w.org\/{rel}","templated":true}]}}