{"id":20612,"date":"2022-08-25T09:54:29","date_gmt":"2022-08-25T06:54:29","guid":{"rendered":"https:\/\/kjk.ee\/?page_id=20612"},"modified":"2026-04-29T10:25:08","modified_gmt":"2026-04-29T07:25:08","slug":"treeningkava","status":"publish","type":"page","link":"https:\/\/kjk.ee\/en\/treeningkava\/","title":{"rendered":"Treeningkava"},"content":{"rendered":"<h2><strong>TALVINE TREENINGKAVA (01.11.2025-30.04.2026)<\/strong><\/h2>\n<table dir=\"ltr\" style=\"width: 64.5431%;\" border=\"1\" cellspacing=\"0\" cellpadding=\"0\" data-sheets-root=\"1\" data-sheets-baot=\"1\">\n<colgroup>\n<col width=\"132\" \/>\n<col width=\"172\" \/>\n<col width=\"201\" \/>\n<col width=\"207\" \/><\/colgroup>\n<tbody>\n<tr>\n<td style=\"text-align: center; width: 106.164%;\" colspan=\"4\" rowspan=\"1\"><strong>OPTIMIST LHV, OPTIMIST ALG EDASI<\/strong><\/td>\n<\/tr>\n<tr>\n<td style=\"text-align: center; width: 12.5683%;\">E<\/td>\n<td style=\"text-align: center; width: 22.2638%;\">16:30 &#8211; 18:00<\/td>\n<td style=\"width: 35.1915%;\">Pirita Majandusg\u00fcmnaasium v\u00f5imla<\/td>\n<td style=\"width: 36.1404%;\">saalitrenn<\/td>\n<\/tr>\n<tr>\n<td style=\"text-align: center; width: 12.5683%;\">T<\/td>\n<td style=\"text-align: center; width: 22.2638%;\">17:00 &#8211; 18:00<\/td>\n<td style=\"width: 35.1915%;\">Kalevi Jahtklubi Kapteni Kajut ja Klubisaal<\/td>\n<td style=\"width: 36.1404%;\">teooria<\/td>\n<\/tr>\n<tr>\n<td style=\"text-align: center; width: 12.5683%;\">T<\/td>\n<td style=\"text-align: center; width: 22.2638%;\">18:00 &#8211; 19:00<\/td>\n<td style=\"width: 35.1915%;\">Kalevi Jahtklubi<\/td>\n<td style=\"width: 36.1404%;\">\u00fcldf\u00fc\u00fcsiline treening<\/td>\n<\/tr>\n<tr>\n<td style=\"text-align: center; width: 12.5683%;\">K<\/td>\n<td style=\"text-align: center; width: 22.2638%;\">18:30 &#8211; 20:00<\/td>\n<td style=\"width: 35.1915%;\">Herne t\u00e4nava spordihall<\/td>\n<td style=\"width: 36.1404%;\">kergej\u00f5ustik<\/td>\n<\/tr>\n<tr>\n<td style=\"text-align: center; width: 12.5683%;\">N<\/td>\n<td style=\"text-align: center; width: 22.2638%;\">18:00 &#8211; 18:45<\/td>\n<td style=\"width: 35.1915%;\">Viimsi kool ujula<\/td>\n<td style=\"width: 36.1404%;\">ujumine<\/td>\n<\/tr>\n<\/tbody>\n<\/table>\n<table dir=\"ltr\" style=\"width: 64.5458%; height: 132px;\" border=\"1\" cellspacing=\"0\" cellpadding=\"0\" data-sheets-root=\"1\" data-sheets-baot=\"1\">\n<colgroup>\n<col width=\"132\" \/>\n<col width=\"172\" \/>\n<col width=\"201\" \/>\n<col width=\"207\" \/><\/colgroup>\n<tbody>\n<tr style=\"height: 22px;\">\n<td style=\"text-align: center; width: 106.029%; height: 22px;\" colspan=\"4\"><strong>OPTIMIST EMV*, ZOOM, RS FEVA*, ILCA\/AERO*<\/strong><\/td>\n<\/tr>\n<tr>\n<td style=\"text-align: center; width: 12.6761%;\">E<\/td>\n<td style=\"text-align: center; width: 22.4938%;\">18:30 &#8211; 20:30<\/td>\n<td style=\"width: 34.8179%;\">Kalevi Jahtklubi<\/td>\n<td style=\"width: 36.0409%;\">\u00fcldf\u00fc\u00fcsiline treening\/j\u00f5usaal<\/td>\n<\/tr>\n<tr style=\"height: 22px;\">\n<td style=\"text-align: center; width: 12.6761%; height: 22px;\">T<\/td>\n<td style=\"text-align: center; width: 22.4938%; height: 22px;\">17:00 &#8211; 18:00<\/td>\n<td style=\"width: 34.8179%; height: 22px;\">Kalevi Jahtklubi<\/td>\n<td style=\"width: 36.0409%; height: 22px;\">\u00fcldf\u00fc\u00fcsiline treening\/j\u00f5usaal<\/td>\n<\/tr>\n<tr style=\"height: 22px;\">\n<td style=\"text-align: center; width: 12.6761%; height: 22px;\">T<\/td>\n<td style=\"text-align: center; width: 22.4938%; height: 22px;\">18:00 &#8211; 19:00<\/td>\n<td style=\"width: 34.8179%; height: 22px;\">Kalevi Jahtklubi Kapteni Kajut<\/td>\n<td style=\"width: 36.0409%; height: 22px;\">teooria<\/td>\n<\/tr>\n<tr style=\"height: 22px;\">\n<td style=\"text-align: center; width: 12.6761%; height: 22px;\">K<\/td>\n<td style=\"text-align: center; width: 22.4938%; height: 22px;\">18:30 &#8211; 20:30<\/td>\n<td style=\"width: 34.8179%; height: 22px;\">Herne t\u00e4nava spordihall<\/td>\n<td style=\"width: 36.0409%; height: 22px;\">kergej\u00f5ustik<\/td>\n<\/tr>\n<tr style=\"height: 22px;\">\n<td style=\"text-align: center; width: 12.6761%; height: 22px;\">N<\/td>\n<td style=\"text-align: center; width: 22.4938%; height: 22px;\">18:45 &#8211; 19:45<\/td>\n<td style=\"width: 34.8179%; height: 22px;\">Viimsi kooli ujula<\/td>\n<td style=\"width: 36.0409%; height: 22px;\">ujumine<\/td>\n<\/tr>\n<tr style=\"height: 22px;\">\n<td style=\"text-align: center; width: 12.6761%; height: 22px;\">R<\/td>\n<td style=\"text-align: center; width: 22.4938%; height: 22px;\">18:30 &#8211; 20:30<\/td>\n<td style=\"width: 34.8179%; height: 22px;\">Herne t\u00e4nava spordihall<\/td>\n<td style=\"width: 36.0409%; height: 22px;\">kergej\u00f5ustik<\/td>\n<\/tr>\n<\/tbody>\n<\/table>\n<p><strong>* ILCA\/Aero ja Optimist EMV lisanduvad iseseisvad treeningud KJK j\u00f5usaalis, \u00f5uetrennid vastavalt P 14:00-16:00\/16:00-18:00<\/strong><\/p>\n<h2><a href=\"https:\/\/kjk.ee\/wp-content\/uploads\/2026\/04\/Treeningkava-4.05-10.06.2026-VOL-2.pdf\" target=\"_blank\" rel=\"noopener noreferrer\">Treeningkava 4.05-10.06.2026<\/a><\/h2>\n<h2><strong>TREENINKAVA 04.05-10.06.2026 (k\u00f5ik trennid toimuvad Kalevi Jahtklubis ja treeningkava alusel kokkulepitud sportlastel KJK j\u00f5usaalis)<\/strong><\/h2>\n<table style=\"border-collapse: collapse; width: 45.2887%; height: 101px;\">\n<tbody>\n<tr style=\"height: 13px;\">\n<td style=\"width: 103.196%; text-align: center; height: 13px;\" colspan=\"4\"><strong>OPTIMIST EMV<\/strong><\/td>\n<\/tr>\n<tr style=\"height: 22px;\">\n<td style=\"width: 103.196%; text-align: center; height: 22px;\" colspan=\"4\"><strong>Treener Anni<\/strong><\/td>\n<\/tr>\n<tr style=\"height: 22px;\">\n<td style=\"width: 23.9726%; height: 22px; text-align: center;\">E<\/td>\n<td style=\"width: 25.3425%; height: 22px; text-align: center;\">T<\/td>\n<td style=\"width: 25.3425%; height: 22px; text-align: center;\">K<\/td>\n<td style=\"width: 28.5388%; height: 22px; text-align: center;\">N<\/td>\n<\/tr>\n<tr style=\"height: 22px;\">\n<td style=\"width: 23.9726%; height: 22px; text-align: center;\">16:00-19:00<\/td>\n<td style=\"width: 25.3425%; height: 22px; text-align: center;\">18:00-19:30<\/td>\n<td style=\"width: 25.3425%; height: 22px; text-align: center;\">18:00-19:30<\/td>\n<td style=\"width: 28.5388%; height: 22px; text-align: center;\">18:00-19:30<\/td>\n<\/tr>\n<tr style=\"height: 22px;\">\n<td style=\"width: 23.9726%; height: 22px;\"><\/td>\n<td style=\"width: 25.3425%; height: 22px;\"><\/td>\n<td style=\"width: 25.3425%; height: 22px;\"><\/td>\n<td style=\"width: 28.5388%; height: 22px;\"><\/td>\n<\/tr>\n<\/tbody>\n<\/table>\n<table style=\"border-collapse: collapse; width: 40.5797%; height: 242px;\">\n<tbody>\n<tr style=\"height: 22px;\">\n<td style=\"width: 76.0275%; height: 22px; text-align: center;\" colspan=\"3\"><strong>OPTIMIST LHV<\/strong><\/td>\n<\/tr>\n<tr style=\"height: 22px;\">\n<td style=\"width: 76.0275%; height: 22px; text-align: center;\" colspan=\"3\"><strong>Treener Britta<\/strong><\/td>\n<\/tr>\n<tr style=\"height: 22px;\">\n<td style=\"width: 25.3425%; height: 22px; text-align: center;\">T<\/td>\n<td style=\"width: 25.3425%; height: 22px; text-align: center;\">K<\/td>\n<td style=\"width: 25.3425%; height: 22px; text-align: center;\">N<\/td>\n<\/tr>\n<tr style=\"height: 22px;\">\n<td style=\"width: 25.3425%; height: 22px;\">16:00 -17:30<\/td>\n<td style=\"width: 25.3425%; height: 22px;\">16:00 -17:30<\/td>\n<td style=\"width: 25.3425%; height: 22px;\">16:00 -17:30<\/td>\n<\/tr>\n<tr>\n<td style=\"text-align: center; width: 76.0275%;\" colspan=\"3\"><strong>\u00a0<\/strong><\/td>\n<\/tr>\n<tr>\n<td style=\"text-align: center; width: 76.0275%;\" colspan=\"3\"><strong>OPTIMIST ALG EDASI<\/strong><\/td>\n<\/tr>\n<tr>\n<td style=\"width: 76.0275%; text-align: center;\" colspan=\"3\"><strong>Treenerid Anni ja Janno<\/strong><\/td>\n<\/tr>\n<tr>\n<td style=\"width: 25.3425%; text-align: center;\">T<\/td>\n<td style=\"width: 25.3425%; text-align: center;\">K<\/td>\n<td style=\"width: 25.3425%; text-align: center;\">N<\/td>\n<\/tr>\n<tr>\n<td style=\"width: 25.3425%; text-align: center;\">16:00 -17:30<\/td>\n<td style=\"width: 25.3425%; text-align: center;\">16:00 -17:30<\/td>\n<td style=\"width: 25.3425%; text-align: center;\">16:00 -17:30<\/td>\n<\/tr>\n<tr>\n<td style=\"width: 25.3425%;\"><\/td>\n<td style=\"width: 25.3425%;\"><\/td>\n<td style=\"width: 25.3425%;\"><\/td>\n<\/tr>\n<tr>\n<td style=\"width: 76.0275%; text-align: center;\" colspan=\"3\"><strong>ZOOM8<\/strong><\/td>\n<\/tr>\n<tr>\n<td style=\"width: 25.3425%; text-align: center;\"><strong>\u00a0<\/strong><\/td>\n<td style=\"width: 25.3425%; text-align: center;\"><strong>Treener Anni<\/strong><\/td>\n<td style=\"width: 25.3425%;\"><strong>\u00a0<\/strong><\/td>\n<\/tr>\n<tr>\n<td style=\"width: 25.3425%; text-align: center;\">T<\/td>\n<td style=\"width: 25.3425%; text-align: center;\">K<\/td>\n<td style=\"width: 25.3425%; text-align: center;\">N<\/td>\n<\/tr>\n<tr>\n<td style=\"width: 25.3425%; text-align: center;\">18:00-19:30<\/td>\n<td style=\"width: 25.3425%; text-align: center;\">18:00-19:30<\/td>\n<td style=\"width: 25.3425%; text-align: center;\">18:00-19:30<\/td>\n<\/tr>\n<\/tbody>\n<\/table>\n<table style=\"border-collapse: collapse; width: 40.4809%; height: 198px;\">\n<tbody>\n<tr>\n<td style=\"width: 67.535%; text-align: center;\" colspan=\"3\"><strong>\u00a0<\/strong><\/td>\n<\/tr>\n<tr style=\"height: 22px;\">\n<td style=\"text-align: center; height: 22px;\" colspan=\"3\"><strong>RS Feva<\/strong><\/td>\n<\/tr>\n<tr style=\"height: 22px;\">\n<td style=\"width: 67.535%; text-align: center; height: 22px;\" colspan=\"3\"><strong>Treener Britta<\/strong><\/td>\n<\/tr>\n<tr style=\"height: 22px;\">\n<td style=\"width: 23.8605%; height: 22px; text-align: center;\">T<\/td>\n<td style=\"width: 23.3656%; height: 22px; text-align: center;\">K<\/td>\n<td style=\"width: 20.3089%; height: 22px; text-align: center;\">N<\/td>\n<\/tr>\n<tr style=\"height: 22px;\">\n<td style=\"width: 23.8605%; height: 22px; text-align: center;\">18:00-19:30<\/td>\n<td style=\"width: 23.3656%; height: 22px; text-align: center;\">18:00-19:30<\/td>\n<td style=\"width: 20.3089%; height: 22px; text-align: center;\">18:00-19:30<\/td>\n<\/tr>\n<tr style=\"height: 22px;\">\n<td style=\"width: 23.8605%; height: 22px; text-align: center;\"><\/td>\n<td style=\"width: 23.3656%; height: 22px; text-align: center;\"><\/td>\n<td style=\"width: 20.3089%; height: 22px; text-align: center;\"><\/td>\n<\/tr>\n<tr style=\"height: 22px;\">\n<td style=\"width: 67.535%; height: 22px; text-align: center;\" colspan=\"3\"><strong>AERO\/ILCA<\/strong><\/td>\n<\/tr>\n<tr style=\"height: 22px;\">\n<td style=\"width: 67.535%; height: 22px; text-align: center;\" colspan=\"3\"><strong>Treener Janno<\/strong><\/td>\n<\/tr>\n<tr style=\"height: 22px;\">\n<td style=\"width: 23.8605%; height: 22px; text-align: center;\">T<\/td>\n<td style=\"width: 23.3656%; height: 22px; text-align: center;\">K<\/td>\n<td style=\"width: 20.3089%; height: 22px; text-align: center;\">N<\/td>\n<\/tr>\n<tr style=\"height: 22px;\">\n<td style=\"width: 23.8605%; height: 22px; text-align: center;\">18:00-19:30<\/td>\n<td style=\"width: 23.3656%; height: 22px; text-align: center;\">18:00-19:30<\/td>\n<td style=\"width: 20.3089%; height: 22px; text-align: center;\">18:00-19:30<\/td>\n<\/tr>\n<tr>\n<td style=\"width: 23.8605%; text-align: center;\"><\/td>\n<td style=\"width: 23.3656%; text-align: center;\"><\/td>\n<td style=\"width: 20.3089%; text-align: center;\"><\/td>\n<\/tr>\n<\/tbody>\n<\/table>\n<table style=\"border-collapse: collapse; width: 45.3908%;\">\n<tbody>\n<tr>\n<td style=\"width: 33.3791%; text-align: center;\" colspan=\"4\"><strong>ILCA<\/strong><\/td>\n<\/tr>\n<tr>\n<td style=\"width: 33.3791%; text-align: center;\" colspan=\"4\"><strong>Treener Mia (Tallinna Jahtklubi TOP plats)<\/strong><\/td>\n<\/tr>\n<tr>\n<td style=\"width: 7.13525%; text-align: center;\">E<\/td>\n<td style=\"width: 8.33465%; text-align: center;\">T<\/td>\n<td style=\"width: 7.4942%; text-align: center;\">N<\/td>\n<td style=\"width: 10.415%; text-align: center;\">R<\/td>\n<\/tr>\n<tr>\n<td style=\"width: 7.13525%; text-align: center;\">17:00-20:00<\/td>\n<td style=\"width: 8.33465%; text-align: center;\">17:00-20:00<\/td>\n<td style=\"width: 7.4942%; text-align: center;\">17:00-20:00<\/td>\n<td style=\"width: 10.415%; text-align: center;\">17:00-20:00<\/td>\n<\/tr>\n<\/tbody>\n<\/table>\n<ul>\n<li><strong>Detsembris 2025 ja veebruaris 2026 on plaanis igaaastane suusa- ja spordilaager J\u00f5ulum\u00e4el<\/strong><\/li>\n<li><strong>Aprill 2025 vaheaeg ujumislaager Saaremaal<\/strong><\/li>\n<li><strong>Kevad 2025 treeninglaager Kreekas (ALG EDASI, Opt LHV)<\/strong><\/li>\n<li>\n<h2><span style=\"font-size: 16px;\">OKTOOBRIKUUS TRENNE EI TOIMU! Oktoobrikuu on puhkekuu.<\/span><\/h2>\n<\/li>\n<\/ul>\n","protected":false},"excerpt":{"rendered":"<p>TALVINE TREENINGKAVA (01.11.2025-30.04.2026) OPTIMIST LHV, OPTIMIST ALG EDASI E 16:30 &#8211; 18:00 Pirita Majandusg\u00fcmnaasium v\u00f5imla saalitrenn T 17:00 &#8211; 18:00 Kalevi Jahtklubi Kapteni Kajut ja Klubisaal teooria T 18:00 &#8211; 19:00 Kalevi Jahtklubi \u00fcldf\u00fc\u00fcsiline treening K 18:30 &#8211; 20:00 Herne t\u00e4nava spordihall kergej\u00f5ustik N 18:00 &#8211; 18:45 Viimsi kool ujula ujumine OPTIMIST EMV*, ZOOM, RS FEVA*, ILCA\/AERO* E 18:30 &#8211;<a class=\"more-link\" href=\"https:\/\/kjk.ee\/en\/treeningkava\/\">[Read More&#8230;]<\/a><\/p>\n","protected":false},"author":24,"featured_media":0,"parent":0,"menu_order":0,"comment_status":"closed","ping_status":"closed","template":"","meta":{"spay_email":""},"jetpack_sharing_enabled":true,"jetpack_shortlink":"https:\/\/wp.me\/PaW3M4-5ms","_links":{"self":[{"href":"https:\/\/kjk.ee\/en\/wp-json\/wp\/v2\/pages\/20612"}],"collection":[{"href":"https:\/\/kjk.ee\/en\/wp-json\/wp\/v2\/pages"}],"about":[{"href":"https:\/\/kjk.ee\/en\/wp-json\/wp\/v2\/types\/page"}],"author":[{"embeddable":true,"href":"https:\/\/kjk.ee\/en\/wp-json\/wp\/v2\/users\/24"}],"replies":[{"embeddable":true,"href":"https:\/\/kjk.ee\/en\/wp-json\/wp\/v2\/comments?post=20612"}],"version-history":[{"count":183,"href":"https:\/\/kjk.ee\/en\/wp-json\/wp\/v2\/pages\/20612\/revisions"}],"predecessor-version":[{"id":32431,"href":"https:\/\/kjk.ee\/en\/wp-json\/wp\/v2\/pages\/20612\/revisions\/32431"}],"wp:attachment":[{"href":"https:\/\/kjk.ee\/en\/wp-json\/wp\/v2\/media?parent=20612"}],"curies":[{"name":"wp","href":"https:\/\/api.w.org\/{rel}","templated":true}]}}