{"id":21,"date":"2014-04-20T11:10:02","date_gmt":"2014-04-20T11:10:02","guid":{"rendered":"http:\/\/www.kjk.ee\/?page_id=21"},"modified":"2025-05-09T13:26:14","modified_gmt":"2025-05-09T10:26:14","slug":"toimkonnad","status":"publish","type":"page","link":"https:\/\/kjk.ee\/en\/toimkonnad\/","title":{"rendered":"Toimkonnad"},"content":{"rendered":"<p><strong>Arendus- ja haldustoimkond<\/strong><br \/>\nTanel Tamm *<br \/>\nT\u00f5nu T\u00f5niste<br \/>\nRiho Koost<\/p>\n<p><strong>Avamere v\u00f5istlustoimkond<\/strong><br \/>\nTammo Otsasoo *<br \/>\nRene Treifeldt<br \/>\nPiret Salmistu<br \/>\nRene Allik<br \/>\nRait Riim<\/p>\n<p><strong>Kommunikatsioonitoimkond<\/strong><br \/>\nPiret Salmistu *<br \/>\nSven Nuutmann<br \/>\nKalev Vapper<\/p>\n<p><strong>Purjespordikooli ja koolitustoimkond<\/strong><br \/>\nT\u00f5nu T\u00f5niste*<br \/>\nOlev Roosma<br \/>\nMadis Ausman<\/p>\n<p><strong>IT &#038; innovatsioonitoimkond<\/strong><br \/>\nTanel Tamm*<br \/>\nTammo Otsasoo<br \/>\nPiret Salmistu<br \/>\nAndres Aavik<br \/>\nBrett Astrid V\u00f5mma<\/p>\n<p><em>* koordinaator<\/em><\/p>\n","protected":false},"excerpt":{"rendered":"<p>Arendus- ja haldustoimkond Tanel Tamm * T\u00f5nu T\u00f5niste Riho Koost Avamere v\u00f5istlustoimkond Tammo Otsasoo * Rene Treifeldt Piret Salmistu Rene Allik Rait Riim Kommunikatsioonitoimkond Piret Salmistu * Sven Nuutmann Kalev Vapper Purjespordikooli ja koolitustoimkond T\u00f5nu T\u00f5niste* Olev Roosma Madis Ausman IT &#038; innovatsioonitoimkond Tanel Tamm* Tammo Otsasoo Piret Salmistu Andres Aavik Brett Astrid V\u00f5mma * koordinaator<\/p>\n","protected":false},"author":24,"featured_media":0,"parent":0,"menu_order":0,"comment_status":"open","ping_status":"open","template":"","meta":{"spay_email":""},"jetpack_sharing_enabled":true,"jetpack_shortlink":"https:\/\/wp.me\/PaW3M4-l","_links":{"self":[{"href":"https:\/\/kjk.ee\/en\/wp-json\/wp\/v2\/pages\/21"}],"collection":[{"href":"https:\/\/kjk.ee\/en\/wp-json\/wp\/v2\/pages"}],"about":[{"href":"https:\/\/kjk.ee\/en\/wp-json\/wp\/v2\/types\/page"}],"author":[{"embeddable":true,"href":"https:\/\/kjk.ee\/en\/wp-json\/wp\/v2\/users\/24"}],"replies":[{"embeddable":true,"href":"https:\/\/kjk.ee\/en\/wp-json\/wp\/v2\/comments?post=21"}],"version-history":[{"count":41,"href":"https:\/\/kjk.ee\/en\/wp-json\/wp\/v2\/pages\/21\/revisions"}],"predecessor-version":[{"id":29623,"href":"https:\/\/kjk.ee\/en\/wp-json\/wp\/v2\/pages\/21\/revisions\/29623"}],"wp:attachment":[{"href":"https:\/\/kjk.ee\/en\/wp-json\/wp\/v2\/media?parent=21"}],"curies":[{"name":"wp","href":"https:\/\/api.w.org\/{rel}","templated":true}]}}