{"id":21308,"date":"2022-10-26T15:10:39","date_gmt":"2022-10-26T12:10:39","guid":{"rendered":"https:\/\/kjk.ee\/?page_id=21308"},"modified":"2024-02-26T10:01:07","modified_gmt":"2024-02-26T08:01:07","slug":"klubi-lips-ja-bleiser","status":"publish","type":"page","link":"https:\/\/kjk.ee\/en\/klubi-lips-ja-bleiser\/","title":{"rendered":"Klubi lips ja bleiser"},"content":{"rendered":"<p><strong><a href=\"https:\/\/kjk.ee\/wp-content\/uploads\/2022\/10\/lips.jpg\"><img loading=\"lazy\" class=\"size-medium wp-image-21310 alignleft\" src=\"https:\/\/kjk.ee\/wp-content\/uploads\/2022\/10\/lips-205x300.jpg\" alt=\"\" width=\"205\" height=\"300\" srcset=\"https:\/\/kjk.ee\/wp-content\/uploads\/2022\/10\/lips-205x300.jpg 205w, https:\/\/kjk.ee\/wp-content\/uploads\/2022\/10\/lips-38x55.jpg 38w, https:\/\/kjk.ee\/wp-content\/uploads\/2022\/10\/lips-33x48.jpg 33w, https:\/\/kjk.ee\/wp-content\/uploads\/2022\/10\/lips-67x98.jpg 67w, https:\/\/kjk.ee\/wp-content\/uploads\/2022\/10\/lips.jpg 701w\" sizes=\"(max-width: 205px) 100vw, 205px\" \/><\/a>Klubi LIPS<\/strong><\/p>\n<p>Andres Rohtla ja Tuuli Oru poolt loodud Kalevi Jahtklubi lipsude kujundus p\u00f5hineb klassikalisel Inglise klubilipsul. Seda iseloomustavad Kalevi klubi v\u00e4rvides triibud, mis jooksevad suunaga vasakult \u00f5lalt paremale puusale. Siidist lipsud ja kaelasallid on valmistatud Itaalias.<\/p>\n<p><em><strong>Lipsu ajalugu (loe lisaks)<\/strong><\/em><\/p>\n<p><em>Juba Vana Rooma s\u00f5durid sidusid talvel endale riidet\u00fcki \u00fcmber kaela, et soojem oleks. L\u00e4bi ajaloo ongi erinevad kaelasidemed olnud eesk\u00e4tt s\u00f5jav\u00e4eriietuse osa, kuid ka kuningad ja aadlikud ehitsid end kalliskividega kaetud riidet\u00fckkidega, mis m\u00e4hiti paar korda \u00fcmber kaela ja seoti kurgu all kaunilt s\u00f5lme. <\/em><\/p>\n<p><em>T\u00e4nap\u00e4eval tuntud lipsude otsesteks eelk\u00e4ijateks olid inglise koolide ja klubide lipsud. 1880.aastal sidusid Oxfordi \u00fclikooli Exeteri kolledzhi tudengid oma \u00f5lgkaabu kaunistuspaela \u00fcmber kaela ja leiutasid n\u00f5nda esimese klubilipsu. Nad tellisid oma r\u00e4tsepatelt samade v\u00e4rvide ja kujundusega lipsud ja panid sellega aluse tervele uuele moesuunale, mida teised inglise klubid, koolid ja kolledzhid innukalt kopeerima asusid. Lipsud l\u00f5igati kanga l\u00f5ime suunas ja vooderdati teist v\u00e4rvi kangaga. Paraku need kulusid kiiresti ja s\u00f5lme kohta tekkisid inetud kortsud. New Yorgi r\u00e4tsep James Langsdorf tuli selle peale, et lipsud tuleb kangast l\u00f5igata diagonaalis ja voltida kokku mitmekordsest siidist. Selline lips on elastne ja ei kortsu ning s\u00f5lm p\u00fcsib kenasti sees. <\/em><\/p>\n<p>Britt, kes kannab kaelas oma klubi, kooli v\u00f5i r\u00fcgemendi lipsu, demonstreerib sellega maailmale ka oma sotsiaalset staatust. Inglismaal v\u00f5ib juhtuda eriline <em>faux pas<\/em> kui sa v\u00e4lismaalasena satud n\u00e4iteks kandma oma \u00e4ripartneri klubi mustriga lipsu, kuhu sa loomulikult ei kuulu. Selleks oleme Kalevi Jahtklubi lipsu sinisesse triipu kudunud v\u00e4iksed KJK logod, et sellist segadust kindlasti v\u00e4ltida ning samas selgelt klubilist kuuluvust n\u00e4idata.<\/p>\n<p>Meie lipsu triibud jooksevad klassikaliselt vasakult \u00f5lalt alla paremale j\u00e4rgides pealmise pintsakuh\u00f5lma joont. Meeste pintsaku vasak h\u00f5lm kinnitub ajalooliselt parema h\u00f5lma peale, sest mees pidi saama parema k\u00e4ega vabalt oma m\u00f5\u00f5ka haarata. 1920-ndatel aastatel muutusid klubilipsud ise\u00e4ranis populaarseks Ameerikas. Nutikad ameeriklased keerasid tuntud Vana Maailma triibukombinatsioonid lihtsalt teistpidi ja reklaamisid seda lausega: <em>Famous stripes in the American way!<\/em><\/p>\n<p><strong>Kaelar\u00e4tik<\/strong> on lipsuga v\u00f5rreldes vabam valik, mida v\u00f5ib kanda \u00fcherealise bleiseriga, ainult triiks\u00e4rgiga v\u00f5i sviitriga. R\u00e4tik tuleb voltida diagonaali pidi salliks kokku (<a href=\"https:\/\/www.kjk.ee\/wp-content\/uploads\/2014\/04\/Kaelasalli-sidumise-juhend.jpg\">vaata siit<\/a>) ja \u00fchekordse s\u00f5lmega \u00fcmber kaela siduda. Meie klubi siidr\u00e4tik on m\u00f5eldud ka naistele &#8211; seda v\u00f5ib kanda nii kaelas, peas kui ka aksessuaarina n\u00e4iteks k\u00e4ekoti k\u00fcljes.<\/p>\n<p><strong>Klubi pintsak ehk BLEISER <a href=\"https:\/\/kjk.ee\/wp-content\/uploads\/2022\/10\/ratik.jpg\"><img loading=\"lazy\" class=\"size-medium wp-image-21311 alignright\" src=\"https:\/\/kjk.ee\/wp-content\/uploads\/2022\/10\/ratik-251x300.jpg\" alt=\"\" width=\"251\" height=\"300\" srcset=\"https:\/\/kjk.ee\/wp-content\/uploads\/2022\/10\/ratik-251x300.jpg 251w, https:\/\/kjk.ee\/wp-content\/uploads\/2022\/10\/ratik-768x918.jpg 768w, https:\/\/kjk.ee\/wp-content\/uploads\/2022\/10\/ratik-46x55.jpg 46w, https:\/\/kjk.ee\/wp-content\/uploads\/2022\/10\/ratik-40x48.jpg 40w, https:\/\/kjk.ee\/wp-content\/uploads\/2022\/10\/ratik-82x98.jpg 82w, https:\/\/kjk.ee\/wp-content\/uploads\/2022\/10\/ratik.jpg 857w\" sizes=\"(max-width: 251px) 100vw, 251px\" \/><\/a><\/strong><\/p>\n<p>1837.aaastal k\u00fclastas Inglise kuninganna Victoria merev\u00e4e alust HMS BLAZER ja selleks pidulikuks s\u00fcndmuseks oli laeva kapten tellinud endale tumesinise kaherealise kuldn\u00f6\u00f6pidega pintsaku. Tema uudne riietus sai kuningliku heakskiidu ja peagi hakkasid ka teised kaptenid ja ohvitserid samasugust pintsakut kandma. Erru minnes j\u00e4tkasid nad samasuguste riiete tellimist oma r\u00e4tsepatelt ja nii l\u00e4ks see mood tasapisi tsiviilk\u00e4ibesse.<\/p>\n<p>Bleiser on traditsiooniliselt kaherealine, kuue kuldse n\u00f6\u00f6biga, klapiga taskutega, kahe l\u00f5hikuga ning seda kantakse lipsuga. Bleiseri juurde kuuluvad keskmist halli tooni viigip\u00fcksid, kuid v\u00f5ib kanda ka tumehalle p\u00fckse, erinevat v\u00e4rvi puuvillaseid chinosid, sirgel\u00f5ikelisi teksaseid. Tuleb ainult meeles pidada, et punaseid p\u00fckse v\u00f5ib etiketi j\u00e4rgi kanda \u00fcksnes see mees, kes on purjede all \u00fcletanud Atlandi ookeani.<\/p>\n<p>\u00dcherealisel klubipintsakul puudub sarnane merev\u00e4eline taust &#8211; seda hakati esmalt kasutama hoopis Inglise aerutamisklubide poolt. Need olid klubidel erinevat v\u00e4rvi &#8211; p\u00f5hiliselt sinised, pudelirohelised, tumepunased, kollased, ka triibulised. \u00dcherealine klubipintsak v\u00f5ib olla pealepandud taskutega, kuid t\u00e4nap\u00e4eval on taskud \u00fcha sagedamini klapiga. N\u00f6\u00f6bid on kuldsed v\u00f5i vasksed oma klubi logoga. Sellist pintsakut v\u00f5ib kanda lipsuga, kaelar\u00e4tiga v\u00f5i ilma. Seda v\u00f5ib kanda ka eest lahti ja see on igati vabam alternatiiv bleiserile. <strong>Lipsud ja kaelar\u00e4tikud on saadaval jahtklubis ja <a href=\"https:\/\/kjk.ee\/pood\/\">KJK e-poes.<\/a><\/strong><\/p>\n<p>Bleiserit, klubipintsakut ja p\u00fckse saab tellida nii standard suurustes kui ka oma m\u00f5\u00f5tude j\u00e4rgi. Bleiseri ja pintsaku hinnad alates 350\u20ac.<\/p>\n<p>Tellimuse t\u00e4itmise t\u00e4htaeg on 4 n\u00e4dalat. M\u00f5\u00f5tude andmiseks ja kanga valimiseks palun lepi <strong>Tuuli Org<\/strong>iga aeg kokku telefonil <strong>56290120 v\u00f5i tuuli@me.com.<\/strong><\/p>\n","protected":false},"excerpt":{"rendered":"<p>Klubi LIPS Andres Rohtla ja Tuuli Oru poolt loodud Kalevi Jahtklubi lipsude kujundus p\u00f5hineb klassikalisel Inglise klubilipsul. Seda iseloomustavad Kalevi klubi v\u00e4rvides triibud, mis jooksevad suunaga vasakult \u00f5lalt paremale puusale. Siidist lipsud ja kaelasallid on valmistatud Itaalias. Lipsu ajalugu (loe lisaks) Juba Vana Rooma s\u00f5durid sidusid talvel endale riidet\u00fcki \u00fcmber kaela, et soojem oleks. L\u00e4bi ajaloo ongi erinevad kaelasidemed olnud<a class=\"more-link\" href=\"https:\/\/kjk.ee\/en\/klubi-lips-ja-bleiser\/\">[Read More&#8230;]<\/a><\/p>\n","protected":false},"author":24,"featured_media":0,"parent":0,"menu_order":0,"comment_status":"closed","ping_status":"closed","template":"","meta":{"spay_email":""},"jetpack_sharing_enabled":true,"jetpack_shortlink":"https:\/\/wp.me\/PaW3M4-5xG","_links":{"self":[{"href":"https:\/\/kjk.ee\/en\/wp-json\/wp\/v2\/pages\/21308"}],"collection":[{"href":"https:\/\/kjk.ee\/en\/wp-json\/wp\/v2\/pages"}],"about":[{"href":"https:\/\/kjk.ee\/en\/wp-json\/wp\/v2\/types\/page"}],"author":[{"embeddable":true,"href":"https:\/\/kjk.ee\/en\/wp-json\/wp\/v2\/users\/24"}],"replies":[{"embeddable":true,"href":"https:\/\/kjk.ee\/en\/wp-json\/wp\/v2\/comments?post=21308"}],"version-history":[{"count":5,"href":"https:\/\/kjk.ee\/en\/wp-json\/wp\/v2\/pages\/21308\/revisions"}],"predecessor-version":[{"id":26209,"href":"https:\/\/kjk.ee\/en\/wp-json\/wp\/v2\/pages\/21308\/revisions\/26209"}],"wp:attachment":[{"href":"https:\/\/kjk.ee\/en\/wp-json\/wp\/v2\/media?parent=21308"}],"curies":[{"name":"wp","href":"https:\/\/api.w.org\/{rel}","templated":true}]}}