{"id":22563,"date":"2023-03-06T09:44:33","date_gmt":"2023-03-06T07:44:33","guid":{"rendered":"https:\/\/kjk.ee\/?page_id=22563"},"modified":"2023-03-06T13:33:36","modified_gmt":"2023-03-06T11:33:36","slug":"ernst-kusmanov","status":"publish","type":"page","link":"https:\/\/kjk.ee\/en\/ernst-kusmanov\/","title":{"rendered":"ERNST KUSMANOV"},"content":{"rendered":"<p><strong><a href=\"https:\/\/kjk.ee\/wp-content\/uploads\/2023\/03\/7610CC4D-FB2A-4826-85A3-A56D351974C8.jpeg\"><img loading=\"lazy\" class=\"size-medium wp-image-22698 alignleft\" src=\"https:\/\/kjk.ee\/wp-content\/uploads\/2023\/03\/7610CC4D-FB2A-4826-85A3-A56D351974C8-300x298.jpeg\" alt=\"\" width=\"300\" height=\"298\" srcset=\"https:\/\/kjk.ee\/wp-content\/uploads\/2023\/03\/7610CC4D-FB2A-4826-85A3-A56D351974C8-300x298.jpeg 300w, https:\/\/kjk.ee\/wp-content\/uploads\/2023\/03\/7610CC4D-FB2A-4826-85A3-A56D351974C8-1024x1018.jpeg 1024w, https:\/\/kjk.ee\/wp-content\/uploads\/2023\/03\/7610CC4D-FB2A-4826-85A3-A56D351974C8-150x150.jpeg 150w, https:\/\/kjk.ee\/wp-content\/uploads\/2023\/03\/7610CC4D-FB2A-4826-85A3-A56D351974C8-768x763.jpeg 768w, https:\/\/kjk.ee\/wp-content\/uploads\/2023\/03\/7610CC4D-FB2A-4826-85A3-A56D351974C8-1536x1526.jpeg 1536w, https:\/\/kjk.ee\/wp-content\/uploads\/2023\/03\/7610CC4D-FB2A-4826-85A3-A56D351974C8-2048x2035.jpeg 2048w, https:\/\/kjk.ee\/wp-content\/uploads\/2023\/03\/7610CC4D-FB2A-4826-85A3-A56D351974C8-55x55.jpeg 55w, https:\/\/kjk.ee\/wp-content\/uploads\/2023\/03\/7610CC4D-FB2A-4826-85A3-A56D351974C8-75x75.jpeg 75w, https:\/\/kjk.ee\/wp-content\/uploads\/2023\/03\/7610CC4D-FB2A-4826-85A3-A56D351974C8-48x48.jpeg 48w, https:\/\/kjk.ee\/wp-content\/uploads\/2023\/03\/7610CC4D-FB2A-4826-85A3-A56D351974C8-99x98.jpeg 99w\" sizes=\"(max-width: 300px) 100vw, 300px\" \/><\/a>ERNST KUSMANOV<\/strong><\/p>\n<p>Enne II maailmas\u00f5da K u s m a n o f f, Ernst (6. III 1910 Tallinn \u2013 21. IV 1977 Tallinn), j\u00e4\u00e4purjetaja ja purjetaja. L\u00f5petas 1929 Tallinna Toomkooli, \u00f5ppis 1932\u201334 T\u00dc-s \u00f5igusteadust. Sooritas 16-aastasena purjejahijuhi eksami, tema \u00f5petajad olid G\u00f6sta Gahlnb\u00e4ck ja Nikolai Vek\u0161in. Sai j\u00e4\u00e4purjetamises 1934 10 m\u00b2 vabaklassis rahvusvahelisel j\u00e4\u00e4purjetamisn\u00e4dalal esikoha. V\u00f5itis EM-il monot\u00fc\u00fcp XV klassis 1936 ja 1937 h\u00f5beda ning 1935 pronksi. NL-i meistriv\u00f5istlustel 1950 monot\u00fc\u00fcp XV klassis kuld ja 20 m\u00b2 vabaklassis h\u00f5be ning 1960 12 m\u00b2 vabaklassis pronks. P\u00fcstitas 1956 20 m\u00b2 vabaklassis NL-i kiirusrekordi 102,857 km\/h. Purjetamises v\u00f5itis 1947 L3 klassis kulla, 1951 L4 klassis h\u00f5beda ning 1955\u201357 ja 1963 5,5 m\u00b2 klassis h\u00f5beda. Tuli 1947\u201363 9 korral purjetamises ja 1950\u201359 4 korral j\u00e4\u00e4purjetamises Eesti meistriks. Meistersportlane j\u00e4\u00e4purjetamises (1946) ja purjetamises (1947). ENSV teeneline treener (1967). T\u00f6\u00f6tas 1936\u201339 J\u00f6rn Scheeli juures rooli- ja soodimehena. 1940 l\u00e4ks Saksamaale, osales II maailmas\u00f5jas Saksa s\u00f5jav\u00e4es ja oli NL-is s\u00f5javang. 1946.a. alates t\u00f6\u00f6tas Vabariiklikus Jahtklubis ja Kalevi Jahtklubis treenerina. Valiti mitu korda Purjespordif\u00f6deratsiooni presiidiumi ja tegutses kohtunikuna (1966 \u00fcleliiduline kategooria). Oli Spordilehe kaast\u00f6\u00f6line. Kalevi auliige (1967).<\/p>\n","protected":false},"excerpt":{"rendered":"<p>ERNST KUSMANOV Enne II maailmas\u00f5da K u s m a n o f f, Ernst (6. III 1910 Tallinn \u2013 21. IV 1977 Tallinn), j\u00e4\u00e4purjetaja ja purjetaja. L\u00f5petas 1929 Tallinna Toomkooli, \u00f5ppis 1932\u201334 T\u00dc-s \u00f5igusteadust. Sooritas 16-aastasena purjejahijuhi eksami, tema \u00f5petajad olid G\u00f6sta Gahlnb\u00e4ck ja Nikolai Vek\u0161in. Sai j\u00e4\u00e4purjetamises 1934 10 m\u00b2 vabaklassis rahvusvahelisel j\u00e4\u00e4purjetamisn\u00e4dalal esikoha. V\u00f5itis EM-il monot\u00fc\u00fcp XV<a class=\"more-link\" href=\"https:\/\/kjk.ee\/en\/ernst-kusmanov\/\">[Read More&#8230;]<\/a><\/p>\n","protected":false},"author":24,"featured_media":0,"parent":0,"menu_order":0,"comment_status":"closed","ping_status":"closed","template":"","meta":{"spay_email":""},"jetpack_sharing_enabled":true,"jetpack_shortlink":"https:\/\/wp.me\/PaW3M4-5RV","_links":{"self":[{"href":"https:\/\/kjk.ee\/en\/wp-json\/wp\/v2\/pages\/22563"}],"collection":[{"href":"https:\/\/kjk.ee\/en\/wp-json\/wp\/v2\/pages"}],"about":[{"href":"https:\/\/kjk.ee\/en\/wp-json\/wp\/v2\/types\/page"}],"author":[{"embeddable":true,"href":"https:\/\/kjk.ee\/en\/wp-json\/wp\/v2\/users\/24"}],"replies":[{"embeddable":true,"href":"https:\/\/kjk.ee\/en\/wp-json\/wp\/v2\/comments?post=22563"}],"version-history":[{"count":3,"href":"https:\/\/kjk.ee\/en\/wp-json\/wp\/v2\/pages\/22563\/revisions"}],"predecessor-version":[{"id":22737,"href":"https:\/\/kjk.ee\/en\/wp-json\/wp\/v2\/pages\/22563\/revisions\/22737"}],"wp:attachment":[{"href":"https:\/\/kjk.ee\/en\/wp-json\/wp\/v2\/media?parent=22563"}],"curies":[{"name":"wp","href":"https:\/\/api.w.org\/{rel}","templated":true}]}}