{"id":22566,"date":"2023-03-06T09:45:28","date_gmt":"2023-03-06T07:45:28","guid":{"rendered":"https:\/\/kjk.ee\/?page_id=22566"},"modified":"2023-03-06T13:33:22","modified_gmt":"2023-03-06T11:33:22","slug":"kalju-toomara","status":"publish","type":"page","link":"https:\/\/kjk.ee\/en\/kalju-toomara\/","title":{"rendered":"KALJU TOOMARA"},"content":{"rendered":"<p><strong><a href=\"https:\/\/kjk.ee\/wp-content\/uploads\/2023\/03\/D2C915B9-2799-47F2-B5FF-C47B78034C3D.jpeg\"><img loading=\"lazy\" class=\"size-medium wp-image-22700 alignleft\" src=\"https:\/\/kjk.ee\/wp-content\/uploads\/2023\/03\/D2C915B9-2799-47F2-B5FF-C47B78034C3D-296x300.jpeg\" alt=\"\" width=\"296\" height=\"300\" srcset=\"https:\/\/kjk.ee\/wp-content\/uploads\/2023\/03\/D2C915B9-2799-47F2-B5FF-C47B78034C3D-296x300.jpeg 296w, https:\/\/kjk.ee\/wp-content\/uploads\/2023\/03\/D2C915B9-2799-47F2-B5FF-C47B78034C3D-1010x1024.jpeg 1010w, https:\/\/kjk.ee\/wp-content\/uploads\/2023\/03\/D2C915B9-2799-47F2-B5FF-C47B78034C3D-768x779.jpeg 768w, https:\/\/kjk.ee\/wp-content\/uploads\/2023\/03\/D2C915B9-2799-47F2-B5FF-C47B78034C3D-1515x1536.jpeg 1515w, https:\/\/kjk.ee\/wp-content\/uploads\/2023\/03\/D2C915B9-2799-47F2-B5FF-C47B78034C3D-2020x2048.jpeg 2020w, https:\/\/kjk.ee\/wp-content\/uploads\/2023\/03\/D2C915B9-2799-47F2-B5FF-C47B78034C3D-54x55.jpeg 54w, https:\/\/kjk.ee\/wp-content\/uploads\/2023\/03\/D2C915B9-2799-47F2-B5FF-C47B78034C3D-75x75.jpeg 75w, https:\/\/kjk.ee\/wp-content\/uploads\/2023\/03\/D2C915B9-2799-47F2-B5FF-C47B78034C3D-47x48.jpeg 47w, https:\/\/kjk.ee\/wp-content\/uploads\/2023\/03\/D2C915B9-2799-47F2-B5FF-C47B78034C3D-97x98.jpeg 97w\" sizes=\"(max-width: 296px) 100vw, 296px\" \/><\/a>KALJU TOOMARA<\/strong><\/p>\n<p>(12. V 1916 Arhangelsk \u2013 7. XII 2007 Tallinn), purjetaja. L\u00f5petas 1935 J. Westholmi g\u00fcmnaasiumi ja \u00f5ppis 1935\u201340 T\u00dc-s majandust. Purjespordist hakkas huvituma varases poisip\u00f5lves isa innustusel. 1939 v\u00f5ttis osa J\u00fc\u00fctimaa regatist. II maailmas\u00f5ja ajal oli Punaarmee t\u00f6\u00f6pataljonis, sai haavata ja kutsuti Jaroslavlis moodustatud Eesti meeskoori. T\u00f6\u00f6tas 1944\u201351 Eesti Merelaevanduses ning \u00f5petajana Tallinna Merekoolis ja Tallinna Merekalandustehnikumis, aastast 1951 Kalevi Tallinna Jahtklubis \u00f5ppespordiosakonna \u00fclemana. Tegutses avamerepurjetamise v\u00f5istluste korraldajana. Jahtkapten (1951). V\u00f5itis 1952 Eesti meistriv\u00f5istlustel L4-klassis pronksi. Meistersportlane (1963). Avaldas Spordilehes ja Kehakultuuris purjetamisteemalisi kirjutisi. Oli tegev purjespordilektorina ja -kohtunikuna ning purjespordi vabariikliku kvalifikatsioonikomisjoni esimehena. Kalevi auliige (1967).<\/p>\n","protected":false},"excerpt":{"rendered":"<p>KALJU TOOMARA (12. V 1916 Arhangelsk \u2013 7. XII 2007 Tallinn), purjetaja. L\u00f5petas 1935 J. Westholmi g\u00fcmnaasiumi ja \u00f5ppis 1935\u201340 T\u00dc-s majandust. Purjespordist hakkas huvituma varases poisip\u00f5lves isa innustusel. 1939 v\u00f5ttis osa J\u00fc\u00fctimaa regatist. II maailmas\u00f5ja ajal oli Punaarmee t\u00f6\u00f6pataljonis, sai haavata ja kutsuti Jaroslavlis moodustatud Eesti meeskoori. T\u00f6\u00f6tas 1944\u201351 Eesti Merelaevanduses ning \u00f5petajana Tallinna Merekoolis ja Tallinna Merekalandustehnikumis, aastast<a class=\"more-link\" href=\"https:\/\/kjk.ee\/en\/kalju-toomara\/\">[Read More&#8230;]<\/a><\/p>\n","protected":false},"author":24,"featured_media":0,"parent":0,"menu_order":0,"comment_status":"closed","ping_status":"closed","template":"","meta":{"spay_email":""},"jetpack_sharing_enabled":true,"jetpack_shortlink":"https:\/\/wp.me\/PaW3M4-5RY","_links":{"self":[{"href":"https:\/\/kjk.ee\/en\/wp-json\/wp\/v2\/pages\/22566"}],"collection":[{"href":"https:\/\/kjk.ee\/en\/wp-json\/wp\/v2\/pages"}],"about":[{"href":"https:\/\/kjk.ee\/en\/wp-json\/wp\/v2\/types\/page"}],"author":[{"embeddable":true,"href":"https:\/\/kjk.ee\/en\/wp-json\/wp\/v2\/users\/24"}],"replies":[{"embeddable":true,"href":"https:\/\/kjk.ee\/en\/wp-json\/wp\/v2\/comments?post=22566"}],"version-history":[{"count":3,"href":"https:\/\/kjk.ee\/en\/wp-json\/wp\/v2\/pages\/22566\/revisions"}],"predecessor-version":[{"id":22736,"href":"https:\/\/kjk.ee\/en\/wp-json\/wp\/v2\/pages\/22566\/revisions\/22736"}],"wp:attachment":[{"href":"https:\/\/kjk.ee\/en\/wp-json\/wp\/v2\/media?parent=22566"}],"curies":[{"name":"wp","href":"https:\/\/api.w.org\/{rel}","templated":true}]}}