{"id":22576,"date":"2023-03-06T09:57:35","date_gmt":"2023-03-06T07:57:35","guid":{"rendered":"https:\/\/kjk.ee\/?page_id=22576"},"modified":"2023-03-06T13:32:38","modified_gmt":"2023-03-06T11:32:38","slug":"aleksander-tsutselov","status":"publish","type":"page","link":"https:\/\/kjk.ee\/en\/aleksander-tsutselov\/","title":{"rendered":"ALEKSANDER T\u015aUT\u015aELOV"},"content":{"rendered":"<p><strong><a href=\"https:\/\/kjk.ee\/wp-content\/uploads\/2023\/03\/F697B00E-F03A-4A1A-8379-B0DE2A61C477-scaled.jpeg\"><img loading=\"lazy\" class=\"size-medium wp-image-22695 alignleft\" src=\"https:\/\/kjk.ee\/wp-content\/uploads\/2023\/03\/F697B00E-F03A-4A1A-8379-B0DE2A61C477-293x300.jpeg\" alt=\"\" width=\"293\" height=\"300\" srcset=\"https:\/\/kjk.ee\/wp-content\/uploads\/2023\/03\/F697B00E-F03A-4A1A-8379-B0DE2A61C477-293x300.jpeg 293w, https:\/\/kjk.ee\/wp-content\/uploads\/2023\/03\/F697B00E-F03A-4A1A-8379-B0DE2A61C477-999x1024.jpeg 999w, https:\/\/kjk.ee\/wp-content\/uploads\/2023\/03\/F697B00E-F03A-4A1A-8379-B0DE2A61C477-768x787.jpeg 768w, https:\/\/kjk.ee\/wp-content\/uploads\/2023\/03\/F697B00E-F03A-4A1A-8379-B0DE2A61C477-1499x1536.jpeg 1499w, https:\/\/kjk.ee\/wp-content\/uploads\/2023\/03\/F697B00E-F03A-4A1A-8379-B0DE2A61C477-1998x2048.jpeg 1998w, https:\/\/kjk.ee\/wp-content\/uploads\/2023\/03\/F697B00E-F03A-4A1A-8379-B0DE2A61C477-54x55.jpeg 54w, https:\/\/kjk.ee\/wp-content\/uploads\/2023\/03\/F697B00E-F03A-4A1A-8379-B0DE2A61C477-47x48.jpeg 47w, https:\/\/kjk.ee\/wp-content\/uploads\/2023\/03\/F697B00E-F03A-4A1A-8379-B0DE2A61C477-96x98.jpeg 96w\" sizes=\"(max-width: 293px) 100vw, 293px\" \/><\/a>ALEKSANDER T\u015aUT\u015aELOV<\/strong><\/p>\n<p>(26. IV 1933 Tallinn\u00a0\u2013 1. I 2017 Tallinn), purjetaja,\u00a0<a href=\"https:\/\/esbl.ee\/biograafia\/Dmitri_T%9Aut%9Aelov\">Dmitri T-i<\/a>\u00a0poeg,\u00a0<a href=\"https:\/\/esbl.ee\/biograafia\/Nikolai_T%9Aut%9Aelov\">Nikolai<\/a>\u00a0ja\u00a0<a href=\"https:\/\/esbl.ee\/biograafia\/Andrei_T%9Aut%9Aelov\">Andrei T-i<\/a>\u00a0vennapoeg. 184 cm, 85 kg. L\u00f5petas 1953 Tallinna 23. kk-i ja 1959 laevaehitusinsenerina TPI. Alustas purjetamist 1946 Vabariiklikus Jahtklubis onu Andrei T-i ja Nikolai Vek\u0161ini juhendamisel, hiljem Kalevi Jahtklubi liige. V\u00f5itis Finn-klassis 1960 Rooma OM-il h\u00f5beda, oli 1964 T\u014dky\u014d OM-il 12. ja 1972 M\u00fcncheni OM-il varuv\u00f5istleja. Sai MM-il 1959 ja 1964 7. ning EM-il 1961 6. koha. V\u00f5itis NL-i meistriv\u00f5istlustel 1956\u201375 3 kulda (1964 Finn, 1974\u201375 Soling), 4 h\u00f5bedat ja 1 pronksi ning NL-i noortemeistriv\u00f5istlustel 1951 Kiisk-klassis h\u00f5beda. Eesti meistriv\u00f5istlustel sai 1949\u201376 12 medalit, sh 7 kulda: 1954\u201355 O-klassis, 1957\u201359 Finnil, 1966 5,5 m\u00b2 klassis ja 1976 Solingul. Mesitersportlane (1956), suurmeister (1975). Eesti parima v\u00f5istkonna liige 1974 ja 1975. T\u00f6\u00f6tas Spordilaevade Eksperimentaaltehases peakonstruktorina ja oli Eesti purjetamiskoondise peatreener. \u00d5pilasi: T\u00f5nu Tootsi, Nikolai Korjat\u0161kin. Eesti NSV teeneline treener (1979). Kuulus mitu korda Purjetamisf\u00f6deratsiooni presiidiumi ja oli tegev treenerite n\u00f5ukogu esimehena. Kalevi auliige (1963). EOK teenetem\u00e4rk (2010). Maetud Tallinna P\u00e4rnam\u00e4e kalmistule.<\/p>\n","protected":false},"excerpt":{"rendered":"<p>ALEKSANDER T\u015aUT\u015aELOV (26. IV 1933 Tallinn\u00a0\u2013 1. I 2017 Tallinn), purjetaja,\u00a0Dmitri T-i\u00a0poeg,\u00a0Nikolai\u00a0ja\u00a0Andrei T-i\u00a0vennapoeg. 184 cm, 85 kg. L\u00f5petas 1953 Tallinna 23. kk-i ja 1959 laevaehitusinsenerina TPI. Alustas purjetamist 1946 Vabariiklikus Jahtklubis onu Andrei T-i ja Nikolai Vek\u0161ini juhendamisel, hiljem Kalevi Jahtklubi liige. V\u00f5itis Finn-klassis 1960 Rooma OM-il h\u00f5beda, oli 1964 T\u014dky\u014d OM-il 12. ja 1972 M\u00fcncheni OM-il varuv\u00f5istleja. Sai MM-il<a class=\"more-link\" href=\"https:\/\/kjk.ee\/en\/aleksander-tsutselov\/\">[Read More&#8230;]<\/a><\/p>\n","protected":false},"author":24,"featured_media":0,"parent":0,"menu_order":0,"comment_status":"closed","ping_status":"closed","template":"","meta":{"spay_email":""},"jetpack_sharing_enabled":true,"jetpack_shortlink":"https:\/\/wp.me\/PaW3M4-5S8","_links":{"self":[{"href":"https:\/\/kjk.ee\/en\/wp-json\/wp\/v2\/pages\/22576"}],"collection":[{"href":"https:\/\/kjk.ee\/en\/wp-json\/wp\/v2\/pages"}],"about":[{"href":"https:\/\/kjk.ee\/en\/wp-json\/wp\/v2\/types\/page"}],"author":[{"embeddable":true,"href":"https:\/\/kjk.ee\/en\/wp-json\/wp\/v2\/users\/24"}],"replies":[{"embeddable":true,"href":"https:\/\/kjk.ee\/en\/wp-json\/wp\/v2\/comments?post=22576"}],"version-history":[{"count":3,"href":"https:\/\/kjk.ee\/en\/wp-json\/wp\/v2\/pages\/22576\/revisions"}],"predecessor-version":[{"id":22734,"href":"https:\/\/kjk.ee\/en\/wp-json\/wp\/v2\/pages\/22576\/revisions\/22734"}],"wp:attachment":[{"href":"https:\/\/kjk.ee\/en\/wp-json\/wp\/v2\/media?parent=22576"}],"curies":[{"name":"wp","href":"https:\/\/api.w.org\/{rel}","templated":true}]}}