{"id":22581,"date":"2023-03-06T10:00:18","date_gmt":"2023-03-06T08:00:18","guid":{"rendered":"https:\/\/kjk.ee\/?page_id=22581"},"modified":"2023-03-06T13:39:08","modified_gmt":"2023-03-06T11:39:08","slug":"juri-saraskin","status":"publish","type":"page","link":"https:\/\/kjk.ee\/en\/juri-saraskin\/","title":{"rendered":"J\u00dcRI \u015aARA\u015aKIN"},"content":{"rendered":"<p><strong><a href=\"https:\/\/kjk.ee\/wp-content\/uploads\/2023\/03\/E0E4AB02-62C6-4549-AA58-781D65FCD275.jpeg\"><img loading=\"lazy\" class=\"size-medium wp-image-22694 alignleft\" src=\"https:\/\/kjk.ee\/wp-content\/uploads\/2023\/03\/E0E4AB02-62C6-4549-AA58-781D65FCD275-297x300.jpeg\" alt=\"\" width=\"297\" height=\"300\" srcset=\"https:\/\/kjk.ee\/wp-content\/uploads\/2023\/03\/E0E4AB02-62C6-4549-AA58-781D65FCD275-297x300.jpeg 297w, https:\/\/kjk.ee\/wp-content\/uploads\/2023\/03\/E0E4AB02-62C6-4549-AA58-781D65FCD275-1013x1024.jpeg 1013w, https:\/\/kjk.ee\/wp-content\/uploads\/2023\/03\/E0E4AB02-62C6-4549-AA58-781D65FCD275-768x776.jpeg 768w, https:\/\/kjk.ee\/wp-content\/uploads\/2023\/03\/E0E4AB02-62C6-4549-AA58-781D65FCD275-1519x1536.jpeg 1519w, https:\/\/kjk.ee\/wp-content\/uploads\/2023\/03\/E0E4AB02-62C6-4549-AA58-781D65FCD275-2026x2048.jpeg 2026w, https:\/\/kjk.ee\/wp-content\/uploads\/2023\/03\/E0E4AB02-62C6-4549-AA58-781D65FCD275-54x55.jpeg 54w, https:\/\/kjk.ee\/wp-content\/uploads\/2023\/03\/E0E4AB02-62C6-4549-AA58-781D65FCD275-75x75.jpeg 75w, https:\/\/kjk.ee\/wp-content\/uploads\/2023\/03\/E0E4AB02-62C6-4549-AA58-781D65FCD275-47x48.jpeg 47w, https:\/\/kjk.ee\/wp-content\/uploads\/2023\/03\/E0E4AB02-62C6-4549-AA58-781D65FCD275-97x98.jpeg 97w\" sizes=\"(max-width: 297px) 100vw, 297px\" \/><\/a>J\u00dcRI \u015aARA\u015aKIN<\/strong><\/p>\n<p>(21. IX 1938 P\u00e4rnu\u00a0\u2013 10. VI 2019 Tallinn), purjetaja ja j\u00e4\u00e4purjetaja ning kohtunik,\u00a0<a href=\"https:\/\/esbl.ee\/biograafia\/Anne_%8Aara%9Akin\">Anne \u0160-i<\/a>\u00a0abikaasa,\u00a0<a href=\"https:\/\/esbl.ee\/biograafia\/Peter_%8Aara%9Akin\">Peter \u0160-i<\/a>\u00a0isa. 178 cm, 90 kg. L\u00f5petas 1957 P\u00e4rnu 1. kk-i ja 1963 laevamehaanikainsenerina TPI. Tehnikakandidaat (1972). Hakkas sporti harrastama 1953 koolis ja P\u00e4rnu Jahtklubis, treenis onu Anatoli Janseni ning J\u00fcri Kuruli ja Joel Remmeli juhendamisel. Kalevi Jahtklubi liige. Sai j\u00e4\u00e4purjetamises DN-klassis 1978 MM-il 4. koha ja EM-il pronksi, NL-i mesitriv\u00f5istlustel v\u00f5itis h\u00f5beda (1970) ja 3 pronksi (1969, 1972 ja 1979) ning Eesti meistriv\u00f5istlustel 2 kulda (1975\u201376). Purjetamises tuli klassides 5,5R (1960) ja Finn (1964, 1968, 1970) ning 8 korral avamerepurjetamises Eesti meistriks. Mesitersportlane j\u00e4\u00e4purjetamises (1962) ja purjetamises (1971). Kalevi auliige (1978). Treenis Finn-klassi purjetajaid: soomlasi Esko Rechardti ja Jari M\u00e4kil\u00e4t, hollandlast Roy Heinerit, Krista Kruuvi jt. Oli 1962\u201390 teadust\u00f6\u00f6l, aastast 1991 eraettev\u00f5tja. Kuulus J\u00e4\u00e4purjetamisf\u00f6d-i ja Purjespordif\u00f6d-i presiidiumi. Oli rahvusvaheline m\u00f5\u00f5tja, purjekonstruktor ja \u00fcle 20 aasta Rahvusvahelise Purjespordif\u00f6deratsiooni (ISAF) Finn-klassi peam\u00f5\u00f5tja. Osales kohtunikuna 6 OM-il (1992\u20132012). Valiti 2015 Finn-klassi kuulsuste halli. Valget\u00e4he V klassi teenetem\u00e4rk (2019).<\/p>\n","protected":false},"excerpt":{"rendered":"<p>J\u00dcRI \u015aARA\u015aKIN (21. IX 1938 P\u00e4rnu\u00a0\u2013 10. VI 2019 Tallinn), purjetaja ja j\u00e4\u00e4purjetaja ning kohtunik,\u00a0Anne \u0160-i\u00a0abikaasa,\u00a0Peter \u0160-i\u00a0isa. 178 cm, 90 kg. L\u00f5petas 1957 P\u00e4rnu 1. kk-i ja 1963 laevamehaanikainsenerina TPI. Tehnikakandidaat (1972). Hakkas sporti harrastama 1953 koolis ja P\u00e4rnu Jahtklubis, treenis onu Anatoli Janseni ning J\u00fcri Kuruli ja Joel Remmeli juhendamisel. Kalevi Jahtklubi liige. Sai j\u00e4\u00e4purjetamises DN-klassis 1978 MM-il 4.<a class=\"more-link\" href=\"https:\/\/kjk.ee\/en\/juri-saraskin\/\">[Read More&#8230;]<\/a><\/p>\n","protected":false},"author":24,"featured_media":0,"parent":0,"menu_order":0,"comment_status":"closed","ping_status":"closed","template":"","meta":{"spay_email":""},"jetpack_sharing_enabled":true,"jetpack_shortlink":"https:\/\/wp.me\/PaW3M4-5Sd","_links":{"self":[{"href":"https:\/\/kjk.ee\/en\/wp-json\/wp\/v2\/pages\/22581"}],"collection":[{"href":"https:\/\/kjk.ee\/en\/wp-json\/wp\/v2\/pages"}],"about":[{"href":"https:\/\/kjk.ee\/en\/wp-json\/wp\/v2\/types\/page"}],"author":[{"embeddable":true,"href":"https:\/\/kjk.ee\/en\/wp-json\/wp\/v2\/users\/24"}],"replies":[{"embeddable":true,"href":"https:\/\/kjk.ee\/en\/wp-json\/wp\/v2\/comments?post=22581"}],"version-history":[{"count":3,"href":"https:\/\/kjk.ee\/en\/wp-json\/wp\/v2\/pages\/22581\/revisions"}],"predecessor-version":[{"id":22761,"href":"https:\/\/kjk.ee\/en\/wp-json\/wp\/v2\/pages\/22581\/revisions\/22761"}],"wp:attachment":[{"href":"https:\/\/kjk.ee\/en\/wp-json\/wp\/v2\/media?parent=22581"}],"curies":[{"name":"wp","href":"https:\/\/api.w.org\/{rel}","templated":true}]}}