{"id":22584,"date":"2023-03-06T10:00:36","date_gmt":"2023-03-06T08:00:36","guid":{"rendered":"https:\/\/kjk.ee\/?page_id=22584"},"modified":"2023-03-06T13:38:58","modified_gmt":"2023-03-06T11:38:58","slug":"uku-randmaa","status":"publish","type":"page","link":"https:\/\/kjk.ee\/en\/uku-randmaa\/","title":{"rendered":"UKU RANDMAA"},"content":{"rendered":"<p><strong><a href=\"https:\/\/kjk.ee\/wp-content\/uploads\/2023\/03\/9601D8BD-D3C1-49F9-A81C-6632632E702D.jpeg\"><img loading=\"lazy\" class=\"size-medium wp-image-22696 alignleft\" src=\"https:\/\/kjk.ee\/wp-content\/uploads\/2023\/03\/9601D8BD-D3C1-49F9-A81C-6632632E702D-288x300.jpeg\" alt=\"\" width=\"288\" height=\"300\" srcset=\"https:\/\/kjk.ee\/wp-content\/uploads\/2023\/03\/9601D8BD-D3C1-49F9-A81C-6632632E702D-288x300.jpeg 288w, https:\/\/kjk.ee\/wp-content\/uploads\/2023\/03\/9601D8BD-D3C1-49F9-A81C-6632632E702D-984x1024.jpeg 984w, https:\/\/kjk.ee\/wp-content\/uploads\/2023\/03\/9601D8BD-D3C1-49F9-A81C-6632632E702D-768x800.jpeg 768w, https:\/\/kjk.ee\/wp-content\/uploads\/2023\/03\/9601D8BD-D3C1-49F9-A81C-6632632E702D-1475x1536.jpeg 1475w, https:\/\/kjk.ee\/wp-content\/uploads\/2023\/03\/9601D8BD-D3C1-49F9-A81C-6632632E702D-1967x2048.jpeg 1967w, https:\/\/kjk.ee\/wp-content\/uploads\/2023\/03\/9601D8BD-D3C1-49F9-A81C-6632632E702D-53x55.jpeg 53w, https:\/\/kjk.ee\/wp-content\/uploads\/2023\/03\/9601D8BD-D3C1-49F9-A81C-6632632E702D-46x48.jpeg 46w, https:\/\/kjk.ee\/wp-content\/uploads\/2023\/03\/9601D8BD-D3C1-49F9-A81C-6632632E702D-94x98.jpeg 94w\" sizes=\"(max-width: 288px) 100vw, 288px\" \/><\/a>UKU RANDMAA<\/strong><\/p>\n<p>(6. II 1963 P\u00e4rnu), purjetaja,\u00a0<a href=\"https:\/\/esbl.ee\/biograafia\/Merili_Randmaa\">Merili<\/a>\u00a0ja\u00a0<a href=\"https:\/\/esbl.ee\/biograafia\/Rando_Randmaa\">Rando R.<\/a>\u00a0isa. 183 cm, 86 kg. L\u00f5petanud Tallinna Merekooli ja Marketingi instituudi. Tegelnud purjetamisega aastast 1970, olnud Eesti mesitriv\u00f5istlustel medaliv\u00f5itjaid. Esimene eestlane, kes on purjetanud \u00fcksi \u00fcmber maailma (2010\u201312). Osalenud v\u00f5istlusel Golden Globe Race, mille k\u00e4igus purjetatakse \u00fcksinda, ilma peatusteta ja elektrooniliste abivahenditeta \u00fcmber maailma, sh \u00fcmber Hea Lootuse, Leeuwini ja Hoorni neeme ning saanud seal 3. koha (1. VII 2018\u00a0\u2013 10. III 2019; 252 p\u00e4eva). P\u00e4rnu ja Kalevi Jahtklubi auliige.\u00a0Eesti parim purjetaja 2019. Valget\u00e4he V klassi teenetem\u00e4rk (2019). A-st 2005 O\u00dc Morgander juhatuse liige.\u00a0<strong>T:<\/strong>\u00a0<em>Minu maailmameri. Esimene eestlane, kes purjetas \u00fcksi \u00fcmber maailma<\/em>\u00a0(2012),\u00a0<em>\u00dcmber. Ilma<\/em>\u00a0(2019, koos Maibi Randmaaga).<\/p>\n","protected":false},"excerpt":{"rendered":"<p>UKU RANDMAA (6. II 1963 P\u00e4rnu), purjetaja,\u00a0Merili\u00a0ja\u00a0Rando R.\u00a0isa. 183 cm, 86 kg. L\u00f5petanud Tallinna Merekooli ja Marketingi instituudi. Tegelnud purjetamisega aastast 1970, olnud Eesti mesitriv\u00f5istlustel medaliv\u00f5itjaid. Esimene eestlane, kes on purjetanud \u00fcksi \u00fcmber maailma (2010\u201312). Osalenud v\u00f5istlusel Golden Globe Race, mille k\u00e4igus purjetatakse \u00fcksinda, ilma peatusteta ja elektrooniliste abivahenditeta \u00fcmber maailma, sh \u00fcmber Hea Lootuse, Leeuwini ja Hoorni neeme ning<a class=\"more-link\" href=\"https:\/\/kjk.ee\/en\/uku-randmaa\/\">[Read More&#8230;]<\/a><\/p>\n","protected":false},"author":24,"featured_media":0,"parent":0,"menu_order":0,"comment_status":"closed","ping_status":"closed","template":"","meta":{"spay_email":""},"jetpack_sharing_enabled":true,"jetpack_shortlink":"https:\/\/wp.me\/PaW3M4-5Sg","_links":{"self":[{"href":"https:\/\/kjk.ee\/en\/wp-json\/wp\/v2\/pages\/22584"}],"collection":[{"href":"https:\/\/kjk.ee\/en\/wp-json\/wp\/v2\/pages"}],"about":[{"href":"https:\/\/kjk.ee\/en\/wp-json\/wp\/v2\/types\/page"}],"author":[{"embeddable":true,"href":"https:\/\/kjk.ee\/en\/wp-json\/wp\/v2\/users\/24"}],"replies":[{"embeddable":true,"href":"https:\/\/kjk.ee\/en\/wp-json\/wp\/v2\/comments?post=22584"}],"version-history":[{"count":3,"href":"https:\/\/kjk.ee\/en\/wp-json\/wp\/v2\/pages\/22584\/revisions"}],"predecessor-version":[{"id":22760,"href":"https:\/\/kjk.ee\/en\/wp-json\/wp\/v2\/pages\/22584\/revisions\/22760"}],"wp:attachment":[{"href":"https:\/\/kjk.ee\/en\/wp-json\/wp\/v2\/media?parent=22584"}],"curies":[{"name":"wp","href":"https:\/\/api.w.org\/{rel}","templated":true}]}}