{"id":22587,"date":"2023-03-06T10:00:54","date_gmt":"2023-03-06T08:00:54","guid":{"rendered":"https:\/\/kjk.ee\/?page_id=22587"},"modified":"2023-08-22T18:59:48","modified_gmt":"2023-08-22T15:59:48","slug":"ants-ivar-raud","status":"publish","type":"page","link":"https:\/\/kjk.ee\/en\/ants-ivar-raud\/","title":{"rendered":"ANTS-IVAR RAUD"},"content":{"rendered":"<p><strong><a href=\"https:\/\/kjk.ee\/wp-content\/uploads\/2023\/08\/Ants-Ivar-Raud.png\"><img loading=\"lazy\" class=\"size-full wp-image-24523 alignleft\" src=\"https:\/\/kjk.ee\/wp-content\/uploads\/2023\/08\/Ants-Ivar-Raud.png\" alt=\"\" width=\"200\" height=\"249\" srcset=\"https:\/\/kjk.ee\/wp-content\/uploads\/2023\/08\/Ants-Ivar-Raud.png 200w, https:\/\/kjk.ee\/wp-content\/uploads\/2023\/08\/Ants-Ivar-Raud-44x55.png 44w, https:\/\/kjk.ee\/wp-content\/uploads\/2023\/08\/Ants-Ivar-Raud-39x48.png 39w, https:\/\/kjk.ee\/wp-content\/uploads\/2023\/08\/Ants-Ivar-Raud-79x98.png 79w\" sizes=\"(max-width: 200px) 100vw, 200px\" \/><\/a>ANTS-IVAR RAUD<\/strong><\/p>\n<p>(31. XII 1928 Kuusalu v, Harjumaa \u2013 14. I 2009 Tallinn), purjetaja, j\u00e4\u00e4purjetaja ja j\u00e4\u00e4purjekakonstruktor,\u00a0<a href=\"https:\/\/esbl.ee\/biograafia\/Otto-Sven_Raud\">Otto-Sven R-a<\/a>\u00a0vend. 180 cm, 82 kg. L\u00f5petas 1947 Tallinna 2. t\u00f6\u00f6stuskooli. Purjetama hakkas 1948 Tallinna Kalevi Jahtklubis Ernst Kuzmanovi juhendamisel. Purjetamises v\u00f5itis M-klassis NL-i meistriv\u00f5istlustel 1951\u201356 4 medalit (2 kulda, 1 h\u00f5beda ja 1 pronksi) ning tuli 1949 ja 1956 Eesti meistriks. J\u00e4\u00e4purjetamises sai monot\u00fc\u00fcp XV klassis NL-i meistriv\u00f5istlustel 1952\u201385 26 medalit (11 kulda, 11 h\u00f5bedat ja 4 pronksi) ja Eesti meistriv\u00f5istlustel 1949\u201387 32 medalit (16 kulda, 10 h\u00f5bedat ja 6 pronksi), 1969 tuli Poola meistriks. 1949\u201357 oli tema soodimeesteks Hans Kaasik, Veljo N\u00f5gu, Olev Osolin ja Karlo Ruiso, 1958\u201374 Erich Lamp ja aastast 1975 T\u00f5nu Kristjuhan. Meistersporlane purjetamises (1952) ja j\u00e4\u00e4purjetamises (1959), aastast 1964 aumeistersportlane. Konstrueeris Eesti esimese s\u00f5jaj\u00e4rgse eestroolitava j\u00e4\u00e4purjeka, 1950. aastail ka 20 m\u00b2 vabaklassi j\u00e4\u00e4purjekaid. T\u00f6\u00f6tas 1947\u201397 O\u00dc-s Juveel ja sellele eelnenud ettev\u00f5ttes graveerijana, valmistas spordimedalite ja -m\u00e4rkide matriitse ning uue Eesti raha pressvorme. Oli 1974\u201388 NL-i Purjespordif\u00f6d-i j\u00e4\u00e4purjetamiskomisjoni referent. Tegutses 1980 Moskva OM-i purjeregatil kohtunikuna. Kalevi auliige (1963).<\/p>\n","protected":false},"excerpt":{"rendered":"<p>ANTS-IVAR RAUD (31. XII 1928 Kuusalu v, Harjumaa \u2013 14. I 2009 Tallinn), purjetaja, j\u00e4\u00e4purjetaja ja j\u00e4\u00e4purjekakonstruktor,\u00a0Otto-Sven R-a\u00a0vend. 180 cm, 82 kg. L\u00f5petas 1947 Tallinna 2. t\u00f6\u00f6stuskooli. Purjetama hakkas 1948 Tallinna Kalevi Jahtklubis Ernst Kuzmanovi juhendamisel. Purjetamises v\u00f5itis M-klassis NL-i meistriv\u00f5istlustel 1951\u201356 4 medalit (2 kulda, 1 h\u00f5beda ja 1 pronksi) ning tuli 1949 ja 1956 Eesti meistriks. J\u00e4\u00e4purjetamises sai<a class=\"more-link\" href=\"https:\/\/kjk.ee\/en\/ants-ivar-raud\/\">[Read More&#8230;]<\/a><\/p>\n","protected":false},"author":24,"featured_media":0,"parent":0,"menu_order":0,"comment_status":"closed","ping_status":"closed","template":"","meta":{"spay_email":""},"jetpack_sharing_enabled":true,"jetpack_shortlink":"https:\/\/wp.me\/PaW3M4-5Sj","_links":{"self":[{"href":"https:\/\/kjk.ee\/en\/wp-json\/wp\/v2\/pages\/22587"}],"collection":[{"href":"https:\/\/kjk.ee\/en\/wp-json\/wp\/v2\/pages"}],"about":[{"href":"https:\/\/kjk.ee\/en\/wp-json\/wp\/v2\/types\/page"}],"author":[{"embeddable":true,"href":"https:\/\/kjk.ee\/en\/wp-json\/wp\/v2\/users\/24"}],"replies":[{"embeddable":true,"href":"https:\/\/kjk.ee\/en\/wp-json\/wp\/v2\/comments?post=22587"}],"version-history":[{"count":4,"href":"https:\/\/kjk.ee\/en\/wp-json\/wp\/v2\/pages\/22587\/revisions"}],"predecessor-version":[{"id":24524,"href":"https:\/\/kjk.ee\/en\/wp-json\/wp\/v2\/pages\/22587\/revisions\/24524"}],"wp:attachment":[{"href":"https:\/\/kjk.ee\/en\/wp-json\/wp\/v2\/media?parent=22587"}],"curies":[{"name":"wp","href":"https:\/\/api.w.org\/{rel}","templated":true}]}}