{"id":22608,"date":"2023-03-06T10:25:42","date_gmt":"2023-03-06T08:25:42","guid":{"rendered":"https:\/\/kjk.ee\/?page_id=22608"},"modified":"2023-03-06T13:38:02","modified_gmt":"2023-03-06T11:38:02","slug":"ain-vilde","status":"publish","type":"page","link":"https:\/\/kjk.ee\/en\/ain-vilde\/","title":{"rendered":"AIN VILDE"},"content":{"rendered":"<p><strong><a href=\"https:\/\/kjk.ee\/wp-content\/uploads\/2023\/03\/6BA6541E-8EE9-475D-83B9-E2109EA13E65.jpeg\"><img loading=\"lazy\" class=\"size-medium wp-image-22701 alignleft\" src=\"https:\/\/kjk.ee\/wp-content\/uploads\/2023\/03\/6BA6541E-8EE9-475D-83B9-E2109EA13E65-300x300.jpeg\" alt=\"\" width=\"300\" height=\"300\" srcset=\"https:\/\/kjk.ee\/wp-content\/uploads\/2023\/03\/6BA6541E-8EE9-475D-83B9-E2109EA13E65-300x300.jpeg 300w, https:\/\/kjk.ee\/wp-content\/uploads\/2023\/03\/6BA6541E-8EE9-475D-83B9-E2109EA13E65-1021x1024.jpeg 1021w, https:\/\/kjk.ee\/wp-content\/uploads\/2023\/03\/6BA6541E-8EE9-475D-83B9-E2109EA13E65-150x150.jpeg 150w, https:\/\/kjk.ee\/wp-content\/uploads\/2023\/03\/6BA6541E-8EE9-475D-83B9-E2109EA13E65-768x770.jpeg 768w, https:\/\/kjk.ee\/wp-content\/uploads\/2023\/03\/6BA6541E-8EE9-475D-83B9-E2109EA13E65-1531x1536.jpeg 1531w, https:\/\/kjk.ee\/wp-content\/uploads\/2023\/03\/6BA6541E-8EE9-475D-83B9-E2109EA13E65-2042x2048.jpeg 2042w, https:\/\/kjk.ee\/wp-content\/uploads\/2023\/03\/6BA6541E-8EE9-475D-83B9-E2109EA13E65-55x55.jpeg 55w, https:\/\/kjk.ee\/wp-content\/uploads\/2023\/03\/6BA6541E-8EE9-475D-83B9-E2109EA13E65-75x75.jpeg 75w, https:\/\/kjk.ee\/wp-content\/uploads\/2023\/03\/6BA6541E-8EE9-475D-83B9-E2109EA13E65-48x48.jpeg 48w, https:\/\/kjk.ee\/wp-content\/uploads\/2023\/03\/6BA6541E-8EE9-475D-83B9-E2109EA13E65-98x98.jpeg 98w\" sizes=\"(max-width: 300px) 100vw, 300px\" \/><\/a>AIN VILDE<\/strong><\/p>\n<p>(11. IX 1942 Sadala v, Tartumaa), j\u00e4\u00e4purjetaja ja purjetaja. 177 cm, 72 kg. L\u00f5petas 1961 Tallinna 7. kk-i ja 1969 elektriajamite insenerina TPI. Alustas purjetamist 1957 Kalevi Jahtklubis Toivo Tarikase ja j\u00e4\u00e4purjetamist 1958 Ernst Kuzmanovi juhendamisel. Saanud j\u00e4\u00e4purjetamise DN-klassi MM-il 1973 kulla ja 1980 h\u00f5beda. V\u00f5itnud 1980 EM-il pronksi ja 1972 Euroopa karika. NL-i meistriv\u00f5istlustel saanud 1964\u201387 j\u00e4\u00e4purjetamises 12 m\u00b2 vabaklassis ja DN-klassis kokku 15 medalit: 3 kulda, 6 h\u00f5bedat ja 6 pronksi. Eesti meistriv\u00f5istlustel v\u00f5itnud 1962\u201390 16 medalit j\u00e4\u00e4purjetamises (sh 1962, 1967 ja 1971 kulla), 1964\u201373 9 medalit purjetamises (sh klassis Lendav Hollandlane 4 kulda) ning 1975\u201379 5 medalit purjelauas\u00f5idus (sh 1975\u201377 kulla). Kuulunud 1971\u201387 NL-i koondisse. V\u00f5istelnud ka avamerepurjetamises. J\u00e4\u00e4purjetamises meistersportlane (1964), suurmeister (1972) ja NL-i teeneline meistersportlane (1973). Eesti parim meessportlane 1973. Olnud treener. Kalevi auliige (1973). T\u00f6\u00f6tanud AS-is Makrell logistikuna.<\/p>\n","protected":false},"excerpt":{"rendered":"<p>AIN VILDE (11. IX 1942 Sadala v, Tartumaa), j\u00e4\u00e4purjetaja ja purjetaja. 177 cm, 72 kg. L\u00f5petas 1961 Tallinna 7. kk-i ja 1969 elektriajamite insenerina TPI. Alustas purjetamist 1957 Kalevi Jahtklubis Toivo Tarikase ja j\u00e4\u00e4purjetamist 1958 Ernst Kuzmanovi juhendamisel. Saanud j\u00e4\u00e4purjetamise DN-klassi MM-il 1973 kulla ja 1980 h\u00f5beda. V\u00f5itnud 1980 EM-il pronksi ja 1972 Euroopa karika. NL-i meistriv\u00f5istlustel saanud 1964\u201387 j\u00e4\u00e4purjetamises<a class=\"more-link\" href=\"https:\/\/kjk.ee\/en\/ain-vilde\/\">[Read More&#8230;]<\/a><\/p>\n","protected":false},"author":24,"featured_media":0,"parent":0,"menu_order":0,"comment_status":"closed","ping_status":"closed","template":"","meta":{"spay_email":""},"jetpack_sharing_enabled":true,"jetpack_shortlink":"https:\/\/wp.me\/PaW3M4-5SE","_links":{"self":[{"href":"https:\/\/kjk.ee\/en\/wp-json\/wp\/v2\/pages\/22608"}],"collection":[{"href":"https:\/\/kjk.ee\/en\/wp-json\/wp\/v2\/pages"}],"about":[{"href":"https:\/\/kjk.ee\/en\/wp-json\/wp\/v2\/types\/page"}],"author":[{"embeddable":true,"href":"https:\/\/kjk.ee\/en\/wp-json\/wp\/v2\/users\/24"}],"replies":[{"embeddable":true,"href":"https:\/\/kjk.ee\/en\/wp-json\/wp\/v2\/comments?post=22608"}],"version-history":[{"count":3,"href":"https:\/\/kjk.ee\/en\/wp-json\/wp\/v2\/pages\/22608\/revisions"}],"predecessor-version":[{"id":22756,"href":"https:\/\/kjk.ee\/en\/wp-json\/wp\/v2\/pages\/22608\/revisions\/22756"}],"wp:attachment":[{"href":"https:\/\/kjk.ee\/en\/wp-json\/wp\/v2\/media?parent=22608"}],"curies":[{"name":"wp","href":"https:\/\/api.w.org\/{rel}","templated":true}]}}