{"id":22611,"date":"2023-03-06T10:29:31","date_gmt":"2023-03-06T08:29:31","guid":{"rendered":"https:\/\/kjk.ee\/?page_id=22611"},"modified":"2023-03-06T13:37:48","modified_gmt":"2023-03-06T11:37:48","slug":"mati-kuulmann","status":"publish","type":"page","link":"https:\/\/kjk.ee\/en\/mati-kuulmann\/","title":{"rendered":"MATI KUULMANN"},"content":{"rendered":"<p><strong><a href=\"https:\/\/kjk.ee\/wp-content\/uploads\/2023\/03\/82AF846D-8327-42D1-8A12-6D4B59A87A16.jpeg\"><img loading=\"lazy\" class=\"size-medium wp-image-22703 alignleft\" src=\"https:\/\/kjk.ee\/wp-content\/uploads\/2023\/03\/82AF846D-8327-42D1-8A12-6D4B59A87A16-300x300.jpeg\" alt=\"\" width=\"300\" height=\"300\" srcset=\"https:\/\/kjk.ee\/wp-content\/uploads\/2023\/03\/82AF846D-8327-42D1-8A12-6D4B59A87A16-300x300.jpeg 300w, https:\/\/kjk.ee\/wp-content\/uploads\/2023\/03\/82AF846D-8327-42D1-8A12-6D4B59A87A16-1021x1024.jpeg 1021w, https:\/\/kjk.ee\/wp-content\/uploads\/2023\/03\/82AF846D-8327-42D1-8A12-6D4B59A87A16-150x150.jpeg 150w, https:\/\/kjk.ee\/wp-content\/uploads\/2023\/03\/82AF846D-8327-42D1-8A12-6D4B59A87A16-768x770.jpeg 768w, https:\/\/kjk.ee\/wp-content\/uploads\/2023\/03\/82AF846D-8327-42D1-8A12-6D4B59A87A16-1531x1536.jpeg 1531w, https:\/\/kjk.ee\/wp-content\/uploads\/2023\/03\/82AF846D-8327-42D1-8A12-6D4B59A87A16-2042x2048.jpeg 2042w, https:\/\/kjk.ee\/wp-content\/uploads\/2023\/03\/82AF846D-8327-42D1-8A12-6D4B59A87A16-55x55.jpeg 55w, https:\/\/kjk.ee\/wp-content\/uploads\/2023\/03\/82AF846D-8327-42D1-8A12-6D4B59A87A16-75x75.jpeg 75w, https:\/\/kjk.ee\/wp-content\/uploads\/2023\/03\/82AF846D-8327-42D1-8A12-6D4B59A87A16-48x48.jpeg 48w, https:\/\/kjk.ee\/wp-content\/uploads\/2023\/03\/82AF846D-8327-42D1-8A12-6D4B59A87A16-98x98.jpeg 98w\" sizes=\"(max-width: 300px) 100vw, 300px\" \/><\/a>MATI KUULMANN<\/strong><\/p>\n<p>(21. III 1941 Tallinn \u2013 9. X 2004 Tallinn), j\u00e4\u00e4purjetaja ja purjetaja,\u00a0<a href=\"https:\/\/www.esbl.ee\/biograafia\/Rene_Kuulmann\">Rene K-i<\/a>\u00a0isa. 175 cm, 82 kg. \u00d5ppis Tallinna 36. kk-s ja kaug\u00f5ppes Tallinna 21. kk-s. Purjetamist alustas 1955 ja j\u00e4\u00e4purjetamist 1972 Kalevi Jahtklubis Ernst Kuzmanovi juhendamisel. V\u00f5itis j\u00e4\u00e4purjetamises DN-klassi MM-il 1980 kulla ja 1984 pronksi, EM-il 1982 ja 1991 kulla, 1980 ja 1981 h\u00f5beda ning 1990 ja 1993 pronksi. 1993 v\u00f5itis ka Euroopa karika. NL-i meistriv\u00f5istlustel sai 1977\u201391 7 medalit: 2 kulda (1987, 1991), 4 h\u00f5bedat ja 1 pronksi. Tuli 1977\u20132001 10 korral Eesti meistriks. Meistersportlane ja suurmeister (1976), NL-i teeneline meistersportlane (1980). Oli 8 korral Eesti meister ka purjetamises (klassis M, 470 ja 6 korral avamerepurjetamises). T\u00f6\u00f6tas 10 aastat taksojuhina ja 1976\u201394 Kalevi Jahtklubis sadamakaptenina. Aastast 1994 oli J\u00e4\u00e4purjetamisliidu president. Kalevi auliige (1976).<\/p>\n","protected":false},"excerpt":{"rendered":"<p>MATI KUULMANN (21. III 1941 Tallinn \u2013 9. X 2004 Tallinn), j\u00e4\u00e4purjetaja ja purjetaja,\u00a0Rene K-i\u00a0isa. 175 cm, 82 kg. \u00d5ppis Tallinna 36. kk-s ja kaug\u00f5ppes Tallinna 21. kk-s. Purjetamist alustas 1955 ja j\u00e4\u00e4purjetamist 1972 Kalevi Jahtklubis Ernst Kuzmanovi juhendamisel. V\u00f5itis j\u00e4\u00e4purjetamises DN-klassi MM-il 1980 kulla ja 1984 pronksi, EM-il 1982 ja 1991 kulla, 1980 ja 1981 h\u00f5beda ning 1990 ja<a class=\"more-link\" href=\"https:\/\/kjk.ee\/en\/mati-kuulmann\/\">[Read More&#8230;]<\/a><\/p>\n","protected":false},"author":24,"featured_media":0,"parent":0,"menu_order":0,"comment_status":"closed","ping_status":"closed","template":"","meta":{"spay_email":""},"jetpack_sharing_enabled":true,"jetpack_shortlink":"https:\/\/wp.me\/PaW3M4-5SH","_links":{"self":[{"href":"https:\/\/kjk.ee\/en\/wp-json\/wp\/v2\/pages\/22611"}],"collection":[{"href":"https:\/\/kjk.ee\/en\/wp-json\/wp\/v2\/pages"}],"about":[{"href":"https:\/\/kjk.ee\/en\/wp-json\/wp\/v2\/types\/page"}],"author":[{"embeddable":true,"href":"https:\/\/kjk.ee\/en\/wp-json\/wp\/v2\/users\/24"}],"replies":[{"embeddable":true,"href":"https:\/\/kjk.ee\/en\/wp-json\/wp\/v2\/comments?post=22611"}],"version-history":[{"count":3,"href":"https:\/\/kjk.ee\/en\/wp-json\/wp\/v2\/pages\/22611\/revisions"}],"predecessor-version":[{"id":22755,"href":"https:\/\/kjk.ee\/en\/wp-json\/wp\/v2\/pages\/22611\/revisions\/22755"}],"wp:attachment":[{"href":"https:\/\/kjk.ee\/en\/wp-json\/wp\/v2\/media?parent=22611"}],"curies":[{"name":"wp","href":"https:\/\/api.w.org\/{rel}","templated":true}]}}