{"id":22617,"date":"2023-03-06T10:33:25","date_gmt":"2023-03-06T08:33:25","guid":{"rendered":"https:\/\/kjk.ee\/?page_id=22617"},"modified":"2023-03-06T13:37:09","modified_gmt":"2023-03-06T11:37:09","slug":"tonu-toniste","status":"publish","type":"page","link":"https:\/\/kjk.ee\/en\/tonu-toniste\/","title":{"rendered":"T\u00d5NU T\u00d5NISTE"},"content":{"rendered":"<p><strong><a href=\"https:\/\/kjk.ee\/wp-content\/uploads\/2023\/03\/D86DE894-27C6-4B59-A9D0-E9D3A0204DAB.jpeg\"><img loading=\"lazy\" class=\"size-medium wp-image-22682 alignleft\" src=\"https:\/\/kjk.ee\/wp-content\/uploads\/2023\/03\/D86DE894-27C6-4B59-A9D0-E9D3A0204DAB-300x300.jpeg\" alt=\"\" width=\"300\" height=\"300\" srcset=\"https:\/\/kjk.ee\/wp-content\/uploads\/2023\/03\/D86DE894-27C6-4B59-A9D0-E9D3A0204DAB-300x300.jpeg 300w, https:\/\/kjk.ee\/wp-content\/uploads\/2023\/03\/D86DE894-27C6-4B59-A9D0-E9D3A0204DAB-1024x1022.jpeg 1024w, https:\/\/kjk.ee\/wp-content\/uploads\/2023\/03\/D86DE894-27C6-4B59-A9D0-E9D3A0204DAB-150x150.jpeg 150w, https:\/\/kjk.ee\/wp-content\/uploads\/2023\/03\/D86DE894-27C6-4B59-A9D0-E9D3A0204DAB-768x766.jpeg 768w, https:\/\/kjk.ee\/wp-content\/uploads\/2023\/03\/D86DE894-27C6-4B59-A9D0-E9D3A0204DAB-1536x1533.jpeg 1536w, https:\/\/kjk.ee\/wp-content\/uploads\/2023\/03\/D86DE894-27C6-4B59-A9D0-E9D3A0204DAB-2048x2044.jpeg 2048w, https:\/\/kjk.ee\/wp-content\/uploads\/2023\/03\/D86DE894-27C6-4B59-A9D0-E9D3A0204DAB-55x55.jpeg 55w, https:\/\/kjk.ee\/wp-content\/uploads\/2023\/03\/D86DE894-27C6-4B59-A9D0-E9D3A0204DAB-75x75.jpeg 75w, https:\/\/kjk.ee\/wp-content\/uploads\/2023\/03\/D86DE894-27C6-4B59-A9D0-E9D3A0204DAB-48x48.jpeg 48w, https:\/\/kjk.ee\/wp-content\/uploads\/2023\/03\/D86DE894-27C6-4B59-A9D0-E9D3A0204DAB-98x98.jpeg 98w\" sizes=\"(max-width: 300px) 100vw, 300px\" \/><\/a>T\u00d5NU T\u00d5NISTE<\/strong><\/p>\n<p>(26. IV 1967 Tallinn), purjetaja ja sporditegelane,\u00a0<a href=\"https:\/\/esbl.ee\/biograafia\/Toomas_T%F5niste\">Toomas T.<\/a>\u00a0kaksikvend. 181,5 cm, 80 kg. L\u00f5petas 1985 Tallinna 42. kk-i, 2002 EBS-i \u00e4rijuhtimise bakalaureuse- ja 2006 sotsiaalteaduste magistri\u00f5ppe, \u00f5ppis 1985\u201392 TPedI KKT-s. Alustas purjetamist 1976 Tallinna purjespordikoolis Milvi Martini juhendamisel, aastast 1981 oli tema treener Rein Ottoson. V\u00f5istelnud koos vennaga roolimehena 470-klassis 4 OM-il: saanud 1988 S\u014fulis h\u00f5beda ja 1992 Barcelonas pronksi, 1996 Atlantas oli 10. ja 2000 Sydneys 22. MM-il 470-klassis 1990 ja 1994 4. ning 1995 5. koht. EM-il 470-klassis 1992 kuld ja esikoht maailma edetabelis. Hea Tahte m\u00e4ngudel 1990 h\u00f5be. V\u00f5itis 470-klassis NL-i meistriv\u00f5istlustel 3 kulda (1987\u201389) ja 2 pronksi (1985\u201386) ning NL-i noortemeistriv\u00f5istlustel 2 kulda (1983\u201384). Tulnud 1984\u20132000 7 korral Eesti meistriks. Saanud Melges 24 klassis roolimehena EM-il 1997 pronksi, 2007 7. (amat\u00f6\u00f6ride 1.) 2009 22. (4.), 2011 8. (1.), 2013 8. (2.), 2014 8. (1.), 2016 5. (2.), 2018 7. (2.) ja 2021 pronksi (1.) koha, MM-il 2006 16. (1.), 2008 27. (4.), 2010 14. (2.), 2012 22. (4.), 2015 6. (1.), 2016 19. (2.), 2017 11. (3.) ja 2019 8. (3.) koha ning tulnud 2006\u201308, 2012\u201313, 2015\u201317 ja 2019\u201320 Eesti meistriks. V\u00f5itnud 2021 klassis SB20 MM-il pronksi. Meistersportlane (1982), suurmeister (1988). Eesti parima v\u00f5istkonna liige 1988, 1990 ja 1992. Kandis 2000 Sydney OM-i avatseremoonial Eesti lippu. Aastast 1992 hulgikaubanduse AS-i LTT juhataja. Olnud 2005\u201316 EOK esindajate kogu liige, 2016\u201320 EOK asepresident ja EOK t\u00e4itevkomitee liige ning a-st 2019 EOK liige. 2008\u201312 ja aastast 2022 Kalevi Jahtklubi kommodoor, aastast 1999 Eesti 470 Klassiliidu, 2003\u201313 Eesti Spordiseltsi Kalev, aastast 2009 \u00dchenduse Sport K\u00f5igile, aastast 2009 Eesti Sportlaste \u00dchenduse ja aastast 2014 Eesti Melges 24 klassiliidu\u00a0juhatuse liige ning 2009\u201312 Judoliidu president. Kalevi auliige (1988). Eesti Punase Risti III klassi teenetem\u00e4rk (2001).<\/p>\n","protected":false},"excerpt":{"rendered":"<p>T\u00d5NU T\u00d5NISTE (26. IV 1967 Tallinn), purjetaja ja sporditegelane,\u00a0Toomas T.\u00a0kaksikvend. 181,5 cm, 80 kg. L\u00f5petas 1985 Tallinna 42. kk-i, 2002 EBS-i \u00e4rijuhtimise bakalaureuse- ja 2006 sotsiaalteaduste magistri\u00f5ppe, \u00f5ppis 1985\u201392 TPedI KKT-s. Alustas purjetamist 1976 Tallinna purjespordikoolis Milvi Martini juhendamisel, aastast 1981 oli tema treener Rein Ottoson. V\u00f5istelnud koos vennaga roolimehena 470-klassis 4 OM-il: saanud 1988 S\u014fulis h\u00f5beda ja 1992 Barcelonas<a class=\"more-link\" href=\"https:\/\/kjk.ee\/en\/tonu-toniste\/\">[Read More&#8230;]<\/a><\/p>\n","protected":false},"author":24,"featured_media":0,"parent":0,"menu_order":0,"comment_status":"closed","ping_status":"closed","template":"","meta":{"spay_email":""},"jetpack_sharing_enabled":true,"jetpack_shortlink":"https:\/\/wp.me\/PaW3M4-5SN","_links":{"self":[{"href":"https:\/\/kjk.ee\/en\/wp-json\/wp\/v2\/pages\/22617"}],"collection":[{"href":"https:\/\/kjk.ee\/en\/wp-json\/wp\/v2\/pages"}],"about":[{"href":"https:\/\/kjk.ee\/en\/wp-json\/wp\/v2\/types\/page"}],"author":[{"embeddable":true,"href":"https:\/\/kjk.ee\/en\/wp-json\/wp\/v2\/users\/24"}],"replies":[{"embeddable":true,"href":"https:\/\/kjk.ee\/en\/wp-json\/wp\/v2\/comments?post=22617"}],"version-history":[{"count":3,"href":"https:\/\/kjk.ee\/en\/wp-json\/wp\/v2\/pages\/22617\/revisions"}],"predecessor-version":[{"id":22753,"href":"https:\/\/kjk.ee\/en\/wp-json\/wp\/v2\/pages\/22617\/revisions\/22753"}],"wp:attachment":[{"href":"https:\/\/kjk.ee\/en\/wp-json\/wp\/v2\/media?parent=22617"}],"curies":[{"name":"wp","href":"https:\/\/api.w.org\/{rel}","templated":true}]}}