{"id":22620,"date":"2023-03-06T10:33:44","date_gmt":"2023-03-06T08:33:44","guid":{"rendered":"https:\/\/kjk.ee\/?page_id=22620"},"modified":"2023-03-06T13:36:57","modified_gmt":"2023-03-06T11:36:57","slug":"toomas-toniste","status":"publish","type":"page","link":"https:\/\/kjk.ee\/en\/toomas-toniste\/","title":{"rendered":"TOOMAS T\u00d5NISTE"},"content":{"rendered":"<p><strong><a href=\"https:\/\/kjk.ee\/wp-content\/uploads\/2023\/03\/077D4114-6453-4FC7-BD4B-45C057820C62.jpeg\"><img loading=\"lazy\" class=\"size-medium wp-image-22687 alignleft\" src=\"https:\/\/kjk.ee\/wp-content\/uploads\/2023\/03\/077D4114-6453-4FC7-BD4B-45C057820C62-300x300.jpeg\" alt=\"\" width=\"300\" height=\"300\" srcset=\"https:\/\/kjk.ee\/wp-content\/uploads\/2023\/03\/077D4114-6453-4FC7-BD4B-45C057820C62-300x300.jpeg 300w, https:\/\/kjk.ee\/wp-content\/uploads\/2023\/03\/077D4114-6453-4FC7-BD4B-45C057820C62-1024x1024.jpeg 1024w, https:\/\/kjk.ee\/wp-content\/uploads\/2023\/03\/077D4114-6453-4FC7-BD4B-45C057820C62-150x150.jpeg 150w, https:\/\/kjk.ee\/wp-content\/uploads\/2023\/03\/077D4114-6453-4FC7-BD4B-45C057820C62-768x769.jpeg 768w, https:\/\/kjk.ee\/wp-content\/uploads\/2023\/03\/077D4114-6453-4FC7-BD4B-45C057820C62-1534x1536.jpeg 1534w, https:\/\/kjk.ee\/wp-content\/uploads\/2023\/03\/077D4114-6453-4FC7-BD4B-45C057820C62-2045x2048.jpeg 2045w, https:\/\/kjk.ee\/wp-content\/uploads\/2023\/03\/077D4114-6453-4FC7-BD4B-45C057820C62-55x55.jpeg 55w, https:\/\/kjk.ee\/wp-content\/uploads\/2023\/03\/077D4114-6453-4FC7-BD4B-45C057820C62-75x75.jpeg 75w, https:\/\/kjk.ee\/wp-content\/uploads\/2023\/03\/077D4114-6453-4FC7-BD4B-45C057820C62-48x48.jpeg 48w, https:\/\/kjk.ee\/wp-content\/uploads\/2023\/03\/077D4114-6453-4FC7-BD4B-45C057820C62-98x98.jpeg 98w\" sizes=\"(max-width: 300px) 100vw, 300px\" \/><\/a>TOOMAS T\u00d5NISTE<\/strong><\/p>\n<p>(26. IV 1967 Tallinn), purjetaja,\u00a0<a href=\"https:\/\/esbl.ee\/biograafia\/T%F5nu_T%F5niste\">T\u00f5nu T.<\/a>\u00a0kaksikvend. 181,5 cm, 80 kg. L\u00f5petas 1985 Tallinna 42. kk-i ja 1996 TP\u00dc KKT. Alustas purjetamist 1976 Tallinna purjespordikoolis Milvi Martini juhendamisel, a-st 1981 oli tema treener Rein Ottoson. V\u00f5istelnud koos vennaga soodimehena 470-klassis 4 OM-il: saanud 1988 S\u014fulis h\u00f5beda ja 1992 Barcelonas pronksi, 1996 Atlantas oli 10. ja 2000 Sydneys 22. MM-il 470-klassis 1990 ja 1994 4. ning 1995 5. koht. EM-il 470-klassis 1992 kuld ja esikoht maailma edetabelis. Hea Tahte m\u00e4ngudel 1990 h\u00f5be. V\u00f5itis 470-klassis NL-i meistriv\u00f5istlustel 3 kulda (1987\u201389) ja 2 pronksi (1985\u201386) ning NL-i noortemeistriv\u00f5istlustel 2 kulda (1983\u201384). Tulnud 1982\u20132000 8 korral Eesti meistriks. Saanud Melges 24 klassis EM-il 1997 pronksi, 2007 7. (amat\u00f6\u00f6ride 1.), 2009 22. (4.), 2011 8. (1.), 2013 8. (2.), 2014 8. (1.), 2016 5. (2.), 2018 7. (2.) ja 2021 pronksi (1.) koha, MM-il 2006 16. (1.), 2010 14. (2.), 2012 22. (4.), 2015 6. (1.), 2016 19. (2.), 2017 11. (3.) ja 2019 8. (3.) koha ning tulnud 2006\u201307, 2012\u201313, 2015\u201317 ja 2019\u201320 Eesti meistriks. V\u00f5itnud 2021 klassis SB20 MM-il pronksi. Meistersportlane (1982), suurmeister (1988). Eesti parima v\u00f5istkonna liige 1988, 1990 ja 1992. T\u00f6\u00f6tanud 1992\u20132007 hulgikaubanduse AS-i LTT finantsdirektorina. Olnud 1999\u20132001 ja 2006\u201307 Tallinna linnavolikogu ning 2007\u201315 Riigikogu liige. 2017\u201319 EV rahandusminister. 2000\u201304 Eesti Jahtklubide Liidu president, hiljem juhatuse liige. 2010\u201313 SA Antidoping n\u00f5ukogu liige. 1996\u20132017 ja a-st 2019 O\u00dc Breting juhatuse liige. Kalevi auliige (1988). Eesti Punase Risti III klassi teenetem\u00e4rk (2001). Valiti 2019 TL\u00dc sajandi vilistlaste hulka.<\/p>\n","protected":false},"excerpt":{"rendered":"<p>TOOMAS T\u00d5NISTE (26. IV 1967 Tallinn), purjetaja,\u00a0T\u00f5nu T.\u00a0kaksikvend. 181,5 cm, 80 kg. L\u00f5petas 1985 Tallinna 42. kk-i ja 1996 TP\u00dc KKT. Alustas purjetamist 1976 Tallinna purjespordikoolis Milvi Martini juhendamisel, a-st 1981 oli tema treener Rein Ottoson. V\u00f5istelnud koos vennaga soodimehena 470-klassis 4 OM-il: saanud 1988 S\u014fulis h\u00f5beda ja 1992 Barcelonas pronksi, 1996 Atlantas oli 10. ja 2000 Sydneys 22. MM-il<a class=\"more-link\" href=\"https:\/\/kjk.ee\/en\/toomas-toniste\/\">[Read More&#8230;]<\/a><\/p>\n","protected":false},"author":24,"featured_media":0,"parent":0,"menu_order":0,"comment_status":"closed","ping_status":"closed","template":"","meta":{"spay_email":""},"jetpack_sharing_enabled":true,"jetpack_shortlink":"https:\/\/wp.me\/PaW3M4-5SQ","_links":{"self":[{"href":"https:\/\/kjk.ee\/en\/wp-json\/wp\/v2\/pages\/22620"}],"collection":[{"href":"https:\/\/kjk.ee\/en\/wp-json\/wp\/v2\/pages"}],"about":[{"href":"https:\/\/kjk.ee\/en\/wp-json\/wp\/v2\/types\/page"}],"author":[{"embeddable":true,"href":"https:\/\/kjk.ee\/en\/wp-json\/wp\/v2\/users\/24"}],"replies":[{"embeddable":true,"href":"https:\/\/kjk.ee\/en\/wp-json\/wp\/v2\/comments?post=22620"}],"version-history":[{"count":3,"href":"https:\/\/kjk.ee\/en\/wp-json\/wp\/v2\/pages\/22620\/revisions"}],"predecessor-version":[{"id":22752,"href":"https:\/\/kjk.ee\/en\/wp-json\/wp\/v2\/pages\/22620\/revisions\/22752"}],"wp:attachment":[{"href":"https:\/\/kjk.ee\/en\/wp-json\/wp\/v2\/media?parent=22620"}],"curies":[{"name":"wp","href":"https:\/\/api.w.org\/{rel}","templated":true}]}}