{"id":22630,"date":"2023-03-06T10:37:45","date_gmt":"2023-03-06T08:37:45","guid":{"rendered":"https:\/\/kjk.ee\/?page_id=22630"},"modified":"2023-03-06T13:35:28","modified_gmt":"2023-03-06T11:35:28","slug":"mart-meiel","status":"publish","type":"page","link":"https:\/\/kjk.ee\/en\/mart-meiel\/","title":{"rendered":"MART MEIEL"},"content":{"rendered":"<p><strong><a href=\"https:\/\/kjk.ee\/wp-content\/uploads\/2023\/03\/CBB94AF7-3B87-4794-938B-017DE115B4D6.jpeg\"><img loading=\"lazy\" class=\"size-medium wp-image-22705 alignleft\" src=\"https:\/\/kjk.ee\/wp-content\/uploads\/2023\/03\/CBB94AF7-3B87-4794-938B-017DE115B4D6-300x300.jpeg\" alt=\"\" width=\"300\" height=\"300\" srcset=\"https:\/\/kjk.ee\/wp-content\/uploads\/2023\/03\/CBB94AF7-3B87-4794-938B-017DE115B4D6-300x300.jpeg 300w, https:\/\/kjk.ee\/wp-content\/uploads\/2023\/03\/CBB94AF7-3B87-4794-938B-017DE115B4D6-1024x1021.jpeg 1024w, https:\/\/kjk.ee\/wp-content\/uploads\/2023\/03\/CBB94AF7-3B87-4794-938B-017DE115B4D6-150x150.jpeg 150w, https:\/\/kjk.ee\/wp-content\/uploads\/2023\/03\/CBB94AF7-3B87-4794-938B-017DE115B4D6-768x766.jpeg 768w, https:\/\/kjk.ee\/wp-content\/uploads\/2023\/03\/CBB94AF7-3B87-4794-938B-017DE115B4D6-1536x1531.jpeg 1536w, https:\/\/kjk.ee\/wp-content\/uploads\/2023\/03\/CBB94AF7-3B87-4794-938B-017DE115B4D6-2048x2042.jpeg 2048w, https:\/\/kjk.ee\/wp-content\/uploads\/2023\/03\/CBB94AF7-3B87-4794-938B-017DE115B4D6-55x55.jpeg 55w, https:\/\/kjk.ee\/wp-content\/uploads\/2023\/03\/CBB94AF7-3B87-4794-938B-017DE115B4D6-75x75.jpeg 75w, https:\/\/kjk.ee\/wp-content\/uploads\/2023\/03\/CBB94AF7-3B87-4794-938B-017DE115B4D6-48x48.jpeg 48w, https:\/\/kjk.ee\/wp-content\/uploads\/2023\/03\/CBB94AF7-3B87-4794-938B-017DE115B4D6-98x98.jpeg 98w\" sizes=\"(max-width: 300px) 100vw, 300px\" \/><\/a>MART MEIEL<\/strong><\/p>\n<p>(20. IX 1948 Viljandi), sporditegelane. 186 cm, 91 kg. L\u00f5petas 1967 Tallinna 1. kk-i ja 1972 f\u00fc\u00fcsika\u00f5petajana TPedI. Harrastanud 1967\u201371 Tallinna D\u00fcnamos Viktor Vaiksaare juhendamisel kergej\u00f5ustikku. V\u00f5itnud 1970 k\u00fcmnev\u00f5istluses Eesti meistriv\u00f5istlustel h\u00f5beda. Olnud aastast 1989 Spinnakeri ja aastast 1997 Kuldseekli regati korraldajaid. Kuulunud 1978\u201391 Purjetamisf\u00f6deratsiooni noortekomisjoni ja 1991\u20132000 Jahtklubide Liidu v\u00f5istlusspordikomisjoni, olnud 1989\u201398 ja aastast 2007 Eesti Optimist Klassi Liidu president ning on \u00fchtlasi selle asutaja. Juhendanud 1979\u201380 Toomas ja T\u00f5nu T\u00f5niste treeninguid. Kalevi auliige (2001). Olnud 1977\u20132009 Kalevi Purjespordikooli ja hiljem Kalevi Jahtklubi Purjespordikooli direktor.<\/p>\n","protected":false},"excerpt":{"rendered":"<p>MART MEIEL (20. IX 1948 Viljandi), sporditegelane. 186 cm, 91 kg. L\u00f5petas 1967 Tallinna 1. kk-i ja 1972 f\u00fc\u00fcsika\u00f5petajana TPedI. Harrastanud 1967\u201371 Tallinna D\u00fcnamos Viktor Vaiksaare juhendamisel kergej\u00f5ustikku. V\u00f5itnud 1970 k\u00fcmnev\u00f5istluses Eesti meistriv\u00f5istlustel h\u00f5beda. Olnud aastast 1989 Spinnakeri ja aastast 1997 Kuldseekli regati korraldajaid. Kuulunud 1978\u201391 Purjetamisf\u00f6deratsiooni noortekomisjoni ja 1991\u20132000 Jahtklubide Liidu v\u00f5istlusspordikomisjoni, olnud 1989\u201398 ja aastast 2007 Eesti Optimist<a class=\"more-link\" href=\"https:\/\/kjk.ee\/en\/mart-meiel\/\">[Read More&#8230;]<\/a><\/p>\n","protected":false},"author":24,"featured_media":0,"parent":0,"menu_order":0,"comment_status":"closed","ping_status":"closed","template":"","meta":{"spay_email":""},"jetpack_sharing_enabled":true,"jetpack_shortlink":"https:\/\/wp.me\/PaW3M4-5T0","_links":{"self":[{"href":"https:\/\/kjk.ee\/en\/wp-json\/wp\/v2\/pages\/22630"}],"collection":[{"href":"https:\/\/kjk.ee\/en\/wp-json\/wp\/v2\/pages"}],"about":[{"href":"https:\/\/kjk.ee\/en\/wp-json\/wp\/v2\/types\/page"}],"author":[{"embeddable":true,"href":"https:\/\/kjk.ee\/en\/wp-json\/wp\/v2\/users\/24"}],"replies":[{"embeddable":true,"href":"https:\/\/kjk.ee\/en\/wp-json\/wp\/v2\/comments?post=22630"}],"version-history":[{"count":3,"href":"https:\/\/kjk.ee\/en\/wp-json\/wp\/v2\/pages\/22630\/revisions"}],"predecessor-version":[{"id":22744,"href":"https:\/\/kjk.ee\/en\/wp-json\/wp\/v2\/pages\/22630\/revisions\/22744"}],"wp:attachment":[{"href":"https:\/\/kjk.ee\/en\/wp-json\/wp\/v2\/media?parent=22630"}],"curies":[{"name":"wp","href":"https:\/\/api.w.org\/{rel}","templated":true}]}}