{"id":22633,"date":"2023-03-06T10:38:37","date_gmt":"2023-03-06T08:38:37","guid":{"rendered":"https:\/\/kjk.ee\/?page_id=22633"},"modified":"2023-03-06T13:35:16","modified_gmt":"2023-03-06T11:35:16","slug":"rein-ottoson","status":"publish","type":"page","link":"https:\/\/kjk.ee\/en\/rein-ottoson\/","title":{"rendered":"REIN OTTOSON"},"content":{"rendered":"<p><strong><a href=\"https:\/\/kjk.ee\/wp-content\/uploads\/2023\/03\/FD98F0EB-0CF8-49C4-AAFB-4058BD05F70C.jpeg\"><img loading=\"lazy\" class=\"size-medium wp-image-22702 alignleft\" src=\"https:\/\/kjk.ee\/wp-content\/uploads\/2023\/03\/FD98F0EB-0CF8-49C4-AAFB-4058BD05F70C-297x300.jpeg\" alt=\"\" width=\"297\" height=\"300\" srcset=\"https:\/\/kjk.ee\/wp-content\/uploads\/2023\/03\/FD98F0EB-0CF8-49C4-AAFB-4058BD05F70C-297x300.jpeg 297w, https:\/\/kjk.ee\/wp-content\/uploads\/2023\/03\/FD98F0EB-0CF8-49C4-AAFB-4058BD05F70C-1014x1024.jpeg 1014w, https:\/\/kjk.ee\/wp-content\/uploads\/2023\/03\/FD98F0EB-0CF8-49C4-AAFB-4058BD05F70C-768x776.jpeg 768w, https:\/\/kjk.ee\/wp-content\/uploads\/2023\/03\/FD98F0EB-0CF8-49C4-AAFB-4058BD05F70C-1521x1536.jpeg 1521w, https:\/\/kjk.ee\/wp-content\/uploads\/2023\/03\/FD98F0EB-0CF8-49C4-AAFB-4058BD05F70C-2028x2048.jpeg 2028w, https:\/\/kjk.ee\/wp-content\/uploads\/2023\/03\/FD98F0EB-0CF8-49C4-AAFB-4058BD05F70C-54x55.jpeg 54w, https:\/\/kjk.ee\/wp-content\/uploads\/2023\/03\/FD98F0EB-0CF8-49C4-AAFB-4058BD05F70C-75x75.jpeg 75w, https:\/\/kjk.ee\/wp-content\/uploads\/2023\/03\/FD98F0EB-0CF8-49C4-AAFB-4058BD05F70C-48x48.jpeg 48w, https:\/\/kjk.ee\/wp-content\/uploads\/2023\/03\/FD98F0EB-0CF8-49C4-AAFB-4058BD05F70C-97x98.jpeg 97w\" sizes=\"(max-width: 297px) 100vw, 297px\" \/><\/a>REIN OTTOSON<\/strong><\/p>\n<p>(31. X 1953 Tallinn), purjetamistreener,\u00a0<a href=\"https:\/\/esbl.ee\/biograafia\/Enn_Ottoson\">Enn O-i<\/a>\u00a0vend,\u00a0<a href=\"https:\/\/esbl.ee\/biograafia\/Maire_Ottoson\">Maire O-i<\/a>\u00a0abikaasa. L\u00f5petas 1972 Tallinna 36. kk-i ja 1984 TR\u00dc KKT. Purjetama hakkas 1964 Kalevi Jahtklubis Optimistil Taavi Oru juhendamisel. Noorte MM-il Kadett-klassis 58. koht. Tulnud Optimist- (1966), Kadett- (1970), OK- (1971) ja 470-klassis (1975) Eesti meistriks. Osalenud 1969\u201371 ka NL-i j\u00e4\u00e4purjetamismeistiv\u00f5istlustel. T\u00f6\u00f6tanud aastast 1972 purjetamistreenerina, olnud Eesti ja NL-i koondise juhendaja. Osalenud treenerina 1988 S\u014fuli, 1992 Barcelona, 1996 Atlanta, 2000 Sydney, 2012 Londoni ja 2016 Rio de Janeiro OM-il. \u00d5pilasi: T\u00f5nu ja Toomas T\u00f5niste, Tuuli Org, Liis Uustalu-Koort, Krista Kruuv, Peter \u0160ara\u0161kin, Paavo Pettai, Karl-Martin Rammo, Anne-Mari Luik, Lauri V\u00e4insalu. Eesti parim treener 1988 ja 1992. Olnud treener ka Jaapanis, pidanud loenguid Kuubas, USA-s ja NL-i purjespordikeskustes. Omistatud koos Matti Killinguga esimeste Eesti treeneritena 8. kutsetase (2016). Kuulunud Purjespordif\u00f6deratsiooni presiidiumi ja tegutsenud treenerite n\u00f5ukogu esimehena, olnud ka NL-i Purjespordif\u00f6deratsiooni presiidiumi liige. Olnud EOK purjetamistreenerite kutsekomisjoni ja aastast 2021 hindamiskomisjoni esimees. 1990\u20132001 Eesti 470 Klassiliidu president. \u00d5ppefilmide (&#8220;Jahi juhtimise tehnika&#8221; I ja II) autor ja konsultant. ENSV teeneline treener (1984), Kalevi auliige (1981) ja Kalevi Jahtklubi auliige (1980). Eesti Punase Risti V klassi teenetem\u00e4rk (2001). EOK teenetem\u00e4rk (2015). Riklik spordi elut\u00f6\u00f6preemia (2011).\u00a0Eesti Kultuurkapitali kehakultuuri ja spordi sihtkapitali aastapreemia (2020). Aastast 2000 O\u00dc Rein Ottosoni Purjespordikool omanik, juhataja ja treener.<\/p>\n","protected":false},"excerpt":{"rendered":"<p>REIN OTTOSON (31. X 1953 Tallinn), purjetamistreener,\u00a0Enn O-i\u00a0vend,\u00a0Maire O-i\u00a0abikaasa. L\u00f5petas 1972 Tallinna 36. kk-i ja 1984 TR\u00dc KKT. Purjetama hakkas 1964 Kalevi Jahtklubis Optimistil Taavi Oru juhendamisel. Noorte MM-il Kadett-klassis 58. koht. Tulnud Optimist- (1966), Kadett- (1970), OK- (1971) ja 470-klassis (1975) Eesti meistriks. Osalenud 1969\u201371 ka NL-i j\u00e4\u00e4purjetamismeistiv\u00f5istlustel. T\u00f6\u00f6tanud aastast 1972 purjetamistreenerina, olnud Eesti ja NL-i koondise juhendaja. Osalenud<a class=\"more-link\" href=\"https:\/\/kjk.ee\/en\/rein-ottoson\/\">[Read More&#8230;]<\/a><\/p>\n","protected":false},"author":24,"featured_media":0,"parent":0,"menu_order":0,"comment_status":"closed","ping_status":"closed","template":"","meta":{"spay_email":""},"jetpack_sharing_enabled":true,"jetpack_shortlink":"https:\/\/wp.me\/PaW3M4-5T3","_links":{"self":[{"href":"https:\/\/kjk.ee\/en\/wp-json\/wp\/v2\/pages\/22633"}],"collection":[{"href":"https:\/\/kjk.ee\/en\/wp-json\/wp\/v2\/pages"}],"about":[{"href":"https:\/\/kjk.ee\/en\/wp-json\/wp\/v2\/types\/page"}],"author":[{"embeddable":true,"href":"https:\/\/kjk.ee\/en\/wp-json\/wp\/v2\/users\/24"}],"replies":[{"embeddable":true,"href":"https:\/\/kjk.ee\/en\/wp-json\/wp\/v2\/comments?post=22633"}],"version-history":[{"count":3,"href":"https:\/\/kjk.ee\/en\/wp-json\/wp\/v2\/pages\/22633\/revisions"}],"predecessor-version":[{"id":22743,"href":"https:\/\/kjk.ee\/en\/wp-json\/wp\/v2\/pages\/22633\/revisions\/22743"}],"wp:attachment":[{"href":"https:\/\/kjk.ee\/en\/wp-json\/wp\/v2\/media?parent=22633"}],"curies":[{"name":"wp","href":"https:\/\/api.w.org\/{rel}","templated":true}]}}