{"id":22636,"date":"2023-03-06T10:38:57","date_gmt":"2023-03-06T08:38:57","guid":{"rendered":"https:\/\/kjk.ee\/?page_id=22636"},"modified":"2024-01-09T13:08:54","modified_gmt":"2024-01-09T11:08:54","slug":"sulev-roosma","status":"publish","type":"page","link":"https:\/\/kjk.ee\/en\/sulev-roosma\/","title":{"rendered":"SULEV ROOSMA"},"content":{"rendered":"<p><strong><a href=\"https:\/\/kjk.ee\/wp-content\/uploads\/2023\/03\/D2F1DCCC-B7FF-4E04-8F46-C7F6A24AF4CD.jpeg\"><img loading=\"lazy\" class=\"size-medium wp-image-22688 alignleft\" src=\"https:\/\/kjk.ee\/wp-content\/uploads\/2023\/03\/D2F1DCCC-B7FF-4E04-8F46-C7F6A24AF4CD-300x300.jpeg\" alt=\"\" width=\"300\" height=\"300\" srcset=\"https:\/\/kjk.ee\/wp-content\/uploads\/2023\/03\/D2F1DCCC-B7FF-4E04-8F46-C7F6A24AF4CD-300x300.jpeg 300w, https:\/\/kjk.ee\/wp-content\/uploads\/2023\/03\/D2F1DCCC-B7FF-4E04-8F46-C7F6A24AF4CD-1024x1019.jpeg 1024w, https:\/\/kjk.ee\/wp-content\/uploads\/2023\/03\/D2F1DCCC-B7FF-4E04-8F46-C7F6A24AF4CD-150x150.jpeg 150w, https:\/\/kjk.ee\/wp-content\/uploads\/2023\/03\/D2F1DCCC-B7FF-4E04-8F46-C7F6A24AF4CD-1536x1529.jpeg 1536w, https:\/\/kjk.ee\/wp-content\/uploads\/2023\/03\/D2F1DCCC-B7FF-4E04-8F46-C7F6A24AF4CD-2048x2038.jpeg 2048w, https:\/\/kjk.ee\/wp-content\/uploads\/2023\/03\/D2F1DCCC-B7FF-4E04-8F46-C7F6A24AF4CD-55x55.jpeg 55w, https:\/\/kjk.ee\/wp-content\/uploads\/2023\/03\/D2F1DCCC-B7FF-4E04-8F46-C7F6A24AF4CD-75x75.jpeg 75w, https:\/\/kjk.ee\/wp-content\/uploads\/2023\/03\/D2F1DCCC-B7FF-4E04-8F46-C7F6A24AF4CD-48x48.jpeg 48w, https:\/\/kjk.ee\/wp-content\/uploads\/2023\/03\/D2F1DCCC-B7FF-4E04-8F46-C7F6A24AF4CD-98x98.jpeg 98w\" sizes=\"(max-width: 300px) 100vw, 300px\" \/><\/a>SULEV ROOSMA<\/strong><\/p>\n<p>(18. II 1932 Tallinn &#8211; 27.12.2023 Tallinn), purjetaja ja j\u00e4\u00e4purjetaja, <a href=\"https:\/\/www.esbl.ee\/biograafia\/Olev_Roosma\">Olev R.<\/a>\u00a0vend,\u00a0<a href=\"https:\/\/www.esbl.ee\/biograafia\/Saima_Roosma\">Saima R.<\/a>\u00a0abikaasa,\u00a0<a href=\"https:\/\/www.esbl.ee\/biograafia\/Matti_Roosma\">Matti R.<\/a>\u00a0isa. 172 cm, 100 kg. L\u00f5petas 1951 Tallinna 22. kk-i ja \u00f5ppis 1951\u201354 TPI ehitusosakonnas. Hakkas purjetama Tallinna Kalevi jahtklubis1949, j\u00e4\u00e4purjetamisega alustas 1951. V\u00f5itis NL-i meistriv\u00f5istlustel 12 m\u00b2 vabaklassis 1962 h\u00f5beda ja 1961 pronksi ning Eesti meistriv\u00f5istlustel 20 m\u00b2 vabaklassis 1953 pronksi. Olnud medaliv\u00f5itjaid ka Eesti avamerepurjetamise meistriv\u00f5istlustel. 50-ndate l\u00f5pus algatas ja viis l\u00e4bi Pirita j\u00f5esuu s\u00fcvendamise. Jahtkapten (1955). Kalevi Jahtklubi (1986), Eesti Vetelp\u00e4\u00e4ste\u00fchingu (1981) ja Kalevi auliige (1996). T\u00f6\u00f6tanud 1954\u201358 kapteni-instruktorina, 1988\u201396 Tallinna Linnasadama peainsenerina. Kuulunud 1954\u201394 Tallinna Kalevi Jahtklubi ja aastast 1991 Eesti Mereturismi Assotsiatsiooni juhatusse. Koostanud v\u00e4ljaande &#8220;Pirita koduloo-uurimise ajaloost&#8221; I\u2013III k\u00e4sikirja. EOK teenetem\u00e4rk (2021).<\/p>\n<p><a href=\"https:\/\/kjk.ee\/sulev-roosma-uhe-toelise-eesti-mehe-lahkumine-teispoolsusse\/\"><strong>SULEV ROOSMA \u2013 Eesti mereturismi teerajaja, vesiehitaja, sihikindel sadamate turvalisuse eest v\u00f5itleja, leiutaja ja suur unistaja<\/strong><\/a><\/p>\n","protected":false},"excerpt":{"rendered":"<p>SULEV ROOSMA (18. II 1932 Tallinn &#8211; 27.12.2023 Tallinn), purjetaja ja j\u00e4\u00e4purjetaja, Olev R.\u00a0vend,\u00a0Saima R.\u00a0abikaasa,\u00a0Matti R.\u00a0isa. 172 cm, 100 kg. L\u00f5petas 1951 Tallinna 22. kk-i ja \u00f5ppis 1951\u201354 TPI ehitusosakonnas. Hakkas purjetama Tallinna Kalevi jahtklubis1949, j\u00e4\u00e4purjetamisega alustas 1951. V\u00f5itis NL-i meistriv\u00f5istlustel 12 m\u00b2 vabaklassis 1962 h\u00f5beda ja 1961 pronksi ning Eesti meistriv\u00f5istlustel 20 m\u00b2 vabaklassis 1953 pronksi. Olnud medaliv\u00f5itjaid ka<a class=\"more-link\" href=\"https:\/\/kjk.ee\/en\/sulev-roosma\/\">[Read More&#8230;]<\/a><\/p>\n","protected":false},"author":24,"featured_media":0,"parent":0,"menu_order":0,"comment_status":"closed","ping_status":"closed","template":"","meta":{"spay_email":""},"jetpack_sharing_enabled":true,"jetpack_shortlink":"https:\/\/wp.me\/PaW3M4-5T6","_links":{"self":[{"href":"https:\/\/kjk.ee\/en\/wp-json\/wp\/v2\/pages\/22636"}],"collection":[{"href":"https:\/\/kjk.ee\/en\/wp-json\/wp\/v2\/pages"}],"about":[{"href":"https:\/\/kjk.ee\/en\/wp-json\/wp\/v2\/types\/page"}],"author":[{"embeddable":true,"href":"https:\/\/kjk.ee\/en\/wp-json\/wp\/v2\/users\/24"}],"replies":[{"embeddable":true,"href":"https:\/\/kjk.ee\/en\/wp-json\/wp\/v2\/comments?post=22636"}],"version-history":[{"count":5,"href":"https:\/\/kjk.ee\/en\/wp-json\/wp\/v2\/pages\/22636\/revisions"}],"predecessor-version":[{"id":25863,"href":"https:\/\/kjk.ee\/en\/wp-json\/wp\/v2\/pages\/22636\/revisions\/25863"}],"wp:attachment":[{"href":"https:\/\/kjk.ee\/en\/wp-json\/wp\/v2\/media?parent=22636"}],"curies":[{"name":"wp","href":"https:\/\/api.w.org\/{rel}","templated":true}]}}