{"id":22639,"date":"2023-03-06T10:39:17","date_gmt":"2023-03-06T08:39:17","guid":{"rendered":"https:\/\/kjk.ee\/?page_id=22639"},"modified":"2023-03-06T13:32:18","modified_gmt":"2023-03-06T11:32:18","slug":"ester-kappa","status":"publish","type":"page","link":"https:\/\/kjk.ee\/en\/ester-kappa\/","title":{"rendered":"ESTER K\u00c4PPA (LUIGA)"},"content":{"rendered":"<p><strong><a href=\"https:\/\/kjk.ee\/wp-content\/uploads\/2023\/03\/1E3870AB-7502-4CB9-A0A0-1A6523BE2C74.jpeg\"><img loading=\"lazy\" class=\"size-medium wp-image-22689 alignleft\" src=\"https:\/\/kjk.ee\/wp-content\/uploads\/2023\/03\/1E3870AB-7502-4CB9-A0A0-1A6523BE2C74-294x300.jpeg\" alt=\"\" width=\"294\" height=\"300\" srcset=\"https:\/\/kjk.ee\/wp-content\/uploads\/2023\/03\/1E3870AB-7502-4CB9-A0A0-1A6523BE2C74-294x300.jpeg 294w, https:\/\/kjk.ee\/wp-content\/uploads\/2023\/03\/1E3870AB-7502-4CB9-A0A0-1A6523BE2C74-1003x1024.jpeg 1003w, https:\/\/kjk.ee\/wp-content\/uploads\/2023\/03\/1E3870AB-7502-4CB9-A0A0-1A6523BE2C74-768x784.jpeg 768w, https:\/\/kjk.ee\/wp-content\/uploads\/2023\/03\/1E3870AB-7502-4CB9-A0A0-1A6523BE2C74-1505x1536.jpeg 1505w, https:\/\/kjk.ee\/wp-content\/uploads\/2023\/03\/1E3870AB-7502-4CB9-A0A0-1A6523BE2C74-2007x2048.jpeg 2007w, https:\/\/kjk.ee\/wp-content\/uploads\/2023\/03\/1E3870AB-7502-4CB9-A0A0-1A6523BE2C74-54x55.jpeg 54w, https:\/\/kjk.ee\/wp-content\/uploads\/2023\/03\/1E3870AB-7502-4CB9-A0A0-1A6523BE2C74-47x48.jpeg 47w, https:\/\/kjk.ee\/wp-content\/uploads\/2023\/03\/1E3870AB-7502-4CB9-A0A0-1A6523BE2C74-96x98.jpeg 96w\" sizes=\"(max-width: 294px) 100vw, 294px\" \/><\/a>ESTER K\u00c4PPA <\/strong><\/p>\n<p>aastast 1964 LUIGA &#8211; (23. X 1928 Tallinn \u2013 9. IV 2009 Tallinn), purjetaja, <a href=\"https:\/\/www.esbl.ee\/biograafia\/Erika_K%E4ppa\">Erika<\/a>\u00a0ja\u00a0<a href=\"https:\/\/www.esbl.ee\/biograafia\/Eduard_K%E4ppa\">Eduard K.<\/a>\u00a0t\u00fctar,\u00a0<a href=\"https:\/\/www.esbl.ee\/biograafia\/Albert_K%E4ppa\">Albert K.<\/a>\u00a0pool\u00f5de. \u00d5ppis 1942\u201344 Haapsalu 1. kk-s, l\u00f5petas 1947 Tallinna 8. kk-i ja 1953 arstina TR\u00dc. Meditsiiniknd (1966). Hakkas purjetama 1938 Haapsalus isa ja ema juhendamisel. Oli a-st 1945 Vab Jahtklubi ja a-st 1948 Tallinna Kalevi Jahtklubi liige, sooritas 1945 II klassi ja 1948 I klassi jahijuhi eksamid. Osales 1947\u201358 purjespordiv\u00f5istlustel. NL-i meistriv\u00f5istlustel v\u00f5itis L3 ja Draakoni klassis 4 kulda (1951, 1954, 1956 ja 1957) ja 2 h\u00f5bedat (1948 ja 1953), 1951 oli L3 klassis ameti\u00fchingute \u00fcleliiduline meister. Tuli 1949\u201357 6 korral Eesti meistriks. Meistersportlane (1952). Kalevi auliige (1963). T\u00f6\u00f6tas 1953\u201356 Vabariiklikus Arstlikus Kehakultuuri Dispanseris ja 1956\u201361 Tallinna Lastehaiglas. 1962\u201364 oli Eksperimentaalse ja Kliinilise Meditsiini Instituudis aspirant, 1964\u201383 noorem- ja vanemteadur, 1984\u201397 Eesti Kardioloogia Instituudi laste prof\u00fclaktilise kardioloogia osakonna vanemteadur. Lastehaigusi k\u00e4sitlevate raamatute autoreid. Kirjutanud \u00f5ppematerjali kooli tervise\u00f5petajaile ja meditsiinit\u00f6\u00f6tajaile.<\/p>\n","protected":false},"excerpt":{"rendered":"<p>ESTER K\u00c4PPA aastast 1964 LUIGA &#8211; (23. X 1928 Tallinn \u2013 9. IV 2009 Tallinn), purjetaja, Erika\u00a0ja\u00a0Eduard K.\u00a0t\u00fctar,\u00a0Albert K.\u00a0pool\u00f5de. \u00d5ppis 1942\u201344 Haapsalu 1. kk-s, l\u00f5petas 1947 Tallinna 8. kk-i ja 1953 arstina TR\u00dc. Meditsiiniknd (1966). Hakkas purjetama 1938 Haapsalus isa ja ema juhendamisel. Oli a-st 1945 Vab Jahtklubi ja a-st 1948 Tallinna Kalevi Jahtklubi liige, sooritas 1945 II klassi ja<a class=\"more-link\" href=\"https:\/\/kjk.ee\/en\/ester-kappa\/\">[Read More&#8230;]<\/a><\/p>\n","protected":false},"author":24,"featured_media":0,"parent":0,"menu_order":0,"comment_status":"closed","ping_status":"closed","template":"","meta":{"spay_email":""},"jetpack_sharing_enabled":true,"jetpack_shortlink":"https:\/\/wp.me\/PaW3M4-5T9","_links":{"self":[{"href":"https:\/\/kjk.ee\/en\/wp-json\/wp\/v2\/pages\/22639"}],"collection":[{"href":"https:\/\/kjk.ee\/en\/wp-json\/wp\/v2\/pages"}],"about":[{"href":"https:\/\/kjk.ee\/en\/wp-json\/wp\/v2\/types\/page"}],"author":[{"embeddable":true,"href":"https:\/\/kjk.ee\/en\/wp-json\/wp\/v2\/users\/24"}],"replies":[{"embeddable":true,"href":"https:\/\/kjk.ee\/en\/wp-json\/wp\/v2\/comments?post=22639"}],"version-history":[{"count":4,"href":"https:\/\/kjk.ee\/en\/wp-json\/wp\/v2\/pages\/22639\/revisions"}],"predecessor-version":[{"id":22711,"href":"https:\/\/kjk.ee\/en\/wp-json\/wp\/v2\/pages\/22639\/revisions\/22711"}],"wp:attachment":[{"href":"https:\/\/kjk.ee\/en\/wp-json\/wp\/v2\/media?parent=22639"}],"curies":[{"name":"wp","href":"https:\/\/api.w.org\/{rel}","templated":true}]}}