{"id":22642,"date":"2023-03-06T10:39:38","date_gmt":"2023-03-06T08:39:38","guid":{"rendered":"https:\/\/kjk.ee\/?page_id=22642"},"modified":"2023-03-06T13:32:24","modified_gmt":"2023-03-06T11:32:24","slug":"olev-roosma","status":"publish","type":"page","link":"https:\/\/kjk.ee\/en\/olev-roosma\/","title":{"rendered":"OLEV ROOSMA"},"content":{"rendered":"<p><strong><a href=\"https:\/\/kjk.ee\/wp-content\/uploads\/2023\/03\/4BDB1626-E735-4DFD-B070-6ECC0D45E8D0.jpeg\"><img loading=\"lazy\" class=\"size-medium wp-image-22690 alignleft\" src=\"https:\/\/kjk.ee\/wp-content\/uploads\/2023\/03\/4BDB1626-E735-4DFD-B070-6ECC0D45E8D0-300x300.jpeg\" alt=\"\" width=\"300\" height=\"300\" srcset=\"https:\/\/kjk.ee\/wp-content\/uploads\/2023\/03\/4BDB1626-E735-4DFD-B070-6ECC0D45E8D0-300x300.jpeg 300w, https:\/\/kjk.ee\/wp-content\/uploads\/2023\/03\/4BDB1626-E735-4DFD-B070-6ECC0D45E8D0-1024x1019.jpeg 1024w, https:\/\/kjk.ee\/wp-content\/uploads\/2023\/03\/4BDB1626-E735-4DFD-B070-6ECC0D45E8D0-150x150.jpeg 150w, https:\/\/kjk.ee\/wp-content\/uploads\/2023\/03\/4BDB1626-E735-4DFD-B070-6ECC0D45E8D0-768x765.jpeg 768w, https:\/\/kjk.ee\/wp-content\/uploads\/2023\/03\/4BDB1626-E735-4DFD-B070-6ECC0D45E8D0-1536x1529.jpeg 1536w, https:\/\/kjk.ee\/wp-content\/uploads\/2023\/03\/4BDB1626-E735-4DFD-B070-6ECC0D45E8D0-2048x2039.jpeg 2048w, https:\/\/kjk.ee\/wp-content\/uploads\/2023\/03\/4BDB1626-E735-4DFD-B070-6ECC0D45E8D0-55x55.jpeg 55w, https:\/\/kjk.ee\/wp-content\/uploads\/2023\/03\/4BDB1626-E735-4DFD-B070-6ECC0D45E8D0-75x75.jpeg 75w, https:\/\/kjk.ee\/wp-content\/uploads\/2023\/03\/4BDB1626-E735-4DFD-B070-6ECC0D45E8D0-48x48.jpeg 48w, https:\/\/kjk.ee\/wp-content\/uploads\/2023\/03\/4BDB1626-E735-4DFD-B070-6ECC0D45E8D0-98x98.jpeg 98w\" sizes=\"(max-width: 300px) 100vw, 300px\" \/><\/a>OLEV ROOSMA<\/strong><\/p>\n<p>(6. VI 1939 Tallinn), purjetaja, j\u00e4\u00e4purjetaja ja autosportlane,\u00a0<a href=\"https:\/\/www.esbl.ee\/biograafia\/Sulev_Roosma\">Sulev R.<\/a>\u00a0vend,\u00a0<a href=\"https:\/\/www.esbl.ee\/biograafia\/Matti_Roosma\">Matti R.<\/a>\u00a0onu. 182 cm, 103 kg. L\u00f5petas 1960 Tallinna 10. t\u00f6\u00f6lisnoorte kk-i. Hakkas purjetama 1952 Tallinna Kalevi Jahtklubis Albert K\u00e4ppa juhendamisel. V\u00f5itis j\u00e4\u00e4purjetamises NL-i meistriv\u00f5istlustel 12 m\u00b2 vabaklassis 1962 h\u00f5beda ja 1961 pronksi ning NL-i noortemeistriv\u00f5istlustel 8 m\u00b2 vabaklassis 1957 h\u00f5beda. Tulnud 12 m\u00b2 vabaklassis 1960 ja 1962 Eesti meistriks. Saanud avamerepurjetamises Eesti meistriv\u00f5istlustel 1967\u201386 7 kulda. Eesti autoralli meistriv\u00f5istlustel v\u00f5itnud Volga klassis 1971 kulla ja 1969 h\u00f5beda. Meistersportlane j\u00e4\u00e4purjetamises (1961) ja purjetamises (1971). T\u00f6\u00f6tanud 1962\u201392 Tallinna Taksopargis meistrina, osakonnajuhatajana, peainseneri aset\u00e4itjana ja kommertsdirektorina, olnud 1994\u201397 Kalevi Jahtklubi \u00fclem. Kuulunud 1975\u201379 Purjespordif\u00f6deratsiooni presiidiumi. 1992\u201395 oli Kalevi Jahtklubi kommodoor. Kalevi auliige (1986). Aastast 2012 Eesti Spordiseltsi Kalev Jahtklubi juhatuse liige.<\/p>\n","protected":false},"excerpt":{"rendered":"<p>OLEV ROOSMA (6. VI 1939 Tallinn), purjetaja, j\u00e4\u00e4purjetaja ja autosportlane,\u00a0Sulev R.\u00a0vend,\u00a0Matti R.\u00a0onu. 182 cm, 103 kg. L\u00f5petas 1960 Tallinna 10. t\u00f6\u00f6lisnoorte kk-i. Hakkas purjetama 1952 Tallinna Kalevi Jahtklubis Albert K\u00e4ppa juhendamisel. V\u00f5itis j\u00e4\u00e4purjetamises NL-i meistriv\u00f5istlustel 12 m\u00b2 vabaklassis 1962 h\u00f5beda ja 1961 pronksi ning NL-i noortemeistriv\u00f5istlustel 8 m\u00b2 vabaklassis 1957 h\u00f5beda. Tulnud 12 m\u00b2 vabaklassis 1960 ja 1962 Eesti meistriks.<a class=\"more-link\" href=\"https:\/\/kjk.ee\/en\/olev-roosma\/\">[Read More&#8230;]<\/a><\/p>\n","protected":false},"author":24,"featured_media":0,"parent":0,"menu_order":0,"comment_status":"closed","ping_status":"closed","template":"","meta":{"spay_email":""},"jetpack_sharing_enabled":true,"jetpack_shortlink":"https:\/\/wp.me\/PaW3M4-5Tc","_links":{"self":[{"href":"https:\/\/kjk.ee\/en\/wp-json\/wp\/v2\/pages\/22642"}],"collection":[{"href":"https:\/\/kjk.ee\/en\/wp-json\/wp\/v2\/pages"}],"about":[{"href":"https:\/\/kjk.ee\/en\/wp-json\/wp\/v2\/types\/page"}],"author":[{"embeddable":true,"href":"https:\/\/kjk.ee\/en\/wp-json\/wp\/v2\/users\/24"}],"replies":[{"embeddable":true,"href":"https:\/\/kjk.ee\/en\/wp-json\/wp\/v2\/comments?post=22642"}],"version-history":[{"count":3,"href":"https:\/\/kjk.ee\/en\/wp-json\/wp\/v2\/pages\/22642\/revisions"}],"predecessor-version":[{"id":22732,"href":"https:\/\/kjk.ee\/en\/wp-json\/wp\/v2\/pages\/22642\/revisions\/22732"}],"wp:attachment":[{"href":"https:\/\/kjk.ee\/en\/wp-json\/wp\/v2\/media?parent=22642"}],"curies":[{"name":"wp","href":"https:\/\/api.w.org\/{rel}","templated":true}]}}