{"id":22645,"date":"2023-03-06T10:39:55","date_gmt":"2023-03-06T08:39:55","guid":{"rendered":"https:\/\/kjk.ee\/?page_id=22645"},"modified":"2023-03-06T13:30:21","modified_gmt":"2023-03-06T11:30:21","slug":"helmuth-leppik","status":"publish","type":"page","link":"https:\/\/kjk.ee\/en\/helmuth-leppik\/","title":{"rendered":"HELMUTH LEPPIK"},"content":{"rendered":"<p><strong><a href=\"https:\/\/kjk.ee\/wp-content\/uploads\/2023\/03\/9172C45D-59E6-4E7B-A580-3B08F598FC8F.jpeg\"><img loading=\"lazy\" class=\"size-medium wp-image-22684 alignleft\" src=\"https:\/\/kjk.ee\/wp-content\/uploads\/2023\/03\/9172C45D-59E6-4E7B-A580-3B08F598FC8F-300x300.jpeg\" alt=\"\" width=\"300\" height=\"300\" srcset=\"https:\/\/kjk.ee\/wp-content\/uploads\/2023\/03\/9172C45D-59E6-4E7B-A580-3B08F598FC8F-300x300.jpeg 300w, https:\/\/kjk.ee\/wp-content\/uploads\/2023\/03\/9172C45D-59E6-4E7B-A580-3B08F598FC8F-1024x1024.jpeg 1024w, https:\/\/kjk.ee\/wp-content\/uploads\/2023\/03\/9172C45D-59E6-4E7B-A580-3B08F598FC8F-150x150.jpeg 150w, https:\/\/kjk.ee\/wp-content\/uploads\/2023\/03\/9172C45D-59E6-4E7B-A580-3B08F598FC8F-768x769.jpeg 768w, https:\/\/kjk.ee\/wp-content\/uploads\/2023\/03\/9172C45D-59E6-4E7B-A580-3B08F598FC8F-1534x1536.jpeg 1534w, https:\/\/kjk.ee\/wp-content\/uploads\/2023\/03\/9172C45D-59E6-4E7B-A580-3B08F598FC8F-2045x2048.jpeg 2045w, https:\/\/kjk.ee\/wp-content\/uploads\/2023\/03\/9172C45D-59E6-4E7B-A580-3B08F598FC8F-55x55.jpeg 55w, https:\/\/kjk.ee\/wp-content\/uploads\/2023\/03\/9172C45D-59E6-4E7B-A580-3B08F598FC8F-75x75.jpeg 75w, https:\/\/kjk.ee\/wp-content\/uploads\/2023\/03\/9172C45D-59E6-4E7B-A580-3B08F598FC8F-48x48.jpeg 48w, https:\/\/kjk.ee\/wp-content\/uploads\/2023\/03\/9172C45D-59E6-4E7B-A580-3B08F598FC8F-98x98.jpeg 98w\" sizes=\"(max-width: 300px) 100vw, 300px\" \/><\/a>HELMUTH LEPPIK<\/strong><\/p>\n<p>(20. X 1922 Narva\u00a0\u2013 22. VII 2014), purjetaja ja j\u00e4\u00e4purjetaja. 172 cm, 71 kg. L\u00f5petas 1938 Tallinna 1. \u00f5htukooli. V\u00f5ttis eesti laskurkorpuse v\u00f5itlejana osa II maailmas\u00f5jast. Hakkas purjetama 1946 Vabariiklikus Jahtklubis I. Maksimi juhendamisel, hiljem kuulus Spartakisse, T\u00f6\u00f6j\u00f5ureservidesse ja merej\u00f5udude spordiklubisse. V\u00f5itis j\u00e4\u00e4purjetamises DN-klassis EM-il 1973 h\u00f5beda ning 1971 ja 1972 pronksi, sai MM-il 1973 ja 1978 5. koha. NL-i j\u00e4\u00e4purjetamismv\u00f5istlustel v\u00f5itis 1963 12 m\u00b2 vabaklassis ja 1975 DN-klassis kulla ning 12 m\u00b2 pehme purjega vabaklassis 1969 h\u00f5beda ja 1966, 1971 pronksi. Tuli 12 m\u00b2 vabaklassis 1953, 1957 ja 1966 Eesti meistriks. Meistersportlane (1962), suurmeister (1971). Purjetamises v\u00f5itis NL-i meistriv\u00f5istlustel 1971 Star-klassis pronksi ning tuli 1952 M-klassis ja 1956\u201371 11 korral Star-klassis Eesti meistriks. Meistersportlane ka purjetamises (1967). T\u00f6\u00f6tas aastast 1946 jahtklubis ja vesiehituskolonnis ning valmistas 5 12 m\u00b2 vabaklassi ja 64 DN-klassi j\u00e4\u00e4purjekat.<\/p>\n","protected":false},"excerpt":{"rendered":"<p>HELMUTH LEPPIK (20. X 1922 Narva\u00a0\u2013 22. VII 2014), purjetaja ja j\u00e4\u00e4purjetaja. 172 cm, 71 kg. L\u00f5petas 1938 Tallinna 1. \u00f5htukooli. V\u00f5ttis eesti laskurkorpuse v\u00f5itlejana osa II maailmas\u00f5jast. Hakkas purjetama 1946 Vabariiklikus Jahtklubis I. Maksimi juhendamisel, hiljem kuulus Spartakisse, T\u00f6\u00f6j\u00f5ureservidesse ja merej\u00f5udude spordiklubisse. V\u00f5itis j\u00e4\u00e4purjetamises DN-klassis EM-il 1973 h\u00f5beda ning 1971 ja 1972 pronksi, sai MM-il 1973 ja 1978 5.<a class=\"more-link\" href=\"https:\/\/kjk.ee\/en\/helmuth-leppik\/\">[Read More&#8230;]<\/a><\/p>\n","protected":false},"author":24,"featured_media":0,"parent":0,"menu_order":0,"comment_status":"closed","ping_status":"closed","template":"","meta":{"spay_email":""},"jetpack_sharing_enabled":true,"jetpack_shortlink":"https:\/\/wp.me\/PaW3M4-5Tf","_links":{"self":[{"href":"https:\/\/kjk.ee\/en\/wp-json\/wp\/v2\/pages\/22645"}],"collection":[{"href":"https:\/\/kjk.ee\/en\/wp-json\/wp\/v2\/pages"}],"about":[{"href":"https:\/\/kjk.ee\/en\/wp-json\/wp\/v2\/types\/page"}],"author":[{"embeddable":true,"href":"https:\/\/kjk.ee\/en\/wp-json\/wp\/v2\/users\/24"}],"replies":[{"embeddable":true,"href":"https:\/\/kjk.ee\/en\/wp-json\/wp\/v2\/comments?post=22645"}],"version-history":[{"count":4,"href":"https:\/\/kjk.ee\/en\/wp-json\/wp\/v2\/pages\/22645\/revisions"}],"predecessor-version":[{"id":22730,"href":"https:\/\/kjk.ee\/en\/wp-json\/wp\/v2\/pages\/22645\/revisions\/22730"}],"wp:attachment":[{"href":"https:\/\/kjk.ee\/en\/wp-json\/wp\/v2\/media?parent=22645"}],"curies":[{"name":"wp","href":"https:\/\/api.w.org\/{rel}","templated":true}]}}