{"id":22648,"date":"2023-03-06T10:40:26","date_gmt":"2023-03-06T08:40:26","guid":{"rendered":"https:\/\/kjk.ee\/?page_id=22648"},"modified":"2023-03-06T13:29:57","modified_gmt":"2023-03-06T11:29:57","slug":"vaino-vapper","status":"publish","type":"page","link":"https:\/\/kjk.ee\/en\/vaino-vapper\/","title":{"rendered":"V\u00c4INO VAPPER"},"content":{"rendered":"<p><strong><a href=\"https:\/\/kjk.ee\/wp-content\/uploads\/2023\/03\/C38C43E5-E16C-465E-BD54-9B5C7F50FDEF.jpeg\"><img loading=\"lazy\" class=\"size-medium wp-image-22686 alignleft\" src=\"https:\/\/kjk.ee\/wp-content\/uploads\/2023\/03\/C38C43E5-E16C-465E-BD54-9B5C7F50FDEF-298x300.jpeg\" alt=\"\" width=\"298\" height=\"300\" srcset=\"https:\/\/kjk.ee\/wp-content\/uploads\/2023\/03\/C38C43E5-E16C-465E-BD54-9B5C7F50FDEF-298x300.jpeg 298w, https:\/\/kjk.ee\/wp-content\/uploads\/2023\/03\/C38C43E5-E16C-465E-BD54-9B5C7F50FDEF-1016x1024.jpeg 1016w, https:\/\/kjk.ee\/wp-content\/uploads\/2023\/03\/C38C43E5-E16C-465E-BD54-9B5C7F50FDEF-150x150.jpeg 150w, https:\/\/kjk.ee\/wp-content\/uploads\/2023\/03\/C38C43E5-E16C-465E-BD54-9B5C7F50FDEF-768x774.jpeg 768w, https:\/\/kjk.ee\/wp-content\/uploads\/2023\/03\/C38C43E5-E16C-465E-BD54-9B5C7F50FDEF-1523x1536.jpeg 1523w, https:\/\/kjk.ee\/wp-content\/uploads\/2023\/03\/C38C43E5-E16C-465E-BD54-9B5C7F50FDEF-2031x2048.jpeg 2031w, https:\/\/kjk.ee\/wp-content\/uploads\/2023\/03\/C38C43E5-E16C-465E-BD54-9B5C7F50FDEF-55x55.jpeg 55w, https:\/\/kjk.ee\/wp-content\/uploads\/2023\/03\/C38C43E5-E16C-465E-BD54-9B5C7F50FDEF-75x75.jpeg 75w, https:\/\/kjk.ee\/wp-content\/uploads\/2023\/03\/C38C43E5-E16C-465E-BD54-9B5C7F50FDEF-48x48.jpeg 48w, https:\/\/kjk.ee\/wp-content\/uploads\/2023\/03\/C38C43E5-E16C-465E-BD54-9B5C7F50FDEF-97x98.jpeg 97w\" sizes=\"(max-width: 298px) 100vw, 298px\" \/><\/a>V\u00c4INO VAPPER<\/strong><\/p>\n<p>(10. III 1927 Kuressaare \u2013 6. VI 1965 Tallinn) purjetaja ja sporditegelane. K.Vapper isa. L\u00f5petas 1946 Kuressaare Keskkooli. Alustas purjetamisega Kuressaares ja oli 1946 esimene s\u00f5jaj\u00e4rgne Saaremaa meister purjetamises. Oli Saaremaa Spordikomitee esimees. T\u00f6\u00f6tas purjetamistreenerina Vabariiklikus Jahtklubis. Kalevi Jahtklubi \u00fclem aastatel 1956-1965. Muhu V\u00e4ina regati \u00fcks algatajatest ja Rahvusvaheliste Balti Regattide korraldaja. Tema klubi\u00fclemaks olemise ajal s\u00fcvendati Pirita j\u00f5es\u00e4ng ja algatati Optimist ja Kadett klassi purjetamine Eestis. Tegutses kohtunikuna (vabariiklik kategooria purjetamises ja j\u00e4\u00e4purjetamises).<\/p>\n","protected":false},"excerpt":{"rendered":"<p>V\u00c4INO VAPPER (10. III 1927 Kuressaare \u2013 6. VI 1965 Tallinn) purjetaja ja sporditegelane. K.Vapper isa. L\u00f5petas 1946 Kuressaare Keskkooli. Alustas purjetamisega Kuressaares ja oli 1946 esimene s\u00f5jaj\u00e4rgne Saaremaa meister purjetamises. Oli Saaremaa Spordikomitee esimees. T\u00f6\u00f6tas purjetamistreenerina Vabariiklikus Jahtklubis. Kalevi Jahtklubi \u00fclem aastatel 1956-1965. Muhu V\u00e4ina regati \u00fcks algatajatest ja Rahvusvaheliste Balti Regattide korraldaja. Tema klubi\u00fclemaks olemise ajal s\u00fcvendati Pirita<a class=\"more-link\" href=\"https:\/\/kjk.ee\/en\/vaino-vapper\/\">[Read More&#8230;]<\/a><\/p>\n","protected":false},"author":24,"featured_media":0,"parent":0,"menu_order":0,"comment_status":"closed","ping_status":"closed","template":"","meta":{"spay_email":""},"jetpack_sharing_enabled":true,"jetpack_shortlink":"https:\/\/wp.me\/PaW3M4-5Ti","_links":{"self":[{"href":"https:\/\/kjk.ee\/en\/wp-json\/wp\/v2\/pages\/22648"}],"collection":[{"href":"https:\/\/kjk.ee\/en\/wp-json\/wp\/v2\/pages"}],"about":[{"href":"https:\/\/kjk.ee\/en\/wp-json\/wp\/v2\/types\/page"}],"author":[{"embeddable":true,"href":"https:\/\/kjk.ee\/en\/wp-json\/wp\/v2\/users\/24"}],"replies":[{"embeddable":true,"href":"https:\/\/kjk.ee\/en\/wp-json\/wp\/v2\/comments?post=22648"}],"version-history":[{"count":3,"href":"https:\/\/kjk.ee\/en\/wp-json\/wp\/v2\/pages\/22648\/revisions"}],"predecessor-version":[{"id":22728,"href":"https:\/\/kjk.ee\/en\/wp-json\/wp\/v2\/pages\/22648\/revisions\/22728"}],"wp:attachment":[{"href":"https:\/\/kjk.ee\/en\/wp-json\/wp\/v2\/media?parent=22648"}],"curies":[{"name":"wp","href":"https:\/\/api.w.org\/{rel}","templated":true}]}}