{"id":22651,"date":"2023-03-06T10:40:41","date_gmt":"2023-03-06T08:40:41","guid":{"rendered":"https:\/\/kjk.ee\/?page_id=22651"},"modified":"2023-03-06T13:28:31","modified_gmt":"2023-03-06T11:28:31","slug":"rein-kumari","status":"publish","type":"page","link":"https:\/\/kjk.ee\/en\/rein-kumari\/","title":{"rendered":"REIN KUMARI"},"content":{"rendered":"<p><strong><a href=\"https:\/\/kjk.ee\/wp-content\/uploads\/2023\/03\/4335D8BD-8DF9-41FD-BAEA-FCFFA8937FC2.jpeg\"><img loading=\"lazy\" class=\"size-medium wp-image-22685 alignleft\" src=\"https:\/\/kjk.ee\/wp-content\/uploads\/2023\/03\/4335D8BD-8DF9-41FD-BAEA-FCFFA8937FC2-295x300.jpeg\" alt=\"\" width=\"295\" height=\"300\" srcset=\"https:\/\/kjk.ee\/wp-content\/uploads\/2023\/03\/4335D8BD-8DF9-41FD-BAEA-FCFFA8937FC2-295x300.jpeg 295w, https:\/\/kjk.ee\/wp-content\/uploads\/2023\/03\/4335D8BD-8DF9-41FD-BAEA-FCFFA8937FC2-1008x1024.jpeg 1008w, https:\/\/kjk.ee\/wp-content\/uploads\/2023\/03\/4335D8BD-8DF9-41FD-BAEA-FCFFA8937FC2-768x780.jpeg 768w, https:\/\/kjk.ee\/wp-content\/uploads\/2023\/03\/4335D8BD-8DF9-41FD-BAEA-FCFFA8937FC2-1512x1536.jpeg 1512w, https:\/\/kjk.ee\/wp-content\/uploads\/2023\/03\/4335D8BD-8DF9-41FD-BAEA-FCFFA8937FC2-2017x2048.jpeg 2017w, https:\/\/kjk.ee\/wp-content\/uploads\/2023\/03\/4335D8BD-8DF9-41FD-BAEA-FCFFA8937FC2-54x55.jpeg 54w, https:\/\/kjk.ee\/wp-content\/uploads\/2023\/03\/4335D8BD-8DF9-41FD-BAEA-FCFFA8937FC2-75x75.jpeg 75w, https:\/\/kjk.ee\/wp-content\/uploads\/2023\/03\/4335D8BD-8DF9-41FD-BAEA-FCFFA8937FC2-47x48.jpeg 47w, https:\/\/kjk.ee\/wp-content\/uploads\/2023\/03\/4335D8BD-8DF9-41FD-BAEA-FCFFA8937FC2-96x98.jpeg 96w\" sizes=\"(max-width: 295px) 100vw, 295px\" \/><\/a>REIN KUMARI<\/strong><\/p>\n<p>(8. III 1909 V\u00f5ru \u2013 13. II 1992 Tallinn), purjetaja ja j\u00e4\u00e4purjetaja. L\u00f5petas 1928 H. Treffneri g\u00fcmn-i. Alustas purjetamist koolipoisina Tartus ja j\u00e4tkas Tallinna Jahtklubis. V\u00f5itis j\u00e4\u00e4purjetamises NL-i meistriv\u00f5istlustel 1949 ja 1950 12 m\u00b2 vabaklassis kulla ning 1953 purjetamises 5,5R klassis pronksi. Tuli 1948 monot\u00fc\u00fcp XV klassis ning 1949 ja 1950 12 m\u00b2 vabaklassis Eesti meistriks, oli meistreid ka avamerepurjetamises. T\u00f6\u00f6tas Vabariiklikus Jahtklubis ja Tallinna Kalevi Jahtklubis. Oli tunnustatud purjemeister (valmistas 1960 OM-il osalenud NL-i ol\u00fcmpiakoondise purjed). Tegutses kohtunikuna (vabariiklik kategooria purjetamises ja j\u00e4\u00e4purjetamises). Kalevi auliige (1967).<\/p>\n","protected":false},"excerpt":{"rendered":"<p>REIN KUMARI (8. III 1909 V\u00f5ru \u2013 13. II 1992 Tallinn), purjetaja ja j\u00e4\u00e4purjetaja. L\u00f5petas 1928 H. Treffneri g\u00fcmn-i. Alustas purjetamist koolipoisina Tartus ja j\u00e4tkas Tallinna Jahtklubis. V\u00f5itis j\u00e4\u00e4purjetamises NL-i meistriv\u00f5istlustel 1949 ja 1950 12 m\u00b2 vabaklassis kulla ning 1953 purjetamises 5,5R klassis pronksi. Tuli 1948 monot\u00fc\u00fcp XV klassis ning 1949 ja 1950 12 m\u00b2 vabaklassis Eesti meistriks, oli meistreid<a class=\"more-link\" href=\"https:\/\/kjk.ee\/en\/rein-kumari\/\">[Read More&#8230;]<\/a><\/p>\n","protected":false},"author":24,"featured_media":0,"parent":0,"menu_order":0,"comment_status":"closed","ping_status":"closed","template":"","meta":{"spay_email":""},"jetpack_sharing_enabled":true,"jetpack_shortlink":"https:\/\/wp.me\/PaW3M4-5Tl","_links":{"self":[{"href":"https:\/\/kjk.ee\/en\/wp-json\/wp\/v2\/pages\/22651"}],"collection":[{"href":"https:\/\/kjk.ee\/en\/wp-json\/wp\/v2\/pages"}],"about":[{"href":"https:\/\/kjk.ee\/en\/wp-json\/wp\/v2\/types\/page"}],"author":[{"embeddable":true,"href":"https:\/\/kjk.ee\/en\/wp-json\/wp\/v2\/users\/24"}],"replies":[{"embeddable":true,"href":"https:\/\/kjk.ee\/en\/wp-json\/wp\/v2\/comments?post=22651"}],"version-history":[{"count":5,"href":"https:\/\/kjk.ee\/en\/wp-json\/wp\/v2\/pages\/22651\/revisions"}],"predecessor-version":[{"id":22706,"href":"https:\/\/kjk.ee\/en\/wp-json\/wp\/v2\/pages\/22651\/revisions\/22706"}],"wp:attachment":[{"href":"https:\/\/kjk.ee\/en\/wp-json\/wp\/v2\/media?parent=22651"}],"curies":[{"name":"wp","href":"https:\/\/api.w.org\/{rel}","templated":true}]}}