{"id":23,"date":"2014-04-20T11:10:15","date_gmt":"2014-04-20T11:10:15","guid":{"rendered":"http:\/\/www.kjk.ee\/?page_id=23"},"modified":"2025-03-12T11:22:05","modified_gmt":"2025-03-12T09:22:05","slug":"ajalugu","status":"publish","type":"page","link":"https:\/\/kjk.ee\/en\/ajalugu\/","title":{"rendered":"Ajalugu"},"content":{"rendered":"<p style=\"text-align: justify;\">T\u00f5en\u00e4oliselt oli Pirita j\u00f5esuue paatide randumispaiga ja sadamana kasutusel juba muinasajal. Esimese jahtklubilaadse organisatsioonina tegutses siin 1820 loodud Uljaste Purjetajate Ordu. R\u00f5\u00f5m on t\u00f5deda, et t\u00e4na asub siin, Pirita j\u00f5esuudme vasakul kaldal, \u00fcks Eesti vanemaid ja suuremaid, ligemale 700 liikmega Kalevi Jahtklubi, mis asutati 8. veebruaril 1948.<\/p>\n<p style=\"text-align: justify;\">Spordiseltsist Kalev alguse saanud Kalevi Jahtklubi on olnud juba enam kui 70 aastat purjetajate koduks ja kohtumispaigaks. S\u00fcmboolne on fakt, et klubi peahoone, mis on ehitatud arhitekt Peeter Tarvase projekti j\u00e4rgi ja valmis aastal 1949, kerkis s\u00f5jas venelaste poolt maha p\u00f5letatud Kalevi seltsimaja m\u00fc\u00fcridele. Vaatamata Eestis valitsenud v\u00f5\u00f5rv\u00f5imule kandsid kalevlastest klubiliikmed edasi isamaalist vaimu ja kombeid ning v\u00e4\u00e4rtustasid oma k\u00e4itumise ja tegudega jahtklubi ja Kalevi spordiseltsi.<\/p>\n<p style=\"text-align: justify;\">Oma vorm ja s\u00fcmboolika, eeskujulik v\u00f5istluste korraldamine, purjespordi ja merenduse propageerimine, jahtkaptenite ja roolimeeste kasvatamine, purjetamise kui elustiili hoidmine \u2013 need on v\u00e4\u00e4rtused, mida klubi juhatused ja tegevjuhtkond koos klubiliikmetega on l\u00e4bi aastak\u00fcmnete j\u00e4rginud.<\/p>\n<p style=\"text-align: justify;\">T\u00e4nu meie klubiliikmetele sai Tallinnast 1980 ol\u00fcmpiaregatilinn ja Pirital p\u00f5les 20.-30. juulini ol\u00fcmpiatuli.<\/p>\n<p style=\"text-align: justify;\">Kalevi Jahtklubi (KJK) on kodusadamaks ca paarisajale jahile ja paarik\u00fcmnele k\u00fclalisalusele. KJK koondab igas vanuses purjetajaid ja meres\u00f5pru. KJK liikmed on v\u00f5itnud medaleid ol\u00fcmpiam\u00e4ngudelt, maailma- ja Euroopa meistriv\u00f5istlustelt. Edukad on oldud nii ol\u00fcmpiaklassides, kui ka avamere- ja j\u00e4\u00e4purjetamises.<\/p>\n<p style=\"text-align: justify;\">Kalevlastest on ol\u00fcmpiam\u00e4ngudel Finn klassis 1960 h\u00f5bemedali v\u00f5itnud Aleksander T\u0161ut\u0161elov, 1988 v\u00f5itsid kaksikvennad T\u00f5nu ja Toomas T\u00f5niste Souli ol\u00fcmpialt jahiklassis 470 h\u00f5bemedalid, 1992 ol\u00fcmpiam\u00e4ngudelt Barcelonas t\u00f5id nad koju pronksmedalid.<\/p>\n<p style=\"text-align: justify;\">J\u00e4\u00e4purjetamise DN klassi maailmameistriteks on kalevlastest tulnud 1973 Ain Vilde, 1980 Mati Kuulmann ja 1984 Tiit Haagma.<\/p>\n<p style=\"text-align: justify;\">1981 juunioride maailma- ja Euroopa meister 470 klassis \u2013 Arvo Eller Dmitri Berjozkini soodimehena.<br \/>\n1981 juunioride Euroopa meister Finn klassis \u2013 T\u00f5nu Tootsi.<br \/>\n1987 juunioride Euroopa meister Finn klassis \u2013 Imre Taveter, h\u00f5be \u2013 Tammo Otsasoo.<br \/>\n1994 Euroopa meister 470 klassis \u2013 T\u00f5nu ja Toomas T\u00f5niste.<br \/>\n2002 maailmameister Zoom8 klassis \u2013 Karl-Martin Rammo, h\u00f5be Marko Kustav Lilienthal, pronks Henri Tauts. T\u00fcdrukute arvestuses pronks Piret Pomerants.<br \/>\n2005 juunioride maailmameister 470 klassis \u2013 Agnes Lill Merili Randma soodinaisena.<br \/>\n2014 Zoom8 klassi EM h\u00f5be Jakob Haud.<br \/>\n2017 Zoom8 klassi maailmameister Jakob Haud.<br \/>\n2018 Zoom8 klassi t\u00fcdrukute EM h\u00f5be Karolin H\u00e4rm.<br \/>\n2018 RS Feva t\u00fcdrukute EM h\u00f5be Veronika Kuvatova ja Hannah Tuulas.<br \/>\n2019 Zoom8 klassi maailmameister Karolin H\u00e4rm.<br \/>\n2020 Laser 4.7 klassi EMV kuld Romi Safin, h\u00f5be Karolin H\u00e4rm; 29er klassi h\u00f5be Mia Marin Lilienthal-Hannah Tuulas, pronks Britta Maipuu-Veronika Kuvatova<br \/>\n2021 Zoom8 klassi maailmameister Karolin H\u00e4rm<br \/>\n2021 Laser 4.7 klassi Eesti MV h\u00f5be Tristan \u0160ara\u0161kin, t\u00fcdrukute arvestuse kuld Mia Marin Lilienthal<\/p>\n<p style=\"text-align: justify;\"><u>Avamerepurjetamise EM ja MM:<\/u><br \/>\n2001 X-99 klassi MMi h\u00f5be &#8211; Peter \u0160ara\u0161kin ja meeskond<br \/>\n2002 X-99 klassi MMi h\u00f5be &#8211; Peter \u0160ara\u0161kin ja meeskond<br \/>\n2004 X-99 klassi MMi pronks &#8211; Peter \u0160ara\u0161kin ja meeskond<br \/>\n2005 X-99 klassi MMi h\u00f5be &#8211; Mati Sepp ja meeskond<br \/>\n<span style=\"text-align: justify; font-family: -apple-system, BlinkMacSystemFont, 'Segoe UI', Roboto, Oxygen-Sans, Ubuntu, Cantarell, 'Helvetica Neue', sans-serif;\">2006 X-99 klassi maailmameistrid \u2013 kalevlased Jaak J\u00f5gi, Indrek Lepp, Ando Raud ja Tammo Otsasoo; h\u00f5be &#8211; Mati Sepp ja tiim Alexela<br \/>\n2007 X-99 klassi MMi h\u00f5be &#8211; Mati Sepp ja tiim Saxad<br \/>\n<\/span>2010 X-41 klassi maailmameistrid \u2013 Kalevi Jahtklubi liikmed Mati Sepp, Ago Rebane, Arvi Kink, Raul Grigorjev ja Riho Talumaa; pronksmedalid Jaak J\u00f5gi, Tammo Otsasoo, Indrek Lepp, Ando Raud, Veiko Sepp ja Kalev Vapper.<br \/>\n2012 X-41 MM pronks \u2013 Priit Tammem\u00e4gi jaht Premium, Arvi Kink, Raido Rebane, Ago Rebane, Mati Sepp, Martin-Gustav Lepp, Priit Koit.<br \/>\n2013 Euroopa h\u00f5be ORC klassi 2. grupis \u2013 Priit Tammem\u00e4gi jaht Premium, koosseisus veel kalevlased Mati Sepp, Andrus Aavaste, Ago Rebane, Martin Gustav Lepp, Arvi Kink, Riho Koost ja Ivar Aru.<br \/>\n2014 maailmameistrid avamerepurjetamise ORC B grupis \u2013 jaht Forte: Jaak J\u00f5gi, Kalev Vapper, Tammo Otsasoo, Ando Raud, Kalev Kaal, Martin Kaal, Indrek Rajangu ja Alar Volmer.<br \/>\n2014 X-41 klassi EM h\u00f5be \u2013 meeskonnas kalevlased Mati Sepp, Ago Rebane, Raul Grigorjev, Martin Gustav Lepp.<br \/>\n2015 Euroopa meistrid ORC A-B grupis jaht Forte: Jaak J\u00f5gi, Kalev Kaal, Martin Kaal, Indrek Lepp, Martin M\u00fc\u00fcr, Tammo Otsasoo, Indrek Rajangu, Ando Raud, Kalev Vapper; h\u00f5bemedalid jaht Premium kooseisus Priit Tammem\u00e4gi, Ago Rebane, Priit Koit.<br \/>\n2017 EM pronks ORC klassi B grupis jahi Premium koosseisus Priit Tammem\u00e4gi, Ago Rebane, Ivar Lipsm\u00e4e, Tanel Tamm, Martin M\u00fc\u00fcr, Priit Koit.<br \/>\n2018 Euroopa meistrid ORC B grupis jahi Technonicol meeskonnas Martin Gustav Lepp, Riho Koost, Tanel Tamm, Ren\u00e9 Treifeldt, Andrus Luht, Martin M\u00fc\u00fcr ja ORC C grupis jahi Katariina II meeskonnas Peter Sara\u015bkin. 2018 Match Race EM h\u00f5be Ago Rebane.<br \/>\n2019 ORC C grupi maailmameister &#8211; Ott Kikkas jahi Sugar 3 kapten.<br \/>\n2019 ORC Euroopa meistrid C grupis jahi Matilda 4 meeskonnas Arne Veske, Andrus Luht; ORC C grupi Euroopa h\u00f5be Katariina II meeskonnas Peter \u0160ara\u0161kin; ORC C grupi Euroopa pronks jahi Postimees Sailing Team koosseisus Sven Nuutmann, Mairold Metsaviir, Marten Loopere, Kristiina Truuverk, Margus N\u00f5mmik.<\/p>\n<p style=\"text-align: justify;\">Rahvusvahelise sportpaadiklassi Melges 24 maailma tippude hulgas on Kalevi Jahtklubi purjetajad olnud alates aastast 2006, kui T\u00f5nu T\u00f5niste, Toomas T\u00f5niste, Maiki Saaring, Ants Haavel ja Marko Lilienthal jahil Lenny tulid amat\u00f6\u00f6ride ehk Corinthian arvestuses maailmameistriteks. Sama saavutust kordas Lenny tiim koosseisus T\u00f5nu T\u00f5niste, Toomas T\u00f5niste, Tammo Otsasoo, Maiki Saaring, Andres Rohtla 2015. aastal.<\/p>\n<p style=\"text-align: justify;\">Kalevi Jahtklubi on aastate jooksul korraldanud palju suurv\u00f5istlusi, alates rahvusvahelistest Balti regattidest ja l\u00f5petades erinevate jahiklasside Euroopa ja maailmameistriv\u00f5istlustega. Viimaste aastate suurv\u00f5istlustest v\u00e4\u00e4rivad m\u00e4rkimist 2004 toimunud Draakon klassi Euroopa meistriv\u00f5istlused, 2010 \u00a0Laser Standard ja Laser Radial EM-regatt ning samal suvel Tallinnas purjetatud Melges 24 klassi maailmameistriv\u00f5istlused, samuti 2013 kaaskorraldatud Finn klassi MM-regatt Finn Gold Cup ja 2016 korraldatud Laser klasside juunioride Euroopa Meistriv\u00f5istlused.<\/p>\n<p style=\"text-align: justify;\">Kalevi Jahtklubi oli koos P\u00e4rnu Jahtklubiga ka 2015 P\u00e4rnus peetud ORC klassi avamerepurjetamise EMi korraldaja ning 2021 aastal ORC klassi avamerepurjetamise MM korraldaja.<\/p>\n<p style=\"text-align: justify;\">Alates 1958 on pea k\u00f5ikidel suvedel oldud ka Eesti suurima avamerejahtide v\u00f5istluse Muhu V\u00e4ina regati korraldajaks. Viimastel aastatel on seda tehtud koost\u00f6\u00f6s P\u00e4rnu Jahtklubi ja Saaremaa Merispordi Seltsiga. Alates 2008 on vaheldumisi aastatel Tallinnas toimunud ka regatt Baltic Offshore Week, mille k\u00e4igus viimastel aastatel on selgunud Eesti ja Soome meistrid avamerepurjetamise ORC klassis. Kalevi Jahtklubi on v\u00f5\u00f5rustanud seda regatti 2008, 2011, 2014, 2016, 2018.<\/p>\n<p style=\"text-align: justify;\">Kalevi Jahtklubil on 1977. aastast oma Purjespordikool ja meie jahtklubi territooriumil tegutseb ka kalevlase Rein Ottosoni Purjespordikool. Klubi noorliikmeid on kokku ligemale paarsada.<\/p>\n<p style=\"text-align: justify;\">Arvuka osav\u00f5tuga on alati ka Optimistidele ja Zoomidele korraldatav rahvusvaheline Spinnakeri regatt, mida on peetud juba \u00fcle 42 korda ja kus viimati osales rekordarv purjetajaid: 205 Optimisti ja 47 Zoom8 klassi purjetajat. K\u00fcllap on just selle regati edukas l\u00e4biviimine p\u00f5hjuseks, miks Optimist klassi 2020.a Euroopa meistriv\u00f5istluste korraldamis\u00f5igused sai Kalevi Jahtklubi, kuid mis \u00fcleilmse Covid-19 pandeemia t\u00f5ttu \u00e4ra tuli j\u00e4tta.<\/p>\n<p style=\"text-align: justify;\">Klubiliikmetele korraldatakse igan\u00e4dalasi kolmap\u00e4evaregatte avamerejahtidele ja jahtklubi karikav\u00f5istlusi. Talviti toimuvad meeleolukad klubi\u00f5htud ja viiakse l\u00e4bi v\u00e4ikelaevajuhtide ja purjetamiskohtunike koolitusi.<\/p>\n<p style=\"text-align: justify;\"><strong>Kalevi Jahtklubi eesm\u00e4rk on:<\/strong><br \/>\n* Olla purjetamist propageeriv ja purjetamishuvilisi \u00fchendav klubi;<br \/>\n* Pakkuda k\u00fclalistele ja klubiliikmetele kvaliteetseid ja mitmek\u00fclgseid teenuseid;<br \/>\n* Pidevalt areneda, et saada parimaks kodu- ja k\u00fclalissadamaks Soome lahe \u00e4\u00e4res.<\/p>\n","protected":false},"excerpt":{"rendered":"<p>T\u00f5en\u00e4oliselt oli Pirita j\u00f5esuue paatide randumispaiga ja sadamana kasutusel juba muinasajal. Esimese jahtklubilaadse organisatsioonina tegutses siin 1820 loodud Uljaste Purjetajate Ordu. R\u00f5\u00f5m on t\u00f5deda, et t\u00e4na asub siin, Pirita j\u00f5esuudme vasakul kaldal, \u00fcks Eesti vanemaid ja suuremaid, ligemale 700 liikmega Kalevi Jahtklubi, mis asutati 8. veebruaril 1948. Spordiseltsist Kalev alguse saanud Kalevi Jahtklubi on olnud juba enam kui 70 aastat<a class=\"more-link\" href=\"https:\/\/kjk.ee\/en\/ajalugu\/\">[Read More&#8230;]<\/a><\/p>\n","protected":false},"author":24,"featured_media":0,"parent":0,"menu_order":0,"comment_status":"open","ping_status":"open","template":"","meta":{"spay_email":""},"jetpack_sharing_enabled":true,"jetpack_shortlink":"https:\/\/wp.me\/PaW3M4-n","_links":{"self":[{"href":"https:\/\/kjk.ee\/en\/wp-json\/wp\/v2\/pages\/23"}],"collection":[{"href":"https:\/\/kjk.ee\/en\/wp-json\/wp\/v2\/pages"}],"about":[{"href":"https:\/\/kjk.ee\/en\/wp-json\/wp\/v2\/types\/page"}],"author":[{"embeddable":true,"href":"https:\/\/kjk.ee\/en\/wp-json\/wp\/v2\/users\/24"}],"replies":[{"embeddable":true,"href":"https:\/\/kjk.ee\/en\/wp-json\/wp\/v2\/comments?post=23"}],"version-history":[{"count":31,"href":"https:\/\/kjk.ee\/en\/wp-json\/wp\/v2\/pages\/23\/revisions"}],"predecessor-version":[{"id":29278,"href":"https:\/\/kjk.ee\/en\/wp-json\/wp\/v2\/pages\/23\/revisions\/29278"}],"wp:attachment":[{"href":"https:\/\/kjk.ee\/en\/wp-json\/wp\/v2\/media?parent=23"}],"curies":[{"name":"wp","href":"https:\/\/api.w.org\/{rel}","templated":true}]}}