{"id":23132,"date":"2023-04-12T14:45:37","date_gmt":"2023-04-12T11:45:37","guid":{"rendered":"https:\/\/kjk.ee\/?page_id=23132"},"modified":"2025-08-18T16:28:29","modified_gmt":"2025-08-18T13:28:29","slug":"kindlustus","status":"publish","type":"page","link":"https:\/\/kjk.ee\/en\/kindlustus\/","title":{"rendered":"Kindlustus"},"content":{"rendered":"<div class=\"page-header\">\n<h1>V\u00e4ikelaeva kindlustus<\/h1>\n<\/div>\n<p><strong>V\u00e4ikelaevakindlustus kaitseb vees\u00f5idukit nii maal kui merel ja ostes kindlustuse Eesti Purjetamise Liidu kodulehe (puri.ee) kaudu toetad Eesti purjetamist!<\/strong><\/p>\n<p>V\u00e4ikelaeva omanik saab kindlustada oma meres\u00f5iduki selle kasutamisel, transportimisel v\u00f5i hoiustamisel tekkinud kahjude vastu. Kindlustusobjektiks v\u00f5ib olla mootorpaat, purjejaht, kaater v\u00f5i muu vees\u00f5iduk nagu s\u00f5ude- v\u00f5i v\u00f5istluspaat.<\/p>\n<p><strong>Kaitse oma vees\u00f5idukit nii maal kui merel!<br \/>\n<\/strong>V\u00e4ikelaevade puhul on k\u00f5ige sagedasemad kahjujuhtumid otsas\u00f5idud erinevatele objektidele v\u00f5i kokkup\u00f5rked teiste veeliiklejatega. Sestap \u00e4ra unusta enne hooaja algust kindlustust!<\/p>\n<p>\u2714 Kindlustatud meres\u00f5iduk ja selle varustus<\/p>\n<p>\u2714 H\u00fcvitatud nii vees, transportimisel kui hoiustamisel tekkinud kahjud<\/p>\n<p>\u2714 Kaetud kolmandatele isikutele tekitatud kahjud<\/p>\n<p>Kindlustusobjektiks v\u00f5ib olla nii mootorpaat, purjejaht, kaater v\u00f5i m\u00f5ni muu vees\u00f5iduk (nt: s\u00f5ude- v\u00f5i v\u00f5istluspaat).<\/p>\n<p>T\u00e4iskaitsega kindlustus kaitseb v\u00e4ikelaeva tormi, tuule, tulekahju, varguse, vandalismi, plahvatuse, piksel\u00f6\u00f6gi, kariles\u00f5idu, veekogu p\u00f5hja riivamise ning mistahes objektiga kokkup\u00f5rke korral. Lisaks saab kindlustada lisavarustust, meeskonna ja reisijate \u00f5nnetusjuhtumeid ning laevaomaniku vastutust.<\/p>\n<h1>Svertpaadi, treeneri kaatri ja v\u00f5istluspurjeka kindlustus<\/h1>\n<p>Ostes kindlustuse <a href=\"https:\/\/puri.ee\/pood-2\/?category=kindlustus\">Eesti Purjetamise Liidu lehe (puri.ee) kaudu<\/a> toetad Eesti purjetamist!<\/p>\n<p>EPL-i e-poest on n\u00fc\u00fcd v\u00f5imalik soetada kindlustusi:<\/p>\n<ul>\n<li>V\u00f5istluspurjeka Vastustuskindlustust\u00a050 000\u20ac,<\/li>\n<li>V\u00f5istluspurjeka Vastustuskindlustust\u00a01,5mln<\/li>\n<li>V\u00f5istluspurjeka Vastustuskindlustust\u00a03mln<\/li>\n<li>Treenerikaatri Vastutuskindlustust<\/li>\n<li>Treenerikaatri KASKO<\/li>\n<li>V\u00f5istluspurjekaKASKO<\/li>\n<\/ul>\n<p><em>Kindlustusvahenduse pakkuja on IIZI Kindlustusmaakler AS. Tutvu tingimustega <a href=\"http:\/\/www.iizi.ee\">www.iizi.ee<\/a> v\u00f5i pea n\u00f5u spetsialistiga 666 0300<\/em><\/p>\n","protected":false},"excerpt":{"rendered":"<p>V\u00e4ikelaeva kindlustus V\u00e4ikelaevakindlustus kaitseb vees\u00f5idukit nii maal kui merel ja ostes kindlustuse Eesti Purjetamise Liidu kodulehe (puri.ee) kaudu toetad Eesti purjetamist! V\u00e4ikelaeva omanik saab kindlustada oma meres\u00f5iduki selle kasutamisel, transportimisel v\u00f5i hoiustamisel tekkinud kahjude vastu. Kindlustusobjektiks v\u00f5ib olla mootorpaat, purjejaht, kaater v\u00f5i muu vees\u00f5iduk nagu s\u00f5ude- v\u00f5i v\u00f5istluspaat. Kaitse oma vees\u00f5idukit nii maal kui merel! V\u00e4ikelaevade puhul on k\u00f5ige sagedasemad<a class=\"more-link\" href=\"https:\/\/kjk.ee\/en\/kindlustus\/\">[Read More&#8230;]<\/a><\/p>\n","protected":false},"author":24,"featured_media":0,"parent":0,"menu_order":0,"comment_status":"closed","ping_status":"closed","template":"","meta":{"spay_email":""},"jetpack_sharing_enabled":true,"jetpack_shortlink":"https:\/\/wp.me\/PaW3M4-616","_links":{"self":[{"href":"https:\/\/kjk.ee\/en\/wp-json\/wp\/v2\/pages\/23132"}],"collection":[{"href":"https:\/\/kjk.ee\/en\/wp-json\/wp\/v2\/pages"}],"about":[{"href":"https:\/\/kjk.ee\/en\/wp-json\/wp\/v2\/types\/page"}],"author":[{"embeddable":true,"href":"https:\/\/kjk.ee\/en\/wp-json\/wp\/v2\/users\/24"}],"replies":[{"embeddable":true,"href":"https:\/\/kjk.ee\/en\/wp-json\/wp\/v2\/comments?post=23132"}],"version-history":[{"count":6,"href":"https:\/\/kjk.ee\/en\/wp-json\/wp\/v2\/pages\/23132\/revisions"}],"predecessor-version":[{"id":30481,"href":"https:\/\/kjk.ee\/en\/wp-json\/wp\/v2\/pages\/23132\/revisions\/30481"}],"wp:attachment":[{"href":"https:\/\/kjk.ee\/en\/wp-json\/wp\/v2\/media?parent=23132"}],"curies":[{"name":"wp","href":"https:\/\/api.w.org\/{rel}","templated":true}]}}