{"id":23166,"date":"2023-04-15T12:00:19","date_gmt":"2023-04-15T09:00:19","guid":{"rendered":"https:\/\/kjk.ee\/?page_id=23166"},"modified":"2026-02-20T15:48:09","modified_gmt":"2026-02-20T13:48:09","slug":"amserv-kolmapaevaregatt","status":"publish","type":"page","link":"https:\/\/kjk.ee\/en\/amserv-kolmapaevaregatt\/","title":{"rendered":"AMSERV KOLMAP\u00c4EVAREGATT"},"content":{"rendered":"<div class=\"single-area\">\n<div id=\"post-19401\" class=\"clearfix post-wrap post-19401 post type-post status-publish format-standard hentry category-news category-uncategorized\">\n<div class=\"entry\">\n<p><a href=\"https:\/\/kjk.ee\/wp-content\/uploads\/2022\/04\/Kolmapaevak-Amserv-logo.jpg\"><img loading=\"lazy\" class=\"size-full wp-image-19402 alignleft\" src=\"https:\/\/kjk.ee\/wp-content\/uploads\/2022\/04\/Kolmapaevak-Amserv-logo.jpg\" alt=\"\" width=\"300\" height=\"67\" srcset=\"https:\/\/kjk.ee\/wp-content\/uploads\/2022\/04\/Kolmapaevak-Amserv-logo.jpg 300w, https:\/\/kjk.ee\/wp-content\/uploads\/2022\/04\/Kolmapaevak-Amserv-logo-246x55.jpg 246w, https:\/\/kjk.ee\/wp-content\/uploads\/2022\/04\/Kolmapaevak-Amserv-logo-215x48.jpg 215w, https:\/\/kjk.ee\/wp-content\/uploads\/2022\/04\/Kolmapaevak-Amserv-logo-267x60.jpg 267w\" sizes=\"(max-width: 300px) 100vw, 300px\" \/><\/a><\/p>\n<h2><strong>Amserv Kolmap\u00e4evaregatt 2025<\/strong><\/h2>\n<p>Ka sellel hooajal toome siia lehele iga #Amserv Kolmap\u00e4eva regatti albumi, et Sul oleks lihtsam neid leida. <strong>Ole aktiivne ja &#8220;m\u00e4rgi&#8221; <em>(tag)<\/em> ennast igal pildil<\/strong>, mis Sulle meeldib ja jaga seda oma Facebooki seinal v\u00f5i teistes kanalites ja albumites.<\/p>\n<p style=\"text-align: center;\"><strong><a href=\"https:\/\/www.manage2sail.com\/et-EE\/Club\/Detail\/baa422ba-dcf4-4efa-9db0-92106dc64cd2\">Registreerimine ikka l\u00e4bi Manage2Sail.com keskkonna vastava regatil lehe!<\/a><\/strong><\/p>\n<p><a href=\"https:\/\/kjk.ee\/wp-content\/uploads\/2023\/05\/Kolmapaevaku-kaart.jpg\"><img loading=\"lazy\" class=\"size-medium wp-image-23570 alignright\" src=\"https:\/\/kjk.ee\/wp-content\/uploads\/2023\/05\/Kolmapaevaku-kaart-197x300.jpg\" alt=\"\" width=\"197\" height=\"300\" srcset=\"https:\/\/kjk.ee\/wp-content\/uploads\/2023\/05\/Kolmapaevaku-kaart-197x300.jpg 197w, https:\/\/kjk.ee\/wp-content\/uploads\/2023\/05\/Kolmapaevaku-kaart-673x1024.jpg 673w, https:\/\/kjk.ee\/wp-content\/uploads\/2023\/05\/Kolmapaevaku-kaart-768x1169.jpg 768w, https:\/\/kjk.ee\/wp-content\/uploads\/2023\/05\/Kolmapaevaku-kaart-36x55.jpg 36w, https:\/\/kjk.ee\/wp-content\/uploads\/2023\/05\/Kolmapaevaku-kaart-32x48.jpg 32w, https:\/\/kjk.ee\/wp-content\/uploads\/2023\/05\/Kolmapaevaku-kaart-64x98.jpg 64w, https:\/\/kjk.ee\/wp-content\/uploads\/2023\/05\/Kolmapaevaku-kaart.jpg 899w\" sizes=\"(max-width: 197px) 100vw, 197px\" \/><\/a><\/p>\n<h3 style=\"text-align: center;\"><strong><a href=\"https:\/\/kjk.ee\/wp-content\/uploads\/2025\/05\/Amserv-KJK-Kolmapaevak-2025-NoR.pdf\">V\u00f5istlusteade (NoR)<\/a><\/strong><\/h3>\n<h3 style=\"text-align: center;\"><strong><a href=\"https:\/\/kjk.ee\/wp-content\/uploads\/2025\/05\/Amserv-KJK-Kolmapaeval-2025-SI.pdf\">Purjetamisjuhised (SI)<\/a><\/strong><\/h3>\n<p><a href=\"https:\/\/kjk.ee\/events\/?events_year=2025\">KJK kalendris on t\u00e4pne ajakava<\/a><\/p>\n<\/div>\n<p><strong>2025 PILDIALBUMID:<\/strong><\/p>\n<ul>\n<li><strong><a href=\"https:\/\/www.facebook.com\/media\/set\/?set=a.1264227715703267&#038;type=3\">Amserv Kolmap\u00e4evaregatt 07.05.2025 I etapp<\/a><\/strong><\/li>\n<li><strong><a href=\"https:\/\/www.facebook.com\/media\/set\/?set=a.1269483328511039&#038;type=3\">Amserv Kolmap\u00e4evaregatt 14.05.2025 II etapp<\/a><\/strong><\/li>\n<li><strong><a href=\"https:\/\/www.facebook.com\/media\/set\/?set=a.1275325504593488&#038;type=3\">Amserv Kolmap\u00e4evaregatt 21.05.2025 III etapp<\/a><\/strong><\/li>\n<li><strong><a href=\"https:\/\/www.facebook.com\/media\/set\/?set=a.1281401500652555&#038;type=3\">Amserv Kolmap\u00e4evaregatt 28.05.2025 IV etapp &#8211; s\u00f5ite ei toimunud<\/a><\/strong><\/li>\n<li><strong><a href=\"https:\/\/www.facebook.com\/media\/set\/?set=a.1287219680070737&#038;type=3\">Amserv Kolmap\u00e4evaregatt 04.06.2025 V etapp &#8211; s\u00f5ite ei toimunud<\/a><\/strong><\/li>\n<li><strong><a href=\"https:\/\/www.facebook.com\/media\/set\/?set=a.1293477526111619&#038;type=3\">Amserv Kolmap\u00e4evaregatt 11.06.2025 V etapp<\/a><\/strong><\/li>\n<li><strong><a href=\"https:\/\/www.facebook.com\/media\/set\/?set=a.1299129448879760&#038;type=3\">Amserv Kolmap\u00e4evaregatt 18.06.2025 VII etapp<\/a><\/strong><\/li>\n<li><strong><a href=\"https:\/\/www.facebook.com\/media\/set\/?vanity=Kalevi.Jahtklubi&#038;set=a.1306075198185185\">Amserv Kolmap\u00e4evaregatt 25.06.2025 VIII etapp<\/a><\/strong><\/li>\n<li><strong><a href=\"https:\/\/www.facebook.com\/media\/set?set=a.1311642317628473&#038;type=3\">Amserv Kolmap\u00e4evaregatt 02.07.2025 IX etapp<\/a><\/strong><\/li>\n<li><strong><a href=\"https:\/\/www.facebook.com\/media\/set\/?vanity=Kalevi.Jahtklubi&#038;set=a.1336457041813667\">Amserv Kolmap\u00e4evaregatt 30.07.2025 X etapp<\/a><\/strong><\/li>\n<li><strong><a href=\"https:\/\/www.facebook.com\/media\/set\/?set=a.1343124077813630&#038;type=3\">Amserv Kolmap\u00e4evaregatt 06.08.2025 XI etapp -ORC MM Warm Up Regatta<\/a><\/strong><\/li>\n<li><strong><a href=\"https:\/\/www.facebook.com\/media\/set\/?vanity=Kalevi.Jahtklubi&#038;set=a.1362552762537428\">Amserv Kolmap\u00e4evaregatt 27.08.2025 XII etapp<\/a><\/strong><\/li>\n<li><strong><a href=\"https:\/\/www.facebook.com\/media\/set\/?vanity=Kalevi.Jahtklubi&#038;set=a.1368929718566399\">Amserv Kolmap\u00e4evaregatt 03.09.2025 XIII etapp<\/a><\/strong><\/li>\n<li><strong><a href=\"https:\/\/www.facebook.com\/media\/set\/?set=a.1375319734594064&#038;type=3\">Amserv Kolmap\u00e4evaregatt 10.09.2025 XIV etapp<\/a><\/strong><\/li>\n<li><strong><a href=\"https:\/\/www.facebook.com\/media\/set\/?set=a.1382068840585820&#038;type=3\">Amserv Kolmap\u00e4evaregatt 17.09.2025 XV etapp<\/a><\/strong><\/li>\n<li><strong><a href=\"https:\/\/www.facebook.com\/media\/set\/?set=a.1388735316585839&#038;type=3\">Amserv Kolmap\u00e4evaregatt 24.09.2025 XVI etapp<\/a><\/strong><\/li>\n<li><strong><a href=\"https:\/\/www.facebook.com\/media\/set\/?set=a.1395623429230361&#038;type=3\">Amserv Kolmap\u00e4evaregatt 01.10.2025 XVII etapp<\/a><\/strong><\/li>\n<\/ul>\n<\/div>\n<div id=\"post-19401\" class=\"clearfix post-wrap post-19401 post type-post status-publish format-standard hentry category-news category-uncategorized\">\n<h3><strong>2025 aasta karikasarja edetabelid:<br \/>\n<\/strong><a href=\"https:\/\/www.manage2sail.com\/en-US\/Home\/Cup\/89f51276-5a0a-43a4-ab3e-7f184684d019?cupGroupId=cf433003-6697-486b-bf69-9186bbb3a3d3#!\/results\"><strong>DRAAKON<\/strong><\/a><br \/>\n<a href=\"https:\/\/www.manage2sail.com\/en-US\/Home\/Cup\/8c7b0a49-9a58-47a5-8fd8-0a5fb7dd96ac?cupGroupId=cf433003-6697-486b-bf69-9186bbb3a3d3#!\/results\"><strong>FOLKBOOT<\/strong><\/a><br \/>\n<a href=\"https:\/\/www.manage2sail.com\/en-US\/Home\/Cup\/9fa996aa-c144-4487-9d28-1c2b05488e51?cupGroupId=cf433003-6697-486b-bf69-9186bbb3a3d3#!\/results\"><strong>ORC IV<\/strong><\/a><br \/>\n<a href=\"https:\/\/www.manage2sail.com\/en-US\/Home\/Cup\/2d34b1a0-8131-4407-98d0-71ed20180548?cupGroupId=cf433003-6697-486b-bf69-9186bbb3a3d3#!\/results\"><strong>ORC III<\/strong><\/a><br \/>\n<a href=\"https:\/\/www.manage2sail.com\/en-US\/Home\/Cup\/d25a5b67-8b59-4d4b-960a-fc5cfb2f05a5?cupGroupId=cf433003-6697-486b-bf69-9186bbb3a3d3#!\/results\"><strong>ORC II<\/strong><\/a><br \/>\n<a href=\"https:\/\/www.manage2sail.com\/en-US\/Home\/Cup\/5e065491-98b7-4247-bcf4-c3078f124299?cupGroupId=cf433003-6697-486b-bf69-9186bbb3a3d3#!\/results\"><strong>ORC I<\/strong><\/a><\/h3>\n<hr \/>\n<div class=\"entry\">\n<h2><strong>2024 PILDIALBUMID:<\/strong><\/h2>\n<ul style=\"list-style-type: circle;\">\n<li><strong><a href=\"https:\/\/www.facebook.com\/media\/set\/?set=a.973435118115863&#038;type=3\">Amserv Kolmap\u00e4evaregatt 08.05.2024 I etapp<\/a><\/strong><\/li>\n<li><strong><a href=\"https:\/\/www.facebook.com\/media\/set\/?vanity=Kalevi.Jahtklubi&#038;set=a.978355857623789\">Amserv Kolmap\u00e4evaregatt 15.05.2024 II etapp<\/a><\/strong><\/li>\n<li><strong><a href=\"https:\/\/www.facebook.com\/media\/set\/?set=a.983734550419253&#038;type=3\">Amserv Kolmap\u00e4evaregatt 22.05.2024 III etapp<\/a><\/strong><\/li>\n<li>Amserv Kolmap\u00e4evaregatt 29.05.2024 IV etapp &#8211; j\u00e4i \u00e4ra<\/li>\n<li><strong><a href=\"https:\/\/www.facebook.com\/media\/set\/?vanity=Kalevi.Jahtklubi&#038;set=a.993398462786195\">Amserv Kolmap\u00e4evaregatt 05.06.2024 V etapp<\/a><\/strong><\/li>\n<li><a href=\"https:\/\/www.facebook.com\/media\/set\/?set=a.998181128974595&#038;type=3\"><strong>Amserv Kolmap\u00e4evaregatt 12.06.2024 VI etapp<\/strong><\/a><\/li>\n<li><strong><a href=\"https:\/\/www.facebook.com\/media\/set\/?set=a.1003389705120404&#038;type=3\">Amserv Kolmap\u00e4evaregatt 19.06.2024 VII etapp<\/a><\/strong><\/li>\n<li><strong><a href=\"https:\/\/www.facebook.com\/media\/set\/?set=a.1008396434619731&#038;type=3\">Amserv Kolmap\u00e4evaregatt 26.06.2024 VIII etapp<\/a><\/strong><\/li>\n<li>Amserv Kolmap\u00e4evaregatt 03.07.2024 IX etapp &#8211; j\u00e4i \u00e4ra<\/li>\n<li><a href=\"https:\/\/www.facebook.com\/media\/set\/?vanity=Kalevi.Jahtklubi&#038;set=a.1018477343611640\"><strong>Amserv Kolmap\u00e4evaregatt 10.07.2024 X etapp<\/strong><\/a><\/li>\n<li><a href=\"https:\/\/www.facebook.com\/media\/set\/?set=a.1032929242166450&#038;type=3\"><strong>Amserv Kolmap\u00e4evaregatt 31.07.2024 XI etapp<\/strong><\/a><\/li>\n<li><strong><a href=\"https:\/\/www.facebook.com\/media\/set\/?set=a.1037865668339474&#038;type=3\">Amserv Kolmap\u00e4evaregatt 07.08.2024 XII etapp<\/a><\/strong><\/li>\n<li><strong><a href=\"https:\/\/www.facebook.com\/media\/set\/?set=a.1042978117828229&#038;type=3\">Amserv Kolmap\u00e4evaregatt 14.08.2024 XIII etapp<\/a><\/strong><\/li>\n<li><a href=\"https:\/\/www.facebook.com\/media\/set\/?set=a.1048278263964881&#038;type=3\"><strong>Amserv Kolmap\u00e4evaregatt 21.08.2024 XIV etapp<\/strong><\/a><\/li>\n<li><strong><a href=\"https:\/\/www.facebook.com\/media\/set\/?set=a.1053550206771020&#038;type=3\">Amserv Kolmap\u00e4evaregatt 28.08.2024 XV etapp<\/a><\/strong><\/li>\n<li><strong><a href=\"https:\/\/www.facebook.com\/media\/set\/?vanity=Kalevi.Jahtklubi&#038;set=a.1059107546215286\">Amserv Kolmap\u00e4evaregatt 04.09.2024 XVI etapp<\/a><\/strong><\/li>\n<li><a href=\"https:\/\/www.facebook.com\/media\/set\/?set=a.1063901865735854&#038;type=3\"><strong>Amserv Kolmap\u00e4evaregatt 11.09.2024 XVII etapp<\/strong><\/a><\/li>\n<li><a href=\"https:\/\/www.facebook.com\/media\/set\/?set=a.1069589908500383&#038;type=3\"><strong>Amserv Kolmap\u00e4evaregatt 18.09.2024 XVIII etapp<\/strong><\/a><\/li>\n<li><a href=\"https:\/\/www.facebook.com\/media\/set\/?set=a.1075540504571990&#038;type=3\"><strong>Amserv Kolmap\u00e4evaregatt 25.09.2024 XIX etapp<\/strong><\/a><\/li>\n<li><a href=\"https:\/\/www.facebook.com\/media\/set\/?vanity=Kalevi.Jahtklubi&#038;set=a.1081262090666498\"><strong>Amserv Kolmap\u00e4evaregatt 02.10.2024 XX etapp<\/strong><\/a><\/li>\n<li>Amserv Kolmap\u00e4evaregatt 10.10.2024 XXI etapp &#8211; j\u00e4i \u00e4ra<\/li>\n<\/ul>\n<h4><strong>2024 aasta karikasarja edetabelid:<br \/>\n<\/strong><a href=\"https:\/\/www.manage2sail.com\/et-EE\/Home\/Cup\/39856efa-b1a2-4d81-b22e-533d96bb625c?cupGroupId=cf433003-6697-486b-bf69-9186bbb3a3d3#!\/results\"><strong>DRAAKON<\/strong><\/a><br \/>\n<a href=\"https:\/\/www.manage2sail.com\/et-EE\/Home\/Cup\/5318029a-74c4-4087-85df-514d82d2c3d2?cupGroupId=cf433003-6697-486b-bf69-9186bbb3a3d3#!\/results\"><strong>FOLKBOOT<\/strong><\/a><br \/>\n<a href=\"https:\/\/www.manage2sail.com\/et-EE\/Home\/Cup\/50ea5c95-6dd6-43b8-bfea-cda02ac19663?cupGroupId=cf433003-6697-486b-bf69-9186bbb3a3d3#!\/results\"><strong>ORC IV<\/strong><\/a><br \/>\n<a href=\"https:\/\/www.manage2sail.com\/et-EE\/Home\/Cup\/3a75afd8-7352-43b8-93a7-d84f503115e9?cupGroupId=cf433003-6697-486b-bf69-9186bbb3a3d3#!\/results\"><strong>ORC III<\/strong><\/a><br \/>\n<a href=\"https:\/\/www.manage2sail.com\/et-EE\/Home\/Cup\/fb61de1d-4ddd-4044-95eb-68307d5887ef?cupGroupId=cf433003-6697-486b-bf69-9186bbb3a3d3#!\/results\"><strong>ORC II<\/strong><\/a><br \/>\n<a href=\"https:\/\/www.manage2sail.com\/et-EE\/Home\/Cup\/3623202e-77cf-4073-9b75-ebfd378cd728?cupGroupId=cf433003-6697-486b-bf69-9186bbb3a3d3#!\/results\"><strong>ORC I <\/strong><\/a><\/h4>\n<\/div>\n<\/div>\n<div id=\"post-19401\" class=\"clearfix post-wrap post-19401 post type-post status-publish format-standard hentry category-news category-uncategorized\">\n<div class=\"entry\">\n<p><strong>Alates 2022 hooajast viisime legendaarse Kolmap\u00e4evakute regatile registreerimise ning tulemuste kajastamise koos ametliku teadetetahvliga <a href=\"https:\/\/www.manage2sail.com\/et-EE?\">Manage2Sail keskkonda<\/a>!<\/strong><\/p>\n<p>K\u00f5ik need purjetajad, kes on viimastel aastatel osav\u00f5tnud n\u00e4iteks Muhu V\u00e4ina regatist v\u00f5i 2021 ORC MM\u2019ist, on Manage2Sail keskkonnaga juba tuttavad ning endale ka kontod sinna juba loonud. Konto loomine on \u00fchekordne tegevus!\u00a0 Jahi\/aluse registreerimisel on n\u00f5utud vaid kapteni andmeid ja ORC m\u00f5\u00f5dukiri, mis on M2S keskkonnas automaatselt leitav (m\u00f5\u00f5dukiri peab olema k\u00fcll tellitud ja kehtiv).<\/p>\n<p>N\u00fc\u00fcd ei ole muud, kui leida <a href=\"https:\/\/www.manage2sail.com\/et-EE\/search?filterYear=2023&#038;filterMonth=&#038;filterCountry=EST&#038;filterClass=&#038;filterClubId=&#038;filterScoring=&#038;paged=true&#038;filterText=\"><strong>\u201cS\u00dcNDMUS\u201d<\/strong><\/a> kalendrist \u00f5ige kuup\u00e4evaga Amserv Kolmap\u00e4evaregatt ning ennast sinna kirja panna (<strong>pluss tasumine panga\u00fclekandega<\/strong>).<\/p>\n<p>Et ei tekiks olukorda, kus registreerite ekslikult ennast \u201cvalele kolmap\u00e4evale\u201d avame igale j\u00e4rgnevale kolmap\u00e4evakule registreerimise eelmise n\u00e4dala neljap\u00e4eva p\u00e4rastl\u00f5unal ning sulgeme registreerimise v\u00f5istlusp\u00e4eval <strong>45 minutit enne p\u00e4eva esimest hoiatussignaali<\/strong>.<\/p>\n<p>Kolmap\u00e4evaregati korraldusmeeskond soovib teile v\u00f5imalikult kiiresti <strong>edastada kasulikku ja abistavat infot<\/strong> \u2013 tuuleolude ja regati toimumise kohta, fini\u0161ite sulgemiste ja autasustamiste kohta ning muud kiired teated. Selleks kasutatakse WhatsApp keskkonda <a href=\"https:\/\/www.whatsapp.com\/\">https:\/\/www.whatsapp.com\/.<\/a><\/p>\n<p><strong>Laadi rakendus endale telefoni ja LIITU GRUPIGA \u201c<a href=\"https:\/\/chat.whatsapp.com\/HAq2eQIlgRyLEjIqBY5Fkj\">KJK KOLMAP\u00c4EVAREGATT<\/a>\u201c. <\/strong>Link liitumiseks on siin: <a href=\"https:\/\/chat.whatsapp.com\/J7zhAjm1XDcBeJScLWHqu7\">https:\/\/chat.whatsapp.com\/J7zhAjm1XDcBeJScLWHqu7\u00a0<\/a><\/p>\n<p>V\u00f5istluse<strong> ametlik teadete tahvel<\/strong> asub Manage2Sail keskkonnas ning<strong> nii regati kui ka hooaja tulemused<\/strong> on samuti sealt leitavad.<\/p>\n<p><strong>Hooaja (karikasarja)<\/strong> hetkeseisud on leitavad Manage2Sail lehelt &#8220;Karikasarjad&#8221; alt:<br \/>\n<strong><a href=\"https:\/\/www.manage2sail.com\/et-EE\/Home\/Cup\/f76fd0e6-17d1-4c79-91e9-65d2f5d9efc1?cupGroupId=cf433003-6697-486b-bf69-9186bbb3a3d3#!\/results\">ORC I<\/a>, <a href=\"https:\/\/www.manage2sail.com\/et-EE\/Home\/Cup\/f9283d2b-cbc2-41cb-a8c2-70e3fa73a57f?cupGroupId=cf433003-6697-486b-bf69-9186bbb3a3d3#!\/results\">ORC II<\/a>, <a href=\"https:\/\/www.manage2sail.com\/et-EE\/Home\/Cup\/11fa9839-d71a-4c34-9a52-85e912ce0389?cupGroupId=cf433003-6697-486b-bf69-9186bbb3a3d3#!\/results\">ORC III<\/a>, <a href=\"https:\/\/www.manage2sail.com\/et-EE\/Home\/Cup\/fcf929e2-c66e-49ba-8251-22ac819f06a6?cupGroupId=cf433003-6697-486b-bf69-9186bbb3a3d3#!\/results\">ORC IV<\/a>, <a href=\"https:\/\/www.manage2sail.com\/et-EE\/Home\/Cup\/c73de71b-a0eb-4121-a41c-352f4f311fbc?cupGroupId=cf433003-6697-486b-bf69-9186bbb3a3d3#!\/results\">FOLKBOOT<\/a>, <a href=\"https:\/\/www.manage2sail.com\/et-EE\/Home\/Cup\/bdf37dae-3f3c-4aa8-a611-5db59942a47a?cupGroupId=cf433003-6697-486b-bf69-9186bbb3a3d3#!\/results\">DRAAKON<\/a><\/strong><\/p>\n<p style=\"text-align: center;\">____________________________________________________________________________________________________________<\/p>\n<p>2022 Amserv Kolmap\u00e4evakute hooaja <a href=\"https:\/\/www.manage2sail.com\/et-EE\/Home\/SearchCups?filterYear=2022&#038;filterCountryId=c881dde4-426d-45e3-be19-d7b5f6aa59ba&#038;filterText=\">(karikasarja)<\/a> tulemused on leitavad siit:<\/p>\n<p><strong><a href=\"https:\/\/www.manage2sail.com\/en-US\/Home\/Cup\/0367ff1f-892d-49d4-8876-24af5f8e116d?cupGroupId=cf433003-6697-486b-bf69-9186bbb3a3d3#!\/results\">ORC I<\/a><\/strong>, <a href=\"https:\/\/www.manage2sail.com\/en-US\/Home\/Cup\/2e3a3de8-7dcc-42b9-a0de-a749235e2e4e?cupGroupId=cf433003-6697-486b-bf69-9186bbb3a3d3#!\/results\"><strong>ORC II<\/strong><\/a>, <a href=\"https:\/\/www.manage2sail.com\/en-US\/Home\/Cup\/c3ba15a4-818a-412f-8b4b-c4d1f7b383aa?cupGroupId=cf433003-6697-486b-bf69-9186bbb3a3d3#!\/results\"><strong>ORC III<\/strong><\/a>, <a href=\"https:\/\/www.manage2sail.com\/en-US\/Home\/Cup\/c3ba15a4-818a-412f-8b4b-c4d1f7b383aa?cupGroupId=cf433003-6697-486b-bf69-9186bbb3a3d3#!\/results\"><strong>ORC IV<\/strong><\/a>, <a href=\"https:\/\/www.manage2sail.com\/en-US\/Home\/Cup\/f13eb8bc-a800-4e6d-99ac-a1be15cb139a?cupGroupId=cf433003-6697-486b-bf69-9186bbb3a3d3#!\/results\"><strong>DRAAKON<\/strong><\/a>, <a href=\"https:\/\/www.manage2sail.com\/en-US\/Home\/Cup\/59bc0913-a765-41fb-9431-9b5a8fdb7a53?cupGroupId=cf433003-6697-486b-bf69-9186bbb3a3d3#!\/results\"><strong>FOLKBOOT<\/strong><\/a><\/p>\n<\/div>\n<p>#amserv #amservtoyota #amervigamerele #amservigapurjetama #toyotaonmeiehing #liikumisvabadus<\/p>\n<div class=\"entry\">\n<div class=\"clear\"><\/div>\n<div class=\"clear\"><\/div>\n<\/div>\n<\/div>\n<\/div>\n<div id=\"footer\">\n<div class=\"clear\"><\/div>\n<\/div>\n","protected":false},"excerpt":{"rendered":"<p>Amserv Kolmap\u00e4evaregatt 2025 Ka sellel hooajal toome siia lehele iga #Amserv Kolmap\u00e4eva regatti albumi, et Sul oleks lihtsam neid leida. Ole aktiivne ja &#8220;m\u00e4rgi&#8221; (tag) ennast igal pildil, mis Sulle meeldib ja jaga seda oma Facebooki seinal v\u00f5i teistes kanalites ja albumites. Registreerimine ikka l\u00e4bi Manage2Sail.com keskkonna vastava regatil lehe! V\u00f5istlusteade (NoR) Purjetamisjuhised (SI) KJK kalendris on t\u00e4pne ajakava 2025<a class=\"more-link\" href=\"https:\/\/kjk.ee\/en\/amserv-kolmapaevaregatt\/\">[Read More&#8230;]<\/a><\/p>\n","protected":false},"author":24,"featured_media":19402,"parent":0,"menu_order":0,"comment_status":"closed","ping_status":"closed","template":"","meta":{"spay_email":""},"jetpack_sharing_enabled":true,"jetpack_shortlink":"https:\/\/wp.me\/PaW3M4-61E","_links":{"self":[{"href":"https:\/\/kjk.ee\/en\/wp-json\/wp\/v2\/pages\/23166"}],"collection":[{"href":"https:\/\/kjk.ee\/en\/wp-json\/wp\/v2\/pages"}],"about":[{"href":"https:\/\/kjk.ee\/en\/wp-json\/wp\/v2\/types\/page"}],"author":[{"embeddable":true,"href":"https:\/\/kjk.ee\/en\/wp-json\/wp\/v2\/users\/24"}],"replies":[{"embeddable":true,"href":"https:\/\/kjk.ee\/en\/wp-json\/wp\/v2\/comments?post=23166"}],"version-history":[{"count":107,"href":"https:\/\/kjk.ee\/en\/wp-json\/wp\/v2\/pages\/23166\/revisions"}],"predecessor-version":[{"id":32009,"href":"https:\/\/kjk.ee\/en\/wp-json\/wp\/v2\/pages\/23166\/revisions\/32009"}],"wp:featuredmedia":[{"embeddable":true,"href":"https:\/\/kjk.ee\/en\/wp-json\/wp\/v2\/media\/19402"}],"wp:attachment":[{"href":"https:\/\/kjk.ee\/en\/wp-json\/wp\/v2\/media?parent=23166"}],"curies":[{"name":"wp","href":"https:\/\/api.w.org\/{rel}","templated":true}]}}