{"id":23916,"date":"2023-05-23T17:31:14","date_gmt":"2023-05-23T14:31:14","guid":{"rendered":"https:\/\/kjk.ee\/?page_id=23916"},"modified":"2023-05-23T17:33:12","modified_gmt":"2023-05-23T14:33:12","slug":"uus-sadamahoone","status":"publish","type":"page","link":"https:\/\/kjk.ee\/en\/uus-sadamahoone\/","title":{"rendered":"Uus sadamahoone"},"content":{"rendered":"<div class=\"x11i5rnm xat24cr x1mh8g0r x1vvkbs xdj266r x126k92a\">\n<div dir=\"auto\">\n<div class=\"x11i5rnm xat24cr x1mh8g0r x1vvkbs xdj266r x126k92a\">\n<h3 dir=\"auto\"><a href=\"https:\/\/kjk.ee\/wp-content\/uploads\/2023\/04\/uus-hoone-2.png\"><img loading=\"lazy\" class=\"size-medium wp-image-23190 alignleft\" src=\"https:\/\/kjk.ee\/wp-content\/uploads\/2023\/04\/uus-hoone-2-300x159.png\" alt=\"\" width=\"300\" height=\"159\" srcset=\"https:\/\/kjk.ee\/wp-content\/uploads\/2023\/04\/uus-hoone-2-300x159.png 300w, https:\/\/kjk.ee\/wp-content\/uploads\/2023\/04\/uus-hoone-2-768x407.png 768w, https:\/\/kjk.ee\/wp-content\/uploads\/2023\/04\/uus-hoone-2-104x55.png 104w, https:\/\/kjk.ee\/wp-content\/uploads\/2023\/04\/uus-hoone-2-91x48.png 91w, https:\/\/kjk.ee\/wp-content\/uploads\/2023\/04\/uus-hoone-2-185x98.png 185w, https:\/\/kjk.ee\/wp-content\/uploads\/2023\/04\/uus-hoone-2.png 792w\" sizes=\"(max-width: 300px) 100vw, 300px\" \/><\/a>Kolmap\u00e4eval 5.aprillil 2023 kogunes Piritale erakorralisele \u00fcldkoosolekule enne n\u00e4gematu hulk klubiliikmeid. Kokku oli koosolekul enda kohalolekut allkirjaga kinnitanud lausa 75 liiget! Viimati n\u00e4hti sellist aktiivset osalemist, kohalolekut ja kaasam\u00f5tlemist aastak\u00fcmneid tagasi. Loodame, et antud koosviibimine ei j\u00e4\u00e4 aktiivsuse m\u00f5ttes viimaseks vaid on saamas uueks normaalsuseks.<\/h3>\n<div dir=\"auto\">Peale koosolekut tegi klubi <strong>auliige ja pikaajaline kommodoor Kalev Vapper<\/strong> kokkuv\u00f5tte: \u201cM<em>ais algab minu jaoks 60. purjetamishooaeg. Algab \u00fcsna eriliselt, sest p\u00e4rast pikka ja p\u00f5hjalikku ettevalmistust saab l\u00f5puks ometi alguse ka Kalevi Jahtklubi uue sadamahoone ehitus. Eesti suurima ja edukaima jahtklubi enam kui 700 liiget saavad loodetavasti juba j\u00e4rgmist, 2024. aasta purjetamishooaega, alustada uutes tingimustes! T\u00e4nud k\u00f5igile klubiliikmetele, kes on andnud oma panuse selle projekti ettevalmistusse ja suur t\u00e4nu ette juba k\u00f5igile klubiliikmetele, kes panevad k\u00e4ed k\u00fclge ja \u00f5la alla uue hoone valmimisele!\u201d <\/em><\/div>\n<p dir=\"auto\">Uude sadamahoonesse on planeeritud kaasaegsed riietusruumid, saunad, j\u00f5usaal, sadamakapteni ja spordikooli ruumid ning elling. Uues sadamahoones saab uue kodu ka Eesti Jahtklubide Liit ja purjet\u00f6\u00f6koda.<\/p>\n<p dir=\"auto\"><a href=\"https:\/\/kjk.ee\/wp-content\/uploads\/2023\/04\/Uus-hoone-1.png\"><img loading=\"lazy\" class=\"size-medium wp-image-23189 alignright jetpack-lazy-image jetpack-lazy-image--handled\" src=\"https:\/\/kjk.ee\/wp-content\/uploads\/2023\/04\/Uus-hoone-1-300x168.png\" sizes=\"(max-width: 300px) 100vw, 300px\" srcset=\"https:\/\/kjk.ee\/wp-content\/uploads\/2023\/04\/Uus-hoone-1-300x168.png 300w, https:\/\/kjk.ee\/wp-content\/uploads\/2023\/04\/Uus-hoone-1-768x431.png 768w, https:\/\/kjk.ee\/wp-content\/uploads\/2023\/04\/Uus-hoone-1-98x55.png 98w, https:\/\/kjk.ee\/wp-content\/uploads\/2023\/04\/Uus-hoone-1-85x48.png 85w, https:\/\/kjk.ee\/wp-content\/uploads\/2023\/04\/Uus-hoone-1-175x98.png 175w, https:\/\/kjk.ee\/wp-content\/uploads\/2023\/04\/Uus-hoone-1.png 796w\" alt=\"\" width=\"300\" height=\"168\" data-lazy-loaded=\"1\" \/><\/a><\/p>\n<p dir=\"auto\">Praeguse sadamakontori hoone arvelt suurenev kaipind annab staapliplatsi m\u00e4rkimisv\u00e4\u00e4rselt laiendada ning suurv\u00f5istluste ajaks vajalikku ruumi juurde saada.<\/p>\n<p dir=\"auto\">Esimesena l\u00e4heb lammutusele praegune sauna- ja remondit\u00f6\u00f6kojahoone ning kui uus sadamahoone valmis, kaob ka praegune sadamakontori hoone ajalukku. Arhitekt Peeter Tarvase projekteeritud Kalevi Jahtklubi peahoone, mis valmis 1949.aastal ning kus asuvad klubi\u00fclema kontor, Kapteni Kajut ja Kalevi JK Restoran ja palju muud, j\u00e4\u00e4b aga t\u00e4ies hiigluses omale kohale!<\/p>\n<\/div>\n<\/div>\n<\/div>\n<div class=\"x11i5rnm xat24cr x1mh8g0r x1vvkbs xtlvy1s x126k92a\">\n<p dir=\"auto\">Kalevi Jahtklubi <strong>juhatuse liige<\/strong> <strong>Piret Salmistu<\/strong> on sotsiaalmeedias postitanud oma m\u00f5tted:\u00a0<em> \u201cKlubiliige ei v\u00f5rdu paadi omanik. Pole mul kunagi \u00fchtegi paati ega jahti olnud, aga klubitunne ja kuuluvustunne tekkis kohe, kui 18 a tagasi siia sattusin. S\u00f5ltub vaid sellest, kuidas n\u00e4ed ja tunned, et klubist ja selle tegevustest osa v\u00f5id ja tahad saada. Kasv\u00f5i \u00fcldkoosolekule tulemise ja oma meelsuse n\u00e4itamisega. Ja seda t\u00e4na paljud klubiliikmed tegid \u2013 oli hea tunne! V\u00e4ga suur ait\u00e4h ja kummardus k\u00f5igile, kes on v\u00e4ga palju panustanud sellesse, mis otsuse said klubiliikmed t\u00e4na teha, et maikuus uue sadamahoone ehitamiseks l\u00e4heb! Ja ikka selleks, et oleks koht, kuhu suurema heameelega tulevad nii praegused kui ka tulevased klubiliikmed \u2013 suured ja v\u00e4ikesed purjetajad ja meres\u00f5brad!\u201d<\/em><\/p>\n<div dir=\"auto\"><a href=\"https:\/\/kjk.ee\/wp-content\/uploads\/2023\/04\/Uus-hoone-4.png\"><img loading=\"lazy\" class=\"size-medium wp-image-23192 alignleft jetpack-lazy-image jetpack-lazy-image--handled\" src=\"https:\/\/kjk.ee\/wp-content\/uploads\/2023\/04\/Uus-hoone-4-300x160.png\" sizes=\"(max-width: 300px) 100vw, 300px\" srcset=\"https:\/\/kjk.ee\/wp-content\/uploads\/2023\/04\/Uus-hoone-4-300x160.png 300w, https:\/\/kjk.ee\/wp-content\/uploads\/2023\/04\/Uus-hoone-4-1024x545.png 1024w, https:\/\/kjk.ee\/wp-content\/uploads\/2023\/04\/Uus-hoone-4-768x409.png 768w, https:\/\/kjk.ee\/wp-content\/uploads\/2023\/04\/Uus-hoone-4-103x55.png 103w, https:\/\/kjk.ee\/wp-content\/uploads\/2023\/04\/Uus-hoone-4-90x48.png 90w, https:\/\/kjk.ee\/wp-content\/uploads\/2023\/04\/Uus-hoone-4-184x98.png 184w, https:\/\/kjk.ee\/wp-content\/uploads\/2023\/04\/Uus-hoone-4.png 1183w\" alt=\"\" width=\"300\" height=\"160\" data-lazy-loaded=\"1\" \/><\/a><\/div>\n<\/div>\n<ul>\n<li><a href=\"https:\/\/kjk.ee\/wp-content\/uploads\/2023\/04\/Kalevi-Jahtklubi-erakorraline-koosolek-05.04.2023-presentatsioon.pdf\">Kalevi Jahtklubi erakorralise koosoleku presentatsioon<\/a><\/li>\n<li><strong>KJK uue sadamahoone<\/strong> projekteerimise v\u00f5idut\u00f6\u00f6d n\u00e4eb <strong><a href=\"https:\/\/kjk.ee\/wp-content\/uploads\/2023\/02\/KOPMLEKS.pdf\">SIIT.<\/a><\/strong><\/li>\n<li><a href=\"https:\/\/kjk.ee\/wp-content\/uploads\/2023\/04\/KJK-1-korruse-plaan.pdf\">KJK sadamahoone 1-korruse plaan<\/a><\/li>\n<li><a href=\"https:\/\/kjk.ee\/wp-content\/uploads\/2023\/04\/KJK-2.korruse-plaan.pdf\">KJK sadamahoone 2.korruse plaan<\/a><\/li>\n<\/ul>\n","protected":false},"excerpt":{"rendered":"<p>Kolmap\u00e4eval 5.aprillil 2023 kogunes Piritale erakorralisele \u00fcldkoosolekule enne n\u00e4gematu hulk klubiliikmeid. Kokku oli koosolekul enda kohalolekut allkirjaga kinnitanud lausa 75 liiget! Viimati n\u00e4hti sellist aktiivset osalemist, kohalolekut ja kaasam\u00f5tlemist aastak\u00fcmneid tagasi. Loodame, et antud koosviibimine ei j\u00e4\u00e4 aktiivsuse m\u00f5ttes viimaseks vaid on saamas uueks normaalsuseks. Peale koosolekut tegi klubi auliige ja pikaajaline kommodoor Kalev Vapper kokkuv\u00f5tte: \u201cMais algab minu jaoks<a class=\"more-link\" href=\"https:\/\/kjk.ee\/en\/uus-sadamahoone\/\">[Read More&#8230;]<\/a><\/p>\n","protected":false},"author":24,"featured_media":0,"parent":0,"menu_order":0,"comment_status":"closed","ping_status":"closed","template":"","meta":{"spay_email":""},"jetpack_sharing_enabled":true,"jetpack_shortlink":"https:\/\/wp.me\/PaW3M4-6dK","_links":{"self":[{"href":"https:\/\/kjk.ee\/en\/wp-json\/wp\/v2\/pages\/23916"}],"collection":[{"href":"https:\/\/kjk.ee\/en\/wp-json\/wp\/v2\/pages"}],"about":[{"href":"https:\/\/kjk.ee\/en\/wp-json\/wp\/v2\/types\/page"}],"author":[{"embeddable":true,"href":"https:\/\/kjk.ee\/en\/wp-json\/wp\/v2\/users\/24"}],"replies":[{"embeddable":true,"href":"https:\/\/kjk.ee\/en\/wp-json\/wp\/v2\/comments?post=23916"}],"version-history":[{"count":3,"href":"https:\/\/kjk.ee\/en\/wp-json\/wp\/v2\/pages\/23916\/revisions"}],"predecessor-version":[{"id":28868,"href":"https:\/\/kjk.ee\/en\/wp-json\/wp\/v2\/pages\/23916\/revisions\/28868"}],"wp:attachment":[{"href":"https:\/\/kjk.ee\/en\/wp-json\/wp\/v2\/media?parent=23916"}],"curies":[{"name":"wp","href":"https:\/\/api.w.org\/{rel}","templated":true}]}}