{"id":23961,"date":"2023-05-29T09:30:16","date_gmt":"2023-05-29T06:30:16","guid":{"rendered":"https:\/\/kjk.ee\/?page_id=23961"},"modified":"2025-06-27T19:55:57","modified_gmt":"2025-06-27T16:55:57","slug":"baltic-sea-solo-race","status":"publish","type":"page","link":"https:\/\/kjk.ee\/en\/regatid\/baltic-sea-solo-race\/","title":{"rendered":"BALTIC SEA SOLO RACE 2025"},"content":{"rendered":"<p><strong><a href=\"https:\/\/kjk.ee\/wp-content\/uploads\/2022\/06\/BSSR.png\"><img loading=\"lazy\" class=\"size-full wp-image-20097 alignright\" src=\"https:\/\/kjk.ee\/wp-content\/uploads\/2022\/06\/BSSR.png\" alt=\"\" width=\"225\" height=\"225\" srcset=\"https:\/\/kjk.ee\/wp-content\/uploads\/2022\/06\/BSSR.png 225w, https:\/\/kjk.ee\/wp-content\/uploads\/2022\/06\/BSSR-150x150.png 150w, https:\/\/kjk.ee\/wp-content\/uploads\/2022\/06\/BSSR-55x55.png 55w, https:\/\/kjk.ee\/wp-content\/uploads\/2022\/06\/BSSR-75x75.png 75w, https:\/\/kjk.ee\/wp-content\/uploads\/2022\/06\/BSSR-48x48.png 48w, https:\/\/kjk.ee\/wp-content\/uploads\/2022\/06\/BSSR-98x98.png 98w\" sizes=\"(max-width: 225px) 100vw, 225px\" \/><\/a><\/strong><\/p>\n<p><strong>BALTIC SEA SOLO RACE 2025<\/strong><\/p>\n<ul>\n<li><strong><a href=\"https:\/\/www.manage2sail.com\/et-EE\/event\/BSSR251#!\/classes\">I etapp neljap\u00e4ev, 5.juuni<\/a><\/strong><\/li>\n<li><strong>II etapp laup\u00e4ev, 28.juuni &#8211;\u00a0J\u00c4\u00c4B \u00c4RA! TULEVAD UUED KUUP\u00c4EVAD!<\/strong><\/li>\n<li><strong>III etapp p\u00fchap\u00e4ev, 29.juuni &#8211; J\u00c4\u00c4B \u00c4RA! TULEVAD UUED KUUP\u00c4EVAD!<\/strong><\/li>\n<li><strong><a href=\"https:\/\/www.manage2sail.com\/en-US\/event\/BSSR254#!\/\">IV etapp laup\u00e4ev ja p\u00fchap\u00e4ev, 23.- 24. august<\/a><\/strong><\/li>\n<\/ul>\n<hr \/>\n<p><strong>BALTIC SEA SOLO RACE 2024<\/strong><\/p>\n<ul>\n<li><a href=\"https:\/\/manage2sail.com\/et-EE\/event\/BSSR20241#!\/\">I etapp neljap\u00e4ev, 6.juuni<\/a><\/li>\n<li><a href=\"https:\/\/manage2sail.com\/et-EE\/event\/8e1b4231-a47e-47bc-a21e-d50390e1f7e3#!\/\">II etapp laup\u00e4ev, 29.juuni<\/a><\/li>\n<li><a href=\"https:\/\/manage2sail.com\/et-EE\/event\/a6aa1996-3218-4934-8633-2a68e3bd778e#!\/\">III etapp p\u00fchap\u00e4ev, 30.juuni<\/a><\/li>\n<li><a href=\"https:\/\/manage2sail.com\/et-EE\/event\/BSSR244#!\/\">IV etapp laup\u00e4ev ja p\u00fchap\u00e4ev, 3.- 4. august<\/a><\/li>\n<\/ul>\n<p><strong>2024 BALTIC SEA SOLO RACE KOONDTULEMUSED on leitavad Manage2sail.com lehelt <a href=\"https:\/\/manage2sail.com\/et-EE\/Home\/SearchCups?filterYear=2024&#038;filterCountryId=c881dde4-426d-45e3-be19-d7b5f6aa59ba&#038;filterText=\">KARIKASARJAD<\/a> alt:<\/strong><\/p>\n<ul>\n<li><a href=\"https:\/\/manage2sail.com\/et-EE\/Home\/Cup\/aec856be-74d3-4f63-a2f8-f567ebdfb1c3?cupGroupId=cf433003-6697-486b-bf69-9186bbb3a3d3#!\/results\">ORC I Single-Handed<\/a><\/li>\n<li><a href=\"https:\/\/manage2sail.com\/et-EE\/Home\/Cup\/f7f3a5f3-9d3f-4d78-a615-f9f806e9945e?cupGroupId=cf433003-6697-486b-bf69-9186bbb3a3d3#!\/results\">ORC I Double-Handed<\/a><\/li>\n<li><a href=\"https:\/\/manage2sail.com\/et-EE\/Home\/Cup\/05a08c3e-95c7-4e27-8b53-d1732f3bd7ef?cupGroupId=cf433003-6697-486b-bf69-9186bbb3a3d3#!\/results\">ORC II Single-Handed<\/a><\/li>\n<li><a href=\"https:\/\/manage2sail.com\/et-EE\/Home\/Cup\/57029854-c62b-4b1e-a24a-680b6b487965?cupGroupId=cf433003-6697-486b-bf69-9186bbb3a3d3#!\/results\">ORC II Double-Handed<\/a><\/li>\n<\/ul>\n<p>___________________________________________<\/p>\n<p><strong>2023 BALTIC SEA SOLO RACE KOONDTULEMUSED on leitavad <a href=\"https:\/\/kjk.ee\/wp-content\/uploads\/2023\/10\/2023-BSSR_KOOND-v2.pdf\">SIIT<\/a>.\u00a0<\/strong><\/p>\n<p><strong>2022 BALTIC SEA SOLO RACE KOONTULEMUSED on leitavad <a href=\"https:\/\/data.orc.org\/public\/WEV.dll?action=index&#038;eventid=pmtii\">SIIT.<\/a>\u00a0<\/strong><\/p>\n","protected":false},"excerpt":{"rendered":"<p>BALTIC SEA SOLO RACE 2025 I etapp neljap\u00e4ev, 5.juuni II etapp laup\u00e4ev, 28.juuni &#8211;\u00a0J\u00c4\u00c4B \u00c4RA! TULEVAD UUED KUUP\u00c4EVAD! III etapp p\u00fchap\u00e4ev, 29.juuni &#8211; J\u00c4\u00c4B \u00c4RA! TULEVAD UUED KUUP\u00c4EVAD! IV etapp laup\u00e4ev ja p\u00fchap\u00e4ev, 23.- 24. august BALTIC SEA SOLO RACE 2024 I etapp neljap\u00e4ev, 6.juuni II etapp laup\u00e4ev, 29.juuni III etapp p\u00fchap\u00e4ev, 30.juuni IV etapp laup\u00e4ev ja p\u00fchap\u00e4ev, 3.- 4.<a class=\"more-link\" href=\"https:\/\/kjk.ee\/en\/regatid\/baltic-sea-solo-race\/\">[Read More&#8230;]<\/a><\/p>\n","protected":false},"author":24,"featured_media":20097,"parent":63,"menu_order":0,"comment_status":"closed","ping_status":"closed","template":"","meta":{"spay_email":""},"jetpack_sharing_enabled":true,"jetpack_shortlink":"https:\/\/wp.me\/PaW3M4-6et","_links":{"self":[{"href":"https:\/\/kjk.ee\/en\/wp-json\/wp\/v2\/pages\/23961"}],"collection":[{"href":"https:\/\/kjk.ee\/en\/wp-json\/wp\/v2\/pages"}],"about":[{"href":"https:\/\/kjk.ee\/en\/wp-json\/wp\/v2\/types\/page"}],"author":[{"embeddable":true,"href":"https:\/\/kjk.ee\/en\/wp-json\/wp\/v2\/users\/24"}],"replies":[{"embeddable":true,"href":"https:\/\/kjk.ee\/en\/wp-json\/wp\/v2\/comments?post=23961"}],"version-history":[{"count":48,"href":"https:\/\/kjk.ee\/en\/wp-json\/wp\/v2\/pages\/23961\/revisions"}],"predecessor-version":[{"id":30176,"href":"https:\/\/kjk.ee\/en\/wp-json\/wp\/v2\/pages\/23961\/revisions\/30176"}],"up":[{"embeddable":true,"href":"https:\/\/kjk.ee\/en\/wp-json\/wp\/v2\/pages\/63"}],"wp:featuredmedia":[{"embeddable":true,"href":"https:\/\/kjk.ee\/en\/wp-json\/wp\/v2\/media\/20097"}],"wp:attachment":[{"href":"https:\/\/kjk.ee\/en\/wp-json\/wp\/v2\/media?parent=23961"}],"curies":[{"name":"wp","href":"https:\/\/api.w.org\/{rel}","templated":true}]}}