{"id":25,"date":"2014-04-20T11:10:28","date_gmt":"2014-04-20T11:10:28","guid":{"rendered":"http:\/\/www.kjk.ee\/?page_id=25"},"modified":"2024-02-26T10:00:04","modified_gmt":"2024-02-26T08:00:04","slug":"sumboolika","status":"publish","type":"page","link":"https:\/\/kjk.ee\/en\/sumboolika\/","title":{"rendered":"S\u00fcmboolika ja klubivorm"},"content":{"rendered":"<p><strong>V\u00e4ljav\u00f5te Kalevi Jahtklubi <a href=\"http:\/\/www.kjk.ee\/kodukord\/\" target=\"_blank\" rel=\"noopener noreferrer\">Kodukorrast<\/a>: <\/strong><\/p>\n<p style=\"color: #000000;\">10. KJK s\u00fcmboolika ja vormiriietus<\/p>\n<p>10.1. KJK s\u00fcmboolika moodustavad:<br \/>\n10.1.1. lipp;<br \/>\n10.1.2. vimpel;<br \/>\n10.1.3. rinnam\u00e4rk;<br \/>\n10.1.4. m\u00fctsim\u00e4rk.<\/p>\n<p>10.2. KJK-l on vormiriietus, mille stiil ja v\u00e4rv on s\u00e4testatud KJK stiiliraamatus.<\/p>\n<p>10.3. KJK vormiriietuse kandmine on soovitatav j\u00e4rgmistel juhtudel:<br \/>\n10.3.1. juhatuse liikmetel juhatuse pidulikel koosolekutel;<br \/>\n10.3.2. pidulikel rivistustel ja koosviibimistel ning KJK esindamisel;<br \/>\n10.3.3. surnud KJK liikme \u00e4rasaatmisel.<\/p>\n<p>10.4. KJK s\u00fcmboolika ja selle kasutamine on s\u00e4testatud <a href=\"http:\/\/www.kjk.ee\/wp-content\/uploads\/2014\/04\/KJK-CVI.pdf\">KJK stiiliraamatus<\/a>.<\/p>\n<p><a href=\"https:\/\/kjk.ee\/klubi-lips-ja-bleiser\/\" target=\"_blank\" rel=\"noopener noreferrer\">Loe siit lisaks klubi lipsu, kaelar\u00e4ti ja bleiseri kohta<\/a><\/p>\n<p>KJK lipsu, kaelasalli ja teisi s\u00fcmboolikaga esemeid saab osta <a href=\"https:\/\/kjk.ee\/pood\/\">KJK e-poest.<\/a><\/p>\n<p><a href=\"http:\/\/www.kjk.ee\/wp-content\/uploads\/2014\/04\/Kaelasalli-sidumise-juhend.jpg\"><img loading=\"lazy\" class=\"alignnone wp-image-1742 size-full\" src=\"http:\/\/www.kjk.ee\/wp-content\/uploads\/2014\/04\/Kaelasalli-sidumise-juhend.jpg\" alt=\"Kaelasalli sidumise juhend\" width=\"640\" height=\"406\" srcset=\"https:\/\/kjk.ee\/wp-content\/uploads\/2014\/04\/Kaelasalli-sidumise-juhend.jpg 640w, https:\/\/kjk.ee\/wp-content\/uploads\/2014\/04\/Kaelasalli-sidumise-juhend-300x190.jpg 300w, https:\/\/kjk.ee\/wp-content\/uploads\/2014\/04\/Kaelasalli-sidumise-juhend-86x55.jpg 86w, https:\/\/kjk.ee\/wp-content\/uploads\/2014\/04\/Kaelasalli-sidumise-juhend-75x48.jpg 75w, https:\/\/kjk.ee\/wp-content\/uploads\/2014\/04\/Kaelasalli-sidumise-juhend-154x98.jpg 154w\" sizes=\"(max-width: 640px) 100vw, 640px\" \/><\/a><\/p>\n<p><strong><a href=\"https:\/\/kjk.ee\/wp-content\/uploads\/2022\/11\/Klubivormi-tellimine.pdf\">Klubivormi tellimine<\/a><\/strong><\/p>\n<p>Bleiserit, klubipintsakut ja p\u00fckse saab tellida nii standard suurustes kui ka oma m\u00f5\u00f5tude j\u00e4rgi. Bleiseri ja pintsaku hinnad alates 350\u20ac.<\/p>\n<p>Tellimuse t\u00e4itmise t\u00e4htaeg on 4 n\u00e4dalat. M\u00f5\u00f5tude andmiseks ja kanga valimiseks palun lepi\u00a0<strong>Tuuli Org<\/strong>iga aeg kokku telefonil\u00a0<strong>56290120 v\u00f5i tuuli@me.com.<\/strong><\/p>\n","protected":false},"excerpt":{"rendered":"<p>V\u00e4ljav\u00f5te Kalevi Jahtklubi Kodukorrast: 10. KJK s\u00fcmboolika ja vormiriietus 10.1. KJK s\u00fcmboolika moodustavad: 10.1.1. lipp; 10.1.2. vimpel; 10.1.3. rinnam\u00e4rk; 10.1.4. m\u00fctsim\u00e4rk. 10.2. KJK-l on vormiriietus, mille stiil ja v\u00e4rv on s\u00e4testatud KJK stiiliraamatus. 10.3. KJK vormiriietuse kandmine on soovitatav j\u00e4rgmistel juhtudel: 10.3.1. juhatuse liikmetel juhatuse pidulikel koosolekutel; 10.3.2. pidulikel rivistustel ja koosviibimistel ning KJK esindamisel; 10.3.3. surnud KJK liikme \u00e4rasaatmisel.<a class=\"more-link\" href=\"https:\/\/kjk.ee\/en\/sumboolika\/\">[Read More&#8230;]<\/a><\/p>\n","protected":false},"author":24,"featured_media":0,"parent":0,"menu_order":0,"comment_status":"closed","ping_status":"closed","template":"","meta":{"spay_email":""},"jetpack_sharing_enabled":true,"jetpack_shortlink":"https:\/\/wp.me\/PaW3M4-p","_links":{"self":[{"href":"https:\/\/kjk.ee\/en\/wp-json\/wp\/v2\/pages\/25"}],"collection":[{"href":"https:\/\/kjk.ee\/en\/wp-json\/wp\/v2\/pages"}],"about":[{"href":"https:\/\/kjk.ee\/en\/wp-json\/wp\/v2\/types\/page"}],"author":[{"embeddable":true,"href":"https:\/\/kjk.ee\/en\/wp-json\/wp\/v2\/users\/24"}],"replies":[{"embeddable":true,"href":"https:\/\/kjk.ee\/en\/wp-json\/wp\/v2\/comments?post=25"}],"version-history":[{"count":63,"href":"https:\/\/kjk.ee\/en\/wp-json\/wp\/v2\/pages\/25\/revisions"}],"predecessor-version":[{"id":26207,"href":"https:\/\/kjk.ee\/en\/wp-json\/wp\/v2\/pages\/25\/revisions\/26207"}],"wp:attachment":[{"href":"https:\/\/kjk.ee\/en\/wp-json\/wp\/v2\/media?parent=25"}],"curies":[{"name":"wp","href":"https:\/\/api.w.org\/{rel}","templated":true}]}}