{"id":27550,"date":"2024-09-19T10:22:09","date_gmt":"2024-09-19T07:22:09","guid":{"rendered":"https:\/\/kjk.ee\/?page_id=27550"},"modified":"2026-01-05T09:13:11","modified_gmt":"2026-01-05T07:13:11","slug":"jousaal","status":"publish","type":"page","link":"https:\/\/kjk.ee\/en\/jousaal\/","title":{"rendered":"J\u00f5usaal"},"content":{"rendered":"<div id=\"attachment_27788\" style=\"width: 310px\" class=\"wp-caption alignleft\"><a href=\"https:\/\/kjk.ee\/wp-content\/uploads\/2024\/10\/IMG_9191.jpg\"><img aria-describedby=\"caption-attachment-27788\" loading=\"lazy\" class=\"wp-image-27788 size-medium\" src=\"https:\/\/kjk.ee\/wp-content\/uploads\/2024\/10\/IMG_9191-300x225.jpg\" alt=\"\" width=\"300\" height=\"225\" srcset=\"https:\/\/kjk.ee\/wp-content\/uploads\/2024\/10\/IMG_9191-300x225.jpg 300w, https:\/\/kjk.ee\/wp-content\/uploads\/2024\/10\/IMG_9191-1024x768.jpg 1024w, https:\/\/kjk.ee\/wp-content\/uploads\/2024\/10\/IMG_9191-768x576.jpg 768w, https:\/\/kjk.ee\/wp-content\/uploads\/2024\/10\/IMG_9191-1536x1152.jpg 1536w, https:\/\/kjk.ee\/wp-content\/uploads\/2024\/10\/IMG_9191-73x55.jpg 73w, https:\/\/kjk.ee\/wp-content\/uploads\/2024\/10\/IMG_9191-100x75.jpg 100w, https:\/\/kjk.ee\/wp-content\/uploads\/2024\/10\/IMG_9191-200x150.jpg 200w, https:\/\/kjk.ee\/wp-content\/uploads\/2024\/10\/IMG_9191-64x48.jpg 64w, https:\/\/kjk.ee\/wp-content\/uploads\/2024\/10\/IMG_9191-131x98.jpg 131w, https:\/\/kjk.ee\/wp-content\/uploads\/2024\/10\/IMG_9191.jpg 2016w\" sizes=\"(max-width: 300px) 100vw, 300px\" \/><\/a><p id=\"caption-attachment-27788\" class=\"wp-caption-text\">Kalevi Jahtklubi j\u00f5usaal (oktoober 2024)<\/p><\/div>\n<h2>Kalevi Jahtklubi j\u00f5usaal on avatud ning ootab treenijaid!<\/h2>\n<p><strong>Vaata tutvustavat videot <a href=\"https:\/\/www.facebook.com\/watch?v=494094070447671\">SIIT.<\/a> <\/strong><\/p>\n<p><strong>KJK j\u00f5usaali kasutamise head tavad ja kasutamiskord<\/strong><\/p>\n<p>Klubis viibides on k\u00f5igil kohustuslik j\u00e4rgida klubi poolt kirjeldatud heade tavade p\u00f5him\u00f5tteid:<\/p>\n<ul>\n<li>KJK\u00a0liikmelisus on personaalne\u00a0ja sissep\u00e4\u00e4s j\u00f5usaali on tagatud lisateenusena vastavalt hinnakirjale.<\/li>\n<li>KJK j\u00f5usaali sissep\u00e4\u00e4s asub fuajee 2.korrusel ning j\u00f5usaali p\u00e4\u00e4seb keerdtrepist.<\/li>\n<li>J\u00f5usaal on avatud p\u00e4\u00e4sme soetanud klubiliikmele 24\/7.<\/li>\n<li>KJK j\u00f5usaal ja pesuruumid on m\u00f5eldud kasutamiseks klubiliikmetele ja klubiliikmega koos \u00fchekordse p\u00e4\u00e4sme \u00a0alusel klubi teenuseid kasutavatele isikutele. Makseterminal asub klubi fuajee seinal II korrusel j\u00f5usaali ukse k\u00f5rval. Tasu on 5\u20ac\/inimene k\u00fclastuskord.<\/li>\n<\/ul>\n<ul>\n<li style=\"list-style-type: none;\">\n<p><div id=\"attachment_27783\" style=\"width: 310px\" class=\"wp-caption alignright\"><a href=\"https:\/\/kjk.ee\/wp-content\/uploads\/2024\/10\/IMG_9185.jpg\"><img aria-describedby=\"caption-attachment-27783\" loading=\"lazy\" class=\"wp-image-27783 size-medium\" src=\"https:\/\/kjk.ee\/wp-content\/uploads\/2024\/10\/IMG_9185-300x225.jpg\" alt=\"\" width=\"300\" height=\"225\" srcset=\"https:\/\/kjk.ee\/wp-content\/uploads\/2024\/10\/IMG_9185-300x225.jpg 300w, https:\/\/kjk.ee\/wp-content\/uploads\/2024\/10\/IMG_9185-1024x768.jpg 1024w, https:\/\/kjk.ee\/wp-content\/uploads\/2024\/10\/IMG_9185-768x576.jpg 768w, https:\/\/kjk.ee\/wp-content\/uploads\/2024\/10\/IMG_9185-1536x1152.jpg 1536w, https:\/\/kjk.ee\/wp-content\/uploads\/2024\/10\/IMG_9185-73x55.jpg 73w, https:\/\/kjk.ee\/wp-content\/uploads\/2024\/10\/IMG_9185-100x75.jpg 100w, https:\/\/kjk.ee\/wp-content\/uploads\/2024\/10\/IMG_9185-200x150.jpg 200w, https:\/\/kjk.ee\/wp-content\/uploads\/2024\/10\/IMG_9185-64x48.jpg 64w, https:\/\/kjk.ee\/wp-content\/uploads\/2024\/10\/IMG_9185-131x98.jpg 131w, https:\/\/kjk.ee\/wp-content\/uploads\/2024\/10\/IMG_9185.jpg 2016w\" sizes=\"(max-width: 300px) 100vw, 300px\" \/><\/a><p id=\"caption-attachment-27783\" class=\"wp-caption-text\">Kalevi Jahtklubi j\u00f5usaal (oktoober 2024)<\/p><\/div><\/li>\n<li>Treeningusse tulles riietuge vastavalt treeningu iseloomule,\u00a0kandke sobivaid spordiriideid, sisetingimustesse m\u00f5eldud treeningjalatseid ning kasutage treeningr\u00e4tikut.<\/li>\n<li>J\u00f5usaalis on lubatud iseseisvalt treenida lastel alates 14. eluaastast ning lastel koos treeneri juhendamisega alates 9. eluaastast.<\/li>\n<li>Treeningul olles kasutage k\u00f5iki seadmeid ja vahendeid heaperemehelikult ning selleks etten\u00e4htud otstarbel, vajadusel k\u00fcsige n\u00f5u ja abi treenerilt.<\/li>\n<li>Treeningu l\u00f5pus\u00a0puhastage treeningvahendid selleks etten\u00e4htud desinfitseeriva vahendiga ja asetage need tagasi oma kohale.<\/li>\n<li>Suhtuge s\u00f5bralikult teistesse klubiliikmetesse ja arvestage kaastreenijatega.<\/li>\n<li>Ootame KJK j\u00f5usaalis treenijalt \u00fcldiselt aktsepteeritud k\u00e4itumisnormide ja -t\u00f5ekspidamiste j\u00e4rgimist!<\/li>\n<\/ul>\n<p><strong>J\u00f5usaal on broneeritud navigatsiooniv\u00e4lisel hooajal (1.november kuni 30.aprill) spordikoolidele:<\/strong><\/p>\n<ul>\n<li style=\"list-style-type: none;\">\n<ul>\n<li>ESMASP\u00c4EVITI kell 18:00-19:00 Rein Ottosoni Purjespordikool<\/li>\n<li>TEISIP\u00c4EVITI kell 17:00-19:00 Kalevi Jahtklubi Purjespordikool<\/li>\n<li>KOLMAP\u00c4EVITI kell 17:30-18:30 Juuso Roihu t\u00e4iskasvanute ringtrenn\n<ul>\n<li>KOLMAP\u00c4EVITI kell 18:30-19:30 Juuso Roihu jooga Klubilsaalils<\/li>\n<\/ul>\n<\/li>\n<li>KOLMAP\u00c4EVITI kell 19:30-20:30 Rein Ottosoni Purjespordikool<\/li>\n<li>REEDETI kell 08:00-09:00 Juuso Roihu t\u00e4iskasvanute ringtrenn<\/li>\n<li>REEDETI kell 18:30-19:00 Rein Ottosoni Purjespordikool<\/li>\n<\/ul>\n<\/li>\n<\/ul>\n<div id=\"attachment_27786\" style=\"width: 310px\" class=\"wp-caption alignleft\"><a href=\"https:\/\/kjk.ee\/wp-content\/uploads\/2024\/10\/IMG_9189.jpg\"><img aria-describedby=\"caption-attachment-27786\" loading=\"lazy\" class=\"wp-image-27786 size-medium\" src=\"https:\/\/kjk.ee\/wp-content\/uploads\/2024\/10\/IMG_9189-300x225.jpg\" alt=\"\" width=\"300\" height=\"225\" srcset=\"https:\/\/kjk.ee\/wp-content\/uploads\/2024\/10\/IMG_9189-300x225.jpg 300w, https:\/\/kjk.ee\/wp-content\/uploads\/2024\/10\/IMG_9189-1024x768.jpg 1024w, https:\/\/kjk.ee\/wp-content\/uploads\/2024\/10\/IMG_9189-768x576.jpg 768w, https:\/\/kjk.ee\/wp-content\/uploads\/2024\/10\/IMG_9189-1536x1152.jpg 1536w, https:\/\/kjk.ee\/wp-content\/uploads\/2024\/10\/IMG_9189-73x55.jpg 73w, https:\/\/kjk.ee\/wp-content\/uploads\/2024\/10\/IMG_9189-100x75.jpg 100w, https:\/\/kjk.ee\/wp-content\/uploads\/2024\/10\/IMG_9189-200x150.jpg 200w, https:\/\/kjk.ee\/wp-content\/uploads\/2024\/10\/IMG_9189-64x48.jpg 64w, https:\/\/kjk.ee\/wp-content\/uploads\/2024\/10\/IMG_9189-131x98.jpg 131w, https:\/\/kjk.ee\/wp-content\/uploads\/2024\/10\/IMG_9189.jpg 2016w\" sizes=\"(max-width: 300px) 100vw, 300px\" \/><\/a><p id=\"caption-attachment-27786\" class=\"wp-caption-text\">Kalevi Jahtklubi j\u00f5usaal (oktoober 2024)<\/p><\/div>\n<p><strong>J\u00f5usaali sisustus:<\/strong><\/p>\n<ul>\n<li>2 s\u00f5udeergomeetrit<\/li>\n<li>1 suusaergomeeter<\/li>\n<li>2 jooksurada<\/li>\n<li>1 ellips-crosstrainer<\/li>\n<li>3 spinniratast<\/li>\n<li>Rinna-, k\u00f5hulihaste-, alalselja ja biitsepspingid<\/li>\n<li>\u00d5lapress ja s\u00e4\u00e4repink<\/li>\n<li>Multistation blokks\u00fcsteem<\/li>\n<li>K\u00fckipuur<\/li>\n<li>Kangid, hantlid, sangpommid<\/li>\n<li>Varbseinad, v\u00f5imlemisrullid ja -matid, TRX rihmad<\/li>\n<li>K\u00f6iet\u00f5mbetrenaz\u00f6\u00f6r<\/li>\n<\/ul>\n<div id=\"attachment_27784\" style=\"width: 235px\" class=\"wp-caption alignright\"><a href=\"https:\/\/kjk.ee\/wp-content\/uploads\/2024\/10\/IMG_9186.jpg\"><img aria-describedby=\"caption-attachment-27784\" loading=\"lazy\" class=\"wp-image-27784 size-medium\" src=\"https:\/\/kjk.ee\/wp-content\/uploads\/2024\/10\/IMG_9186-225x300.jpg\" alt=\"\" width=\"225\" height=\"300\" srcset=\"https:\/\/kjk.ee\/wp-content\/uploads\/2024\/10\/IMG_9186-225x300.jpg 225w, https:\/\/kjk.ee\/wp-content\/uploads\/2024\/10\/IMG_9186-768x1024.jpg 768w, https:\/\/kjk.ee\/wp-content\/uploads\/2024\/10\/IMG_9186-1152x1536.jpg 1152w, https:\/\/kjk.ee\/wp-content\/uploads\/2024\/10\/IMG_9186-41x55.jpg 41w, https:\/\/kjk.ee\/wp-content\/uploads\/2024\/10\/IMG_9186-36x48.jpg 36w, https:\/\/kjk.ee\/wp-content\/uploads\/2024\/10\/IMG_9186-74x98.jpg 74w, https:\/\/kjk.ee\/wp-content\/uploads\/2024\/10\/IMG_9186.jpg 1512w\" sizes=\"(max-width: 225px) 100vw, 225px\" \/><\/a><p id=\"caption-attachment-27784\" class=\"wp-caption-text\">Kalevi Jahtklubi j\u00f5usaal (oktoober 2024)<\/p><\/div>\n<p>Ja lisaks muu sportimiseks vajalik instrumentaarium!<\/p>\n<p><strong>J\u00f5usaali hinnakiri:<\/strong><\/p>\n<ul>\n<li>TAVALIIGE 1-aastane leping <strong>315.-\u20ac \u00fchekordne makse<\/strong><\/li>\n<li>TAVALIIGE 1-aastane leping igakuise maksega <strong>35.- \u20ac\/kuu<\/strong>\u00a0\u2013 <strong>aastane siduv leping!<\/strong><\/li>\n<li>TAVALIIGE 6-kuuline leping <strong>165.-\u20ac \u00fchekordne makse<\/strong><\/li>\n<li>TAVALIIGE 6-kuuline leping igakuise maksega <strong>35.- \u20ac\/kuu<\/strong>\u00a0\u2013 <strong>6 kuud siduv leping!<\/strong><\/li>\n<li>NOORLIIGE 1-aastane leping<strong> 160.- \u20ac \u00fchekordne makse\u00a0<\/strong><\/li>\n<li>NOORLIIGE 1-aastane leping igakuise maksega <strong>18.- \u20ac\/kuu<\/strong>\u00a0\u2013 <strong>aastane siduv leping!<\/strong><\/li>\n<li>NOORLIIGE 6-kuuline leping <strong>80.-\u20ac \u00fchekordne makse<\/strong><\/li>\n<\/ul>\n<h3><strong>Telli endale j\u00f5usaali pakett saates e-kirja t\u00e4psustusega millist paketti soovite <a href=\"mailto:info@kjk.ee\" data-cke-saved-href=\"mailto:info@kjk.ee\">info@kjk.ee<\/a>\u00a0aadressile!\u00a0<\/strong><\/h3>\n<div id=\"attachment_27585\" style=\"width: 310px\" class=\"wp-caption alignleft\"><a href=\"https:\/\/kjk.ee\/wp-content\/uploads\/2024\/09\/Screenshot-2024-09-19-143840.png\"><img aria-describedby=\"caption-attachment-27585\" loading=\"lazy\" class=\"wp-image-27585 size-medium\" src=\"https:\/\/kjk.ee\/wp-content\/uploads\/2024\/09\/Screenshot-2024-09-19-143840-300x214.png\" alt=\"\" width=\"300\" height=\"214\" srcset=\"https:\/\/kjk.ee\/wp-content\/uploads\/2024\/09\/Screenshot-2024-09-19-143840-300x214.png 300w, https:\/\/kjk.ee\/wp-content\/uploads\/2024\/09\/Screenshot-2024-09-19-143840-77x55.png 77w, https:\/\/kjk.ee\/wp-content\/uploads\/2024\/09\/Screenshot-2024-09-19-143840-67x48.png 67w, https:\/\/kjk.ee\/wp-content\/uploads\/2024\/09\/Screenshot-2024-09-19-143840-137x98.png 137w, https:\/\/kjk.ee\/wp-content\/uploads\/2024\/09\/Screenshot-2024-09-19-143840.png 578w\" sizes=\"(max-width: 300px) 100vw, 300px\" \/><\/a><p id=\"caption-attachment-27585\" class=\"wp-caption-text\">Pilt on illustratiivne<\/p><\/div>\n<p><strong>Riietusruumide ja saunade kasutamiskord ning head tavad<\/strong><\/p>\n<ul>\n<li><strong>E-P kl 16.00-22.00<\/strong> <strong>on \u00fchissaunana kasutatav \u00fcks leiliruum<\/strong> ning seet\u00f5ttu <strong>palume kasutada ujumisriideid v\u00f5i katta keha saunalinaga!<\/strong><\/li>\n<li>Saunas \u00f5lide, mee, soolade ja muude kehahooldusvahendite kasutamine on keelatud.<\/li>\n<li>Ilma riieteta v\u00e4lisr\u00f5dudel viibimine ei ole viisakas<\/li>\n<li>Riietusruumides asuvad\u00a0kapid on lukustatavad isikliku lukuga ning on kasutamiseks ainult treeningu ajal. Klubist lahkudes j\u00e4lgige, et olete isiklikud asjad kaasa v\u00f5tnud.<\/li>\n<li>Valveta j\u00e4etud asjade eest klubi vastutust ei v\u00f5ta.<\/li>\n<li>Heade tavade vastu r\u00e4ngal eksimisel on klubil \u00f5igus n\u00f5uda tekitatud kahjude h\u00fcvitamist t\u00e4ies ulatuses ning l\u00f5petada kliendileping klubiliikmega.<\/li>\n<\/ul>\n<h2><\/h2>\n<h2><\/h2>\n<h2><strong>M\u00f5nusat treenimist KJK j\u00f5usaalis!<\/strong><\/h2>\n<div id=\"attachment_27789\" style=\"width: 310px\" class=\"wp-caption alignleft\"><a href=\"https:\/\/kjk.ee\/wp-content\/uploads\/2024\/10\/IMG_9192.jpg\"><img aria-describedby=\"caption-attachment-27789\" loading=\"lazy\" class=\"wp-image-27789 size-medium\" src=\"https:\/\/kjk.ee\/wp-content\/uploads\/2024\/10\/IMG_9192-300x225.jpg\" alt=\"\" width=\"300\" height=\"225\" srcset=\"https:\/\/kjk.ee\/wp-content\/uploads\/2024\/10\/IMG_9192-300x225.jpg 300w, https:\/\/kjk.ee\/wp-content\/uploads\/2024\/10\/IMG_9192-1024x768.jpg 1024w, https:\/\/kjk.ee\/wp-content\/uploads\/2024\/10\/IMG_9192-768x576.jpg 768w, https:\/\/kjk.ee\/wp-content\/uploads\/2024\/10\/IMG_9192-1536x1153.jpg 1536w, https:\/\/kjk.ee\/wp-content\/uploads\/2024\/10\/IMG_9192-73x55.jpg 73w, https:\/\/kjk.ee\/wp-content\/uploads\/2024\/10\/IMG_9192-100x75.jpg 100w, https:\/\/kjk.ee\/wp-content\/uploads\/2024\/10\/IMG_9192-200x150.jpg 200w, https:\/\/kjk.ee\/wp-content\/uploads\/2024\/10\/IMG_9192-64x48.jpg 64w, https:\/\/kjk.ee\/wp-content\/uploads\/2024\/10\/IMG_9192-131x98.jpg 131w, https:\/\/kjk.ee\/wp-content\/uploads\/2024\/10\/IMG_9192.jpg 2015w\" sizes=\"(max-width: 300px) 100vw, 300px\" \/><\/a><p id=\"caption-attachment-27789\" class=\"wp-caption-text\">Kalevi Jahtklubi j\u00f5usaal (oktoober 2024)<\/p><\/div>\n<div id=\"attachment_27787\" style=\"width: 310px\" class=\"wp-caption alignnone\"><a href=\"https:\/\/kjk.ee\/wp-content\/uploads\/2024\/10\/IMG_9190.jpg\"><img aria-describedby=\"caption-attachment-27787\" loading=\"lazy\" class=\"wp-image-27787 size-medium\" src=\"https:\/\/kjk.ee\/wp-content\/uploads\/2024\/10\/IMG_9190-300x225.jpg\" alt=\"\" width=\"300\" height=\"225\" srcset=\"https:\/\/kjk.ee\/wp-content\/uploads\/2024\/10\/IMG_9190-300x225.jpg 300w, https:\/\/kjk.ee\/wp-content\/uploads\/2024\/10\/IMG_9190-1024x768.jpg 1024w, https:\/\/kjk.ee\/wp-content\/uploads\/2024\/10\/IMG_9190-768x576.jpg 768w, https:\/\/kjk.ee\/wp-content\/uploads\/2024\/10\/IMG_9190-1536x1152.jpg 1536w, https:\/\/kjk.ee\/wp-content\/uploads\/2024\/10\/IMG_9190-73x55.jpg 73w, https:\/\/kjk.ee\/wp-content\/uploads\/2024\/10\/IMG_9190-100x75.jpg 100w, https:\/\/kjk.ee\/wp-content\/uploads\/2024\/10\/IMG_9190-200x150.jpg 200w, https:\/\/kjk.ee\/wp-content\/uploads\/2024\/10\/IMG_9190-64x48.jpg 64w, https:\/\/kjk.ee\/wp-content\/uploads\/2024\/10\/IMG_9190-131x98.jpg 131w, https:\/\/kjk.ee\/wp-content\/uploads\/2024\/10\/IMG_9190.jpg 2016w\" sizes=\"(max-width: 300px) 100vw, 300px\" \/><\/a><p id=\"caption-attachment-27787\" class=\"wp-caption-text\">Kalevi Jahtklubi j\u00f5usaal (oktoober 2024)<\/p><\/div>\n<div id=\"attachment_27790\" style=\"width: 310px\" class=\"wp-caption alignnone\"><a href=\"https:\/\/kjk.ee\/wp-content\/uploads\/2024\/10\/IMG_9193.jpg\"><img aria-describedby=\"caption-attachment-27790\" loading=\"lazy\" class=\"wp-image-27790 size-medium\" src=\"https:\/\/kjk.ee\/wp-content\/uploads\/2024\/10\/IMG_9193-300x238.jpg\" alt=\"\" width=\"300\" height=\"238\" srcset=\"https:\/\/kjk.ee\/wp-content\/uploads\/2024\/10\/IMG_9193-300x238.jpg 300w, https:\/\/kjk.ee\/wp-content\/uploads\/2024\/10\/IMG_9193-1024x814.jpg 1024w, https:\/\/kjk.ee\/wp-content\/uploads\/2024\/10\/IMG_9193-768x610.jpg 768w, https:\/\/kjk.ee\/wp-content\/uploads\/2024\/10\/IMG_9193-1536x1221.jpg 1536w, https:\/\/kjk.ee\/wp-content\/uploads\/2024\/10\/IMG_9193-69x55.jpg 69w, https:\/\/kjk.ee\/wp-content\/uploads\/2024\/10\/IMG_9193-60x48.jpg 60w, https:\/\/kjk.ee\/wp-content\/uploads\/2024\/10\/IMG_9193-123x98.jpg 123w, https:\/\/kjk.ee\/wp-content\/uploads\/2024\/10\/IMG_9193.jpg 1833w\" sizes=\"(max-width: 300px) 100vw, 300px\" \/><\/a><p id=\"caption-attachment-27790\" class=\"wp-caption-text\">Kalevi Jahtklubi j\u00f5usaal (oktoober 2024)<\/p><\/div>\n<div id=\"attachment_27785\" style=\"width: 310px\" class=\"wp-caption alignnone\"><a href=\"https:\/\/kjk.ee\/wp-content\/uploads\/2024\/10\/IMG_9187.jpg\"><img aria-describedby=\"caption-attachment-27785\" loading=\"lazy\" class=\"wp-image-27785 size-medium\" src=\"https:\/\/kjk.ee\/wp-content\/uploads\/2024\/10\/IMG_9187-300x167.jpg\" alt=\"\" width=\"300\" height=\"167\" srcset=\"https:\/\/kjk.ee\/wp-content\/uploads\/2024\/10\/IMG_9187-300x167.jpg 300w, https:\/\/kjk.ee\/wp-content\/uploads\/2024\/10\/IMG_9187-1024x570.jpg 1024w, https:\/\/kjk.ee\/wp-content\/uploads\/2024\/10\/IMG_9187-768x428.jpg 768w, https:\/\/kjk.ee\/wp-content\/uploads\/2024\/10\/IMG_9187-1536x856.jpg 1536w, https:\/\/kjk.ee\/wp-content\/uploads\/2024\/10\/IMG_9187-99x55.jpg 99w, https:\/\/kjk.ee\/wp-content\/uploads\/2024\/10\/IMG_9187-86x48.jpg 86w, https:\/\/kjk.ee\/wp-content\/uploads\/2024\/10\/IMG_9187-176x98.jpg 176w, https:\/\/kjk.ee\/wp-content\/uploads\/2024\/10\/IMG_9187.jpg 1842w\" sizes=\"(max-width: 300px) 100vw, 300px\" \/><\/a><p id=\"caption-attachment-27785\" class=\"wp-caption-text\">Kalevi Jahtklubi j\u00f5usaal (oktoober 2024)<\/p><\/div>\n","protected":false},"excerpt":{"rendered":"<p>Kalevi Jahtklubi j\u00f5usaal on avatud ning ootab treenijaid! Vaata tutvustavat videot SIIT. KJK j\u00f5usaali kasutamise head tavad ja kasutamiskord Klubis viibides on k\u00f5igil kohustuslik j\u00e4rgida klubi poolt kirjeldatud heade tavade p\u00f5him\u00f5tteid: KJK\u00a0liikmelisus on personaalne\u00a0ja sissep\u00e4\u00e4s j\u00f5usaali on tagatud lisateenusena vastavalt hinnakirjale. KJK j\u00f5usaali sissep\u00e4\u00e4s asub fuajee 2.korrusel ning j\u00f5usaali p\u00e4\u00e4seb keerdtrepist. J\u00f5usaal on avatud p\u00e4\u00e4sme soetanud klubiliikmele 24\/7. KJK j\u00f5usaal<a class=\"more-link\" href=\"https:\/\/kjk.ee\/en\/jousaal\/\">[Read More&#8230;]<\/a><\/p>\n","protected":false},"author":24,"featured_media":27785,"parent":0,"menu_order":0,"comment_status":"closed","ping_status":"closed","template":"","meta":{"spay_email":""},"jetpack_sharing_enabled":true,"jetpack_shortlink":"https:\/\/wp.me\/PaW3M4-7am","_links":{"self":[{"href":"https:\/\/kjk.ee\/en\/wp-json\/wp\/v2\/pages\/27550"}],"collection":[{"href":"https:\/\/kjk.ee\/en\/wp-json\/wp\/v2\/pages"}],"about":[{"href":"https:\/\/kjk.ee\/en\/wp-json\/wp\/v2\/types\/page"}],"author":[{"embeddable":true,"href":"https:\/\/kjk.ee\/en\/wp-json\/wp\/v2\/users\/24"}],"replies":[{"embeddable":true,"href":"https:\/\/kjk.ee\/en\/wp-json\/wp\/v2\/comments?post=27550"}],"version-history":[{"count":31,"href":"https:\/\/kjk.ee\/en\/wp-json\/wp\/v2\/pages\/27550\/revisions"}],"predecessor-version":[{"id":31209,"href":"https:\/\/kjk.ee\/en\/wp-json\/wp\/v2\/pages\/27550\/revisions\/31209"}],"wp:featuredmedia":[{"embeddable":true,"href":"https:\/\/kjk.ee\/en\/wp-json\/wp\/v2\/media\/27785"}],"wp:attachment":[{"href":"https:\/\/kjk.ee\/en\/wp-json\/wp\/v2\/media?parent=27550"}],"curies":[{"name":"wp","href":"https:\/\/api.w.org\/{rel}","templated":true}]}}