{"id":29279,"date":"2025-03-12T13:42:06","date_gmt":"2025-03-12T11:42:06","guid":{"rendered":"https:\/\/kjk.ee\/?page_id=29279"},"modified":"2025-03-12T13:42:06","modified_gmt":"2025-03-12T11:42:06","slug":"pantaenius-jahtide-kindlustused","status":"publish","type":"page","link":"https:\/\/kjk.ee\/en\/pantaenius-jahtide-kindlustused\/","title":{"rendered":"Pantaenius jahtide kindlustused"},"content":{"rendered":"<h4><strong><a href=\"https:\/\/kjk.ee\/wp-content\/uploads\/2025\/03\/Pantaenius.png\"><img loading=\"lazy\" class=\"size-medium wp-image-29280 alignleft\" src=\"https:\/\/kjk.ee\/wp-content\/uploads\/2025\/03\/Pantaenius-300x169.png\" alt=\"\" width=\"300\" height=\"169\" srcset=\"https:\/\/kjk.ee\/wp-content\/uploads\/2025\/03\/Pantaenius-300x170.png 300w, https:\/\/kjk.ee\/wp-content\/uploads\/2025\/03\/Pantaenius-768x433.png 768w, https:\/\/kjk.ee\/wp-content\/uploads\/2025\/03\/Pantaenius-98x55.png 98w, https:\/\/kjk.ee\/wp-content\/uploads\/2025\/03\/Pantaenius-85x48.png 85w, https:\/\/kjk.ee\/wp-content\/uploads\/2025\/03\/Pantaenius-174x98.png 174w, https:\/\/kjk.ee\/wp-content\/uploads\/2025\/03\/Pantaenius.png 900w\" sizes=\"(max-width: 300px) 100vw, 300px\" \/><\/a>Pantaenius jahtide kindlustused<\/strong><\/h4>\n<p>Selleks, et Kalevi Jahtklubi sadamas oleks turvaline omada kaikohta, purjetada oma l\u00f5buks v\u00f5i v\u00f5istelda, soovitame k\u00f5ikidele jahtidele omada hooajalist vastutuskindlustust.<br \/>\nParima v\u00f5imaliku pakkumise saamiseks <strong>on vajalik saata aluse andmed<\/strong> (ehitusaasta, mootori mark ja v\u00f5imsus kW ning purjetamispiirkond)\u00a0 Lubowski, Piotr (Pantaenius) <a href=\"mailto:PLubowski@pantaenius.com\">PLubowski@pantaenius.com<\/a>\u00a0<strong>m\u00e4rgus\u00f5naga \u201cKalevi Yacht Club<\/strong>\u201d.<\/p>\n<p><strong>NB &#8211; Kes kasutab juba eelmisest aastast Panateniuse teenuseid v\u00f5ib lisada t\u00f6\u00f6 kergendamiseks ka kehtiva poliisi numbri.<\/strong><\/p>\n<p><u><\/u><\/p>\n<p><u>\u00dcheskoos kindlustades saame parema pakkumise!<\/u><\/p>\n<ul>\n<li><em>Pantaenius Kindlustused pakub usaldusv\u00e4\u00e4rset ja kompleksset kaitset mootorpaatidele ja purjejahtidele, kes tagavad\u00a0nii kahjuk\u00e4sitluse kui klienditoe 24\/7. <\/em><\/li>\n<li><em>Pantaeniusel\u00a0ei ole veel\u00a0 Eesti filiaali, ent nad annavad\u00a0meeleldi individuaalselt kohandatud kindlustuskaitse Eesti lipu all s\u00f5itvatele paatidele. Pakume ka kindlustust kaptenitele ja laevade prahtimisega tegelevate isikutele kogu maailmas.<\/em><\/li>\n<li><em>Kui Teil on vaja t\u00e4iendavat teavet, v\u00f5tke palun kontakti meie ekspertidega Poola kontoris (tel: +48 58 355 82 v\u00f5i e-mail: <a href=\"mailto:info@pantaenius.pl\">info@pantaenius.pl<\/a>).\u00a0<\/em><strong><em>TEENINDAME TEID INGLISE V\u00d5I POOLA KEELES.<\/em><\/strong><\/li>\n<\/ul>\n","protected":false},"excerpt":{"rendered":"<p>Pantaenius jahtide kindlustused Selleks, et Kalevi Jahtklubi sadamas oleks turvaline omada kaikohta, purjetada oma l\u00f5buks v\u00f5i v\u00f5istelda, soovitame k\u00f5ikidele jahtidele omada hooajalist vastutuskindlustust. Parima v\u00f5imaliku pakkumise saamiseks on vajalik saata aluse andmed (ehitusaasta, mootori mark ja v\u00f5imsus kW ning purjetamispiirkond)\u00a0 Lubowski, Piotr (Pantaenius) PLubowski@pantaenius.com\u00a0m\u00e4rgus\u00f5naga \u201cKalevi Yacht Club\u201d. NB &#8211; Kes kasutab juba eelmisest aastast Panateniuse teenuseid v\u00f5ib lisada t\u00f6\u00f6 kergendamiseks<a class=\"more-link\" href=\"https:\/\/kjk.ee\/en\/pantaenius-jahtide-kindlustused\/\">[Read More&#8230;]<\/a><\/p>\n","protected":false},"author":24,"featured_media":29280,"parent":0,"menu_order":0,"comment_status":"closed","ping_status":"closed","template":"","meta":{"spay_email":""},"jetpack_sharing_enabled":true,"jetpack_shortlink":"https:\/\/wp.me\/PaW3M4-7Cf","_links":{"self":[{"href":"https:\/\/kjk.ee\/en\/wp-json\/wp\/v2\/pages\/29279"}],"collection":[{"href":"https:\/\/kjk.ee\/en\/wp-json\/wp\/v2\/pages"}],"about":[{"href":"https:\/\/kjk.ee\/en\/wp-json\/wp\/v2\/types\/page"}],"author":[{"embeddable":true,"href":"https:\/\/kjk.ee\/en\/wp-json\/wp\/v2\/users\/24"}],"replies":[{"embeddable":true,"href":"https:\/\/kjk.ee\/en\/wp-json\/wp\/v2\/comments?post=29279"}],"version-history":[{"count":2,"href":"https:\/\/kjk.ee\/en\/wp-json\/wp\/v2\/pages\/29279\/revisions"}],"predecessor-version":[{"id":29475,"href":"https:\/\/kjk.ee\/en\/wp-json\/wp\/v2\/pages\/29279\/revisions\/29475"}],"wp:featuredmedia":[{"embeddable":true,"href":"https:\/\/kjk.ee\/en\/wp-json\/wp\/v2\/media\/29280"}],"wp:attachment":[{"href":"https:\/\/kjk.ee\/en\/wp-json\/wp\/v2\/media?parent=29279"}],"curies":[{"name":"wp","href":"https:\/\/api.w.org\/{rel}","templated":true}]}}