{"id":38,"date":"2014-04-20T11:12:42","date_gmt":"2014-04-20T11:12:42","guid":{"rendered":"http:\/\/www.kjk.ee\/?page_id=38"},"modified":"2026-01-12T14:26:57","modified_gmt":"2026-01-12T12:26:57","slug":"kuidas-liikmeks-saada","status":"publish","type":"page","link":"https:\/\/kjk.ee\/en\/kuidas-liikmeks-saada\/","title":{"rendered":"Kuidas liikmeks saada?"},"content":{"rendered":"<p>Uute liikmete vastuv\u00f5tmist reguleerib klubi p\u00f5hikirja punkt 2.<br \/>\nKlubi p\u00f5hikirja ja kodukorraga saate tutvuda siin: <strong><a href=\"http:\/\/www.kjk.ee\/pohikiri\/\" target=\"_blank\" rel=\"noopener noreferrer\">KJK P\u00f5hikiri<\/a> <\/strong>ja<strong>\u00a0<a href=\"https:\/\/kjk.ee\/kodukord\/\">Kodukord<\/a><\/strong><\/p>\n<p><strong>Liikmeksastumise sooviavalduse blanketi leiate siit: <\/strong><strong><a href=\"https:\/\/kjk.ee\/wp-content\/uploads\/2022\/12\/Liikmeks-astumise-avaldus-A4-2023.pdf\">T\u00e4idetav sooviavalduse blankett &#8211; PDF<\/a><\/strong><\/p>\n<p><a href=\"https:\/\/kjk.ee\/wp-content\/uploads\/2023\/02\/Liikmeks-astumise-avaldus-A4-2023-word.docx\">Sooviavaldus Wordi formaadis<\/a><\/p>\n<p>Klubi noorliikme (alla 18.a) sooviavalduse blanketi leiate siit:<strong> <a href=\"https:\/\/kjk.ee\/wp-content\/uploads\/2022\/06\/Noorliikme-avaldus.pdf\">Noorliikme avaldus<\/a><\/strong><\/p>\n<p><a href=\"https:\/\/kjk.ee\/wp-content\/uploads\/2023\/02\/Noorliikme-avaldus.doc\">Noorliikme avaldus Wordi formaadis<\/a><\/p>\n<p><strong>PALUME ENNE LIIKMEKS ASTUMISE AVALDUSE KINNITAMIST EHK LIIKMEKS VASTU V\u00d5TMIST, mitte teha Kalevi Jahtklubi pangakontole \u00fchtegi kannet! <\/strong><\/p>\n<p>K\u00f5ik \u00fclekanded toimuvad KJK poolt v\u00e4ljastatud arvete alusel.<\/p>\n<p><strong>K\u00f5ik Kalevi Jahtklubi liikmed, kes on soovivad kaikohta, <\/strong>palun andke endast m\u00e4rku, t\u00e4ites \u00e4ra aluse deklaratsioon <strong>oma paadi andmetega siin: <u><a href=\"https:\/\/kjk.us4.list-manage.com\/track\/click?u=cb0a2a8a01bcb25776f5de3ce&#038;id=0e1b549486&#038;e=e8ae31ea10\">https:\/\/alused.kjk.ee\/<\/a><\/u>.<\/strong><\/p>\n<p><strong>K\u00f5ik MITTE LIIKMED, kes soovivad kaikohta meie klubi sadamas<\/strong>, palume neil astuda liikmeks, t\u00e4ites \u00e4ra liikmeks astumise avaldus <u><a href=\"https:\/\/kjk.us4.list-manage.com\/track\/click?u=cb0a2a8a01bcb25776f5de3ce&#038;id=9c43a304e9&#038;e=e8ae31ea10\">https:\/\/kjk.ee\/kuidas-liikmeks-saada\/<\/a><\/u> \u00a0ning samuti esitada ka aluse deklaratsiooni <u><a href=\"https:\/\/kjk.us4.list-manage.com\/track\/click?u=cb0a2a8a01bcb25776f5de3ce&#038;id=b37a06714b&#038;e=e8ae31ea10\">https:\/\/alused.kjk.ee\/<\/a><\/u>.<\/p>\n<p><em>NB \u2013 Aluse deklaratsiooni t\u00e4itmine mitte liikmele ei garanteeri kaikohta, vaid annab v\u00f5imaluse j\u00e4\u00e4da kaikohtade j\u00e4rjekorda.<\/em><\/p>\n","protected":false},"excerpt":{"rendered":"<p>Uute liikmete vastuv\u00f5tmist reguleerib klubi p\u00f5hikirja punkt 2. Klubi p\u00f5hikirja ja kodukorraga saate tutvuda siin: KJK P\u00f5hikiri ja\u00a0Kodukord Liikmeksastumise sooviavalduse blanketi leiate siit: T\u00e4idetav sooviavalduse blankett &#8211; PDF Sooviavaldus Wordi formaadis Klubi noorliikme (alla 18.a) sooviavalduse blanketi leiate siit: Noorliikme avaldus Noorliikme avaldus Wordi formaadis PALUME ENNE LIIKMEKS ASTUMISE AVALDUSE KINNITAMIST EHK LIIKMEKS VASTU V\u00d5TMIST, mitte teha Kalevi Jahtklubi pangakontole<a class=\"more-link\" href=\"https:\/\/kjk.ee\/en\/kuidas-liikmeks-saada\/\">[Read More&#8230;]<\/a><\/p>\n","protected":false},"author":24,"featured_media":0,"parent":0,"menu_order":0,"comment_status":"closed","ping_status":"closed","template":"","meta":{"spay_email":""},"jetpack_sharing_enabled":true,"jetpack_shortlink":"https:\/\/wp.me\/PaW3M4-C","_links":{"self":[{"href":"https:\/\/kjk.ee\/en\/wp-json\/wp\/v2\/pages\/38"}],"collection":[{"href":"https:\/\/kjk.ee\/en\/wp-json\/wp\/v2\/pages"}],"about":[{"href":"https:\/\/kjk.ee\/en\/wp-json\/wp\/v2\/types\/page"}],"author":[{"embeddable":true,"href":"https:\/\/kjk.ee\/en\/wp-json\/wp\/v2\/users\/24"}],"replies":[{"embeddable":true,"href":"https:\/\/kjk.ee\/en\/wp-json\/wp\/v2\/comments?post=38"}],"version-history":[{"count":44,"href":"https:\/\/kjk.ee\/en\/wp-json\/wp\/v2\/pages\/38\/revisions"}],"predecessor-version":[{"id":228,"href":"https:\/\/kjk.ee\/en\/wp-json\/wp\/v2\/pages\/38\/revisions\/228"}],"wp:attachment":[{"href":"https:\/\/kjk.ee\/en\/wp-json\/wp\/v2\/media?parent=38"}],"curies":[{"name":"wp","href":"https:\/\/api.w.org\/{rel}","templated":true}]}}