{"id":42,"date":"2014-04-20T11:13:06","date_gmt":"2014-04-20T11:13:06","guid":{"rendered":"http:\/\/www.kjk.ee\/?page_id=42"},"modified":"2026-03-30T09:06:20","modified_gmt":"2026-03-30T06:06:20","slug":"auliikmed","status":"publish","type":"page","link":"https:\/\/kjk.ee\/en\/auliikmed\/","title":{"rendered":"Auliikmed"},"content":{"rendered":"<p style=\"margin: 0in;\">Alum\u00e4e, Malle<br \/>\n<a href=\"https:\/\/kjk.ee\/tiit-haagma\/\"><em>Haagma, Tiit*<\/em><\/a><br \/>\n<em>Immonen, Kalle*<\/em><br \/>\n<em>J\u00fcrjo, Vello*<\/em><br \/>\n<em>Kangro, Johannes*<\/em><br \/>\n<em>Kaldma, Eli*<\/em><br \/>\n<em>Kanter, Helmut*<\/em><br \/>\n<em>Kotta, Richard*<\/em><br \/>\n<em>Kristjuhan, T\u00f5nu*<\/em><br \/>\n<em>Kuivalainen, Veikko*<\/em><br \/>\nKukk, Hillar<\/p>\n<p style=\"margin: 0in;\"><a href=\"https:\/\/kjk.ee\/rein-kumari\/\"><i>Kumari, Rein*<\/i><\/a><\/p>\n<p style=\"margin: 0in;\"><i><a href=\"https:\/\/kjk.ee\/ernst-kusmanov\/\">Kusmanov, Ernst<\/a><em>*<br \/>\n<a href=\"https:\/\/kjk.ee\/mati-kuulmann\/\">Kuulmann, Mati*<\/a><\/em><\/i><br \/>\nK\u00e4\u00e4ramees, Kalev<br \/>\n<em>Laan, Ingrid*<\/em><br \/>\n<em>Leola, Peeter*<\/em><br \/>\n<a href=\"https:\/\/kjk.ee\/helmuth-leppik\/\"><em>Leppik, Helmuth*<\/em><\/a><br \/>\n<em>Lind, Heino*<\/em><br \/>\n<a href=\"https:\/\/kjk.ee\/ester-kappa\/\"><em>Luiga, Ester*<\/em><\/a><br \/>\n<a href=\"https:\/\/kjk.ee\/mart-meiel\/\">Meiel, Mart<\/a><br \/>\nMura\u0161ev, T\u00f5nu<br \/>\n<em>Nittim, Juhan*<\/em><br \/>\n<em>Nukki, Hans*<\/em><br \/>\nN\u00f5u, Tiit<br \/>\n<a href=\"https:\/\/kjk.ee\/rein-ottoson\/\">Ottoson, Rein<\/a><br \/>\n<em>Pikes, Aurora*<\/em><br \/>\n<a href=\"https:\/\/kjk.ee\/mall-poola\/\"><em>Poola, Mall*<\/em><\/a><br \/>\n<em>Rammo, Velju*<\/em><br \/>\n<a href=\"https:\/\/kjk.ee\/uku-randmaa\/\">Randmaa, Uku<\/a><br \/>\nRatas, Hillar<br \/>\n<a href=\"https:\/\/kjk.ee\/ants-ivar-raud\/\"><em><span style=\"color: windowtext; text-decoration: none; text-underline: none;\">Raud, Ants-Ivar*<\/span><\/em><\/a><br \/>\n<em>Raud, Otto-Sven*<\/em><br \/>\n<em>Repp, Aleksandr*<\/em><br \/>\nHoj-Jensen, Paul Richard<br \/>\n<a href=\"https:\/\/kjk.ee\/olev-roosma\/\">Roosma, Olev<\/a><br \/>\n<em><a href=\"https:\/\/kjk.ee\/sulev-roosma\/\">Roosma, Sulev*<\/a><\/em><br \/>\nSaarso, Mart<br \/>\nSchneider, Rasmus<br \/>\n<em>Seemann, \u00dclo*<\/em><br \/>\n<em>Silvere, Valdur*<\/em><br \/>\n<a href=\"https:\/\/kjk.ee\/juri-saraskin\/\"><em><span style=\"color: windowtext; text-decoration: none; text-underline: none;\">\u0160ara\u0161kin, J\u00fcri*<\/span><\/em><\/a><br \/>\n<em>TAANI PRINTS HENRIK, T.K.K.*<\/em><br \/>\nTalum\u00e4e, Astrid<br \/>\n<em>Tamm, Sven*<\/em><br \/>\n<em>Tamre, Asta*<\/em><br \/>\n<em>Tepandi, Jaan*<\/em><br \/>\n<a href=\"https:\/\/kjk.ee\/kalju-toomara\/\"><em><span style=\"color: windowtext; text-decoration: none; text-underline: none;\">Toomara, Kalju*<\/span><\/em><\/a><br \/>\nTulit, Britt<br \/>\nTulit, Viljar<br \/>\n<a href=\"https:\/\/kjk.ee\/aleksander-tsutselov\/\"><em><span style=\"color: windowtext; text-decoration: none; text-underline: none;\">T\u0161ut\u0161elov, Aleksander*<\/span><\/em><\/a><br \/>\n<a href=\"https:\/\/kjk.ee\/toomas-toniste\/\">T\u00f5niste, Toomas<\/a><br \/>\n<a href=\"https:\/\/kjk.ee\/tonu-toniste\/\">T\u00f5niste, T\u00f5nu<\/a><br \/>\nVapper, Kalev<br \/>\n<em>Vasko, Aita*<\/em><br \/>\n<em>Vesmes, Manfred*<\/em><br \/>\n<a href=\"https:\/\/kjk.ee\/ain-vilde\/\">Vilde, Ain<\/a><br \/>\n<em>Vooremaa, Endel*<\/em><br \/>\n<a href=\"https:\/\/kjk.ee\/vaiko-vooremaa\/\">Vooremaa, Vaiko<\/a><\/p>\n<p><em>*lahkunud<\/em><\/p>\n<p>Uuendatud 19.08.2024<\/p>\n","protected":false},"excerpt":{"rendered":"<p>Alum\u00e4e, Malle Haagma, Tiit* Immonen, Kalle* J\u00fcrjo, Vello* Kangro, Johannes* Kaldma, Eli* Kanter, Helmut* Kotta, Richard* Kristjuhan, T\u00f5nu* Kuivalainen, Veikko* Kukk, Hillar Kumari, Rein* Kusmanov, Ernst* Kuulmann, Mati* K\u00e4\u00e4ramees, Kalev Laan, Ingrid* Leola, Peeter* Leppik, Helmuth* Lind, Heino* Luiga, Ester* Meiel, Mart Mura\u0161ev, T\u00f5nu Nittim, Juhan* Nukki, Hans* N\u00f5u, Tiit Ottoson, Rein Pikes, Aurora* Poola, Mall* Rammo, Velju* Randmaa, Uku<a class=\"more-link\" href=\"https:\/\/kjk.ee\/en\/auliikmed\/\">[Read More&#8230;]<\/a><\/p>\n","protected":false},"author":24,"featured_media":0,"parent":0,"menu_order":0,"comment_status":"open","ping_status":"open","template":"","meta":{"spay_email":""},"jetpack_sharing_enabled":true,"jetpack_shortlink":"https:\/\/wp.me\/PaW3M4-G","_links":{"self":[{"href":"https:\/\/kjk.ee\/en\/wp-json\/wp\/v2\/pages\/42"}],"collection":[{"href":"https:\/\/kjk.ee\/en\/wp-json\/wp\/v2\/pages"}],"about":[{"href":"https:\/\/kjk.ee\/en\/wp-json\/wp\/v2\/types\/page"}],"author":[{"embeddable":true,"href":"https:\/\/kjk.ee\/en\/wp-json\/wp\/v2\/users\/24"}],"replies":[{"embeddable":true,"href":"https:\/\/kjk.ee\/en\/wp-json\/wp\/v2\/comments?post=42"}],"version-history":[{"count":51,"href":"https:\/\/kjk.ee\/en\/wp-json\/wp\/v2\/pages\/42\/revisions"}],"predecessor-version":[{"id":32266,"href":"https:\/\/kjk.ee\/en\/wp-json\/wp\/v2\/pages\/42\/revisions\/32266"}],"wp:attachment":[{"href":"https:\/\/kjk.ee\/en\/wp-json\/wp\/v2\/media?parent=42"}],"curies":[{"name":"wp","href":"https:\/\/api.w.org\/{rel}","templated":true}]}}