{"id":44,"date":"2014-04-20T11:13:19","date_gmt":"2014-04-20T11:13:19","guid":{"rendered":"http:\/\/www.kjk.ee\/?page_id=44"},"modified":"2025-01-20T12:47:30","modified_gmt":"2025-01-20T10:47:30","slug":"liikmemaks","status":"publish","type":"page","link":"https:\/\/kjk.ee\/en\/liikmemaks\/","title":{"rendered":"Liikmemaks"},"content":{"rendered":"<p>Kalevi Jahtklubi liige on kohustatud tasuma liikmeks vastuv\u00f5tmisel sisseastumismaksu (P\u00f5hikiri punkt 3.2.3.) ja liikmemakse (P\u00f5hikiri punkt 3.2.4.).<\/p>\n<p>2025. hooajal on liikmeksastumise maks 200\u20ac, liikmemaks 130 \u20ac, veteranliikme maks 15 \u20ac ja noorliikme ning \u00fcli\u00f5pilasest tavaliikme kuni 24.a. (avalduse esitamisel) maks 25 \u20ac.<\/p>\n<p>Liikmemaksud tuleb tasuda arvel n\u00e4idatud kuup\u00e4evaks.<\/p>\n<p><a href=\"https:\/\/kjk.ee\/hinnakiri\/\"><strong>KJK Hinnakiri<\/strong><\/a><\/p>\n","protected":false},"excerpt":{"rendered":"<p>Kalevi Jahtklubi liige on kohustatud tasuma liikmeks vastuv\u00f5tmisel sisseastumismaksu (P\u00f5hikiri punkt 3.2.3.) ja liikmemakse (P\u00f5hikiri punkt 3.2.4.). 2025. hooajal on liikmeksastumise maks 200\u20ac, liikmemaks 130 \u20ac, veteranliikme maks 15 \u20ac ja noorliikme ning \u00fcli\u00f5pilasest tavaliikme kuni 24.a. (avalduse esitamisel) maks 25 \u20ac. Liikmemaksud tuleb tasuda arvel n\u00e4idatud kuup\u00e4evaks. KJK Hinnakiri<\/p>\n","protected":false},"author":24,"featured_media":0,"parent":0,"menu_order":0,"comment_status":"open","ping_status":"open","template":"","meta":{"spay_email":""},"jetpack_sharing_enabled":true,"jetpack_shortlink":"https:\/\/wp.me\/PaW3M4-I","_links":{"self":[{"href":"https:\/\/kjk.ee\/en\/wp-json\/wp\/v2\/pages\/44"}],"collection":[{"href":"https:\/\/kjk.ee\/en\/wp-json\/wp\/v2\/pages"}],"about":[{"href":"https:\/\/kjk.ee\/en\/wp-json\/wp\/v2\/types\/page"}],"author":[{"embeddable":true,"href":"https:\/\/kjk.ee\/en\/wp-json\/wp\/v2\/users\/24"}],"replies":[{"embeddable":true,"href":"https:\/\/kjk.ee\/en\/wp-json\/wp\/v2\/comments?post=44"}],"version-history":[{"count":44,"href":"https:\/\/kjk.ee\/en\/wp-json\/wp\/v2\/pages\/44\/revisions"}],"predecessor-version":[{"id":28898,"href":"https:\/\/kjk.ee\/en\/wp-json\/wp\/v2\/pages\/44\/revisions\/28898"}],"wp:attachment":[{"href":"https:\/\/kjk.ee\/en\/wp-json\/wp\/v2\/media?parent=44"}],"curies":[{"name":"wp","href":"https:\/\/api.w.org\/{rel}","templated":true}]}}