{"id":502,"date":"2014-08-18T13:32:48","date_gmt":"2014-08-18T13:32:48","guid":{"rendered":"http:\/\/www.kjk.ee\/?page_id=502"},"modified":"2015-03-05T08:30:27","modified_gmt":"2015-03-05T08:30:27","slug":"spinnaker2014","status":"publish","type":"page","link":"https:\/\/kjk.ee\/en\/spinnaker2014\/","title":{"rendered":"Spinnaker 2014"},"content":{"rendered":"<p><img loading=\"lazy\" class=\"aligncenter wp-image-504 size-full\" src=\"http:\/\/www.kjk.ee\/wp-content\/uploads\/2014\/08\/Spinnaker2014_cover.jpg\" alt=\"Spinnaker2014_cover\" width=\"448\" height=\"155\" srcset=\"https:\/\/kjk.ee\/wp-content\/uploads\/2014\/08\/Spinnaker2014_cover.jpg 448w, https:\/\/kjk.ee\/wp-content\/uploads\/2014\/08\/Spinnaker2014_cover-300x103.jpg 300w, https:\/\/kjk.ee\/wp-content\/uploads\/2014\/08\/Spinnaker2014_cover-158x55.jpg 158w\" sizes=\"(max-width: 448px) 100vw, 448px\" \/> <img loading=\"lazy\" class=\"aligncenter wp-image-505 size-full\" src=\"http:\/\/www.kjk.ee\/wp-content\/uploads\/2014\/08\/Spinnaker2014_toetajad_veeb.jpg\" alt=\"Spinnaker2014_toetajad_veeb\" width=\"448\" height=\"32\" srcset=\"https:\/\/kjk.ee\/wp-content\/uploads\/2014\/08\/Spinnaker2014_toetajad_veeb.jpg 448w, https:\/\/kjk.ee\/wp-content\/uploads\/2014\/08\/Spinnaker2014_toetajad_veeb-300x21.jpg 300w\" sizes=\"(max-width: 448px) 100vw, 448px\" \/><\/p>\n<p><strong>38. Spinnakeri regatt \/ 38th Spinnaker Regatta<\/strong><\/p>\n<p><strong>Zoom 8 Eurocup 2014<\/strong><\/p>\n<p>27.-29. juunil 2014.a peetakse Kalev Jahtklubis juba 38. korda Spinnakeri regatt. Korraldajad on Eesti Optimist Klassi Liit ja ESS Kalev Jahtklubi.<\/p>\n<p><em>38th Spinnaker Regatta will take place on June 27-29, 2014 in Kalev Yachtclub. Organizing authorities are Estonian Optimist Class Association (EOCA) and Kalev Yacht Club.<\/em><\/p>\n<p><strong>Osav\u00f5tvad klassid \/ Participating classes:<\/strong><br \/>\nOptimist, Zoom 8<\/p>\n<p>Pikkade traditsioonidega regati pidulik<strong> avamine toimub reedel, 27. juunil kell 12.30 Pirital, Kalev Jahtklubi lipuv\u00e4ljakul<\/strong> ning sellel osalevad ka EV kultuuriminister Urve Tiidus ja Pirita linnaosa vanem T\u00f5nis M\u00f6lder. Noori purjetajaid tervitab ka Kalev Jahtklubi kommodoor Kalev Vapper. Regati lipu heiskamise au kuulub regati noorimale osav\u00f5tjale, kelleks on Daniel Ovsienko Kalev Jahtklubi Purjespordikoolist.<\/p>\n<p><a href=\"http:\/\/www.kjk.ee\/wp-content\/uploads\/2014\/08\/doc14031913550.pdf\" target=\"_blank\">V\u00f5istlusteade \/ <em>Notice of Race<\/em><\/a><br \/>\n<a href=\"https:\/\/docs.google.com\/forms\/d\/1AhO2DgEJLlaIusFx-GoUOt_dqmK-ParVdNvQ3mGEZ4c\/viewform\" target=\"_blank\">Registreerimisvorm \/ <em>Registration Form<\/em><\/a><br \/>\n<a href=\"http:\/\/www.kjk.ee\/wp-content\/uploads\/2014\/08\/doc14038173021.pdf\" target=\"_blank\">Purjetamisjuhised \/ <em>Sailing Instructions<\/em><\/a><br \/>\n<a href=\"http:\/\/www.kjk.ee\/wp-content\/uploads\/2014\/08\/Spinnaker-2014_Participants.pdf\" target=\"_blank\">Osav\u00f5tjate nimekiri \/ <em>List of Participants<\/em><\/a><\/p>\n<p><span style=\"text-decoration: underline;\"><strong>Tulemused \/ <em>Results<\/em>:<\/strong><\/span><br \/>\nFinal &#8211; <a href=\"http:\/\/www.kjk.ee\/wp-content\/uploads\/2014\/08\/doc14040513152.pdf\" target=\"_blank\">Optimist GOLD<\/a> ; <a href=\"http:\/\/www.kjk.ee\/wp-content\/uploads\/2014\/08\/doc14040513153.pdf\" target=\"_blank\">Optimist SILVER<\/a> ; <a href=\"http:\/\/www.kjk.ee\/wp-content\/uploads\/2014\/08\/doc14040513154.pdf\" target=\"_blank\">Zoom 8<\/a><\/p>\n<p><a href=\"https:\/\/www.facebook.com\/Spinnaker.Regatt\" target=\"_blank\">Facebook<\/a><\/p>\n<p><span style=\"text-decoration: underline;\"><strong>Meedia<\/strong><\/span>:<br \/>\n1. SPORT DELFI: <a href=\"http:\/\/sport.delfi.ee\/news\/purjetamine\/uudised\/ule-200-noore-purjetavad-nadalalopul-tallinna-lahel-38-spinnakeri-regati-voidu-nimel.d?id=68955161\" target=\"_blank\">\u00dcle 200 noore purjetavad n\u00e4dalal\u00f5pul Tallinna lahel 38. Spinnakeri regati v\u00f5idu nimel<\/a> &#8211; 26.06.2014<br \/>\n2. SPORT DELFI: <a href=\"http:\/\/sport.delfi.ee\/news\/purjetamine\/uudised\/fotod-38-spinnakeri-regati-esimesel-paeval-said-200-purjetajat-peetud-3-voistlussoitu.d?id=68962093\" target=\"_blank\">38. Spinnakeri regati esimesel p\u00e4eval said 200 purjetajat s\u00f5idetud 3 v\u00f5istluss\u00f5itu<\/a> &#8211; 27.06.2014<br \/>\n3. SPORT DELFI: <a href=\"Spinnakeri%20regati teisel p\u00e4eva j\u00e4rel domineerivad esikolmikus soomlased\" target=\"_blank\">Spinnakeri regati teisel p\u00e4eva j\u00e4rel domineerivad esikolmikus soomlased<\/a> &#8211; 28.06.2014<br \/>\n4. SPORT DELFI: <a href=\"http:\/\/sport.delfi.ee\/news\/purjetamine\/uudised\/fotod-38-spinnakeri-regatil-voidutsesid-zoya-novikova-ja-jakob-haud.d?id=68969277\" target=\"_blank\">38. Spinnakeri regatil v\u00f5idutsesid Zoya Novikova ja Jakob Haud<\/a> &#8211; 29.06.2014<\/p>\n<p>2013.a Spinnakeri regati kokkuv\u00f5te \/ The overview about the Spinnaker Regatta 2013<\/p>\n<p><span style=\"text-decoration: underline;\"><strong>Fotod \/<em> Photos<\/em><\/strong><\/span>:<br \/>\n<a href=\"https:\/\/www.facebook.com\/media\/set\/?set=a.315367195294338.1073741830.312696582228066&#038;type=1\" target=\"_blank\">1. p\u00e4ev &#8211; registreerimine ja regati avamine \/ Day 1 Registration and the Opening Ceremony<\/a> &#8211; Photos by Piret Salmistu<br \/>\n<a href=\"https:\/\/www.facebook.com\/media\/set\/?set=a.315473658617025.1073741831.312696582228066&#038;type=1\" target=\"_blank\">1. p\u00e4ev merel \/ Day 1 at sea <\/a>&#8211; Photos by Agnes Lill<br \/>\n<a href=\"https:\/\/www.facebook.com\/media\/set\/?set=a.315799618584429.1073741832.312696582228066&#038;type=1\" target=\"_blank\">2. p\u00e4ev \/ Day 2<\/a> &#8211; Photos by Piret Salmistu<br \/>\n<a href=\"https:\/\/www.facebook.com\/media\/set\/?set=a.316124335218624.1073741833.312696582228066&#038;type=1\" target=\"_blank\">3. p\u00e4ev ja autasustamine \/ Day 3 and Prize Giving<\/a> &#8211; Photos by Piret Salmistu<\/p>\n","protected":false},"excerpt":{"rendered":"<p>38. Spinnakeri regatt \/ 38th Spinnaker Regatta Zoom 8 Eurocup 2014 27.-29. juunil 2014.a peetakse Kalev Jahtklubis juba 38. korda Spinnakeri regatt. Korraldajad on Eesti Optimist Klassi Liit ja ESS Kalev Jahtklubi. 38th Spinnaker Regatta will take place on June 27-29, 2014 in Kalev Yachtclub. Organizing authorities are Estonian Optimist Class Association (EOCA) and Kalev Yacht Club. Osav\u00f5tvad klassid \/<a class=\"more-link\" href=\"https:\/\/kjk.ee\/en\/spinnaker2014\/\">[Read More&#8230;]<\/a><\/p>\n","protected":false},"author":24,"featured_media":0,"parent":0,"menu_order":0,"comment_status":"open","ping_status":"open","template":"seiko.php","meta":{"spay_email":""},"jetpack_sharing_enabled":true,"jetpack_shortlink":"https:\/\/wp.me\/PaW3M4-86","_links":{"self":[{"href":"https:\/\/kjk.ee\/en\/wp-json\/wp\/v2\/pages\/502"}],"collection":[{"href":"https:\/\/kjk.ee\/en\/wp-json\/wp\/v2\/pages"}],"about":[{"href":"https:\/\/kjk.ee\/en\/wp-json\/wp\/v2\/types\/page"}],"author":[{"embeddable":true,"href":"https:\/\/kjk.ee\/en\/wp-json\/wp\/v2\/users\/24"}],"replies":[{"embeddable":true,"href":"https:\/\/kjk.ee\/en\/wp-json\/wp\/v2\/comments?post=502"}],"version-history":[{"count":11,"href":"https:\/\/kjk.ee\/en\/wp-json\/wp\/v2\/pages\/502\/revisions"}],"predecessor-version":[{"id":1516,"href":"https:\/\/kjk.ee\/en\/wp-json\/wp\/v2\/pages\/502\/revisions\/1516"}],"wp:attachment":[{"href":"https:\/\/kjk.ee\/en\/wp-json\/wp\/v2\/media?parent=502"}],"curies":[{"name":"wp","href":"https:\/\/api.w.org\/{rel}","templated":true}]}}