{"id":53,"date":"2014-04-20T11:15:04","date_gmt":"2014-04-20T11:15:04","guid":{"rendered":"http:\/\/www.kjk.ee\/?page_id=53"},"modified":"2026-01-12T14:11:44","modified_gmt":"2026-01-12T12:11:44","slug":"jahi-rentimine","status":"publish","type":"page","link":"https:\/\/kjk.ee\/en\/jahi-rentimine\/","title":{"rendered":"Jahi rentimine"},"content":{"rendered":"<p><span style=\"color: #000000;\">Alati ei pea endale jahti tingimata ostma ja selle asemel tasub kaaluda rentimist kas m\u00f5netunniseks kohalikuks merelk\u00e4iguks v\u00f5i ka pikemaks purjetamiseks. Kohti k\u00fclastamiseks ja vaatamist j\u00e4tkub nii Eesti rannikumeres kui Soome saarestikus k\u00fcllaga, aga k\u00e4iakse ka L\u00e4ti, Leedu ja Rootsi pool. Sageli on aga hoopis see \u00f5ige seltskond see, mis tahab \u00fcheskoos merele viimist ja siis v\u00f5ib ka \u00fcks m\u00f5netunnine tiir Tallinna lahel olla nagu rusikas silmaauku!<\/span><\/p>\n<p><span style=\"color: #000000;\">Siin\u00a0valik erinevaid jahte, mida on v\u00f5imalus rentida &#8211; olgu siis koos v\u00f5i ilma kaptenita.<br \/>\n<\/span><\/p>\n<ul>\n<li><a href=\"https:\/\/www.facebook.com\/merelesylviaga\">purjejaht Sylvia koos legendaarse kapteni Aare K\u00f6\u00f6piga<\/a><\/li>\n<li><a href=\"http:\/\/merele.ee\/\" target=\"_blank\" rel=\"noopener noreferrer\">merele.ee<\/a><\/li>\n<li><a href=\"https:\/\/www.facebook.com\/photo.php?fbid=1093334057724309&#038;set=a.165320380525686&#038;type=3&#038;theater\">purjejaht Moonrose<\/a><\/li>\n<li><a href=\"https:\/\/www.nordsail.ee\/\" target=\"_blank\" rel=\"noopener noreferrer\">nordsail.ee<\/a><\/li>\n<li><a href=\"https:\/\/www.lindajaht.ee\/\">purjejaht Linda<\/a><\/li>\n<\/ul>\n","protected":false},"excerpt":{"rendered":"<p>Alati ei pea endale jahti tingimata ostma ja selle asemel tasub kaaluda rentimist kas m\u00f5netunniseks kohalikuks merelk\u00e4iguks v\u00f5i ka pikemaks purjetamiseks. Kohti k\u00fclastamiseks ja vaatamist j\u00e4tkub nii Eesti rannikumeres kui Soome saarestikus k\u00fcllaga, aga k\u00e4iakse ka L\u00e4ti, Leedu ja Rootsi pool. Sageli on aga hoopis see \u00f5ige seltskond see, mis tahab \u00fcheskoos merele viimist ja siis v\u00f5ib ka \u00fcks m\u00f5netunnine<a class=\"more-link\" href=\"https:\/\/kjk.ee\/en\/jahi-rentimine\/\">[Read More&#8230;]<\/a><\/p>\n","protected":false},"author":24,"featured_media":0,"parent":0,"menu_order":0,"comment_status":"open","ping_status":"open","template":"","meta":{"spay_email":""},"jetpack_sharing_enabled":true,"jetpack_shortlink":"https:\/\/wp.me\/PaW3M4-R","_links":{"self":[{"href":"https:\/\/kjk.ee\/en\/wp-json\/wp\/v2\/pages\/53"}],"collection":[{"href":"https:\/\/kjk.ee\/en\/wp-json\/wp\/v2\/pages"}],"about":[{"href":"https:\/\/kjk.ee\/en\/wp-json\/wp\/v2\/types\/page"}],"author":[{"embeddable":true,"href":"https:\/\/kjk.ee\/en\/wp-json\/wp\/v2\/users\/24"}],"replies":[{"embeddable":true,"href":"https:\/\/kjk.ee\/en\/wp-json\/wp\/v2\/comments?post=53"}],"version-history":[{"count":28,"href":"https:\/\/kjk.ee\/en\/wp-json\/wp\/v2\/pages\/53\/revisions"}],"predecessor-version":[{"id":31584,"href":"https:\/\/kjk.ee\/en\/wp-json\/wp\/v2\/pages\/53\/revisions\/31584"}],"wp:attachment":[{"href":"https:\/\/kjk.ee\/en\/wp-json\/wp\/v2\/media?parent=53"}],"curies":[{"name":"wp","href":"https:\/\/api.w.org\/{rel}","templated":true}]}}