{"id":59,"date":"2014-04-20T11:15:48","date_gmt":"2014-04-20T11:15:48","guid":{"rendered":"http:\/\/www.kjk.ee\/?page_id=59"},"modified":"2026-01-12T14:10:48","modified_gmt":"2026-01-12T12:10:48","slug":"jaapurjetamine","status":"publish","type":"page","link":"https:\/\/kjk.ee\/en\/jaapurjetamine\/","title":{"rendered":"J\u00e4\u00e4purjetamine"},"content":{"rendered":"<p>Eesti J\u00e4\u00e4purjetamise Liidu <a href=\"http:\/\/www.esticesailing.ee\/\" target=\"_blank\" rel=\"noopener noreferrer\">kodulehele<\/a>.<\/p>\n<p>Eesti ja Kalevi spordi\u00fchingu j\u00e4\u00e4purjetajad p\u00e4lvisid rahvusvahelist t\u00e4helepanu juba 1930-ndatel oma heade v\u00f5istlustulemuste ning tehniliste leiutiste-uuendustega. Oldi edukad Euroopa meistriv\u00f5istlustel ja sageli peeti suurv\u00f5istlusi ka Eestis.<\/p>\n<p>Kalevi jahtklubi loomisega sai j\u00e4\u00e4purjekate ehitamine Eestis uut hoogu. Klubiliikmed E.Kusmanov, R. Kumari, V. Girs olid juba kogemustega tegijad, kellele lisandusid nooremad klubiliikmed eesotsas vendade Ants ja Otto Raua ja Ulrich T\u00e4navaga. Ehitati nii 12-, 15- kui ka 20-ruutmeetrise purjega vabaklassi aga ka monot\u00fc\u00fcp XV klassi j\u00e4\u00e4purjekaid millega oldi edukad \u00fcleliidulistel v\u00f5istlustel. P\u00fcstitati kiirusrekordeid, millistest parim oli j\u00e4iga 12-ruutmeetrise purjega 1966 aastal Vladimir Girsi poolt saavutatud 122,449 km\/h.<\/p>\n<p>1960ndate l\u00f5pul hakati Eestis ehitama DN klassi j\u00e4\u00e4purjekaid. Esimese selle klassi j\u00e4\u00e4purjeka ehitas ja viis Pirital 12. jaanuaril 1969 j\u00e4\u00e4le J\u00fcri \u0160ara\u0161kin. K\u00f5ige enam, kokku koguni 64 DN klassi j\u00e4\u00e4purjekat, ehitas oma k\u00e4tega kalevlane Helmuth Leppik. Uus klass kogus populaarsust ja kuiv\u00f5rd \u00f5nnestus l\u00e4bi n\u00f5ukogude b\u00fcrokraatia v\u00e4lja murda suurv\u00f5istlustele, tulid ka tiitliv\u00f5idud. J\u00e4\u00e4purjetamise DN klassi maailmameistriteks on kalevlastest tulnud 1973 Ain Vilde, 1980 Mati Kuulmann ja 1984 Tiit Haagma.<\/p>\n<p>4 korral (1983, 1985, 1995, 2009) on kalevlastest Euroopa meistriks DN-il kroonitud Vaiko Vooremaa.<\/p>\n<p>Sama arvu tiitleid on Euroopa meistriv\u00f5istlustelt noppinud 1936.a. s\u00fcndinud Vello J\u00fcrjo monot\u00fc\u00fcp XV klassis, kelle EM-regattidelt v\u00f5idetud medalite rida on pea katkematu:1997, 1998, 2004 ja 2011 kuld, 2007 ja 2008 h\u00f5be, 1999, 2000 ja 2005 pronks. Soodimeheks on Vellol viimastel aastatel olnud Andres Laul.<br \/>\n<img loading=\"lazy\" class=\"alignnone size-full wp-image-388\" src=\"http:\/\/www.kjk.ee\/wp-content\/uploads\/2014\/04\/IMG_7307.jpg\" alt=\"IMG_7307\" width=\"845\" height=\"563\" srcset=\"https:\/\/kjk.ee\/wp-content\/uploads\/2014\/04\/IMG_7307.jpg 845w, https:\/\/kjk.ee\/wp-content\/uploads\/2014\/04\/IMG_7307-300x200.jpg 300w, https:\/\/kjk.ee\/wp-content\/uploads\/2014\/04\/IMG_7307-82x55.jpg 82w\" sizes=\"(max-width: 845px) 100vw, 845px\" \/><\/p>\n","protected":false},"excerpt":{"rendered":"<p>Eesti J\u00e4\u00e4purjetamise Liidu kodulehele. Eesti ja Kalevi spordi\u00fchingu j\u00e4\u00e4purjetajad p\u00e4lvisid rahvusvahelist t\u00e4helepanu juba 1930-ndatel oma heade v\u00f5istlustulemuste ning tehniliste leiutiste-uuendustega. Oldi edukad Euroopa meistriv\u00f5istlustel ja sageli peeti suurv\u00f5istlusi ka Eestis. Kalevi jahtklubi loomisega sai j\u00e4\u00e4purjekate ehitamine Eestis uut hoogu. Klubiliikmed E.Kusmanov, R. Kumari, V. Girs olid juba kogemustega tegijad, kellele lisandusid nooremad klubiliikmed eesotsas vendade Ants ja Otto Raua ja<a class=\"more-link\" href=\"https:\/\/kjk.ee\/en\/jaapurjetamine\/\">[Read More&#8230;]<\/a><\/p>\n","protected":false},"author":24,"featured_media":0,"parent":0,"menu_order":0,"comment_status":"open","ping_status":"open","template":"","meta":{"spay_email":""},"jetpack_sharing_enabled":true,"jetpack_shortlink":"https:\/\/wp.me\/PaW3M4-X","_links":{"self":[{"href":"https:\/\/kjk.ee\/en\/wp-json\/wp\/v2\/pages\/59"}],"collection":[{"href":"https:\/\/kjk.ee\/en\/wp-json\/wp\/v2\/pages"}],"about":[{"href":"https:\/\/kjk.ee\/en\/wp-json\/wp\/v2\/types\/page"}],"author":[{"embeddable":true,"href":"https:\/\/kjk.ee\/en\/wp-json\/wp\/v2\/users\/24"}],"replies":[{"embeddable":true,"href":"https:\/\/kjk.ee\/en\/wp-json\/wp\/v2\/comments?post=59"}],"version-history":[{"count":11,"href":"https:\/\/kjk.ee\/en\/wp-json\/wp\/v2\/pages\/59\/revisions"}],"predecessor-version":[{"id":720,"href":"https:\/\/kjk.ee\/en\/wp-json\/wp\/v2\/pages\/59\/revisions\/720"}],"wp:attachment":[{"href":"https:\/\/kjk.ee\/en\/wp-json\/wp\/v2\/media?parent=59"}],"curies":[{"name":"wp","href":"https:\/\/api.w.org\/{rel}","templated":true}]}}