{"id":6173,"date":"2017-04-10T13:28:31","date_gmt":"2017-04-10T13:28:31","guid":{"rendered":"http:\/\/www.kjk.ee\/?page_id=6173"},"modified":"2018-05-02T08:38:21","modified_gmt":"2018-05-02T08:38:21","slug":"seiko-cup-2017-2","status":"publish","type":"page","link":"https:\/\/kjk.ee\/en\/seiko-cup-2017-2\/","title":{"rendered":"Seiko Cup 2017"},"content":{"rendered":"<p><img loading=\"lazy\" class=\"aligncenter wp-image-5562\" src=\"http:\/\/www.kjk.ee\/wp-content\/uploads\/2017\/01\/SEIKO-CUP-2017-300x75.jpg\" alt=\"SEIKO-CUP-2017\" width=\"328\" height=\"82\" srcset=\"https:\/\/kjk.ee\/wp-content\/uploads\/2017\/01\/SEIKO-CUP-2017-300x75.jpg 300w, https:\/\/kjk.ee\/wp-content\/uploads\/2017\/01\/SEIKO-CUP-2017-221x55.jpg 221w, https:\/\/kjk.ee\/wp-content\/uploads\/2017\/01\/SEIKO-CUP-2017-193x48.jpg 193w, https:\/\/kjk.ee\/wp-content\/uploads\/2017\/01\/SEIKO-CUP-2017-267x66.jpg 267w, https:\/\/kjk.ee\/wp-content\/uploads\/2017\/01\/SEIKO-CUP-2017.jpg 418w\" sizes=\"(max-width: 328px) 100vw, 328px\" \/><\/p>\n<p><strong>Kalevi Jahtklubi Avamerepurjetamise karikav\u00f5istluse SEIKO CUP 2017 etapid:<\/strong><br \/>\nI \u2013 1. mai \u2013 Avav\u00f5istlus<br \/>\nII \u2013 13.-14. mai \u2013 E4 Karikav\u00f5istlus<br \/>\nIII \u2013 3. juuni \u2013 Terra Feminarum<br \/>\nIV \u2013 2.-3. september \u2013 Tallinna Meistriv\u00f5istlused<br \/>\nV \u2013 14. oktoober \u2013 Hooaja L\u00f5puv\u00f5istlus<\/p>\n<p><strong>KJK Avamerepurjetamise karikav\u00f5istluse SEIKO CUP v\u00f5istlusklassid:<br \/>\n<\/strong>I grupp ORC \u00a0 GPH \u2264680<br \/>\nII grupp ESTLYS \u00a01,081\u2264<br \/>\nIII grupp ESTLYS \u00a0\u22641,080<br \/>\nIV grupp Folkboot<\/p>\n<p><a href=\"http:\/\/www.kjk.ee\/wp-content\/uploads\/2017\/04\/KJK-avamere-karikas-SEIKO-CUP-juhend_2017.pdf\">Kalevi Jahtklubi (KJK) Avamerepurjetamise Karikav\u00f5istluse SEIKO CUP 2017 korraldamise juhend<\/a><\/p>\n<p><a href=\"http:\/\/www.kjk.ee\/wp-content\/uploads\/2017\/04\/SEIKO-CUP-2017_koondseis_15102017.pdf\">SEIKO CUP 2017 sarja l\u00f5plik koondseis p\u00e4rast viit etappi<\/a><\/p>\n<p><strong><span style=\"text-decoration: underline;\">I \u2013 1. mai \u2013 Avav\u00f5istlus<\/span><br \/>\n<\/strong><a href=\"http:\/\/www.kjk.ee\/wp-content\/uploads\/2017\/01\/SEIKO-CUP-2017_Avav\u00f5istlus_NOR.pdf\">V\u00f5istlusteade<\/a><br \/>\n<a href=\"http:\/\/www.kjk.ee\/wp-content\/uploads\/2017\/04\/SEIKO-CUP-2017_Avav\u00f5istlus_ORC-ja-LYS1-tulemused.pdf\">ORC ja LYS 1 tulemused<\/a><br \/>\n<a href=\"http:\/\/www.kjk.ee\/wp-content\/uploads\/2017\/04\/Avav\u00f5istlus-2017_SEIKO-CUP_LYS2_tulemused.pdf\">LYS 2 tulemused<br \/>\n<\/a><a href=\"https:\/\/www.facebook.com\/pg\/Kalevi.Jahtklubi\/photos\/?tab=album&#038;album_id=1687710194579015\">Fotogalerii &#8211; Gerli Tooming<\/a><br \/>\n<a href=\"https:\/\/www.facebook.com\/pg\/Kalevi.Jahtklubi\/photos\/?tab=album&#038;album_id=1688003861216315\">Fotogalerii &#8211; Aleksandr Abrosimov<\/a><br \/>\n<a href=\"http:\/\/www.kjk.ee\/kalevi-jahtklubi-69-purjetamishooaeg-sai-avatud-ja-seiko-cup-2017-avavoistlus-peetud\/\">Kokkuv\u00f5te &#8211;\u00a0Kalevi Jahtklubi 69. purjetamishooaeg sai avatud ja Seiko Cup 2017 Avav\u00f5istlus peetud<\/a> &#8211; Tekst: Piret Salmistu<a href=\"http:\/\/www.kjk.ee\/wp-content\/uploads\/2017\/01\/KJK_MID-ORC-E4-SEIKOCUP2017.htm\"><br \/>\n<\/a><br \/>\n<span style=\"text-decoration: underline;\"><strong>II \u2013 13.-14. mai \u2013 E4 Karikav\u00f5istlus &#8211;\u00a02017.a EJL Avamere ORC Karikasarja esimene etapp ja ESTLYS Karikasarja teine etapp.<br \/>\n<\/strong><\/span><a href=\"http:\/\/www.kjk.ee\/wp-content\/uploads\/2017\/01\/E-4_KV_NOR_2017.pdf\">V\u00f5istlusteade<\/a><br \/>\n<a href=\"http:\/\/www.kjk.ee\/wp-content\/uploads\/2017\/04\/KJK_LYS-FOLKBOOT-E4-Karikav\u00f5istlus-SEIKO-CUP-2017_II.htm\">LYS ja FOLKBOOT tulemused &#8211; p\u00e4rast 5 s\u00f5itu<\/a><br \/>\n<a href=\"http:\/\/www.kjk.ee\/wp-content\/uploads\/2017\/01\/KJK_MID-ORC-E4-SEIKOCUP2017.htm\">ORC tulemused &#8211; p\u00e4rast 4 s\u00f5itu<\/a>\u00a0&#8211; Triple Number Medium<br \/>\n<a href=\"http:\/\/www.kjk.ee\/wp-content\/uploads\/2017\/04\/KJK_LOW-ORC-E4-SEIKOCUP2017.htm\">ORC tulemused &#8211; 5. s\u00f5it<\/a> &#8211; Triple Number Low<br \/>\n<a href=\"http:\/\/www.kjk.ee\/wp-content\/uploads\/2017\/04\/SEIKO-CUP-2017_E4-Karikav\u00f5istlus_ORC-tulemused.pdf\">ORC tulemused KOKKU<\/a><br \/>\n<a href=\"https:\/\/www.facebook.com\/pg\/Kalevi.Jahtklubi\/photos\/?tab=album&#038;album_id=1703078773042157\">1. p\u00e4eva fotogalerii &#8211; Aleksandr Abrosimov<\/a><br \/>\n<a href=\"http:\/\/www.kjk.ee\/korgetasemelisel-e4-regatil-poodiumikohtadel-orc-klassi-euroopa-tippjahid\/\">Kokkuv\u00f5te &#8211;\u00a0K\u00f5rgetasemelisel E4 regatil poodiumikohtadel ORC klassi Euroopa tippjahid<\/a>\u00a0&#8211; Tekst: Piret Salmistu<\/p>\n<p><span style=\"text-decoration: underline;\"><strong>III \u2013 3. juuni \u2013 Terra Feminarum &#8211; EJL Avamere ESTLYS Karikasarja etapp<br \/>\n<\/strong><\/span><a href=\"http:\/\/www.kjk.ee\/wp-content\/uploads\/2017\/04\/SEIKO-CUP-Terra-Feminarum-NOR-2017-1.pdf\">V\u00f5istlusteade<br \/>\n<\/a><a href=\"http:\/\/www.kjk.ee\/wp-content\/uploads\/2017\/04\/SEIKO-CUP-Terra-Feminarum-SI-2017.doc.pdf\">Purjetamisjuhised<\/a><br \/>\n<a href=\"http:\/\/www.kjk.ee\/wp-content\/uploads\/2017\/04\/Terra-Feminarum-2017_Rajad.pdf\">Radade kirjeldus<\/a><br \/>\n<a href=\"http:\/\/www.kjk.ee\/wp-content\/uploads\/2017\/04\/KJK_SEIKO-CUP-2017-Terra-Feminarum_Tulemused.htm\">Tulemused<\/a><br \/>\n<a href=\"https:\/\/www.facebook.com\/pg\/Kalevi.Jahtklubi\/photos\/?tab=album&#038;album_id=1726129240737110\">Fotogalerii &#8211; Piret Salmistu<\/a><br \/>\n<a href=\"http:\/\/www.kjk.ee\/seiko-cupi-kolmas-etapp-purjetati-reipas-tuules-umber-naissaare\/\">Kokkuv\u00f5te<\/a><br \/>\n<a href=\"http:\/\/purjetamine.postimees.ee\/4134895\/seiko-cup-i-kolmas-etapp-purjetati-reipas-tuules-umber-naissaare\">Kokkuv\u00f5te Postimehes<\/a> &#8211; Piret Salmistu<\/p>\n<p><span style=\"text-decoration: underline;\"><strong>IV \u2013 2.-3. september \u2013 Tallinna Meistriv\u00f5istlused l\u00fchirajal &#8211;\u00a02017.a EJL Avamere ORC, ESTLYS ja Folkboot Karikasarja etapp<br \/>\n<\/strong><\/span><a href=\"http:\/\/www.kjk.ee\/wp-content\/uploads\/2017\/04\/Tallinna-MV-2017-v\u00f5istlusteade.pdf\">V\u00f5istlusteade<\/a><br \/>\n<a href=\"https:\/\/docs.google.com\/forms\/d\/e\/1FAIpQLSdaLfNLn_0OJRPE-FoqbAxCZRepFwYe-2DJ23vRweQpsbFjTA\/viewform\">Registreerimisvorm<\/a>\u00a0<span style=\"color: #ff0000;\"><br \/>\n<span style=\"color: #000000;\"><a href=\"http:\/\/www.kjk.ee\/wp-content\/uploads\/2017\/04\/Pakkumus-ESS-Kalev-Jahtklubi-MT\u00dc-Tallinna-Meistriv\u00f5istlused-2017.pdf\">Kindlustuspakkumine<\/a><br \/>\n<a href=\"http:\/\/www.kjk.ee\/wp-content\/uploads\/2017\/04\/Tallinna-MV-2017-purjetamisjuhised.pdf\">Purjetamisjuhised<\/a><br \/>\n<a href=\"http:\/\/www.kjk.ee\/wp-content\/uploads\/2017\/04\/Tallinna-MV-2017-purjetamisjuhised.pdf\">Raja kirjeldus<\/a><\/span><\/span><\/p>\n<p>TULEMUSED:<br \/>\n<a href=\"http:\/\/www.kjk.ee\/wp-content\/uploads\/2017\/04\/KJK_LOW-ORC-Tallinna-Meistriv\u00f5istlused-l\u00fchirajal-SEIKOCUP2017_ORC_4s\u00f5itu.htm\">ORC 2 s\u00f5itu &#8211; LOW<\/a> \u00a0; \u00a0<a href=\"http:\/\/www.kjk.ee\/wp-content\/uploads\/2017\/04\/KJK_MID-ORC-Tallinna-Meistriv\u00f5istlused-l\u00fchirajal-SEIKOCUP2017-4s\u00f5itu.htm\">ORC 2 s\u00f5itu &#8211; MID<\/a>\u00a0\u00a0; \u00a0<a href=\"http:\/\/www.kjk.ee\/wp-content\/uploads\/2017\/04\/KJK_HIGH-ORC-Tallinna-Meistriv\u00f5istlused-l\u00fchirajal-SEIKOCUP2017-7s\u00f5itu.htm\">ORC 3 s\u00f5itu &#8211; HIGH<\/a>\u00a0 ; \u00a0<a href=\"http:\/\/www.kjk.ee\/wp-content\/uploads\/2017\/04\/SEIKO-CUP-2017_E4-Karikav\u00f5istlus_ORC-tulemused-2.pdf\">KOKKU 7 s\u00f5itu<\/a><br \/>\n<a href=\"http:\/\/www.kjk.ee\/wp-content\/uploads\/2017\/04\/KJK_LYS-Tallinna-Meistriv\u00f5istlused-l\u00fchirajal-SEIKO-CUP-2017_7s\u00f5itu.htm\">ESTLYS ja Folkboot<\/a><br \/>\n<a href=\"https:\/\/www.facebook.com\/media\/set\/?set=a.1860477333968966.1073742001.113543688662348&#038;type=1&#038;l=eba133bea3\">Fotogalerii &#8211; Aleksandr Abrosimov ja Piret Salmistu<\/a><br \/>\n<a href=\"http:\/\/www.kjk.ee\/seiko-cup-2017-tallinna-meistrivoistlused-avamerepurjetamises-kaks-paeva-ponevaid-soite-luhirajal\/\">Kokkuv\u00f5te<\/a><br \/>\n<a href=\"http:\/\/purjetamine.postimees.ee\/4236417\/seiko-cup-2017-tallinna-meistrivoistlused-avamerepurjetamises-kaks-paeva-ponevaid-soite-luhirajal\">Kokkuv\u00f5te Postimehes<\/a>\u00a0&#8211; Piret Salmistu<\/p>\n<p><span style=\"text-decoration: underline;\"><strong>V \u2013 14. oktoober \u2013 Hooaja L\u00f5puv\u00f5istlus<br \/>\n<\/strong><\/span><a href=\"http:\/\/www.kjk.ee\/wp-content\/uploads\/2017\/04\/SEIKO-CUP_L\u00f5puv\u00f5istlus_2017_NOR.pdf\">V\u00f5istlusteade<\/a><br \/>\n<a href=\"http:\/\/www.kjk.ee\/wp-content\/uploads\/2017\/01\/Hooaja-l%C3%B5puv%C3%B5istlus-SI.pdf\">Purjetamisjuhised<\/a><br \/>\n<a href=\"http:\/\/www.kjk.ee\/wp-content\/uploads\/2017\/01\/KJK_SEIKO-CUP_OFF-ORC-Hooaja-l%C3%B5puv%C3%B5istlus-2017_ORC.htm\">Tulemused ORC<\/a><br \/>\n<a href=\"http:\/\/www.kjk.ee\/wp-content\/uploads\/2017\/01\/KJK_SEIKO_CUP_LYS-Hooaja-l%C3%B5puv%C3%B5istlus-2017_LYS-1.htm\">Tulemused LYS ja Folkboot<\/a><\/p>\n<p><a href=\"http:\/\/www.kjk.ee\/seiko-cup-2016\/\">2016.a SEIKO CUP veebileht<\/a><br \/>\n<a href=\"http:\/\/www.kjk.ee\/seiko-cup-2016\/seiko-cup-2016_koond_finaal-2\/\">2016.a SEIKO CUP KOONDTULEMUSED<\/a><\/p>\n<p><a href=\"http:\/\/www.kjk.ee\/seiko-cup-2015\/\">2015.a SEIKO CUP veebileht<\/a><br \/>\n<a href=\"http:\/\/www.kjk.ee\/wp-content\/uploads\/2015\/03\/SEIKO_CUP_KOOND_20151.pdf\">SEIKO CUP 2015 KOONDTULEMUSED<\/a><\/p>\n<p><a href=\"http:\/\/www.kjk.ee\/seiko-cup\/\" target=\"_blank\">2014.a SEIKO CUP veebileht<\/a><br \/>\n<a href=\"http:\/\/www.kjk.ee\/upload\/events\/doc14133602324.pdf\">SEIKO CUP 2014 KOONDTULEMUSED<\/a><\/p>\n","protected":false},"excerpt":{"rendered":"<p>Kalevi Jahtklubi Avamerepurjetamise karikav\u00f5istluse SEIKO CUP 2017 etapid: I \u2013 1. mai \u2013 Avav\u00f5istlus II \u2013 13.-14. mai \u2013 E4 Karikav\u00f5istlus III \u2013 3. juuni \u2013 Terra Feminarum IV \u2013 2.-3. september \u2013 Tallinna Meistriv\u00f5istlused V \u2013 14. oktoober \u2013 Hooaja L\u00f5puv\u00f5istlus KJK Avamerepurjetamise karikav\u00f5istluse SEIKO CUP v\u00f5istlusklassid: I grupp ORC \u00a0 GPH \u2264680 II grupp ESTLYS \u00a01,081\u2264 III grupp<a class=\"more-link\" href=\"https:\/\/kjk.ee\/en\/seiko-cup-2017-2\/\">[Read More&#8230;]<\/a><\/p>\n","protected":false},"author":6,"featured_media":0,"parent":0,"menu_order":0,"comment_status":"closed","ping_status":"closed","template":"","meta":{"spay_email":""},"jetpack_sharing_enabled":true,"jetpack_shortlink":"https:\/\/wp.me\/PaW3M4-1Bz","_links":{"self":[{"href":"https:\/\/kjk.ee\/en\/wp-json\/wp\/v2\/pages\/6173"}],"collection":[{"href":"https:\/\/kjk.ee\/en\/wp-json\/wp\/v2\/pages"}],"about":[{"href":"https:\/\/kjk.ee\/en\/wp-json\/wp\/v2\/types\/page"}],"author":[{"embeddable":true,"href":"https:\/\/kjk.ee\/en\/wp-json\/wp\/v2\/users\/6"}],"replies":[{"embeddable":true,"href":"https:\/\/kjk.ee\/en\/wp-json\/wp\/v2\/comments?post=6173"}],"version-history":[{"count":61,"href":"https:\/\/kjk.ee\/en\/wp-json\/wp\/v2\/pages\/6173\/revisions"}],"predecessor-version":[{"id":13244,"href":"https:\/\/kjk.ee\/en\/wp-json\/wp\/v2\/pages\/6173\/revisions\/13244"}],"wp:attachment":[{"href":"https:\/\/kjk.ee\/en\/wp-json\/wp\/v2\/media?parent=6173"}],"curies":[{"name":"wp","href":"https:\/\/api.w.org\/{rel}","templated":true}]}}